
{"id":82,"date":"2024-02-21T15:47:27","date_gmt":"2024-02-21T14:47:27","guid":{"rendered":"https:\/\/o-seznam.cz\/reklama\/?page_id=82"},"modified":"2024-08-23T02:16:18","modified_gmt":"2024-08-23T00:16:18","slug":"chci-navstevnost","status":"publish","type":"page","link":"https:\/\/o-seznam.cz\/reklama\/cookieless\/inzerent\/chci-navstevnost\/","title":{"rendered":"Chci udr\u017eet n\u00e1v\u0161t\u011bvnost webu"},"content":{"rendered":"\n<div class=\"wp-block-group is-layout-constrained wp-block-group-is-layout-constrained\">\n<p>Je-li va\u0161\u00edm c\u00edlem zachov\u00e1n\u00ed n\u00e1v\u0161t\u011bvnosti webu \u010di e-shopu, nebo nav\u00fd\u0161en\u00ed po\u010dtu n\u00e1v\u0161t\u011bv, otestujte Jednoduchou obsahovou kampa\u0148. Vyzkou\u0161et ale m\u016f\u017eete i dal\u0161\u00ed c\u00edlen\u00ed, kter\u00e1 nevyu\u017e\u00edvaj\u00ed cookies t\u0159et\u00edch stran.<\/p>\n\n\n\n<div class=\"accordion\">\n\t<div class=\"accordion__items\">\n\n<details class=\"expander is-style-box\">\n\t<summary data-datalayer-name=\"\" data-datalayer-text=\"Jednoduch\u00e1 obsahov\u00e1 kampa\u0148\">\n\t\t\t\t<strong>Jednoduch\u00e1 obsahov\u00e1 kampa\u0148<\/strong>\n\t\t\t<\/summary>\n\t<div class=\"inner-blocks\">\n\n<p>Snadn\u00e9 spu\u0161t\u011bn\u00ed na p\u00e1r kliknut\u00ed, roz\u0161\u00ed\u0159en\u00ed z\u00e1sahu kampan\u00ed i na u\u017eivatele, kter\u00fdm z n\u011bjak\u00e9ho d\u016fvodu nelze zobrazit c\u00edlenou reklamu, a hlavn\u011b n\u00edzk\u00e1 cena za proklik. To jsou v\u00fdhody Jednoduch\u00e9 obsahov\u00e9 kampan\u011b. S koncem cookies t\u0159et\u00edch stran lze nav\u00edc o\u010dek\u00e1vat n\u00e1r\u016fst reklamn\u00edho prostoru, kde m\u016f\u017eete oslovit dal\u0161\u00ed potenci\u00e1ln\u00ed z\u00e1kazn\u00edky.<\/p>\n\n\n\n<p class=\"is-style-link-external\"><a href=\"https:\/\/napoveda.sklik.cz\/kampane-a-sestavy\/typy-kampani\/jednoducha-obsahova-kampan\/\" target=\"_blank\" rel=\"noreferrer noopener\">V\u00edce o Jednoduch\u00e9 obsahov\u00e9 kampani<\/a><\/p>\n\n<\/div><\/details>\n\n\n\n<details class=\"expander is-style-box\">\n\t<summary data-datalayer-name=\"\" data-datalayer-text=\"C\u00edlen\u00ed na t\u00e9mata\">\n\t\t\t\t<strong>C\u00edlen\u00ed na t\u00e9mata<\/strong>\n\t\t\t<\/summary>\n\t<div class=\"inner-blocks\">\n\n<p>V\u00fdb\u011brem vhodn\u00fdch t\u00e9mat zobraz\u00edte sv\u00e9 produkty u\u017eivatel\u016fm na str\u00e1nk\u00e1ch, kter\u00e9 se t\u00fdkaj\u00ed konkr\u00e9tn\u00ed oblasti. Krom\u011b snadn\u00e9ho nastaven\u00ed je v\u00fdhodou \u0161irok\u00fd v\u00fdb\u011br t\u00e9mat. Pro prodejce sportovn\u00edch pot\u0159eb jsou vhodn\u00fdmi t\u00e9maty nap\u0159\u00edklad Fitness, M\u00f3da a oble\u010den\u00ed nebo Sporty. C\u00edlen\u00ed v\u00e1m usnadn\u00ed na\u0161e tipy ke konkr\u00e9tn\u00edm t\u00e9mat\u016fm i t\u00e9matick\u00e9 rozd\u011blen\u00ed web\u016f.<\/p>\n\n\n\n<p class=\"is-style-link-external\"><a href=\"https:\/\/napoveda.sklik.cz\/cileni\/temata\/\" target=\"_blank\" rel=\"noreferrer noopener\">V\u00edce o c\u00edlen\u00ed<\/a><\/p>\n\n<\/div><\/details>\n\n\n\n<details class=\"expander is-style-box\">\n\t<summary data-datalayer-name=\"\" data-datalayer-text=\"C\u00edlen\u00ed na um\u00edst\u011bn\u00ed\">\n\t\t\t\t<strong>C\u00edlen\u00ed na um\u00edst\u011bn\u00ed<\/strong>\n\t\t\t<\/summary>\n\t<div class=\"inner-blocks\">\n\n<p>Vhodn\u011b zvolen\u00e9 um\u00edst\u011bn\u00ed reklamy spole\u010dn\u011b s poutavou kreativou dok\u00e1\u017e\u00ed potenci\u00e1ln\u00ed z\u00e1kazn\u00edky v\u017edy zaujmout. Tato mo\u017enost je ide\u00e1ln\u00ed v p\u0159\u00edpad\u011b, \u017ee chcete b\u00fdt vid\u011bt na konkr\u00e9tn\u00edch webech. Chcete oslovit n\u00e1v\u0161t\u011bvn\u00edky webu Novinky.cz, domovsk\u00e9 str\u00e1nky Seznam.cz nebo t\u0159eba \u00fazce zam\u011b\u0159en\u00e9ho webu Gar\u00e1\u017e.cz? Pak se c\u00edlen\u00ed na um\u00edst\u011bn\u00ed hod\u00ed pr\u00e1v\u011b pro v\u00e1s.<\/p>\n\n\n\n<p class=\"is-style-link-external\"><a href=\"https:\/\/napoveda.sklik.cz\/cileni\/umisteni\/\" target=\"_blank\" rel=\"noreferrer noopener\">V\u00edce o c\u00edlen\u00ed<\/a><\/p>\n\n<\/div><\/details>\n\n\n\n<details class=\"expander is-style-box\">\n\t<summary data-datalayer-name=\"\" data-datalayer-text=\"Lookalike c\u00edlen\u00ed\">\n\t\t\t\t<strong>Lookalike c\u00edlen\u00ed<\/strong>\n\t\t\t<\/summary>\n\t<div class=\"inner-blocks\">\n\n<p>Vyzkou\u0161et m\u016f\u017eete i Lookalike c\u00edlen\u00ed. To pro v\u00e1s vymodeluje nov\u00e9 publikum, kter\u00e9 sv\u00fdm chov\u00e1n\u00edm odpov\u00edd\u00e1 n\u00e1v\u0161t\u011bvn\u00edk\u016fm va\u0161eho webu. D\u00edky t\u0159em mo\u017enostem modelov\u00e1n\u00ed z\u00e1sahu \u2013 p\u0159esn\u00e9mu, optim\u00e1ln\u00edmu a \u0161irok\u00e9mu \u2013 m\u016f\u017eete fin\u00e1ln\u00ed podobu nov\u00e9ho publika je\u0161t\u011b zp\u0159esnit, p\u0159\u00edpadn\u011b i roz\u0161\u00ed\u0159it.<\/p>\n\n\n\n<p class=\"is-style-link-external\"><a href=\"https:\/\/napoveda.sklik.cz\/cileni\/lookalike-podobna-publika\/\" target=\"_blank\" rel=\"noreferrer noopener\">V\u00edce o c\u00edlen\u00ed<\/a><\/p>\n\n<\/div><\/details>\n\n\n\n<details class=\"expander is-style-box\">\n\t<summary data-datalayer-name=\"\" data-datalayer-text=\"C\u00edlen\u00ed na kl\u00ed\u010dov\u00e1 slova\">\n\t\t\t\t<strong>C\u00edlen\u00ed na kl\u00ed\u010dov\u00e1 slova<\/strong>\n\t\t\t<\/summary>\n\t<div class=\"inner-blocks\">\n\n<p>Pokud chcete dos\u00e1hnout co nejp\u0159esn\u011bj\u0161\u00edho c\u00edlen\u00ed, vyu\u017eijte k tomu kl\u00ed\u010dov\u00e1 slova. Reklama se zobraz\u00ed v \u010dl\u00e1nc\u00edch a dal\u0161\u00edm obsahu na z\u00e1klad\u011b shody s kl\u00ed\u010dov\u00fdmi slovy, kter\u00e1 si sami vyberete. Chcete, aby va\u0161e reklama byla vid\u011bt v \u010dl\u00e1nc\u00edch o nejnov\u011bj\u0161\u00edm modelu mobiln\u00edho telefonu nebo t\u0159eba o zahradn\u00edch jez\u00edrk\u00e1ch? S c\u00edlen\u00edm pomoc\u00ed kl\u00ed\u010dov\u00fdch slov to nen\u00ed probl\u00e9m.<\/p>\n\n\n\n<p class=\"is-style-link-external\"><a href=\"https:\/\/napoveda.sklik.cz\/cileni\/klicova-slova\/cileni-pomoci-klicovych-slov-v-obsahove-siti\/\" target=\"_blank\" rel=\"noreferrer noopener\">V\u00edce o c\u00edlen\u00ed<\/a><\/p>\n\n<\/div><\/details>\n\n<\/div><\/div>\n\n<\/div>\n","protected":false},"excerpt":{"rendered":"<p>Je-li va\u0161\u00edm c\u00edlem zachov\u00e1n\u00ed n\u00e1v\u0161t\u011bvnosti webu \u010di e-shopu, nebo nav\u00fd\u0161en\u00ed po\u010dtu n\u00e1v\u0161t\u011bv, otestujte Jednoduchou obsahovou kampa\u0148. Vyzkou\u0161et ale m\u016f\u017eete i dal\u0161\u00ed c\u00edlen\u00ed, kter\u00e1 nevyu\u017e\u00edvaj\u00ed cookies t\u0159et\u00edch stran.<\/p>\n","protected":false},"author":2,"featured_media":0,"parent":18,"menu_order":3,"comment_status":"closed","ping_status":"closed","template":"page-sidemenu","meta":{"_acf_changed":false,"_relevanssi_hide_post":"","_relevanssi_hide_content":"","_relevanssi_pin_for_all":"","_relevanssi_pin_keywords":"","_relevanssi_unpin_keywords":"","_relevanssi_related_keywords":"","_relevanssi_related_include_ids":"","_relevanssi_related_exclude_ids":"","_relevanssi_related_no_append":"","_relevanssi_related_not_related":"","_relevanssi_related_posts":"","_relevanssi_noindex_reason":"","footnotes":""},"page_category":[3],"page_tag":[],"class_list":["post-82","page","type-page","status-publish","hentry"],"acf":[],"lang":"cs","translations":{"cs":82},"pll_sync_post":[],"_links":{"self":[{"href":"https:\/\/o-seznam.cz\/reklama\/wp-json\/wp\/v2\/pages\/82","targetHints":{"allow":["GET"]}}],"collection":[{"href":"https:\/\/o-seznam.cz\/reklama\/wp-json\/wp\/v2\/pages"}],"about":[{"href":"https:\/\/o-seznam.cz\/reklama\/wp-json\/wp\/v2\/types\/page"}],"author":[{"embeddable":true,"href":"https:\/\/o-seznam.cz\/reklama\/wp-json\/wp\/v2\/users\/2"}],"replies":[{"embeddable":true,"href":"https:\/\/o-seznam.cz\/reklama\/wp-json\/wp\/v2\/comments?post=82"}],"version-history":[{"count":15,"href":"https:\/\/o-seznam.cz\/reklama\/wp-json\/wp\/v2\/pages\/82\/revisions"}],"predecessor-version":[{"id":5561,"href":"https:\/\/o-seznam.cz\/reklama\/wp-json\/wp\/v2\/pages\/82\/revisions\/5561"}],"up":[{"embeddable":true,"href":"https:\/\/o-seznam.cz\/reklama\/wp-json\/wp\/v2\/pages\/18"}],"wp:attachment":[{"href":"https:\/\/o-seznam.cz\/reklama\/wp-json\/wp\/v2\/media?parent=82"}],"wp:term":[{"taxonomy":"page_category","embeddable":true,"href":"https:\/\/o-seznam.cz\/reklama\/wp-json\/wp\/v2\/page_category?post=82"},{"taxonomy":"page_tag","embeddable":true,"href":"https:\/\/o-seznam.cz\/reklama\/wp-json\/wp\/v2\/page_tag?post=82"}],"curies":[{"name":"wp","href":"https:\/\/api.w.org\/{rel}","templated":true}]}}