{"id":7940,"date":"2025-07-15T11:26:50","date_gmt":"2025-07-15T09:26:50","guid":{"rendered":"https:\/\/o-seznam.cz\/reklama\/?page_id=7940"},"modified":"2026-04-20T10:22:48","modified_gmt":"2026-04-20T08:22:48","slug":"horoskopy","status":"publish","type":"page","link":"https:\/\/o-seznam.cz\/reklama\/horoskopy\/","title":{"rendered":"Horoskopy.cz"},"content":{"rendered":"\n<div class=\"wp-block-group alignwide is-layout-constrained wp-block-group-is-layout-constrained\"><div class=\"alignwide alignwide wp-block-seznam-hero\"><div class=\"cover is-hero is-hero-default\" style=\"background-color:#f4f5f7;\"><img decoding=\"async\" width=\"1280\" height=\"512\" src=\"https:\/\/o-seznam.cz\/wp-content\/uploads\/sites\/5\/2026\/02\/reklama-horoskopy-1.png\" class=\"cover__media cover__media--desktop\" alt=\"\" fetchpriority=\"high\" srcset=\"https:\/\/o-seznam.cz\/wp-content\/uploads\/sites\/5\/2026\/02\/reklama-horoskopy-1.png 2000w, https:\/\/o-seznam.cz\/wp-content\/uploads\/sites\/5\/2026\/02\/reklama-horoskopy-1-992x397.png 992w, https:\/\/o-seznam.cz\/wp-content\/uploads\/sites\/5\/2026\/02\/reklama-horoskopy-1-1984x794.png 1984w, https:\/\/o-seznam.cz\/wp-content\/uploads\/sites\/5\/2026\/02\/reklama-horoskopy-1-320x128.png 320w, https:\/\/o-seznam.cz\/wp-content\/uploads\/sites\/5\/2026\/02\/reklama-horoskopy-1-768x307.png 768w, https:\/\/o-seznam.cz\/wp-content\/uploads\/sites\/5\/2026\/02\/reklama-horoskopy-1-1536x614.png 1536w\" sizes=\"(max-width: 1280px) 100vw, 1280px\" \/><div class=\"cover__content is-layout-constrained\">\n\n<div class=\"wp-block-group is-layout-grid wp-container-core-group-is-layout-d88a0cef wp-block-group-is-layout-grid\">\n<h1 class=\"wp-block-heading has-text-align-left has-neutral-color has-text-color has-link-color wp-elements-c6d73637b0fb1cd000e1c74baf0607e7\"><strong>Kdy\u017e pot\u0159ebujete oslovit \u017eeny<\/strong><\/h1>\n<\/div>\n\n\n\n<div class=\"wp-block-group is-content-justification-left is-layout-constrained wp-container-core-group-is-layout-128e448e wp-block-group-is-layout-constrained\">\n<p class=\"has-neutral-color has-text-color has-link-color wp-elements-5169673d7b301357551ac531584f9db3\">Horoskopy.cz nav\u0161t\u00edv\u00ed t\u00fddn\u011b v\u00edce ne\u017e 400 tis\u00edc lid\u00ed. Z toho 60 % tvo\u0159\u00ed \u017eeny.&nbsp;<\/p>\n\n\n\n<div class=\"wp-block-buttons is-layout-flex wp-block-buttons-is-layout-flex\" style=\"margin-top:var(--wp--preset--spacing--8)\">\n<div class=\"wp-block-button is-style-default\"><a class=\"wp-block-button__link wp-element-button\" href=\"#\">Inzerovat na Horoskopy.cz<\/a><\/div>\n<\/div>\n<\/div>\n\n<\/div><\/div><\/div>\n\n\n<\/div>\n\n\n\n<div class=\"wp-block-group is-layout-constrained wp-block-group-is-layout-constrained\">\n<h2 class=\"wp-block-heading has-text-align-center\"><strong>Pro\u010d inzerovat na Horoskopy.cz&nbsp;<\/strong><\/h2>\n\n\n\n<div class=\"wp-block-columns pattern-columns-3-icons is-layout-flex wp-container-core-columns-is-layout-28f84493 wp-block-columns-is-layout-flex\">\n<div class=\"wp-block-column is-layout-flow wp-container-core-column-is-layout-16b3bfcb wp-block-column-is-layout-flow\"><figure class=\"aligncenter aligncenter wp-block-seznam-icon\"><img loading=\"lazy\" decoding=\"async\" width=\"64\" height=\"64\" src=\"https:\/\/o-seznam.cz\/wp-content\/uploads\/sites\/5\/2025\/04\/ikonka-sklik-presne-cileni.svg\" class=\"attachment-full size-full\" alt=\"\" \/><\/figure>\n\n\n\n<p class=\"has-text-align-center is-style-wrap-balance\"><strong><strong>Oslov\u00edte n\u011b\u017en\u00e9 pohlav\u00ed<\/strong><\/strong><\/p>\n\n\n\n<p class=\"has-text-align-center is-style-wrap-balance\">S 60 % \u017eensk\u00fdch n\u00e1v\u0161t\u011bvn\u00edk\u016f m\u00e1te p\u0159\u00edle\u017eitost zam\u011b\u0159it se na specifick\u00e9 z\u00e1jmy a pot\u0159eby \u017een.<\/p>\n<\/div>\n\n\n\n<div class=\"wp-block-column is-layout-flow wp-container-core-column-is-layout-16b3bfcb wp-block-column-is-layout-flow\"><figure class=\"aligncenter aligncenter wp-block-seznam-icon\"><img loading=\"lazy\" decoding=\"async\" width=\"64\" height=\"64\" src=\"https:\/\/o-seznam.cz\/wp-content\/uploads\/sites\/5\/2025\/04\/ikonka-sklik-reklamy-pod-kontrolou.svg\" class=\"attachment-full size-full\" alt=\"\" \/><\/figure>\n\n\n\n<p class=\"has-text-align-center is-style-wrap-balance\"><strong><strong>Nejnav\u0161t\u011bvovan\u011bj\u0161\u00ed astrologick\u00fd server<\/strong>&nbsp;<\/strong><\/p>\n\n\n\n<p class=\"has-text-align-center is-style-wrap-balance\">Horoskopy.cz je obl\u00edben\u00fdm zdrojem pro aktu\u00e1ln\u00ed horoskopy. T\u00fddn\u011b sem zav\u00edt\u00e1 p\u0159es 400 tis\u00edc lid\u00ed, z nich\u017e mnoz\u00ed se vracej\u00ed pravideln\u011b.<\/p>\n<\/div>\n\n\n\n<div class=\"wp-block-column is-layout-flow wp-container-core-column-is-layout-16b3bfcb wp-block-column-is-layout-flow\"><figure class=\"aligncenter aligncenter wp-block-seznam-icon\"><img loading=\"lazy\" decoding=\"async\" width=\"64\" height=\"64\" src=\"https:\/\/o-seznam.cz\/wp-content\/uploads\/sites\/5\/2024\/05\/seznam-cz-odbornici.svg\" class=\"attachment-full size-full\" alt=\"\" \/><\/figure>\n\n\n\n<p class=\"has-text-align-center is-style-wrap-balance\"><strong><strong>Vysok\u00e1 m\u00edra zapojen\u00ed<\/strong><\/strong><\/p>\n\n\n\n<p class=\"has-text-align-center is-style-wrap-balance\">\u010cten\u00e1\u0159i horoskop\u016f tr\u00e1v\u00ed na webu v\u00edce \u010dasu, co\u017e zvy\u0161uje viditelnost va\u0161\u00ed zna\u010dky.<\/p>\n<\/div>\n<\/div>\n<\/div>\n\n\n\n<div class=\"wp-block-group is-layout-constrained wp-block-group-is-layout-constrained\">\n<h2 class=\"wp-block-heading\"><strong>Reklamn\u00ed form\u00e1ty Horoskopy.cz<\/strong><\/h2>\n\n\n\n<div class=\"wp-block-group is-content-justification-left is-layout-constrained wp-container-core-group-is-layout-8a34ab60 wp-block-group-is-layout-constrained\">\n<p>Horoskopy.cz nab\u00edz\u00ed r\u016fzn\u00e9 reklamn\u00ed form\u00e1ty, kter\u00e9 zviditeln\u00ed va\u0161i firmu. Od banner\u016f a videoreklam po interaktivn\u00ed form\u00e1ty, va\u0161e zna\u010dka oslov\u00ed u\u017eivatele, kte\u0159\u00ed pravideln\u011b hledaj\u00ed astrologick\u00e9 rady a p\u0159edpov\u011bdi. Ka\u017ed\u00fd form\u00e1t je navr\u017een tak, aby maximalizoval dosah a zaujet\u00ed u\u017eivatel\u016f.<\/p>\n<\/div>\n\n\n<div class=\"carousel is-loading has-dots is-style-side-buttons is-rounded wp-block-seznam-carousel\">\n\t<div class=\"carousel__inner\">\t\n\t\t<div class=\"inner-blocks carousel__body\">\n\n\n<div class=\"adformat is-style-box\">\n\t\n\t<div class=\"adformat__media\">\n\t\t<div class=\"adformat__media-inner\">\n\t\t\t<video src=\"https:\/\/o-seznam.cz\/reklama\/wp-content\/uploads\/sites\/5\/2026\/02\/reklama-horoskopy-videobannery.mp4\" autoplay muted loop><\/video>\t\t<\/div>\n\t<\/div>\n\n\t<div class=\"adformat__content\">\n\t\t<h4 class=\"text-center sm:text-left\">Videobannery<\/h4>\n\t\t<div class=\"mt-f2\">\n\t\t\tVideobannery nab\u00edzej\u00ed mo\u017enost vlo\u017eit video obsah p\u0159\u00edmo do reklamn\u00edho prostoru, \u010d\u00edm\u017e oslov\u00edte u\u017eivatele vizu\u00e1ln\u011b bohat\u00fdm sd\u011blen\u00edm. Perfektn\u00ed pro kampan\u011b zam\u011b\u0159en\u00e9 na zv\u00fd\u0161en\u00ed pov\u011bdom\u00ed o zna\u010dce prost\u0159ednictv\u00edm poutav\u00e9ho videa.\t\t<\/div>\n\n\t\n\t<\/div>\n\n<\/div>\n\n\n\n\n\n\n<div class=\"adformat is-style-box\">\n\t\n\t<div class=\"adformat__media\">\n\t\t<div class=\"adformat__media-inner\">\n\t\t\t<img loading=\"lazy\" decoding=\"async\" width=\"492\" height=\"277\" src=\"https:\/\/o-seznam.cz\/wp-content\/uploads\/sites\/5\/2026\/02\/reklama-horoskopy-skyscraper-492x277.png\" class=\"attachment-ipq-492x277-true size-ipq-492x277-true\" alt=\"\" srcset=\"https:\/\/o-seznam.cz\/wp-content\/uploads\/sites\/5\/2026\/02\/reklama-horoskopy-skyscraper-492x277.png 492w, https:\/\/o-seznam.cz\/wp-content\/uploads\/sites\/5\/2026\/02\/reklama-horoskopy-skyscraper-320x180.png 320w, https:\/\/o-seznam.cz\/wp-content\/uploads\/sites\/5\/2026\/02\/reklama-horoskopy-skyscraper-768x432.png 768w, https:\/\/o-seznam.cz\/wp-content\/uploads\/sites\/5\/2026\/02\/reklama-horoskopy-skyscraper.png 800w\" sizes=\"auto, (max-width: 492px) 100vw, 492px\" \/>\t\t<\/div>\n\t<\/div>\n\n\t<div class=\"adformat__content\">\n\t\t<h4 class=\"text-center sm:text-left\">Skyscraper<\/h4>\n\t\t<div class=\"mt-f2\">\n\t\t\tSkyscraper je vysok\u00fd a \u00fazk\u00fd banner, um\u00edst\u011bn\u00fd na bo\u010dn\u00ed stran\u011b webu. Jeho pozice a velikost zaru\u010duj\u00ed vysokou viditelnost a p\u0159itahuj\u00ed pozornost u\u017eivatel\u016f, co\u017e m\u016f\u017ee v\u00e9st k vy\u0161\u0161\u00ed m\u00ed\u0159e prokliku. \t\t<\/div>\n\n\t\n\t<\/div>\n\n<\/div>\n\n\n\n<\/div>\t<\/div>\n<\/div>\n\n\n\n\n<p class=\"is-style-next\"><a href=\"#\">Zjist\u011bte v\u00edce o reklamn\u00edch form\u00e1tech na Horoskopy.cz<\/a><\/p>\n<\/div>\n\n\n\n<div class=\"wp-block-group is-layout-constrained wp-block-group-is-layout-constrained\">\n<h2 class=\"wp-block-heading\"><strong>C\u00edll\u00edte na mobily<\/strong><\/h2>\n\n\n\n<p>A\u017e <strong>70 % u\u017eivatel\u016f nav\u0161t\u011bvuje Horoskopy.cz z mobiln\u00edch za\u0159\u00edzen\u00ed<\/strong>. Pokud chcete zas\u00e1hnout pouze mobiln\u00ed u\u017eivatele, m\u016f\u017eete svou reklamu c\u00edlit p\u0159\u00edmo na n\u011b a vyu\u017e\u00edt form\u00e1ty optimalizovan\u00e9 pro mobiln\u00ed zobrazen\u00ed.&nbsp;<\/p>\n<\/div>\n\n\n\n<div class=\"wp-block-group is-layout-constrained wp-block-group-is-layout-constrained\"><div class=\"mediaText is-position-left is-orientation-landscape is-style-default\">\n\t\n\t<div class=\"mediaText__media\">\n\t\t<img loading=\"lazy\" decoding=\"async\" width=\"1845\" height=\"1236\" src=\"https:\/\/o-seznam.cz\/wp-content\/uploads\/sites\/5\/2026\/02\/reklama-sociodemografie-1.jpg\" class=\"\" alt=\"\" srcset=\"https:\/\/o-seznam.cz\/wp-content\/uploads\/sites\/5\/2026\/02\/reklama-sociodemografie-1.jpg 1845w, https:\/\/o-seznam.cz\/wp-content\/uploads\/sites\/5\/2026\/02\/reklama-sociodemografie-1-992x665.jpg 992w, https:\/\/o-seznam.cz\/wp-content\/uploads\/sites\/5\/2026\/02\/reklama-sociodemografie-1-320x214.jpg 320w, https:\/\/o-seznam.cz\/wp-content\/uploads\/sites\/5\/2026\/02\/reklama-sociodemografie-1-768x514.jpg 768w, https:\/\/o-seznam.cz\/wp-content\/uploads\/sites\/5\/2026\/02\/reklama-sociodemografie-1-1536x1029.jpg 1536w\" sizes=\"auto, (max-width: 1845px) 100vw, 1845px\" \/>\t<\/div>\n\n\t<div class=\"mediaText__content is-layout-flow\">\n\n<div class=\"wp-block-group is-layout-constrained wp-container-core-group-is-layout-beff7c7e wp-block-group-is-layout-constrained\">\n<h2 class=\"wp-block-heading\"><strong>Spr\u00e1vn\u00e9 c\u00edlen\u00ed pom\u016f\u017ee<\/strong><\/h2>\n\n\n\n<p class=\"is-style-wrap-balance\">Oslovte u\u017eivatele ve spr\u00e1vn\u00fd moment d\u00edky c\u00edlen\u00ed na jejich z\u00e1jmy, \u017eivotn\u00ed f\u00e1ze a rozhodovac\u00ed procesy. Reklama vedle astrologick\u00e9ho obsahu p\u016fsob\u00ed jako p\u0159irozen\u00e9 doporu\u010den\u00ed a zvy\u0161uje pravd\u011bpodobnost impulzn\u00edch n\u00e1kup\u016f.<\/p>\n<\/div>\n\n\n\n<p class=\"is-style-next\"><a href=\"https:\/\/o-seznam.cz\/reklama\/horoskopy\/navstevnost-a-sociodemografie\/\">Chci zn\u00e1t publikum<\/a><\/p>\n\n<\/div>\t\n<\/div>\n<\/div>\n\n\n\n<div class=\"wp-block-group is-layout-constrained wp-block-group-is-layout-constrained\"><div class=\"contentColumns is-position-right is-valign-top\">\n\t<div class=\"contentColumns__inner\">\n\n<div class=\"wp-block-seznam-slot contentColumns__media is-layout-flow wp-block-seznam-slot-is-layout-flow\">\n<figure class=\"wp-block-image size-full\"><img loading=\"lazy\" decoding=\"async\" width=\"1000\" height=\"750\" src=\"https:\/\/o-seznam.cz\/reklama\/wp-content\/uploads\/sites\/5\/2024\/11\/ph-1.png\" alt=\"\" class=\"wp-image-6274\" srcset=\"https:\/\/o-seznam.cz\/wp-content\/uploads\/sites\/5\/2024\/11\/ph-1.png 1000w, https:\/\/o-seznam.cz\/wp-content\/uploads\/sites\/5\/2024\/11\/ph-1-992x744.png 992w, https:\/\/o-seznam.cz\/wp-content\/uploads\/sites\/5\/2024\/11\/ph-1-320x240.png 320w, https:\/\/o-seznam.cz\/wp-content\/uploads\/sites\/5\/2024\/11\/ph-1-768x576.png 768w\" sizes=\"auto, (max-width: 1000px) 100vw, 1000px\" \/><\/figure>\n<\/div>\n\n\n\n<div class=\"wp-block-seznam-slot contentColumns__content is-layout-flow wp-block-seznam-slot-is-layout-flow\">\n<h2 class=\"wp-block-heading\"><strong><strong>Budov\u00e1n\u00ed brandu i zv\u00fd\u0161en\u00ed prodeje<\/strong><\/strong><\/h2>\n\n\n\n<p>Na v\u00fdb\u011br m\u00e1te z r\u016fzn\u00fdch reklamn\u00edch form\u00e1t\u016f vhodn\u00fdch pro r\u016fzn\u00e9 marketingov\u00e9 c\u00edle. N\u011bkter\u00e9 posiluj\u00ed pov\u011bdom\u00ed o zna\u010dce a buduj\u00ed d\u016fv\u011bru, jin\u00e9 podporuj\u00ed konverze a prodeje t\u00edm, \u017ee se zobrazuj\u00ed ve chv\u00edli, kdy u\u017eivatel hled\u00e1 odpov\u011bdi na d\u016fle\u017eit\u00e1 \u017eivotn\u00ed rozhodnut\u00ed.<\/p>\n\n\n\n<div class=\"wp-block-group is-layout-constrained wp-block-group-is-layout-constrained\">\n<div class=\"accordion\">\n\t<div class=\"accordion__items\">\n\n<details class=\"expander is-style-default\">\n\t<summary data-datalayer-name=\"\" data-datalayer-text=\"Bannery a videoreklama\">\n\t\t\t\t<strong>Bannery a videoreklama<\/strong>\n\t\t\t<\/summary>\n\t<div class=\"inner-blocks\">\n\n<p>Zaujm\u011bte reklamn\u00edmi bannery nebo videospoty. <strong>Audiovizu\u00e1ln\u00ed reklama podpo\u0159\u00ed emoce a vytvo\u0159\u00ed siln\u011bj\u0161\u00ed spojen\u00ed se zna\u010dkou<\/strong>, co\u017e vede k lep\u0161\u00ed zapamatovatelnosti a vy\u0161\u0161\u00ed efektivit\u011b kampan\u011b.&nbsp;<\/p>\n\n<\/div><\/details>\n\n\n\n<details class=\"expander is-style-default\">\n\t<summary data-datalayer-name=\"\" data-datalayer-text=\"T\u00e9matick\u00e9 bannery\">\n\t\t\t\t<strong>T\u00e9matick\u00e9 bannery<\/strong>\n\t\t\t<\/summary>\n\t<div class=\"inner-blocks\">\n\n<p>D\u00edky propojen\u00ed c\u00edlen\u00ed a reklamn\u00edch form\u00e1t\u016f se va\u0161e sd\u011blen\u00ed zobraz\u00ed vedle relevantn\u00edho astrologick\u00e9ho obsahu. <strong>Oslov\u00edte u\u017eivatele ve chv\u00edli, kdy hledaj\u00ed rady o l\u00e1sce, kari\u00e9\u0159e \u010di zdrav\u00ed<\/strong>, co\u017e zvy\u0161uje jejich ochotu reagovat na va\u0161e sd\u011blen\u00ed.&nbsp;<\/p>\n\n<\/div><\/details>\n\n<\/div><\/div>\n\n<\/div>\n<\/div>\n\n<\/div>\t\n<\/div>\n\n<\/div>\n\n\n\n<div class=\"wp-block-group is-layout-constrained wp-block-group-is-layout-constrained\">\n<h2 class=\"wp-block-heading\">Odpov\u011bdi na \u010dast\u00e9 ot\u00e1zky<\/h2>\n\n\n\n<div class=\"accordion\">\n\t<div class=\"accordion__items\">\n\n<details class=\"expander is-style-default\">\n\t<summary data-datalayer-name=\"\" data-datalayer-text=\"Pro\u010d inzerovat na Horoskopy.cz?\">\n\t\t\t\t<strong>Pro\u010d inzerovat na Horoskopy.cz?<\/strong>\n\t\t\t<\/summary>\n\t<div class=\"inner-blocks\">\n\n<p class=\"is-style-link-external\">Horoskopy.cz nav\u0161t\u011bvuje m\u011bs\u00ed\u010dn\u011b p\u0159es 2,5 milionu u\u017eivatel\u016f, kte\u0159\u00ed aktivn\u011b hledaj\u00ed rady, inspiraci a odpov\u011bdi na \u017eivotn\u00ed ot\u00e1zky. D\u00edky vysok\u00e9mu zapojen\u00ed a opakovan\u00fdm n\u00e1v\u0161t\u011bv\u00e1m nab\u00edz\u00ed platforma ide\u00e1ln\u00ed prostor pro budov\u00e1n\u00ed zna\u010dky i v\u00fdkonovou reklamu.<\/p>\n\n<\/div><\/details>\n\n\n\n<details class=\"expander is-style-default\">\n\t<summary data-datalayer-name=\"\" data-datalayer-text=\"Jak\u00e9 reklamn\u00ed form\u00e1ty mohu vyu\u017e\u00edt? \">\n\t\t\t\t<strong>Jak\u00e9 reklamn\u00ed form\u00e1ty mohu vyu\u017e\u00edt? <\/strong>\n\t\t\t<\/summary>\n\t<div class=\"inner-blocks\">\n\n<p>Nab\u00edz\u00edme \u0161irok\u00e9 spektrum form\u00e1t\u016f \u2013 od bannerov\u00e9 reklamy p\u0159es nativn\u00ed \u010dl\u00e1nky a\u017e po speci\u00e1ln\u00ed brandov\u00e9 spolupr\u00e1ce. Vzhledem k vysok\u00e9mu pod\u00edlu mobiln\u00edch u\u017eivatel\u016f (70 %) doporu\u010dujeme i mobiln\u00ed optimalizovan\u00e9 form\u00e1ty.<\/p>\n\n<\/div><\/details>\n\n\n\n<details class=\"expander is-style-default\">\n\t<summary data-datalayer-name=\"\" data-datalayer-text=\"Je inzerce na Horoskopy.cz vhodn\u00e1 pouze pro velk\u00e9 firmy, nebo ji mohou vyu\u017e\u00edt i men\u0161\u00ed podniky?\">\n\t\t\t\t<strong>Je inzerce na Horoskopy.cz vhodn\u00e1 pouze pro velk\u00e9 firmy, nebo ji mohou vyu\u017e\u00edt i men\u0161\u00ed podniky?<\/strong>\n\t\t\t<\/summary>\n\t<div class=\"inner-blocks\">\n\n<p>Inzerce je vhodn\u00e1 pro v\u0161echny firmy. M\u016f\u017eeme c\u00edlit na specifick\u00e9 skupiny \u010dten\u00e1\u0159\u016f bez ohledu na velikost podnik\u00e1n\u00ed.<\/p>\n\n<\/div><\/details>\n\n\n\n<details class=\"expander is-style-default\">\n\t<summary data-datalayer-name=\"\" data-datalayer-text=\"Jak\u00fd je vztah mezi inzerce na Horoskopy.cz a v\u00fdkonnostn\u00edmi kampan\u011bmi?\">\n\t\t\t\t<strong>Jak\u00fd je vztah mezi inzerce na Horoskopy.cz a v\u00fdkonnostn\u00edmi kampan\u011bmi?<\/strong>\n\t\t\t<\/summary>\n\t<div class=\"inner-blocks\">\n\n<p>Inzerce na Horoskopy.cz posiluje pov\u011bdom\u00ed o zna\u010dce a m\u016f\u017ee pozitivn\u011b ovlivnit v\u00fdkonnostn\u00ed kampan\u011b, \u010d\u00edm\u017e zvy\u0161uje celkovou efektivitu.<\/p>\n\n<\/div><\/details>\n\n\n\n<details class=\"expander is-style-default\">\n\t<summary data-datalayer-name=\"\" data-datalayer-text=\"Jak\u00e1 je pr\u016fm\u011brn\u00e1 doba str\u00e1ven\u00e1 na webu? \">\n\t\t\t\t<strong>Jak\u00e1 je pr\u016fm\u011brn\u00e1 doba str\u00e1ven\u00e1 na webu? <\/strong>\n\t\t\t<\/summary>\n\t<div class=\"inner-blocks\">\n\n<p>U\u017eivatel\u00e9 tr\u00e1v\u00ed na str\u00e1nk\u00e1ch Horoskopy.cz v pr\u016fm\u011bru 3\u00d7 v\u00edce \u010dasu ne\u017e na b\u011b\u017en\u00fdch zpravodajsk\u00fdch webech, co\u017e zvy\u0161uje \u0161anci na interakci s reklamn\u00edm sd\u011blen\u00edm.<\/p>\n\n<\/div><\/details>\n\n\n\n<details class=\"expander is-style-default\">\n\t<summary data-datalayer-name=\"\" data-datalayer-text=\"Jak\u00e1 je pr\u016fm\u011brn\u00e1 proklikovost reklam? \">\n\t\t\t\t<strong>Jak\u00e1 je pr\u016fm\u011brn\u00e1 proklikovost reklam? <\/strong>\n\t\t\t<\/summary>\n\t<div class=\"inner-blocks\">\n\n<p>Reklamy um\u00edst\u011bn\u00e9 u tematicky relevantn\u00edho obsahu dosahuj\u00ed a\u017e o 30 % vy\u0161\u0161\u00ed proklikovosti ne\u017e b\u011b\u017en\u00e9 display form\u00e1ty. To znamen\u00e1 vy\u0161\u0161\u00ed v\u00fdkon kampan\u011b a lep\u0161\u00ed n\u00e1vratnost investice.<\/p>\n\n<\/div><\/details>\n\n<\/div><\/div>\n\n<\/div>\n\n\n\n<div class=\"wp-block-group is-layout-constrained wp-block-group-is-layout-constrained\">\n<div class=\"wp-block-seznam-box is-layout-flow wp-block-seznam-box-is-layout-flow\">\n<div class=\"wp-block-group is-content-justification-center is-nowrap is-layout-flex wp-container-core-group-is-layout-23441af8 wp-block-group-is-layout-flex\">\n<p>R\u00e1di v\u00e1m pom\u016f\u017eeme naj\u00edt reklamu, kter\u00e1 funguje.<\/p>\n\n\n\n<div class=\"wp-block-buttons is-content-justification-right is-layout-flex wp-container-core-buttons-is-layout-d445cf74 wp-block-buttons-is-layout-flex\">\n<div class=\"wp-block-button\"><a class=\"wp-block-button__link wp-element-button\" href=\"#\">Pot\u0159ebuji poradit<\/a><\/div>\n<\/div>\n<\/div>\n<\/div>\n<\/div>\n\n\n\n<div class=\"wp-block-group is-layout-constrained wp-block-group-is-layout-constrained\"><div class=\"wp-block-seznam-cover\"><div class=\"cover is-content is-align-y-center\" style=\"background-color:#000000;\"><div class=\"cover__content is-layout-constrained\">\n\n<div class=\"wp-block-group is-content-justification-left is-layout-constrained wp-container-core-group-is-layout-9c6c10db wp-block-group-is-layout-constrained\">\n<h2 class=\"wp-block-heading has-text-align-left\">Seznam na\u0161ich slu\u017eeb<\/h2>\n\n\n\n<p>Pod\u00edvejte se, na jak\u00fdch webech m\u016f\u017eete b\u00fdt d\u00edky Seznamu vid\u011bt.<\/p>\n\n\n\n<div class=\"wp-block-buttons is-layout-flex wp-block-buttons-is-layout-flex\" style=\"margin-top:var(--wp--preset--spacing--8)\">\n<div class=\"wp-block-button is-style-secondary-2\"><a class=\"wp-block-button__link wp-element-button\" href=\"https:\/\/o-seznam.cz\/reklama\/nase-sluzby\/\">Uk\u00e1zat slu\u017eby<\/a><\/div>\n<\/div>\n<\/div>\n\n<\/div><\/div><\/div>\n\n\n<\/div>\n","protected":false},"excerpt":{"rendered":"<p>Kdy\u017e pot\u0159ebujete oslovit \u017eeny<\/p>\n","protected":false},"author":67,"featured_media":12464,"parent":0,"menu_order":0,"comment_status":"closed","ping_status":"closed","template":"page-no-head","meta":{"_acf_changed":false,"_relevanssi_hide_post":"","_relevanssi_hide_content":"","_relevanssi_pin_for_all":"","_relevanssi_pin_keywords":"","_relevanssi_unpin_keywords":"","_relevanssi_related_keywords":"","_relevanssi_related_include_ids":"","_relevanssi_related_exclude_ids":"","_relevanssi_related_no_append":"","_relevanssi_related_not_related":"","_relevanssi_related_posts":"","_relevanssi_noindex_reason":"SEO Framework Relevanssi index exclude","footnotes":""},"page_category":[86,98,84],"page_tag":[],"class_list":["post-7940","page","type-page","status-publish","has-post-thumbnail","hentry"],"acf":[],"lang":"cs","translations":{"cs":7940},"pll_sync_post":[],"_links":{"self":[{"href":"https:\/\/o-seznam.cz\/reklama\/wp-json\/wp\/v2\/pages\/7940","targetHints":{"allow":["GET"]}}],"collection":[{"href":"https:\/\/o-seznam.cz\/reklama\/wp-json\/wp\/v2\/pages"}],"about":[{"href":"https:\/\/o-seznam.cz\/reklama\/wp-json\/wp\/v2\/types\/page"}],"author":[{"embeddable":true,"href":"https:\/\/o-seznam.cz\/reklama\/wp-json\/wp\/v2\/users\/67"}],"replies":[{"embeddable":true,"href":"https:\/\/o-seznam.cz\/reklama\/wp-json\/wp\/v2\/comments?post=7940"}],"version-history":[{"count":26,"href":"https:\/\/o-seznam.cz\/reklama\/wp-json\/wp\/v2\/pages\/7940\/revisions"}],"predecessor-version":[{"id":12465,"href":"https:\/\/o-seznam.cz\/reklama\/wp-json\/wp\/v2\/pages\/7940\/revisions\/12465"}],"wp:featuredmedia":[{"embeddable":true,"href":"https:\/\/o-seznam.cz\/reklama\/wp-json\/wp\/v2\/media\/12464"}],"wp:attachment":[{"href":"https:\/\/o-seznam.cz\/reklama\/wp-json\/wp\/v2\/media?parent=7940"}],"wp:term":[{"taxonomy":"page_category","embeddable":true,"href":"https:\/\/o-seznam.cz\/reklama\/wp-json\/wp\/v2\/page_category?post=7940"},{"taxonomy":"page_tag","embeddable":true,"href":"https:\/\/o-seznam.cz\/reklama\/wp-json\/wp\/v2\/page_tag?post=7940"}],"curies":[{"name":"wp","href":"https:\/\/api.w.org\/{rel}","templated":true}]}}