{"id":7747,"date":"2025-06-06T08:05:03","date_gmt":"2025-06-06T06:05:03","guid":{"rendered":"https:\/\/o-seznam.cz\/reklama\/?page_id=7747"},"modified":"2026-04-13T18:45:32","modified_gmt":"2026-04-13T16:45:32","slug":"prozeny","status":"publish","type":"page","link":"https:\/\/o-seznam.cz\/reklama\/prozeny\/","title":{"rendered":"Pro\u017eeny.cz"},"content":{"rendered":"\n<div class=\"wp-block-group alignwide is-layout-constrained wp-block-group-is-layout-constrained\"><div class=\"alignwide alignwide wp-block-seznam-hero\"><div class=\"cover is-hero is-hero-default\" style=\"background-color:#f4f5f7;\"><img decoding=\"async\" width=\"1280\" height=\"512\" src=\"https:\/\/o-seznam.cz\/wp-content\/uploads\/sites\/5\/2026\/02\/reklama-prozeny-1.png\" class=\"cover__media cover__media--desktop\" alt=\"\" fetchpriority=\"high\" srcset=\"https:\/\/o-seznam.cz\/wp-content\/uploads\/sites\/5\/2026\/02\/reklama-prozeny-1.png 2000w, https:\/\/o-seznam.cz\/wp-content\/uploads\/sites\/5\/2026\/02\/reklama-prozeny-1-992x397.png 992w, https:\/\/o-seznam.cz\/wp-content\/uploads\/sites\/5\/2026\/02\/reklama-prozeny-1-1984x794.png 1984w, https:\/\/o-seznam.cz\/wp-content\/uploads\/sites\/5\/2026\/02\/reklama-prozeny-1-320x128.png 320w, https:\/\/o-seznam.cz\/wp-content\/uploads\/sites\/5\/2026\/02\/reklama-prozeny-1-768x307.png 768w, https:\/\/o-seznam.cz\/wp-content\/uploads\/sites\/5\/2026\/02\/reklama-prozeny-1-1536x614.png 1536w\" sizes=\"(max-width: 1280px) 100vw, 1280px\" \/><div class=\"cover__content is-layout-constrained\">\n\n<div class=\"wp-block-group is-layout-grid wp-container-core-group-is-layout-d88a0cef wp-block-group-is-layout-grid\">\n<h1 class=\"wp-block-heading has-text-align-left has-neutral-color has-text-color has-link-color wp-elements-d29dc4a76e9a0d522583f8c897b63bb4\">Pro\u017eeny.cz \u010dte<br>a\u017e 1,8 milionu \u017een t\u00fddn\u011b<\/h1>\n<\/div>\n\n\n\n<div class=\"wp-block-group is-content-justification-left is-layout-constrained wp-container-core-group-is-layout-128e448e wp-block-group-is-layout-constrained\">\n<p class=\"has-neutral-color has-text-color has-link-color wp-elements-41d3c779b97b85ea77e491d76456dcd9\">Uka\u017ete svou reklamu v nej\u010dten\u011bj\u0161\u00edm lifestylov\u00e9m magaz\u00ednu pro \u017eeny v \u010cesku.<\/p>\n\n\n\n<div class=\"wp-block-buttons is-layout-flex wp-block-buttons-is-layout-flex\" style=\"margin-top:var(--wp--preset--spacing--8)\">\n<div class=\"wp-block-button is-style-default\"><a class=\"wp-block-button__link wp-element-button\" href=\"#\">Inzerovat na Pro\u017eeny.cz<\/a><\/div>\n<\/div>\n<\/div>\n\n<\/div><\/div><\/div>\n\n\n<\/div>\n\n\n\n<div class=\"wp-block-group is-layout-constrained wp-block-group-is-layout-constrained\">\n<h2 class=\"wp-block-heading has-text-align-center\">V\u00fdhody inzerce na Pro\u017eeny.cz<\/h2>\n\n\n\n<div class=\"wp-block-columns pattern-columns-3-icons is-layout-flex wp-container-core-columns-is-layout-28f84493 wp-block-columns-is-layout-flex\">\n<div class=\"wp-block-column is-layout-flow wp-container-core-column-is-layout-16b3bfcb wp-block-column-is-layout-flow\"><figure class=\"aligncenter aligncenter wp-block-seznam-icon\"><img loading=\"lazy\" decoding=\"async\" width=\"64\" height=\"64\" src=\"https:\/\/o-seznam.cz\/wp-content\/uploads\/sites\/5\/2025\/04\/ikonka-sklik-presne-cileni.svg\" class=\"attachment-full size-full\" alt=\"\" \/><\/figure>\n\n\n\n<p class=\"has-text-align-center is-style-wrap-balance\"><strong>Zaj\u00edmav\u00e1 c\u00edlov\u00e1 skupina<\/strong><\/p>\n\n\n\n<p class=\"has-text-align-center is-style-wrap-balance\">Na\u0161imi nejv\u011brn\u011bj\u0161\u00edmi \u010dten\u00e1\u0159kami jsou \u017eeny mezi 25 a 45 lety. R\u00e1dy objevuj\u00ed nov\u00e9 zna\u010dky a produkty a \u010dasto rozhoduj\u00ed o n\u00e1kupech v dom\u00e1cnosti.<\/p>\n<\/div>\n\n\n\n<div class=\"wp-block-column is-layout-flow wp-container-core-column-is-layout-16b3bfcb wp-block-column-is-layout-flow\"><figure class=\"aligncenter aligncenter wp-block-seznam-icon\"><img loading=\"lazy\" decoding=\"async\" width=\"64\" height=\"64\" src=\"https:\/\/o-seznam.cz\/wp-content\/uploads\/sites\/5\/2025\/04\/ikonka-sklik-reklamy-pod-kontrolou.svg\" class=\"attachment-full size-full\" alt=\"\" \/><\/figure>\n\n\n\n<p class=\"has-text-align-center is-style-wrap-balance\"><strong>Vysok\u00e1 n\u00e1v\u0161t\u011bvnost<\/strong><\/p>\n\n\n\n<p class=\"has-text-align-center is-style-wrap-balance\">Nej\u010dten\u011bj\u0161\u00ed lifestylov\u00fd magaz\u00edn<br>s t\u00e9m\u011b\u0159 3 miliony \u010dten\u00e1\u0159\u016f m\u011bs\u00ed\u010dn\u011b, z\u202fnich\u017e 60\u202f% tvo\u0159\u00ed \u017eeny, pom\u00e1h\u00e1 \u00fa\u010dinn\u011b budovat pov\u011bdom\u00ed<br>o va\u0161\u00ed zna\u010dce.<\/p>\n<\/div>\n\n\n\n<div class=\"wp-block-column is-layout-flow wp-container-core-column-is-layout-16b3bfcb wp-block-column-is-layout-flow\"><figure class=\"aligncenter aligncenter wp-block-seznam-icon\"><img loading=\"lazy\" decoding=\"async\" width=\"64\" height=\"64\" src=\"https:\/\/o-seznam.cz\/wp-content\/uploads\/sites\/5\/2024\/05\/seznam-cz-odbornici.svg\" class=\"attachment-full size-full\" alt=\"\" \/><\/figure>\n\n\n\n<p class=\"has-text-align-center is-style-wrap-balance\"><strong>D\u016fv\u011bryhodn\u00fd zdroj informac\u00ed<\/strong><\/p>\n\n\n\n<p class=\"has-text-align-center is-style-wrap-balance\">Na\u0161e \u010dten\u00e1\u0159ky v\u011b\u0159\u00ed obsahu na Pro\u017eeny.cz. D\u00edky redak\u010dn\u00ed spolupr\u00e1ci bude va\u0161e sd\u011blen\u00ed p\u016fsobit jako p\u0159irozen\u00e1 a d\u016fv\u011bryhodn\u00e1 sou\u010d\u00e1st jejich obl\u00edben\u00e9ho webu.<\/p>\n<\/div>\n<\/div>\n<\/div>\n\n\n\n<div class=\"wp-block-group is-layout-constrained wp-block-group-is-layout-constrained\">\n<h2 class=\"wp-block-heading\">Reklamn\u00ed form\u00e1ty, na kter\u00fdch budete vid\u011bt<\/h2>\n\n\n\n<div class=\"wp-block-group is-content-justification-left is-layout-constrained wp-container-core-group-is-layout-8a34ab60 wp-block-group-is-layout-constrained\">\n<p>A\u0165 u\u017e chcete budovat zna\u010dku nebo zv\u00fd\u0161it prodeje, reklamn\u00ed mo\u017enosti Pro\u017eeny.cz jsou tak \u0161irok\u00e9, \u017ee snadno najdeme form\u00e1ty, kter\u00e9 podpo\u0159\u00ed va\u0161e podnik\u00e1n\u00ed. Od poutav\u00fdch banner\u016f p\u0159es p\u016fsobiv\u00e1 videa a\u017e po kreativn\u00ed Rich Media.<\/p>\n<\/div>\n\n\n<div class=\"carousel is-loading has-dots is-style-side-buttons is-rounded wp-block-seznam-carousel\">\n\t<div class=\"carousel__inner\">\t\n\t\t<div class=\"inner-blocks carousel__body\">\n\n\n<div class=\"adformat is-style-box\">\n\t\n\t<div class=\"adformat__media\">\n\t\t<div class=\"adformat__media-inner\">\n\t\t\t<video src=\"https:\/\/o-seznam.cz\/reklama\/wp-content\/uploads\/sites\/5\/2025\/08\/reklama-rozeny-branding-scratcher.mp4\" autoplay muted loop><\/video>\t\t<\/div>\n\t<\/div>\n\n\t<div class=\"adformat__content\">\n\t\t<h4 class=\"text-center sm:text-left\">Branding Scratcher<\/h4>\n\t\t<div class=\"mt-f2\">\n\t\t\tInteraktivn\u00ed varianta brandingu. Reklama, kter\u00e1 p\u0159i najet\u00ed my\u0161i odhal\u00ed dal\u0161\u00ed obsah a zvy\u0161uje tak u\u017eivatelskou interakci. Tento form\u00e1t podporuje zapojen\u00ed u\u017eivatel\u016f a pom\u00e1h\u00e1 zv\u00fd\u0161it \u0161ance na konverze. \t\t<\/div>\n\n\t\n\t<\/div>\n\n<\/div>\n\n\n\n\n\n\n<div class=\"adformat is-style-box\">\n\t\n\t<div class=\"adformat__media\">\n\t\t<div class=\"adformat__media-inner\">\n\t\t\t<video src=\"https:\/\/o-seznam.cz\/reklama\/wp-content\/uploads\/sites\/5\/2025\/11\/reklama-prozeny-mobilni-interscroller.mp4\" autoplay muted loop><\/video>\t\t<\/div>\n\t<\/div>\n\n\t<div class=\"adformat__content\">\n\t\t<h4 class=\"text-center sm:text-left\">Mobiln\u00ed Intercsroller<\/h4>\n\t\t<div class=\"mt-f2\">\n\t\t\tMobiln\u00ed Interscroller je efektivn\u00ed reklamn\u00ed form\u00e1t, kter\u00fd se plynule zobraz\u00ed p\u0159i posouv\u00e1n\u00ed str\u00e1nky a p\u0159irozen\u011b zapadne do obsahu. D\u00edky tomuto um\u00edst\u011bn\u00ed upout\u00e1 pozornost bez ru\u0161iv\u00e9ho efektu a zv\u00fd\u0161\u00ed zapojen\u00ed u\u017eivatel\u016f.\t\t<\/div>\n\n\t\n\t<\/div>\n\n<\/div>\n\n\n\n\n\n\n<div class=\"adformat is-style-box\">\n\t\n\t<div class=\"adformat__media\">\n\t\t<div class=\"adformat__media-inner\">\n\t\t\t<video src=\"https:\/\/o-seznam.cz\/reklama\/wp-content\/uploads\/sites\/5\/2025\/11\/reklama-rozeny-videotakeover.mp4\" autoplay muted loop><\/video>\t\t<\/div>\n\t<\/div>\n\n\t<div class=\"adformat__content\">\n\t\t<h4 class=\"text-center sm:text-left\">Video Takeover<\/h4>\n\t\t<div class=\"mt-f2\">\n\t\t\tVideo Takeover nab\u00edz\u00ed celoplo\u0161n\u00e9 p\u0159ehr\u00e1v\u00e1n\u00ed videa, kter\u00e9 p\u0159ekryje ve\u0161ker\u00fd obsah str\u00e1nky, co\u017e zaru\u010duje plnou pozornost u\u017eivatel\u016f. Tento form\u00e1t je navr\u017een pro maxim\u00e1ln\u00ed dopad a je ide\u00e1ln\u00ed pro kampan\u011b s d\u016frazem na siln\u00e9 vizu\u00e1ln\u00ed sd\u011blen\u00ed.\t\t<\/div>\n\n\t\n\t<\/div>\n\n<\/div>\n\n\n\n<\/div>\t<\/div>\n<\/div>\n\n\n\n\n<p class=\"is-style-link-external\"><a href=\"https:\/\/seznam.prehledreklam.cz\/cs\/primy-nakup\/#W3sibiI6InNlcnZlciIsInYiOls1MF19XQ==\" target=\"_blank\" rel=\"noreferrer noopener\">Proj\u00edt v\u0161echny form\u00e1ty<\/a><\/p>\n<\/div>\n\n\n\n<div class=\"wp-block-group is-layout-constrained wp-block-group-is-layout-constrained\"><div class=\"mediaText is-position-left is-orientation-landscape is-style-default\">\n\t\n\t<div class=\"mediaText__media\">\n\t\t<img loading=\"lazy\" decoding=\"async\" width=\"1845\" height=\"1236\" src=\"https:\/\/o-seznam.cz\/wp-content\/uploads\/sites\/5\/2026\/02\/reklama-sociodemografie-1.jpg\" class=\"\" alt=\"\" srcset=\"https:\/\/o-seznam.cz\/wp-content\/uploads\/sites\/5\/2026\/02\/reklama-sociodemografie-1.jpg 1845w, https:\/\/o-seznam.cz\/wp-content\/uploads\/sites\/5\/2026\/02\/reklama-sociodemografie-1-992x665.jpg 992w, https:\/\/o-seznam.cz\/wp-content\/uploads\/sites\/5\/2026\/02\/reklama-sociodemografie-1-320x214.jpg 320w, https:\/\/o-seznam.cz\/wp-content\/uploads\/sites\/5\/2026\/02\/reklama-sociodemografie-1-768x514.jpg 768w, https:\/\/o-seznam.cz\/wp-content\/uploads\/sites\/5\/2026\/02\/reklama-sociodemografie-1-1536x1029.jpg 1536w\" sizes=\"auto, (max-width: 1845px) 100vw, 1845px\" \/>\t<\/div>\n\n\t<div class=\"mediaText__content is-layout-flow\">\n\n<div class=\"wp-block-group is-layout-constrained wp-container-core-group-is-layout-beff7c7e wp-block-group-is-layout-constrained\">\n<h2 class=\"wp-block-heading\">Najd\u011bte sv\u00e9 publikum<\/h2>\n\n\n\n<p class=\"is-style-wrap-balance\">Ka\u017ed\u00fd t\u00fdden nav\u0161t\u00edv\u00ed Pro\u017eeny.cz v\u00edce ne\u017e 2,5 milionu \u010dten\u00e1\u0159\u016f. P\u0159es 70 % z nich tvo\u0159\u00ed p\u0159irozen\u011b \u017eeny. Nej\u010dast\u011bji se u n\u00e1s potk\u00e1te s lidmi ve v\u011bku 30 a\u017e 59 let, kte\u0159\u00ed aktivn\u011b hledaj\u00ed inspiraci a novinky. Ide\u00e1ln\u00ed p\u0159\u00edle\u017eitost nab\u00eddnout jim va\u0161i slu\u017ebu nebo produkt.<\/p>\n<\/div>\n\n\n\n<p class=\"is-style-next\"><a href=\"https:\/\/o-seznam.cz\/reklama\/prozeny\/navstevnost-a-sociodemografie\/\" data-type=\"link\" data-id=\"https:\/\/o-seznam.cz\/reklama\/navstevnost-a-sociodemografie\/\">Chci zn\u00e1t publikum<\/a><\/p>\n\n<\/div>\t\n<\/div>\n<\/div>\n\n\n\n\n\n<div class=\"wp-block-group is-layout-constrained wp-block-group-is-layout-constrained\">\n<h2 class=\"wp-block-heading\">Zas\u00e1hn\u011bte p\u0159esn\u011b, koho chcete<\/h2>\n\n\n\n<div class=\"wp-block-group is-content-justification-left is-layout-constrained wp-container-core-group-is-layout-8a34ab60 wp-block-group-is-layout-constrained\">\n<p>Kdy\u017e si dob\u0159e vyberete, komu a kdy se m\u00e1 va\u0161e reklama zobrazit, mo\u017en\u00e1 ji neuvid\u00ed v\u0161ichni, zato dok\u00e1\u017eete zaujmout ty, kter\u00e9 v\u00e1\u0161 produkt nebo slu\u017eba opravdu zaj\u00edm\u00e1. Tady je p\u00e1r tip\u016f na typy c\u00edlen\u00ed, kter\u00e9 v\u00e1m pom\u016f\u017eou naplnit va\u0161i strategii.<\/p>\n<\/div>\n\n\n\n<div class=\"accordion\">\n\t<div class=\"accordion__items\">\n<details class=\"expander is-style-default is-style-symbol is-style-symbol-icon\" open>\n\t<summary data-datalayer-name=\"expander_targeting_9965\" data-datalayer-text=\"Technick\u00e9 c\u00edlen\u00ed\">\n\t\t\t\t\t<span><img loading=\"lazy\" decoding=\"async\" width=\"32\" height=\"32\" src=\"https:\/\/o-seznam.cz\/wp-content\/uploads\/sites\/5\/2025\/04\/ikonka-sklik-optimalizace.svg\" class=\"attachment-full size-full\" alt=\"\" \/><\/span>\n\t\t\t\t<strong>Technick\u00e9 c\u00edlen\u00ed<\/strong>\n\t\t\t<\/summary>\n\t<div class=\"inner-blocks\">\n<p>Oslovte \u010dten\u00e1\u0159ky podle jejich lokality, za\u0159\u00edzen\u00ed nebo opera\u010dn\u00edho syst\u00e9mu, kter\u00fd pou\u017e\u00edvaj\u00ed.<\/p>\n<\/div><\/details>\n\n<details class=\"expander is-style-default is-style-symbol is-style-symbol-icon\">\n\t<summary data-datalayer-name=\"expander_targeting_9970\" data-datalayer-text=\"Behavior\u00e1ln\u00ed c\u00edlen\u00ed\">\n\t\t\t\t\t<span><img loading=\"lazy\" decoding=\"async\" width=\"32\" height=\"32\" src=\"https:\/\/o-seznam.cz\/wp-content\/uploads\/sites\/5\/2025\/03\/ikonka-cileni-na-zajmy.svg\" class=\"attachment-full size-full\" alt=\"\" \/><\/span>\n\t\t\t\t<strong>Behavior\u00e1ln\u00ed c\u00edlen\u00ed<\/strong>\n\t\t\t<\/summary>\n\t<div class=\"inner-blocks\">\n<p>Oslovte lidi podle jejich z\u00e1jm\u016f, n\u00e1kupn\u00edho chov\u00e1n\u00ed a typu za\u0159\u00edzen\u00ed.<\/p>\n<\/div><\/details>\n\n<details class=\"expander is-style-default is-style-symbol is-style-symbol-icon\">\n\t<summary data-datalayer-name=\"expander_targeting_9972\" data-datalayer-text=\"Tematick\u00e9 c\u00edlen\u00ed\">\n\t\t\t\t\t<span><img loading=\"lazy\" decoding=\"async\" width=\"32\" height=\"32\" src=\"https:\/\/o-seznam.cz\/wp-content\/uploads\/sites\/5\/2025\/04\/ikonka-sklik-garantova-reklama.svg\" class=\"attachment-full size-full\" alt=\"\" \/><\/span>\n\t\t\t\t<strong>Tematick\u00e9 c\u00edlen\u00ed<\/strong>\n\t\t\t<\/summary>\n\t<div class=\"inner-blocks\">\n<p>Spojte svou zna\u010dku s v\u00fdznamn\u00fdmi momenty jako Valent\u00fdn, za\u010d\u00e1tek \u0161koln\u00edho roku nebo V\u00e1noce.<\/p>\n<\/div><\/details>\n<\/div><\/div>\n\n<\/div>\n\n\n\n<div class=\"wp-block-group is-layout-constrained wp-block-group-is-layout-constrained\">\n<h2 class=\"wp-block-heading\">Odpov\u011bdi na \u010dast\u00e9 ot\u00e1zky<\/h2>\n\n\n\n<div class=\"accordion\">\n\t<div class=\"accordion__items\">\n\n<details class=\"expander is-style-default\">\n\t<summary data-datalayer-name=\"\" data-datalayer-text=\"Jak\u00e9 reklamn\u00ed mo\u017enosti Pro\u017eeny.cz nab\u00edz\u00ed?\">\n\t\t\t\t<strong>Jak\u00e9 reklamn\u00ed mo\u017enosti Pro\u017eeny.cz nab\u00edz\u00ed?<\/strong>\n\t\t\t<\/summary>\n\t<div class=\"inner-blocks\">\n\n<p class=\"is-style-link-external\">Vybrat si m\u016f\u017eete ze spousty reklamn\u00edch form\u00e1t\u016f, kter\u00e9 se hod\u00ed pro r\u016fzn\u00e9 c\u00edle a rozpo\u010dty. V na\u0161em <a href=\"https:\/\/seznam.prehledreklam.cz\/cs\/primy-nakup\/\" target=\"_blank\" rel=\"noreferrer noopener\">p\u0159ehledu reklam<\/a> jsou v\u0161echny mo\u017enosti hezky popsan\u00e9.<\/p>\n\n<\/div><\/details>\n\n\n\n<details class=\"expander is-style-default\">\n\t<summary data-datalayer-name=\"\" data-datalayer-text=\"M\u00e1m men\u0161\u00ed firmu i rozpo\u010det, jakou inzerci byste mi doporu\u010dili?\">\n\t\t\t\t<strong>M\u00e1m men\u0161\u00ed firmu i rozpo\u010det, jakou inzerci byste mi doporu\u010dili?<\/strong>\n\t\t\t<\/summary>\n\t<div class=\"inner-blocks\">\n\n<p>Ka\u017ed\u00e9 podnik\u00e1n\u00ed je trochu jin\u00e9, proto na n\u011bj v\u011bt\u0161inou nefunguj\u00ed univerz\u00e1ln\u00ed rady. Nab\u00eddku ale r\u00e1di p\u0159izp\u016fsob\u00edme va\u0161emu rozpo\u010dtu a strategii tak, abyste dos\u00e1hli dobr\u00fdch v\u00fdsledk\u016f.<\/p>\n\n<\/div><\/details>\n\n\n\n<details class=\"expander is-style-default\">\n\t<summary data-datalayer-name=\"\" data-datalayer-text=\"Jak\u00fd je vztah mezi inzerc\u00ed na Pro\u017eeny.cz a v\u00fdkonnostn\u00edmi kampan\u011bmi?\">\n\t\t\t\t<strong>Jak\u00fd je vztah mezi inzerc\u00ed na Pro\u017eeny.cz a v\u00fdkonnostn\u00edmi kampan\u011bmi?<\/strong>\n\t\t\t<\/summary>\n\t<div class=\"inner-blocks\">\n\n<p>Skv\u011bl\u00fd! Kdy\u017e si lid\u00e9 d\u00edky reklam\u011b na Pro\u017eeny.cz zapamatuj\u00ed va\u0161i zna\u010dku, p\u0159irozen\u011b to pos\u00edl\u00ed i v\u00fdsledky va\u0161ich v\u00fdkonnostn\u00edch kampan\u00ed. Inzerce na Pro\u017eeny.cz tak pom\u00e1h\u00e1 budovat d\u016fv\u011bru u va\u0161ich potenci\u00e1ln\u00edch z\u00e1kaznic.<\/p>\n\n<\/div><\/details>\n\n\n\n<details class=\"expander is-style-default\">\n\t<summary data-datalayer-name=\"\" data-datalayer-text=\"Co je obsahov\u00e1 spolupr\u00e1ce a jak funguje? \">\n\t\t\t\t<strong>Co je obsahov\u00e1 spolupr\u00e1ce a jak funguje? <\/strong>\n\t\t\t<\/summary>\n\t<div class=\"inner-blocks\">\n\n<p>Obsahov\u00e1 spolupr\u00e1ce zahrnuje tvorbu a publikaci \u010dl\u00e1nk\u016f \u010di jin\u00e9ho obsahu ve spolupr\u00e1ci s na\u0161\u00ed redakc\u00ed, kter\u00fd reflektuje hodnoty a pot\u0159eby va\u0161\u00ed zna\u010dky. T\u00edmto zp\u016fsobem m\u016f\u017eete oslovit na\u0161e \u010dten\u00e1\u0159ky autentick\u00fdm a relevantn\u00edm obsahem, kter\u00fd p\u0159irozen\u011b zapad\u00e1 do kontextu magaz\u00ednu.<\/p>\n\n<\/div><\/details>\n\n<\/div><\/div>\n\n<\/div>\n\n\n\n<div class=\"wp-block-group is-layout-constrained wp-block-group-is-layout-constrained\">\n<div class=\"wp-block-seznam-box is-layout-flow wp-block-seznam-box-is-layout-flow\">\n<div class=\"wp-block-group is-content-justification-center is-nowrap is-layout-flex wp-container-core-group-is-layout-23441af8 wp-block-group-is-layout-flex\">\n<p>R\u00e1di v\u00e1m pom\u016f\u017eeme naj\u00edt reklamu, kter\u00e1 funguje.<\/p>\n\n\n\n<div class=\"wp-block-buttons is-content-justification-right is-layout-flex wp-container-core-buttons-is-layout-d445cf74 wp-block-buttons-is-layout-flex\">\n<div class=\"wp-block-button\"><a class=\"wp-block-button__link wp-element-button\" href=\"#\">Pot\u0159ebuji poradit<\/a><\/div>\n<\/div>\n<\/div>\n<\/div>\n<\/div>\n\n\n\n<div class=\"wp-block-group is-layout-constrained wp-block-group-is-layout-constrained\"><div class=\"wp-block-seznam-cover\"><div class=\"cover is-content is-align-y-center\" style=\"background-color:#000000;\"><div class=\"cover__content is-layout-constrained\">\n\n<div class=\"wp-block-group is-content-justification-left is-layout-constrained wp-container-core-group-is-layout-9c6c10db wp-block-group-is-layout-constrained\">\n<h2 class=\"wp-block-heading has-text-align-left\">Seznam na\u0161ich slu\u017eeb<\/h2>\n\n\n\n<p>Pod\u00edvejte se, na jak\u00fdch webech m\u016f\u017eete b\u00fdt d\u00edky Seznamu vid\u011bt.<\/p>\n\n\n\n<div class=\"wp-block-buttons is-layout-flex wp-block-buttons-is-layout-flex\" style=\"margin-top:var(--wp--preset--spacing--8)\">\n<div class=\"wp-block-button is-style-secondary-2\"><a class=\"wp-block-button__link wp-element-button\" href=\"https:\/\/o-seznam.cz\/reklama\/nase-sluzby\/\">Uk\u00e1zat slu\u017eby<\/a><\/div>\n<\/div>\n<\/div>\n\n<\/div><\/div><\/div>\n\n\n<\/div>\n","protected":false},"excerpt":{"rendered":"<p>Pro\u017eeny.cz \u010dte a\u017e 1,8 milionu \u017een t\u00fddn\u011b<\/p>\n","protected":false},"author":2,"featured_media":10186,"parent":0,"menu_order":1,"comment_status":"closed","ping_status":"closed","template":"page-no-head","meta":{"_acf_changed":false,"_relevanssi_hide_post":"","_relevanssi_hide_content":"","_relevanssi_pin_for_all":"","_relevanssi_pin_keywords":"","_relevanssi_unpin_keywords":"","_relevanssi_related_keywords":"","_relevanssi_related_include_ids":"","_relevanssi_related_exclude_ids":"","_relevanssi_related_no_append":"","_relevanssi_related_not_related":"","_relevanssi_related_posts":"","_relevanssi_noindex_reason":"SEO Framework Relevanssi index exclude","footnotes":""},"page_category":[86,98,84],"page_tag":[],"class_list":["post-7747","page","type-page","status-publish","has-post-thumbnail","hentry"],"acf":[],"lang":"cs","translations":{"cs":7747},"pll_sync_post":[],"_links":{"self":[{"href":"https:\/\/o-seznam.cz\/reklama\/wp-json\/wp\/v2\/pages\/7747","targetHints":{"allow":["GET"]}}],"collection":[{"href":"https:\/\/o-seznam.cz\/reklama\/wp-json\/wp\/v2\/pages"}],"about":[{"href":"https:\/\/o-seznam.cz\/reklama\/wp-json\/wp\/v2\/types\/page"}],"author":[{"embeddable":true,"href":"https:\/\/o-seznam.cz\/reklama\/wp-json\/wp\/v2\/users\/2"}],"replies":[{"embeddable":true,"href":"https:\/\/o-seznam.cz\/reklama\/wp-json\/wp\/v2\/comments?post=7747"}],"version-history":[{"count":44,"href":"https:\/\/o-seznam.cz\/reklama\/wp-json\/wp\/v2\/pages\/7747\/revisions"}],"predecessor-version":[{"id":12255,"href":"https:\/\/o-seznam.cz\/reklama\/wp-json\/wp\/v2\/pages\/7747\/revisions\/12255"}],"wp:featuredmedia":[{"embeddable":true,"href":"https:\/\/o-seznam.cz\/reklama\/wp-json\/wp\/v2\/media\/10186"}],"wp:attachment":[{"href":"https:\/\/o-seznam.cz\/reklama\/wp-json\/wp\/v2\/media?parent=7747"}],"wp:term":[{"taxonomy":"page_category","embeddable":true,"href":"https:\/\/o-seznam.cz\/reklama\/wp-json\/wp\/v2\/page_category?post=7747"},{"taxonomy":"page_tag","embeddable":true,"href":"https:\/\/o-seznam.cz\/reklama\/wp-json\/wp\/v2\/page_tag?post=7747"}],"curies":[{"name":"wp","href":"https:\/\/api.w.org\/{rel}","templated":true}]}}