
{"id":7194,"date":"2025-03-21T07:24:59","date_gmt":"2025-03-21T06:24:59","guid":{"rendered":"https:\/\/o-seznam.cz\/reklama\/?page_id=7194"},"modified":"2025-04-16T14:06:41","modified_gmt":"2025-04-16T12:06:41","slug":"cileni","status":"publish","type":"page","link":"https:\/\/o-seznam.cz\/reklama\/cileni\/","title":{"rendered":"C\u00edlen\u00ed od Seznamu"},"content":{"rendered":"<div style=\"--wp--custom--color--complement:#000000;--wp--custom--color--complement-light:#c5e2fe;\" class=\"is-scheme-light alignfull wp-block-seznam-area\">\n\n\t\n<div class=\"inner-blocks is-layout-constrained wp-container-seznam-area-is-layout-ff6e4433 wp-block-seznam-area-is-layout-constrained\">\n<div class=\"wp-block-group alignwide is-layout-constrained wp-container-core-group-is-layout-19e250f3 wp-block-group-is-layout-constrained\">\n<div class=\"wp-block-group alignwide is-layout-constrained wp-block-group-is-layout-constrained block-visibility-hide-medium-screen block-visibility-hide-small-screen\"><div class=\"alignwide alignwide wp-block-seznam-hero\"><div class=\"cover is-hero is-hero-large has-mobile-image bg-neutral-40\"><img decoding=\"async\" width=\"1280\" height=\"768\" src=\"https:\/\/o-seznam.cz\/wp-content\/uploads\/sites\/5\/2025\/03\/cileni-3.gif\" class=\"cover__media cover__media--desktop\" alt=\"\" fetchpriority=\"high\" \/><img decoding=\"async\" width=\"608\" height=\"547\" src=\"https:\/\/o-seznam.cz\/wp-content\/uploads\/sites\/5\/2025\/03\/cileni-4-mob.gif\" class=\"cover__media cover__media--mobile\" alt=\"\" fetchpriority=\"high\" \/><div class=\"cover__content is-layout-constrained\">\n\n<div class=\"wp-block-group is-content-justification-left is-layout-constrained wp-container-core-group-is-layout-a19c545e wp-block-group-is-layout-constrained\">\n<div class=\"wp-block-group is-content-justification-left is-layout-constrained wp-container-core-group-is-layout-333d5af4 wp-block-group-is-layout-constrained\">\n<h1 class=\"wp-block-heading has-text-align-left has-neutral-color has-text-color has-link-color wp-elements-5c76f7522d56aac2aef2aa356d6ac19b\">Posu\u0148te <br>sv\u00e9 kampan\u011b spr\u00e1vn\u00fdm sm\u011brem<\/h1>\n<\/div>\n\n\n\n<div class=\"wp-block-group is-content-justification-left is-layout-constrained wp-container-core-group-is-layout-5d6af5fe wp-block-group-is-layout-constrained\">\n<p class=\"has-neutral-color has-text-color has-link-color wp-elements-a78593500628b4ce5ef3cc874df7fdee\">Z\u00e1kladem \u00fasp\u011bchu je p\u0159esn\u00e9 c\u00edlen\u00ed, kter\u00e9 se obejde bez cookies t\u0159et\u00edch stran. V na\u0161em <strong>Pr\u016fvodci sv\u011btem c\u00edlen\u00ed <\/strong>zjist\u00edte, kter\u00e9 strategie v\u00e1m p\u0159inesou nejlep\u0161\u00ed v\u00fdsledky.&nbsp;<\/p>\n<\/div>\n\n\n\n<p class=\"has-neutral-color has-text-color has-link-color wp-elements-3597e9c0a65bb5cf2c5f71f22e68fca1\"><span class=\"is-style-h1\">90%<\/span> p\u0159esnosti dosahuj\u00ed vybran\u00e9 typy c\u00edlen\u00ed od Seznamu.<\/p>\n\n\n\n<div class=\"wp-block-group is-nowrap is-layout-flex wp-container-core-group-is-layout-6c531013 wp-block-group-is-layout-flex\">\n<div class=\"wp-block-group is-layout-constrained wp-container-core-group-is-layout-b4765ca0 wp-block-group-is-layout-constrained\"><div class=\"wp-block-seznam-pdf-viewer\"><a class=\"pdf-viewer inline-block wp-element-button\" href=\"https:\/\/o-seznam.cz\/reklama\/wp-content\/uploads\/sites\/5\/2025\/03\/seznam-cileni-2025.pdf\" data-id=\"pdf_viewer_69edccc3c1066\">Chci Pr\u016fvodce sv\u011btem c\u00edlen\u00ed<\/a>\n<div id=\"pdf_viewer_69edccc3c1066\" style=\"display:none\">\n\t\n<div class=\"dialog-preview\">\n\t<div class=\"dialog-preview__header\">\n\t\t<div class=\"dialog-preview__title\">\t\n\t\t\t<h6>Pr\u016fvodce sv\u011btem c\u00edlen\u00ed<\/h6>\n\t\t\t<p>Jak na kampan\u011b, kter\u00e9 vyd\u011bl\u00e1vaj\u00ed.<\/p>\n\t\t<\/div>\t\n\t\t\t\t\t<div class=\"dialog-preview__button\">\n\t\t\t\t<a class=\"wp-element-button inline-block\" href=\"https:\/\/o-seznam.cz\/reklama\/wp-content\/uploads\/sites\/5\/2025\/03\/seznam-cileni-2025.pdf\"  download=\"seznam-cileni-2025.pdf\">\n\t\t\t\t\tSt\u00e1hnout PDF\t\t\t\t<\/a>\n\t\t\t<\/div>\n\t\t\t\t<button class=\"dialog-preview__close\">\n\t\t\t<span class=\"sr-only\">Zav\u0159\u00edt\t\t<\/button>\n\t<\/div>\n\t<div class=\"dialog-preview__body\">\n\t\t<div class=\"pdf-canvas\" data-url=\"https:\/\/o-seznam.cz\/reklama\/wp-content\/uploads\/sites\/5\/2025\/03\/seznam-cileni-2025.pdf\"><\/div>\t<\/div>\n<\/div><\/div>\n\n\n<\/div>\n\n\n\n<p class=\"has-text-align-center has-neutral-60-color has-text-color has-link-color has-small-font-size wp-elements-1ed52fa3488fe000c7fd70f011fc9725\">Zdarma a bez e-mailu.<\/p>\n<\/div>\n<\/div>\n<\/div>\n\n<\/div><\/div><\/div>\n\n\n<\/div>\n\n\n\n<div class=\"wp-block-group alignwide is-layout-constrained wp-block-group-is-layout-constrained block-visibility-hide-large-screen\"><div class=\"alignwide alignwide wp-block-seznam-hero\"><div class=\"cover is-hero is-hero-large has-mobile-image bg-neutral-40\"><img decoding=\"async\" width=\"1000\" height=\"900\" src=\"https:\/\/o-seznam.cz\/wp-content\/uploads\/sites\/5\/2025\/03\/cileni-4-mob.gif\" class=\"cover__media cover__media--desktop\" alt=\"\" fetchpriority=\"high\" \/><img decoding=\"async\" width=\"608\" height=\"547\" src=\"https:\/\/o-seznam.cz\/wp-content\/uploads\/sites\/5\/2025\/03\/cileni-4-mob.gif\" class=\"cover__media cover__media--mobile\" alt=\"\" fetchpriority=\"high\" \/><div class=\"cover__content is-layout-constrained\">\n\n<div class=\"wp-block-group is-content-justification-left is-layout-constrained wp-container-core-group-is-layout-a19c545e wp-block-group-is-layout-constrained\">\n<div class=\"wp-block-group is-content-justification-left is-layout-constrained wp-container-core-group-is-layout-333d5af4 wp-block-group-is-layout-constrained\">\n<figure class=\"wp-block-image aligncenter size-full\"><img loading=\"lazy\" decoding=\"async\" width=\"467\" height=\"350\" src=\"https:\/\/o-seznam.cz\/wp-content\/uploads\/sites\/5\/2025\/04\/seznam-cileni-mob-3.png\" alt=\"\" class=\"wp-image-7514\" srcset=\"https:\/\/o-seznam.cz\/wp-content\/uploads\/sites\/5\/2025\/04\/seznam-cileni-mob-3.png 467w, https:\/\/o-seznam.cz\/wp-content\/uploads\/sites\/5\/2025\/04\/seznam-cileni-mob-3-320x240.png 320w\" sizes=\"auto, (max-width: 467px) 100vw, 467px\" \/><\/figure>\n\n\n\n<h1 class=\"wp-block-heading has-text-align-left has-neutral-color has-text-color has-link-color wp-elements-5c76f7522d56aac2aef2aa356d6ac19b\">Posu\u0148te <br>sv\u00e9 kampan\u011b spr\u00e1vn\u00fdm sm\u011brem<\/h1>\n<\/div>\n\n\n\n<div class=\"wp-block-group is-content-justification-left is-layout-constrained wp-container-core-group-is-layout-5d6af5fe wp-block-group-is-layout-constrained\">\n<p class=\"has-neutral-color has-text-color has-link-color wp-elements-a78593500628b4ce5ef3cc874df7fdee\">Z\u00e1kladem \u00fasp\u011bchu je p\u0159esn\u00e9 c\u00edlen\u00ed, kter\u00e9 se obejde bez cookies t\u0159et\u00edch stran. V na\u0161em <strong>Pr\u016fvodci sv\u011btem c\u00edlen\u00ed <\/strong>zjist\u00edte, kter\u00e9 strategie v\u00e1m p\u0159inesou nejlep\u0161\u00ed v\u00fdsledky.&nbsp;<\/p>\n<\/div>\n\n\n\n<p class=\"has-neutral-color has-text-color has-link-color wp-elements-3597e9c0a65bb5cf2c5f71f22e68fca1\"><span class=\"is-style-h1\">90%<\/span> p\u0159esnosti dosahuj\u00ed vybran\u00e9 typy c\u00edlen\u00ed od Seznamu.<\/p>\n\n\n\n<div class=\"wp-block-group is-nowrap is-layout-flex wp-container-core-group-is-layout-6c531013 wp-block-group-is-layout-flex\">\n<div class=\"wp-block-group is-layout-constrained wp-container-core-group-is-layout-b4765ca0 wp-block-group-is-layout-constrained\"><div class=\"wp-block-seznam-pdf-viewer\"><a class=\"pdf-viewer inline-block wp-element-button\" href=\"https:\/\/o-seznam.cz\/reklama\/wp-content\/uploads\/sites\/5\/2025\/03\/seznam-cileni-2025.pdf\" data-id=\"pdf_viewer_69edccc3c221d\">Chci Pr\u016fvodce sv\u011btem c\u00edlen\u00ed<\/a>\n<div id=\"pdf_viewer_69edccc3c221d\" style=\"display:none\">\n\t\n<div class=\"dialog-preview\">\n\t<div class=\"dialog-preview__header\">\n\t\t<div class=\"dialog-preview__title\">\t\n\t\t\t<h6>Pr\u016fvodce sv\u011btem c\u00edlen\u00ed<\/h6>\n\t\t\t<p>Jak na kampan\u011b, kter\u00e9 vyd\u011bl\u00e1vaj\u00ed.<\/p>\n\t\t<\/div>\t\n\t\t\t\t\t<div class=\"dialog-preview__button\">\n\t\t\t\t<a class=\"wp-element-button inline-block\" href=\"https:\/\/o-seznam.cz\/reklama\/wp-content\/uploads\/sites\/5\/2025\/03\/seznam-cileni-2025.pdf\"  download=\"seznam-cileni-2025.pdf\">\n\t\t\t\t\tSt\u00e1hnout PDF\t\t\t\t<\/a>\n\t\t\t<\/div>\n\t\t\t\t<button class=\"dialog-preview__close\">\n\t\t\t<span class=\"sr-only\">Zav\u0159\u00edt\t\t<\/button>\n\t<\/div>\n\t<div class=\"dialog-preview__body\">\n\t\t<div class=\"pdf-canvas\" data-url=\"https:\/\/o-seznam.cz\/reklama\/wp-content\/uploads\/sites\/5\/2025\/03\/seznam-cileni-2025.pdf\"><\/div>\t<\/div>\n<\/div><\/div>\n\n\n<\/div>\n\n\n\n<p class=\"has-text-align-center has-neutral-60-color has-text-color has-link-color has-small-font-size wp-elements-1ed52fa3488fe000c7fd70f011fc9725\">Zdarma a bez e-mailu.<\/p>\n<\/div>\n<\/div>\n<\/div>\n\n<\/div><\/div><\/div>\n\n\n<\/div>\n<\/div>\n\n\n\n<div class=\"wp-block-group is-content-justification-left is-layout-constrained wp-container-core-group-is-layout-0ed21503 wp-block-group-is-layout-constrained\">\n<h2 class=\"wp-block-seznam-heading-bullet wp-block-heading\"><em class=\"bullet\">1<\/em>Nejv\u011bt\u0161\u00ed marketingov\u00fd poklad? Z\u00e1kaznick\u00e1 data<\/h2>\n\n\n\n<p class=\"is-style-link-external\">D\u00edky vlastn\u00edm dat\u016fm z\u00edsk\u00e1te d\u016fv\u011bryhodn\u00e9 informace o chov\u00e1n\u00ed u\u017eivatel\u016f, kter\u00e9 v\u00e1m pom\u016f\u017eou s p\u0159esn\u00fdm zac\u00edlen\u00edm a personalizac\u00ed reklam. A skv\u011bl\u00e1 zpr\u00e1va? <a href=\"https:\/\/partner.seznam.cz\/tlacitko-prihlaseni-pres-seznam\/?utm_source=o-seznam&amp;utm_medium=text-link&amp;utm_campaign=seznamidentita-cileni-jaro-2025\" target=\"_blank\" rel=\"noreferrer noopener\">P\u0159ihl\u00e1\u0161en\u00ed p\u0159es Seznam<\/a> v\u00e1m sb\u011br t\u011bchto dat usnadn\u00ed, a nav\u00edc za n\u011bj nezaplat\u00edte ani korunu.<\/p>\n<\/div>\n\n\n\n<div class=\"wp-block-group is-layout-constrained wp-block-group-is-layout-constrained\"><div class=\"align wp-block-seznam-stream\"><div class=\"streamAdvanced \">\n\t<button data-stream-video-advanced=\"65256614\">\n\t\t<img loading=\"lazy\" decoding=\"async\" width=\"1280\" height=\"720\" src=\"https:\/\/o-seznam.cz\/wp-content\/uploads\/sites\/5\/2025\/03\/prihlaste-se-pres-seznam-video-1280x720.jpg\" class=\"attachment-ipq-1280x720-true size-ipq-1280x720-true\" alt=\"\" srcset=\"https:\/\/o-seznam.cz\/wp-content\/uploads\/sites\/5\/2025\/03\/prihlaste-se-pres-seznam-video-1280x720.jpg 1280w, https:\/\/o-seznam.cz\/wp-content\/uploads\/sites\/5\/2025\/03\/prihlaste-se-pres-seznam-video-992x558.jpg 992w, https:\/\/o-seznam.cz\/wp-content\/uploads\/sites\/5\/2025\/03\/prihlaste-se-pres-seznam-video-320x180.jpg 320w, https:\/\/o-seznam.cz\/wp-content\/uploads\/sites\/5\/2025\/03\/prihlaste-se-pres-seznam-video-768x432.jpg 768w, https:\/\/o-seznam.cz\/wp-content\/uploads\/sites\/5\/2025\/03\/prihlaste-se-pres-seznam-video-1536x864.jpg 1536w, https:\/\/o-seznam.cz\/wp-content\/uploads\/sites\/5\/2025\/03\/prihlaste-se-pres-seznam-video.jpg 1920w\" sizes=\"auto, (max-width: 1280px) 100vw, 1280px\" \/>\t\t<div class=\"streamAdvanced__button\">\n\t\t\t<div>\n\t\t\t\tK \u010demu je dobr\u00e9 P\u0159ihl\u00e1\u0161en\u00ed p\u0159es Seznam\t\t\t\t\t\t\t<\/div>\n\t\t<\/div>\n\t<\/button>\n<\/div>\n<\/div><\/div>\n\n\n\n<div class=\"wp-block-group is-layout-constrained wp-block-group-is-layout-constrained\">\n<h2 class=\"wp-block-seznam-heading-bullet\"><em class=\"bullet\">2<\/em>A\u0165 u\u017e data vyu\u017e\u00edv\u00e1te, nebo ne, m\u00e1me pro v\u00e1s \u0159e\u0161en\u00ed<\/h2>\n\n\n\n<p>Prozkoumejte nejefektivn\u011bj\u0161\u00ed zp\u016fsoby c\u00edlen\u00ed, kter\u00e9 si nejv\u00edc obl\u00edbili na\u0161i inzerenti.<\/p>\n\n\n\n<div class=\"accordion\">\n\t<div class=\"accordion__items\">\n\n<details class=\"expander is-style-default is-style-symbol is-style-symbol-icon\" open>\n\t<summary data-datalayer-name=\"\" data-datalayer-text=\"C\u00edlen\u00ed na vlastn\u00ed seznamy z\u00e1kazn\u00edk\u016f\">\n\t\t\t\t\t<span><img loading=\"lazy\" decoding=\"async\" width=\"32\" height=\"32\" src=\"https:\/\/o-seznam.cz\/wp-content\/uploads\/sites\/5\/2025\/03\/ikonka-vlastni-seznamy.svg\" class=\"attachment-full size-full\" alt=\"\" \/><\/span>\n\t\t\t\t<strong>C\u00edlen\u00ed na vlastn\u00ed seznamy z\u00e1kazn\u00edk\u016f<\/strong>\n\t\t\t<\/summary>\n\t<div class=\"inner-blocks\">\n\n<p>Oslovte v obsahov\u00e9 s\u00edti Skliku sv\u00e9 st\u00e1vaj\u00edc\u00ed z\u00e1kazn\u00edky, kte\u0159\u00ed v\u00e1m ud\u011blili souhlas s c\u00edlenou reklamou. I bez cookies t\u0159et\u00edch stran tak budete c\u00edlit na jistotu.<\/p>\n\n<\/div><\/details>\n\n\n\n<details class=\"expander is-style-default is-style-symbol is-style-symbol-icon\">\n\t<summary data-datalayer-name=\"\" data-datalayer-text=\"Lookalike c\u00edlen\u00ed\">\n\t\t\t\t\t<span><img loading=\"lazy\" decoding=\"async\" width=\"32\" height=\"32\" src=\"https:\/\/o-seznam.cz\/wp-content\/uploads\/sites\/5\/2025\/03\/ikonka-lookalike.svg\" class=\"attachment-full size-full\" alt=\"\" \/><\/span>\n\t\t\t\t<strong>Lookalike c\u00edlen\u00ed<\/strong>\n\t\t\t<\/summary>\n\t<div class=\"inner-blocks\">\n\n<p>Najd\u011bte nov\u00e9 z\u00e1kazn\u00edky, kte\u0159\u00ed se chovaj\u00ed podobn\u011b jako n\u00e1v\u0161t\u011bvn\u00edci va\u0161eho e-shopu nebo webu. D\u00edky tomu se sv\u00fdmi nab\u00eddkami nebudete trefovat vedle.<\/p>\n\n<\/div><\/details>\n\n\n\n<details class=\"expander is-style-default is-style-symbol is-style-symbol-icon\">\n\t<summary data-datalayer-name=\"\" data-datalayer-text=\"Sociodemografick\u00e9 c\u00edlen\u00ed\">\n\t\t\t\t\t<span><img loading=\"lazy\" decoding=\"async\" width=\"32\" height=\"32\" src=\"https:\/\/o-seznam.cz\/wp-content\/uploads\/sites\/5\/2025\/03\/ikonka-sociodemograficke-cileni.svg\" class=\"attachment-full size-full\" alt=\"\" \/><\/span>\n\t\t\t\t<strong>Sociodemografick\u00e9 c\u00edlen\u00ed<\/strong>\n\t\t\t<\/summary>\n\t<div class=\"inner-blocks\">\n\n<p>Zas\u00e1hn\u011bte u\u017eivatele na z\u00e1klad\u011b toho, jak\u00fd je jejich v\u011bk nebo pohlav\u00ed. D\u00edky vyu\u017eit\u00ed pokro\u010dil\u00fdch v\u00fdzkumn\u00fdch a statistick\u00fdch metod je p\u0159esnost tohoto c\u00edlen\u00ed a\u017e 90 %.<\/p>\n\n<\/div><\/details>\n\n\n\n<details class=\"expander is-style-default is-style-symbol is-style-symbol-icon\">\n\t<summary data-datalayer-name=\"\" data-datalayer-text=\"C\u00edlen\u00ed na z\u00e1jmy\">\n\t\t\t\t\t<span><img loading=\"lazy\" decoding=\"async\" width=\"32\" height=\"32\" src=\"https:\/\/o-seznam.cz\/wp-content\/uploads\/sites\/5\/2025\/03\/ikonka-cileni-na-zajmy.svg\" class=\"attachment-full size-full\" alt=\"\" \/><\/span>\n\t\t\t\t<strong>C\u00edlen\u00ed na z\u00e1jmy<\/strong>\n\t\t\t<\/summary>\n\t<div class=\"inner-blocks\">\n\n<p>Pokud v\u00edte, co z\u00e1kazn\u00edky bav\u00ed a o co se zaj\u00edmaj\u00ed, m\u00e1te nap\u016fl vyhr\u00e1no. Vyberte si z rozs\u00e1hl\u00e9 nab\u00eddky z\u00e1jm\u016f s nab\u00eddn\u011bte jim reklamu, kter\u00e1 je opravdu zaujme.&nbsp;<\/p>\n\n<\/div><\/details>\n\n\n\n<details class=\"expander is-style-default is-style-symbol is-style-symbol-icon\">\n\t<summary data-datalayer-name=\"\" data-datalayer-text=\"Dynamick\u00fd retargeting n\u00e1v\u0161t\u011bvn\u00edk\u016f Seznamu\">\n\t\t\t\t\t<span><img loading=\"lazy\" decoding=\"async\" width=\"32\" height=\"32\" src=\"https:\/\/o-seznam.cz\/wp-content\/uploads\/sites\/5\/2025\/03\/ikonka-dynamicky-retargeting.svg\" class=\"attachment-full size-full\" alt=\"\" \/><\/span>\n\t\t\t\t<strong>Dynamick\u00fd retargeting n\u00e1v\u0161t\u011bvn\u00edk\u016f Seznamu<\/strong>\n\t\t\t<\/summary>\n\t<div class=\"inner-blocks\">\n\n<p>Pokud vlastn\u00ed u\u017eivatelsk\u00e1 data nem\u00e1te, spolehn\u011bte se na ta na\u0161e. Jednodu\u0161e tak oslov\u00edte u\u017eivatele, kte\u0159\u00ed se o konkr\u00e9tn\u00ed produkty zaj\u00edmali na Seznamu nebo Zbo\u017e\u00ed.cz.<\/p>\n\n<\/div><\/details>\n\n\n\n<details class=\"expander is-style-default is-style-symbol is-style-symbol-icon\">\n\t<summary data-datalayer-name=\"\" data-datalayer-text=\"Kontextov\u00e9 c\u00edlen\u00ed\">\n\t\t\t\t\t<span><img loading=\"lazy\" decoding=\"async\" width=\"32\" height=\"32\" src=\"https:\/\/o-seznam.cz\/wp-content\/uploads\/sites\/5\/2025\/03\/ikonka-kontextove-cileni.svg\" class=\"attachment-full size-full\" alt=\"\" \/><\/span>\n\t\t\t\t<strong>Kontextov\u00e9 c\u00edlen\u00ed<\/strong>\n\t\t\t<\/summary>\n\t<div class=\"inner-blocks\">\n\n<p>Zlep\u0161ete sv\u00e9 kampan\u011b d\u00edky c\u00edlen\u00ed na kl\u00ed\u010dov\u00e1 slova, um\u00edst\u011bn\u00ed nebo t\u00e9mata. Va\u0161e reklama se pak bude zobrazovat v kontextu s obsahem konkr\u00e9tn\u00edch web\u016f.<\/p>\n\n<\/div><\/details>\n\n<\/div><\/div>\n\n<\/div>\n\n\n\n<div class=\"wp-block-group is-layout-constrained wp-block-group-is-layout-constrained\"><div class=\"mediaText is-position-right is-orientation-landscape\">\n\t\n\t<div class=\"mediaText__media\">\n\t\t<img loading=\"lazy\" decoding=\"async\" width=\"1500\" height=\"1000\" src=\"https:\/\/o-seznam.cz\/wp-content\/uploads\/sites\/5\/2025\/03\/pruvodce-svetem-cileni.gif\" class=\"\" alt=\"\" \/>\t<\/div>\n\n\t<div class=\"mediaText__content is-layout-flow\">\n\n<div class=\"wp-block-group is-layout-constrained wp-container-core-group-is-layout-beff7c7e wp-block-group-is-layout-constrained\">\n<h2 class=\"wp-block-seznam-heading-bullet\"><em class=\"bullet\">3<\/em>Uka\u017ete konkurenci z\u00e1da<\/h2>\n\n\n\n<p class=\"is-style-wrap-balance\">Ti nejlep\u0161\u00ed u\u017e vyu\u017e\u00edvaj\u00ed c\u00edlen\u00ed bez cookies t\u0159et\u00edch stran. Zjist\u011bte, jak z\u00edskat n\u00e1skok, a nechte sv\u00e9 reklamy vyd\u011bl\u00e1vat.<\/p>\n<\/div>\n\n\n\n<div class=\"wp-block-group is-nowrap is-layout-flex wp-container-core-group-is-layout-6c531013 wp-block-group-is-layout-flex\">\n<div class=\"wp-block-group is-layout-constrained wp-container-core-group-is-layout-b4765ca0 wp-block-group-is-layout-constrained\"><div class=\"wp-block-seznam-pdf-viewer\"><a class=\"pdf-viewer inline-block wp-element-button\" href=\"https:\/\/o-seznam.cz\/reklama\/wp-content\/uploads\/sites\/5\/2025\/03\/seznam-cileni-2025.pdf\" data-id=\"pdf_viewer_69edccc3c3f0f\">Uk\u00e1zat Pr\u016fvodce sv\u011btem c\u00edlen\u00ed<\/a>\n<div id=\"pdf_viewer_69edccc3c3f0f\" style=\"display:none\">\n\t\n<div class=\"dialog-preview\">\n\t<div class=\"dialog-preview__header\">\n\t\t<div class=\"dialog-preview__title\">\t\n\t\t\t<h6>Pr\u016fvodce sv\u011btem c\u00edlen\u00ed<\/h6>\n\t\t\t<p>Jak na kampan\u011b, kter\u00e9 vyd\u011bl\u00e1vaj\u00ed.<\/p>\n\t\t<\/div>\t\n\t\t\t\t\t<div class=\"dialog-preview__button\">\n\t\t\t\t<a class=\"wp-element-button inline-block\" href=\"https:\/\/o-seznam.cz\/reklama\/wp-content\/uploads\/sites\/5\/2025\/03\/seznam-cileni-2025.pdf\"  download=\"seznam-cileni-2025.pdf\">\n\t\t\t\t\tSt\u00e1hnout PDF\t\t\t\t<\/a>\n\t\t\t<\/div>\n\t\t\t\t<button class=\"dialog-preview__close\">\n\t\t\t<span class=\"sr-only\">Zav\u0159\u00edt\t\t<\/button>\n\t<\/div>\n\t<div class=\"dialog-preview__body\">\n\t\t<div class=\"pdf-canvas\" data-url=\"https:\/\/o-seznam.cz\/reklama\/wp-content\/uploads\/sites\/5\/2025\/03\/seznam-cileni-2025.pdf\"><\/div>\t<\/div>\n<\/div><\/div>\n\n\n<\/div>\n<\/div>\n<\/div>\n\n<\/div>\t\n<\/div>\n<\/div>\n<\/div>\n\n\t\n\t\n<\/div>\n","protected":false},"excerpt":{"rendered":"","protected":false},"author":2,"featured_media":0,"parent":0,"menu_order":0,"comment_status":"closed","ping_status":"closed","template":"page-no-head","meta":{"_acf_changed":false,"_relevanssi_hide_post":"","_relevanssi_hide_content":"","_relevanssi_pin_for_all":"","_relevanssi_pin_keywords":"","_relevanssi_unpin_keywords":"","_relevanssi_related_keywords":"","_relevanssi_related_include_ids":"","_relevanssi_related_exclude_ids":"","_relevanssi_related_no_append":"","_relevanssi_related_not_related":"","_relevanssi_related_posts":"","_relevanssi_noindex_reason":"","footnotes":""},"page_category":[],"page_tag":[],"class_list":["post-7194","page","type-page","status-publish","hentry"],"acf":[],"lang":"cs","translations":{"cs":7194},"pll_sync_post":[],"_links":{"self":[{"href":"https:\/\/o-seznam.cz\/reklama\/wp-json\/wp\/v2\/pages\/7194","targetHints":{"allow":["GET"]}}],"collection":[{"href":"https:\/\/o-seznam.cz\/reklama\/wp-json\/wp\/v2\/pages"}],"about":[{"href":"https:\/\/o-seznam.cz\/reklama\/wp-json\/wp\/v2\/types\/page"}],"author":[{"embeddable":true,"href":"https:\/\/o-seznam.cz\/reklama\/wp-json\/wp\/v2\/users\/2"}],"replies":[{"embeddable":true,"href":"https:\/\/o-seznam.cz\/reklama\/wp-json\/wp\/v2\/comments?post=7194"}],"version-history":[{"count":39,"href":"https:\/\/o-seznam.cz\/reklama\/wp-json\/wp\/v2\/pages\/7194\/revisions"}],"predecessor-version":[{"id":7518,"href":"https:\/\/o-seznam.cz\/reklama\/wp-json\/wp\/v2\/pages\/7194\/revisions\/7518"}],"wp:attachment":[{"href":"https:\/\/o-seznam.cz\/reklama\/wp-json\/wp\/v2\/media?parent=7194"}],"wp:term":[{"taxonomy":"page_category","embeddable":true,"href":"https:\/\/o-seznam.cz\/reklama\/wp-json\/wp\/v2\/page_category?post=7194"},{"taxonomy":"page_tag","embeddable":true,"href":"https:\/\/o-seznam.cz\/reklama\/wp-json\/wp\/v2\/page_tag?post=7194"}],"curies":[{"name":"wp","href":"https:\/\/api.w.org\/{rel}","templated":true}]}}