
{"id":5312,"date":"2024-06-29T08:30:03","date_gmt":"2024-06-29T06:30:03","guid":{"rendered":"https:\/\/o-seznam.cz\/reklama\/?page_id=5312"},"modified":"2024-12-06T16:50:06","modified_gmt":"2024-12-06T15:50:06","slug":"garant","status":"publish","type":"page","link":"https:\/\/o-seznam.cz\/reklama\/garant\/","title":{"rendered":"Seznam Garant"},"content":{"rendered":"\n<div class=\"wp-block-group alignwide is-layout-constrained wp-block-group-is-layout-constrained\"><div class=\"alignwide alignwide wp-block-seznam-hero\"><div class=\"cover is-hero is-hero-default has-mobile-image bg-neutral-40\"><img decoding=\"async\" width=\"1280\" height=\"476\" src=\"https:\/\/o-seznam.cz\/wp-content\/uploads\/sites\/5\/2024\/08\/seznam-garant.jpg\" class=\"cover__media cover__media--desktop\" alt=\"\" fetchpriority=\"high\" srcset=\"https:\/\/o-seznam.cz\/wp-content\/uploads\/sites\/5\/2024\/08\/seznam-garant.jpg 2557w, https:\/\/o-seznam.cz\/wp-content\/uploads\/sites\/5\/2024\/08\/seznam-garant-992x369.jpg 992w, https:\/\/o-seznam.cz\/wp-content\/uploads\/sites\/5\/2024\/08\/seznam-garant-1984x737.jpg 1984w, https:\/\/o-seznam.cz\/wp-content\/uploads\/sites\/5\/2024\/08\/seznam-garant-320x119.jpg 320w, https:\/\/o-seznam.cz\/wp-content\/uploads\/sites\/5\/2024\/08\/seznam-garant-768x285.jpg 768w, https:\/\/o-seznam.cz\/wp-content\/uploads\/sites\/5\/2024\/08\/seznam-garant-1536x571.jpg 1536w, https:\/\/o-seznam.cz\/wp-content\/uploads\/sites\/5\/2024\/08\/seznam-garant-2048x761.jpg 2048w\" sizes=\"(max-width: 1280px) 100vw, 1280px\" \/><img decoding=\"async\" width=\"608\" height=\"725\" src=\"https:\/\/o-seznam.cz\/wp-content\/uploads\/sites\/5\/2024\/08\/seznam-garant-mob.jpg\" class=\"cover__media cover__media--mobile\" alt=\"\" fetchpriority=\"high\" srcset=\"https:\/\/o-seznam.cz\/wp-content\/uploads\/sites\/5\/2024\/08\/seznam-garant-mob.jpg 1040w, https:\/\/o-seznam.cz\/wp-content\/uploads\/sites\/5\/2024\/08\/seznam-garant-mob-832x992.jpg 832w, https:\/\/o-seznam.cz\/wp-content\/uploads\/sites\/5\/2024\/08\/seznam-garant-mob-268x320.jpg 268w, https:\/\/o-seznam.cz\/wp-content\/uploads\/sites\/5\/2024\/08\/seznam-garant-mob-768x916.jpg 768w\" sizes=\"(max-width: 608px) 100vw, 608px\" \/><div class=\"cover__dim\" style=\"opacity:0.1\"><\/div><div class=\"cover__content is-layout-constrained\">\n\n<h1 class=\"wp-block-heading has-text-align-left\">Seznam Garant<\/h1>\n\n\n\n<div class=\"wp-block-group is-content-justification-left is-layout-constrained wp-container-core-group-is-layout-59d06cab wp-block-group-is-layout-constrained\">\n<p>Objevte mo\u017enosti garantovan\u00e9 reklamy na p\u00e1r kliknut\u00ed s reklamn\u00edm syst\u00e9mem Seznam Garant. Za p\u0159edem zn\u00e1mou cenu z\u00edsk\u00e1te zobrazen\u00ed ve zvolen\u00e9m \u010dase na konkr\u00e9tn\u00edm m\u00edst\u011b na webu.<\/p>\n\n\n\n<div class=\"wp-block-buttons is-layout-flex wp-block-buttons-is-layout-flex\" style=\"margin-top:var(--wp--preset--spacing--8)\">\n<div class=\"wp-block-button is-style-secondary-2\"><a class=\"wp-block-button__link has-text-align-center wp-element-button\" href=\"https:\/\/klient.seznam.cz\/registration\/sgarant?return_url=https%3A%2F%2Fwww.sklik.cz%2F%2Fsgarant%2Forders\" target=\"_blank\" rel=\"noreferrer noopener\">Chci Seznam Garant<\/a><\/div>\n<\/div>\n<\/div>\n\n<\/div><\/div><\/div>\n\n\n<\/div>\n\n\n\n<div class=\"wp-block-group is-layout-constrained wp-block-group-is-layout-constrained\">\n<div class=\"wp-block-columns pattern-columns-2-icons is-layout-flex wp-container-core-columns-is-layout-28f84493 wp-block-columns-is-layout-flex\">\n<div class=\"wp-block-column is-layout-flow wp-container-core-column-is-layout-16b3bfcb wp-block-column-is-layout-flow\"><figure class=\"aligncenter aligncenter wp-block-seznam-icon\"><img loading=\"lazy\" decoding=\"async\" width=\"64\" height=\"64\" src=\"https:\/\/o-seznam.cz\/wp-content\/uploads\/sites\/5\/2024\/08\/seznam-garantovany-nakup.svg\" class=\"attachment-full size-full\" alt=\"\" \/><\/figure>\n\n\n\n<p class=\"has-text-align-center is-style-wrap-balance\"><strong>Garantovan\u00fd n\u00e1kup zobrazen\u00ed<\/strong><\/p>\n\n\n\n<p class=\"has-text-align-center is-style-wrap-balance\">Va\u0161e reklama se vyd\u00e1 p\u0159esn\u011b tam, kde chcete b\u00fdt vid\u011bt. Za p\u0159edem zn\u00e1mou cenu kupujete ur\u010dit\u00fd po\u010det zobrazen\u00ed ve zvolen\u00e9m \u010dase na konkr\u00e9tn\u00edm m\u00edst\u011b na webu. Na rozd\u00edl od auk\u010dn\u00edho syst\u00e9mu m\u00e1te z\u00e1ruku, \u017ee se va\u0161e reklama za definovanou cenu zobraz\u00ed.<\/p>\n<\/div>\n\n\n\n<div class=\"wp-block-column is-layout-flow wp-container-core-column-is-layout-16b3bfcb wp-block-column-is-layout-flow\"><figure class=\"aligncenter aligncenter wp-block-seznam-icon\"><img loading=\"lazy\" decoding=\"async\" width=\"64\" height=\"64\" src=\"https:\/\/o-seznam.cz\/wp-content\/uploads\/sites\/5\/2024\/08\/seznam-premiove-weby.svg\" class=\"attachment-full size-full\" alt=\"\" \/><\/figure>\n\n\n\n<p class=\"has-text-align-center is-style-wrap-balance\"><strong>Bu\u010fte vid\u011bt na nej\u010dten\u011bj\u0161\u00edch webech Seznamu<\/strong><\/p>\n\n\n\n<p class=\"has-text-align-center is-style-wrap-balance\">Seznam Garant zobraz\u00ed va\u0161i reklamu na nejnav\u0161t\u011bvovan\u011bj\u0161\u00edch webech, jako jsou domovsk\u00e1 str\u00e1nka Seznam.cz, Novinky.cz, Seznam Zpr\u00e1vy, Super.cz, a dal\u0161\u00ed. Uk\u00e1\u017eete se tak u obsahu, kter\u00fd u\u017eivatele skute\u010dn\u011b zaj\u00edm\u00e1.<\/p>\n<\/div>\n<\/div>\n\n\n\n<div class=\"wp-block-columns pattern-columns-2-icons is-layout-flex wp-container-core-columns-is-layout-28f84493 wp-block-columns-is-layout-flex\">\n<div class=\"wp-block-column is-layout-flow wp-container-core-column-is-layout-16b3bfcb wp-block-column-is-layout-flow\"><figure class=\"aligncenter aligncenter wp-block-seznam-icon\"><img loading=\"lazy\" decoding=\"async\" width=\"64\" height=\"64\" src=\"https:\/\/o-seznam.cz\/wp-content\/uploads\/sites\/5\/2024\/08\/seznam-cileni.svg\" class=\"attachment-full size-full\" alt=\"\" \/><\/figure>\n\n\n\n<p class=\"has-text-align-center is-style-wrap-balance\"><strong>\u0160irok\u00e9 mo\u017enosti c\u00edlen\u00ed<\/strong><\/p>\n\n\n\n<p class=\"has-text-align-center is-style-wrap-balance\">Reklamu m\u016f\u017eete krom\u011b vybran\u00e9ho webu a plochy zac\u00edlit z\u00e1rove\u0148 behavior\u00e1ln\u011b podle z\u00e1jm\u016f, pohlav\u00ed a v\u011bku u\u017eivatel\u016f a tak\u00e9 region\u00e1ln\u011b podle kraje nebo okresu. Garantovan\u011b tak oslov\u00edte va\u0161i c\u00edlovou skupinu.<\/p>\n<\/div>\n\n\n\n<div class=\"wp-block-column is-layout-flow wp-container-core-column-is-layout-16b3bfcb wp-block-column-is-layout-flow\"><figure class=\"aligncenter aligncenter wp-block-seznam-icon\"><img loading=\"lazy\" decoding=\"async\" width=\"64\" height=\"64\" src=\"https:\/\/o-seznam.cz\/wp-content\/uploads\/sites\/5\/2024\/08\/seznam-volba-formatu.svg\" class=\"attachment-full size-full\" alt=\"\" \/><\/figure>\n\n\n\n<p class=\"has-text-align-center is-style-wrap-balance\"><strong>Zv\u00fd\u0161en\u00ed pov\u011bdom\u00ed o zna\u010dce<\/strong><\/p>\n\n\n\n<p class=\"has-text-align-center is-style-wrap-balance\">Podle zvolen\u00e9ho form\u00e1tu a zpracov\u00e1n\u00ed kreativy m\u016f\u017eete dos\u00e1hnout jak zv\u00fd\u0161en\u00ed n\u00e1v\u0161t\u011bvnosti, tak pov\u011bdom\u00ed o zna\u010dce. Na v\u00fdb\u011br m\u00e1te z mobiln\u00edch i desktopov\u00fdch form\u00e1t\u016f r\u016fzn\u00e9ho um\u00edst\u011bn\u00ed i velikosti. N\u011bkter\u00e9 podpo\u0159\u00ed va\u0161i zna\u010dku, jin\u00e9 prod\u00e1vaj\u00ed.<\/p>\n<\/div>\n<\/div>\n<\/div>\n\n\n\n<div class=\"wp-block-group is-layout-constrained wp-block-group-is-layout-constrained\">\n<div class=\"wp-block-buttons is-content-justification-center is-layout-flex wp-container-core-buttons-is-layout-a89b3969 wp-block-buttons-is-layout-flex\">\n<div class=\"wp-block-button\"><a class=\"wp-block-button__link has-text-align-center wp-element-button\" href=\"https:\/\/klient.seznam.cz\/registration\/sgarant?return_url=https%3A%2F%2Fwww.sklik.cz%2F%2Fsgarant%2Forders\" target=\"_blank\" rel=\"noreferrer noopener\">Chci Seznam Garant<\/a><\/div>\n<\/div>\n<\/div>\n\n\n\n<div class=\"wp-block-group is-layout-constrained wp-block-group-is-layout-constrained\">\n<h2 class=\"wp-block-heading has-text-align-center\" id=\"jak-to-bude-probihat\">Jak Seznam Garant funguje?<\/h2>\n\n\n\n<div class=\"wp-block-group is-layout-constrained wp-container-core-group-is-layout-a1458d1d wp-block-group-is-layout-constrained\"><div class=\"wp-block-seznam-timeline\">\n\t\n<div class=\"wp-block-seznam-timeline-item\">\n\t\n\n<p><strong>Zalo\u017een\u00ed \u00fa\u010dtu a registrace<\/strong><\/p>\n\n\n\n<p>Seznam Garant funguje na platform\u011b Sklik. M\u016f\u017eete se p\u0159ihl\u00e1sit sv\u00fdm st\u00e1vaj\u00edc\u00edm \u00fa\u010dtem nebo si zalo\u017eit nov\u00fd. Syst\u00e9mem v\u00e1s provedeme.<\/p>\n\n<\/div>\n\n\n<div class=\"wp-block-seznam-timeline-item\">\n\t\n\n<p><strong>Vytvo\u0159en\u00ed objedn\u00e1vky a vlo\u017een\u00ed reklamy <\/strong><\/p>\n\n\n\n<p>Jednodu\u0161e vytvo\u0159\u00edte objedn\u00e1vku a na p\u00e1r kliknut\u00ed vlo\u017e\u00edte reklamu, kterou m\u016f\u017eete kdykoliv za b\u011bhu objedn\u00e1vky vym\u011bnit. Zvl\u00e1dnete to sami, kdykoliv a odkudkoliv.&nbsp;<\/p>\n\n<\/div>\n\n\n<div class=\"wp-block-seznam-timeline-item\">\n\t\n\n<p><strong>Zaplacen\u00ed p\u0159es platebn\u00ed br\u00e1nu<\/strong><\/p>\n\n\n\n<p>Objedn\u00e1vku jednodu\u0161e zaplat\u00edte kartou p\u0159es platebn\u00ed br\u00e1nu p\u0159\u00edmo v syst\u00e9mu. O va\u0161\u00ed platb\u011b v\u00edme hned, co\u017e umo\u017e\u0148uje odstartovat va\u0161i reklamn\u00ed kampa\u0148 velmi brzy.&nbsp;<\/p>\n\n<\/div>\n\n\n<div class=\"wp-block-seznam-timeline-item\">\n\t\n\n<p><strong>Hotovo<\/strong><\/p>\n\n\n\n<p>Va\u0161e reklama se zobrazuje podle zadan\u00fdch krit\u00e9ri\u00ed. D\u00edky p\u0159ehledn\u00fdm statistik\u00e1m se kdykoliv&nbsp;m\u016f\u017eete pod\u00edvat, jak se va\u0161\u00ed reklamn\u00ed kampani vede.&nbsp;<br><\/p>\n\n<\/div>\n\n<\/div>\n<\/div>\n<\/div>\n\n\n\n<div class=\"wp-block-group is-layout-constrained wp-block-group-is-layout-constrained\">\n<div class=\"wp-block-buttons is-content-justification-center is-layout-flex wp-container-core-buttons-is-layout-a89b3969 wp-block-buttons-is-layout-flex\">\n<div class=\"wp-block-button\"><a class=\"wp-block-button__link has-text-align-center wp-element-button\" href=\"https:\/\/klient.seznam.cz\/registration\/sgarant?return_url=https%3A%2F%2Fwww.sklik.cz%2F%2Fsgarant%2Forders\" target=\"_blank\" rel=\"noreferrer noopener\">Chci Seznam Garant<\/a><\/div>\n<\/div>\n<\/div>\n\n\n\n<div class=\"wp-block-group is-layout-constrained wp-block-group-is-layout-constrained\">\n<h2 class=\"wp-block-heading\">Mohlo by v\u00e1s zaj\u00edmat<\/h2>\n\n\n\n<div class=\"wp-block-seznam-tiles has-columns-2\" style=\"--seznam-tiles--columns:2\"><div class=\"inner-blocks\"><div class=\"block-boxlink\"><a class=\"boxlink boxlink--icon-arrow px-f8 py-f4\" href=\"https:\/\/o-seznam.cz\/napoveda\/garant\/kontakt\/\"><div class=\"inner-blocks\">\n\n<p>M\u00e1te dotaz?<\/p>\n\n<\/div><\/a><\/div>\n\n<div class=\"block-boxlink\"><a class=\"boxlink boxlink--icon-arrow px-f8 py-f4\" href=\"https:\/\/o-seznam.cz\/napoveda\/garant\/\"><div class=\"inner-blocks\">\n\n<p>N\u00e1pov\u011bda pro Seznam Garant<\/p>\n\n<\/div><\/a><\/div><\/div><\/div>\n<\/div>\n","protected":false},"excerpt":{"rendered":"<p>Garantovan\u00fd n\u00e1kup zobrazen\u00ed Va\u0161e reklama se vyd\u00e1 p\u0159esn\u011b tam, kde chcete b\u00fdt vid\u011bt. Za p\u0159edem zn\u00e1mou cenu kupujete ur\u010dit\u00fd po\u010det zobrazen\u00ed ve zvolen\u00e9m \u010dase na konkr\u00e9tn\u00edm m\u00edst\u011b na webu. Na rozd\u00edl od auk\u010dn\u00edho syst\u00e9mu m\u00e1te z\u00e1ruku, \u017ee se va\u0161e reklama za definovanou cenu zobraz\u00ed. Bu\u010fte vid\u011bt na nej\u010dten\u011bj\u0161\u00edch webech Seznamu Seznam Garant zobraz\u00ed va\u0161i reklamu [&hellip;]<\/p>\n","protected":false},"author":2,"featured_media":0,"parent":0,"menu_order":0,"comment_status":"closed","ping_status":"closed","template":"page-no-head","meta":{"_acf_changed":false,"_relevanssi_hide_post":"","_relevanssi_hide_content":"","_relevanssi_pin_for_all":"","_relevanssi_pin_keywords":"","_relevanssi_unpin_keywords":"","_relevanssi_related_keywords":"","_relevanssi_related_include_ids":"","_relevanssi_related_exclude_ids":"","_relevanssi_related_no_append":"","_relevanssi_related_not_related":"","_relevanssi_related_posts":"","_relevanssi_noindex_reason":"","footnotes":""},"page_category":[],"page_tag":[],"class_list":["post-5312","page","type-page","status-publish","hentry"],"acf":[],"lang":"cs","translations":{"cs":5312},"pll_sync_post":[],"_links":{"self":[{"href":"https:\/\/o-seznam.cz\/reklama\/wp-json\/wp\/v2\/pages\/5312","targetHints":{"allow":["GET"]}}],"collection":[{"href":"https:\/\/o-seznam.cz\/reklama\/wp-json\/wp\/v2\/pages"}],"about":[{"href":"https:\/\/o-seznam.cz\/reklama\/wp-json\/wp\/v2\/types\/page"}],"author":[{"embeddable":true,"href":"https:\/\/o-seznam.cz\/reklama\/wp-json\/wp\/v2\/users\/2"}],"replies":[{"embeddable":true,"href":"https:\/\/o-seznam.cz\/reklama\/wp-json\/wp\/v2\/comments?post=5312"}],"version-history":[{"count":42,"href":"https:\/\/o-seznam.cz\/reklama\/wp-json\/wp\/v2\/pages\/5312\/revisions"}],"predecessor-version":[{"id":6442,"href":"https:\/\/o-seznam.cz\/reklama\/wp-json\/wp\/v2\/pages\/5312\/revisions\/6442"}],"wp:attachment":[{"href":"https:\/\/o-seznam.cz\/reklama\/wp-json\/wp\/v2\/media?parent=5312"}],"wp:term":[{"taxonomy":"page_category","embeddable":true,"href":"https:\/\/o-seznam.cz\/reklama\/wp-json\/wp\/v2\/page_category?post=5312"},{"taxonomy":"page_tag","embeddable":true,"href":"https:\/\/o-seznam.cz\/reklama\/wp-json\/wp\/v2\/page_tag?post=5312"}],"curies":[{"name":"wp","href":"https:\/\/api.w.org\/{rel}","templated":true}]}}