{"id":3661,"date":"2024-05-15T07:55:47","date_gmt":"2024-05-15T05:55:47","guid":{"rendered":"https:\/\/o-seznam.cz\/reklama\/?page_id=3661"},"modified":"2026-03-10T10:35:45","modified_gmt":"2026-03-10T09:35:45","slug":"podminky-sklik-certifikace","status":"publish","type":"page","link":"https:\/\/o-seznam.cz\/reklama\/certifikace\/podminky-sklik-certifikace\/","title":{"rendered":"Podm\u00ednky Sklik Certifikace"},"content":{"rendered":"\n<div class=\"wp-block-group is-content-justification-left is-layout-constrained wp-container-core-group-is-layout-0ed21503 wp-block-group-is-layout-constrained\">\n<p>Sklik Certifikace je nejvy\u0161\u0161\u00ed dosa\u017eiteln\u00fd stupe\u0148 spolupr\u00e1ce, kter\u00fd v\u00e1m p\u0159inese nejv\u00edce v\u00fdhod.<\/p>\n\n\n<nav class=\"menu-anchors\">\n<ul>\n\t<li><a href=\"#2025\">Podm\u00ednky Certifikace<\/a><\/li>\n<li><a href=\"#slovnicek\">Slovn\u00ed\u010dek pojm\u016f<\/a><\/li>\n<\/ul>\n\n<\/nav>\n<\/div>\n\n\n\n<div class=\"wp-block-group is-content-justification-left is-layout-constrained wp-container-core-group-is-layout-0ed21503 wp-block-group-is-layout-constrained\">\n<h2 class=\"wp-block-heading\" id=\"2025\">Podm\u00ednky Certifikace<\/h2>\n\n\n\n<p>Certifikaci z\u00edsk\u00e1v\u00e1 agentura \u010di freelancer (d\u00e1le jen \u201eSubjekt\u201c), kter\u00fd spln\u00ed v\u0161echny n\u00ed\u017ee uveden\u00e9 podm\u00ednky a aktivn\u011b vyu\u017e\u00edv\u00e1 pro sv\u00e9 klienty reklamn\u00ed syst\u00e9m Sklik, jeho\u017e provozovatelem je spole\u010dnost Seznam.cz, a.s., I\u010cO: 26168685.<\/p>\n<\/div>\n\n\n\n<div class=\"wp-block-group is-content-justification-left is-layout-constrained wp-container-core-group-is-layout-0ed21503 wp-block-group-is-layout-constrained\">\n<h4 class=\"wp-block-heading\">Kvantitativn\u00ed podm\u00ednky<\/h4>\n\n\n\n<ol class=\"wp-block-list\">\n<li>Certifikaci z\u00edsk\u00e1v\u00e1 Subjekt, kter\u00e9ho provozovatel slu\u017eby Sklik za\u0159adil za uplynul\u00fd kalend\u00e1\u0159n\u00ed rok mezi top 20 Subjekt\u016f z pohledu nejvy\u0161\u0161\u00edch obrat\u016f v reklamn\u00edm syst\u00e9mu Sklik za aktivn\u011b spravovan\u00e9 klienty Subjektu. Obratem se pro tyto \u00fa\u010dely rozum\u00ed sou\u010det obrat\u016f v \u010d\u00e1stk\u00e1ch bez DPH v reklamn\u00edm syst\u00e9mu Sklik za v\u0161echny aktivn\u011b spravovan\u00e9 klienty Subjektu za obdob\u00ed od 1. 1. do 31. 12. dan\u00e9ho kalend\u00e1\u0159n\u00edho roku, za kter\u00fd se v\u00fd\u0161e obrat\u016f hodnot\u00ed.\u00a0<\/li>\n\n\n\n<li>V p\u0159\u00edpad\u011b odm\u00edtnut\u00ed Certifikace Subjektem je Certifikace nab\u00eddnuta n\u00e1sleduj\u00edc\u00edmu Subjektu v po\u0159ad\u00ed.<\/li>\n\n\n\n<li>Certifikaci m\u016f\u017ee z\u00edskat pouze Subjekt spolupracuj\u00edc\u00ed v programu s provozovatelem slu\u017eby Sklik, kter\u00fd u\u017e d\u0159\u00edve dos\u00e1hl \u00farovn\u011b Certifikace nebo Ov\u011b\u0159en\u00ed.<\/li>\n\n\n\n<li>Certifikace je ud\u011blov\u00e1na na obdob\u00ed jednoho kalend\u00e1\u0159n\u00edho roku. Po jeho uplynut\u00ed doch\u00e1z\u00ed k opakovan\u00e9mu vyhodnocen\u00ed, kter\u00e9 potvrzuje znovuzvolen\u00e9 nebo ur\u010duje nov\u011b zvolen\u00e9 Subjekty za\u0159azen\u00e9 do partnerstv\u00ed Certifikace.<\/li>\n\n\n\n<li>Certifikovan\u00e9 Subjekty budou kontaktov\u00e1ny provozovatelem slu\u017eby Sklik a zve\u0159ejn\u011bny na webu <a href=\"https:\/\/o-seznam.cz\/reklama\/certifikace\/\" target=\"_blank\" rel=\"noreferrer noopener\">Certifikace a Ov\u011b\u0159en\u00ed<\/a> v\u017edy nejpozd\u011bji do 31. ledna na z\u00e1klad\u011b v\u00fdsledk\u016f za p\u0159edchoz\u00ed kalend\u00e1\u0159n\u00ed rok.<\/li>\n\n\n\n<li>Certifikovan\u00e9 Subjekty se automaticky \u00fa\u010dastn\u00ed ankety Agenturn\u00ed spolupr\u00e1ce roku po\u0159\u00e1dan\u00e9 provozovatelem slu\u017eby Sklik.<\/li>\n<\/ol>\n<\/div>\n\n\n\n<div class=\"wp-block-group is-content-justification-left is-layout-constrained wp-container-core-group-is-layout-0ed21503 wp-block-group-is-layout-constrained\">\n<h4 class=\"wp-block-heading\">Kvalitativn\u00ed podm\u00ednky<\/h4>\n\n\n\n<ol class=\"wp-block-list\">\n<li>Aby m\u011bl Subjekt transparentn\u00ed p\u0159\u00edstup ke sv\u00fdm klient\u016fm, mus\u00ed spl\u0148ovat n\u00ed\u017ee uveden\u00e9 body.\n<ul class=\"wp-block-list\">\n<li>Klienti pod spr\u00e1vou Subjektu maj\u00ed p\u0159\u00edstup (login a heslo) do sv\u00fdch Sklik \u00fa\u010dt\u016f.&nbsp;Aktivn\u00ed spr\u00e1vu klienta v\u0161ak prov\u00e1d\u00ed Subjekt.<\/li>\n\n\n\n<li>Subjekt prohla\u0161uje, \u017ee klientovi poskytuje pravdiv\u00e9 a \u00fapln\u00e9 (tj. v\u0161echny v \u00fa\u010dtu dostupn\u00e9) statistiky Sklik \u00fa\u010dtu, ze kter\u00e9ho jsou vedeny kampan\u011b ve prosp\u011bch webov\u00fdch str\u00e1nek klienta, a to bu\u010f pravideln\u011b nebo obratem na jeho \u017e\u00e1dost.<\/li>\n\n\n\n<li>Faktura\u010dn\u00ed \u00fadaje Sklik \u00fa\u010dtu jsou nastaven\u00e9 na I\u010cO klienta.<\/li>\n<\/ul>\n<\/li>\n\n\n\n<li>Subjekt se zavazuje m\u00edt p\u0159i\u0159azen\u00fd hlavn\u00ed spr\u00e1vcovsk\u00fd \u00fa\u010det (t\u00e9\u017e naz\u00fdvan\u00fd agenturn\u00ed \u00fa\u010det i MCC \u00fa\u010det) pouze do \u00fa\u010dt\u016f klient\u016f, kter\u00fdm spravuje jejich reklamn\u00ed kampan\u011b.<\/li>\n\n\n\n<li>Certifikovan\u00e9 Subjekty vzd\u011bl\u00e1vaj\u00ed sv\u00e9 spr\u00e1vce PPC kampan\u00ed.\n<ul class=\"wp-block-list\">\n<li>PPC specialist\u00e9 maj\u00ed mo\u017enost \u00fa\u010dastnit se \u0161kolen\u00ed a workshop\u016f po\u0159\u00e1dan\u00fdch provozovatelem slu\u017eeb Sklik, s t\u00edm, \u017ee se alespo\u0148 1 PPC specialista z dan\u00e9ho Subjektu mus\u00ed v obdob\u00ed, kdy je Subjekt v programu Sklik Certifikace, z\u00fa\u010dastnit minim\u00e1ln\u011b 1 \u0161kolen\u00ed nebo workshopu dle vlastn\u00edho v\u00fdb\u011bru.<\/li>\n\n\n\n<li>Kontaktn\u00ed osoby na stran\u011b Subjektu jsou povinny p\u0159ed\u00e1vat na sv\u00e9 PPC specialisty novinky a jin\u00e9 zpr\u00e1vy t\u00fdkaj\u00edc\u00ed se chodu Skliku, kter\u00e9 jsou jim provozovatelem slu\u017eby Sklik zas\u00edl\u00e1ny, a aktivn\u011b komunikuj\u00ed s kontaktn\u00ed osobou slu\u017eby Sklik.<\/li>\n<\/ul>\n<\/li>\n\n\n\n<li>Subjekt se zavazuje v pr\u016fb\u011bhu spolupr\u00e1ce akv\u00edrovat nov\u00e9 klienty, s t\u00edm, \u017ee ve\u0159ejn\u011b prezentuje, nap\u0159. na sv\u00e9m webu, kapacitu p\u0159ijmout nov\u00e9ho klienta pod svou aktivn\u00ed spr\u00e1vu.<\/li>\n<\/ol>\n<\/div>\n\n\n\n<div class=\"wp-block-group is-content-justification-left is-layout-constrained wp-container-core-group-is-layout-0ed21503 wp-block-group-is-layout-constrained\">\n<h4 class=\"wp-block-heading\">Pravidla pro clientlist<\/h4>\n\n\n\n<ol class=\"wp-block-list\">\n<li>Clientlist je tvo\u0159en automaticky 1. den v kalend\u00e1\u0159n\u00edm m\u011bs\u00edci v reklamn\u00edm syst\u00e9mu Sklik, a to podle p\u0159\u00edstup\u016f hlavn\u00edho spr\u00e1vcovsk\u00e9ho \u00fa\u010dtu Subjektu do \u00fa\u010dt\u016f klient\u016f v roli Spr\u00e1vce kampan\u00ed \u010di Administr\u00e1tora \u00fa\u010dtu. P\u0159\u00edstup Subjektu v roli Report\u00e9ra statistik neslou\u017e\u00ed pro vykazov\u00e1n\u00ed klient\u016f do clientlistu.<\/li>\n\n\n\n<li>Pokud existuje u klienta n\u011bkolik hlavn\u00edch spr\u00e1vcovsk\u00fdch \u00fa\u010dt\u016f Subjekt\u016f, p\u0159i\u0159azuje se klient do clientlistu Subjektu podle \u010dasov\u011b nejstar\u0161\u00edho p\u0159\u00edstupu.<\/li>\n\n\n\n<li>Hlavn\u00ed spr\u00e1vcovsk\u00fd \u00fa\u010det Subjektu nen\u00ed zapo\u010d\u00edt\u00e1n do sou\u010dtu obrat\u016f spravovan\u00fdch klient\u016f, slou\u017e\u00ed prim\u00e1rn\u011b k p\u0159ehledu spravovan\u00fdch klient\u016f Subjektu a vytvo\u0159en\u00ed clientlistu.<\/li>\n\n\n\n<li>Subjekt m\u00e1 sv\u00fdm hlavn\u00edm \u00fa\u010dtem v roli Spr\u00e1vce kampan\u00ed \u010di Administr\u00e1tora \u00fa\u010dtu nastaven\u00fd p\u0159\u00edstup pouze do \u00fa\u010dt\u016f klient\u016f, kter\u00e9 aktivn\u011b spravuje.<\/li>\n\n\n\n<li>Provozovatel slu\u017eby Sklik si vyhrazuje pr\u00e1vo vy\u0159adit z client listu Subjektu klienta, kter\u00e9ho Subjekt aktivn\u011b nespravuje.<\/li>\n\n\n\n<li>V p\u0159\u00edpad\u011b vzniku nov\u00e9ho hlavn\u00edho spr\u00e1vcovsk\u00e9ho \u00fa\u010dtu Subjektu vznik\u00e1 oznamovac\u00ed povinnost poskytnut\u00ed t\u00e9to informace sv\u00e9 kontaktn\u00ed osob\u011b slu\u017eby Sklik nebo jin\u00e9 kontaktn\u00ed osob\u011b provozovatele slu\u017eby Sklik, a to nejpozd\u011bji do 8 dn\u016f od vzniku tohoto nov\u00e9ho hlavn\u00edho spr\u00e1vcovsk\u00e9ho \u00fa\u010dtu Subjektu.<\/li>\n<\/ol>\n<\/div>\n\n\n\n<div class=\"wp-block-group is-content-justification-left is-layout-constrained wp-container-core-group-is-layout-0ed21503 wp-block-group-is-layout-constrained\">\n<h4 class=\"wp-block-heading\">Ostatn\u00ed<\/h4>\n\n\n\n<p>Provozovatel slu\u017eby Sklik si vyhrazuje pr\u00e1vo na okam\u017eit\u00e9 odebr\u00e1n\u00ed certifik\u00e1tu Subjektu, a to v n\u00e1sleduj\u00edc\u00edch p\u0159\u00edpadech:<\/p>\n\n\n\n<ul class=\"wp-block-list\">\n<li>Subjekt je netransparentn\u00ed v\u016f\u010di klientovi, tzn. \u017ee nespl\u0148uje Kvalitativn\u00ed podm\u00ednky uveden\u00e9 v\u00fd\u0161e.<\/li>\n\n\n\n<li>Subjekt opakovan\u011b odm\u00edtl kontakt s kontaktn\u00ed osobou Sklik nebo kontaktn\u00ed osobou provozovatele slu\u017eby Sklik. <\/li>\n\n\n\n<li>Nepln\u011bn\u00ed v\u00fd\u0161e uveden\u00fdch Kvalitativn\u00edch nebo Kvantitativn\u00edch podm\u00ednek ze strany Subjektu.<\/li>\n\n\n\n<li>Opakovan\u00e9 nedodr\u017een\u00ed domluven\u00fdch postup\u016f Subjektu s klienty.&nbsp;<\/li>\n\n\n\n<li>Po\u0161kozov\u00e1n\u00ed obchodn\u00edch z\u00e1jm\u016f provozovatele slu\u017eby Sklik.<\/li>\n\n\n\n<li>Po\u0161kozov\u00e1n\u00ed dobr\u00e9ho jm\u00e9na provozovatele slu\u017eby Sklik.<\/li>\n<\/ul>\n<\/div>\n\n\n\n<div class=\"wp-block-group is-content-justification-left is-layout-constrained wp-container-core-group-is-layout-0ed21503 wp-block-group-is-layout-constrained\">\n<h4 class=\"wp-block-heading\">Certifikac\u00ed Subjekt z\u00edsk\u00e1:<\/h4>\n\n\n\n<ul class=\"wp-block-list\">\n<li>Webov\u00fd certifik\u00e1t od provozovatele slu\u017eby Sklik prokazuj\u00edc\u00ed schopnosti Subjektu.<\/li>\n\n\n\n<li>Odborn\u00edka a kontaktn\u00ed osobu provozovatele slu\u017eby Sklik, kter\u00fd je k dispozici Subjektu pro konzultace a rozvojov\u00e9 tipy t\u00fdkaj\u00edc\u00ed se Sklik reklamn\u00edch kampan\u00ed klienta.<\/li>\n\n\n\n<li>Pravideln\u00e1 \u0161kolen\u00ed syst\u00e9mu Sklik a jeho novinek realizovan\u00e1 provozovatelem slu\u017eby Sklik.&nbsp;<\/li>\n\n\n\n<li>Nadstandardn\u00ed data a reporty pro sv\u00e9 klienty Subjektu.<\/li>\n<\/ul>\n<\/div>\n\n\n\n<div class=\"wp-block-group is-layout-constrained wp-block-group-is-layout-constrained\">\n<h2 class=\"wp-block-heading\" id=\"slovnicek\">Slovn\u00ed\u010dek pojm\u016f<\/h2>\n\n\n\n<div class=\"accordion\">\n\t<div class=\"accordion__items\">\n\n<details class=\"expander is-style-box\">\n\t<summary data-datalayer-name=\"\" data-datalayer-text=\"Certifikace\">\n\t\t\t\t<strong>Certifikace<\/strong>\n\t\t\t<\/summary>\n\t<div class=\"inner-blocks\">\n\n<p>Ocen\u011bn\u00ed, kter\u00e9 mohou obdr\u017eet subjekty, kter\u00e9 spln\u00ed jasn\u011b definovan\u00e9 podm\u00ednky. Jedn\u00e1 se o nejvy\u0161\u0161\u00ed \u00farove\u0148 spolupr\u00e1ce.<\/p>\n\n<\/div><\/details>\n\n\n\n<details class=\"expander is-style-box\">\n\t<summary data-datalayer-name=\"\" data-datalayer-text=\"Ov\u011b\u0159en\u00ed\">\n\t\t\t\t<strong>Ov\u011b\u0159en\u00ed<\/strong>\n\t\t\t<\/summary>\n\t<div class=\"inner-blocks\">\n\n<p>Ocen\u011bn\u00ed, kter\u00e9 mohou obdr\u017eet subjekty, kter\u00e9 spln\u00ed jasn\u011b definovan\u00e9 podm\u00ednky. Jedn\u00e1 se o ni\u017e\u0161\u00ed stupe\u0148 spolupr\u00e1ce.<\/p>\n\n<\/div><\/details>\n\n\n\n<details class=\"expander is-style-box\">\n\t<summary data-datalayer-name=\"\" data-datalayer-text=\"Klient\">\n\t\t\t\t<strong>Klient<\/strong>\n\t\t\t<\/summary>\n\t<div class=\"inner-blocks\">\n\n<p>Subjekt, kter\u00fd je majitelem reklamn\u00edho \u00fa\u010dtu a nakupuje reklamu u spole\u010dnosti Seznam.cz, a.s.<\/p>\n\n<\/div><\/details>\n\n\n\n<details class=\"expander is-style-box\">\n\t<summary data-datalayer-name=\"\" data-datalayer-text=\"Agenturn\u00ed \u00fa\u010det, MCC \u00fa\u010det, Hlavn\u00ed spr\u00e1vcovsk\u00fd \u00fa\u010det Subjektu\">\n\t\t\t\t<strong>Agenturn\u00ed \u00fa\u010det, MCC \u00fa\u010det, Hlavn\u00ed spr\u00e1vcovsk\u00fd \u00fa\u010det Subjektu<\/strong>\n\t\t\t<\/summary>\n\t<div class=\"inner-blocks\">\n\n<p>Sklikov\u00fd \u00fa\u010det, kter\u00fd je ve vlastnictv\u00ed agentury, freelancera. Pomoc\u00ed tohoto \u00fa\u010dtu m\u016f\u017ee agentura, freelancer spravovat kampan\u011b v p\u0159ipojen\u00fdch \u00fa\u010dtech sv\u00fdch klient\u016f.<\/p>\n\n<\/div><\/details>\n\n\n\n<details class=\"expander is-style-box\">\n\t<summary data-datalayer-name=\"\" data-datalayer-text=\"Sklik \u00fa\u010det klienta\">\n\t\t\t\t<strong>Sklik \u00fa\u010det klienta<\/strong>\n\t\t\t<\/summary>\n\t<div class=\"inner-blocks\">\n\n<p>Sklikov\u00fd \u00fa\u010det, kter\u00fd je ve vlastnictv\u00ed klienta. Do tohoto \u00fa\u010dtu klient p\u0159i\u0159azuje p\u0159\u00edstupov\u00e1 pr\u00e1va na 3 \u00farovn\u00edch (administr\u00e1tor, spr\u00e1vce, report\u00e9r statistik), aby mohla agentura \u010di freelancer pracovat s reklamn\u00edmi kampan\u011bmi klienta.<\/p>\n\n<\/div><\/details>\n\n\n\n<details class=\"expander is-style-box\">\n\t<summary data-datalayer-name=\"\" data-datalayer-text=\"Administr\u00e1tor \u00fa\u010dtu\">\n\t\t\t\t<strong>Administr\u00e1tor \u00fa\u010dtu<\/strong>\n\t\t\t<\/summary>\n\t<div class=\"inner-blocks\">\n\n<p>Nejvy\u0161\u0161\u00ed \u00farove\u0148 p\u0159\u00edstupov\u00fdch pr\u00e1v. U\u017eivatel m\u016f\u017ee do \u00fa\u010dtu nahl\u00ed\u017eet a vytv\u00e1\u0159et, upravovat kampan\u011b, statistick\u00e9 reporty i nastaven\u00ed \u00fa\u010dtu. M\u016f\u017ee propojit \u00fa\u010det Skliku s \u00fa\u010dtem Zbo\u017e\u00ed. V p\u0159\u00edpad\u011b, \u017ee se napojovan\u00fd \u00fa\u010det Zbo\u017e\u00ed nach\u00e1z\u00ed na jin\u00e9m \u00fa\u010dtu ne\u017e Sklik, je t\u0159eba zadat k \u00fa\u010dtu Zbo\u017e\u00ed p\u0159ihla\u0161ovac\u00ed jm\u00e9no a heslo. Oproti Spr\u00e1vci kampan\u00ed m\u016f\u017ee spravovat p\u0159\u00edstupy jin\u00fdch u\u017eivatel\u016f do dan\u00e9ho \u00fa\u010dtu. M\u016f\u017ee prov\u00e9st propojen\u00ed provozoven.<\/p>\n\n<\/div><\/details>\n\n\n\n<details class=\"expander is-style-box\">\n\t<summary data-datalayer-name=\"\" data-datalayer-text=\"Spr\u00e1vce kampan\u00ed\">\n\t\t\t\t<strong>Spr\u00e1vce kampan\u00ed<\/strong>\n\t\t\t<\/summary>\n\t<div class=\"inner-blocks\">\n\n<p>U\u017eivatel m\u00e1 mo\u017enost do \u00fa\u010dtu nahl\u00ed\u017eet a pln\u011b vyu\u017e\u00edvat inzerentsk\u00e9 rozhran\u00ed pro vytv\u00e1\u0159en\u00ed a nastavov\u00e1n\u00ed kampan\u00ed.<\/p>\n\n<\/div><\/details>\n\n\n\n<details class=\"expander is-style-box\">\n\t<summary data-datalayer-name=\"\" data-datalayer-text=\"Report\u00e9r statistik\">\n\t\t\t\t<strong>Report\u00e9r statistik<\/strong>\n\t\t\t<\/summary>\n\t<div class=\"inner-blocks\">\n\n<p>U\u017eivatel m\u016f\u017ee do \u00fa\u010dtu pouze nahl\u00ed\u017eet, syst\u00e9m mu tak nedovol\u00ed vytv\u00e1\u0159et kampan\u011b a prov\u00e1d\u011bt jak\u00e9koliv \u00fapravy v jejich nastaven\u00ed. Vytv\u00e1\u0159et a upravovat m\u016f\u017ee pouze statistick\u00e9 reporty.<\/p>\n\n<\/div><\/details>\n\n\n\n<details class=\"expander is-style-box\">\n\t<summary data-datalayer-name=\"\" data-datalayer-text=\"Aktivn\u00ed spr\u00e1va\">\n\t\t\t\t<strong>Aktivn\u00ed spr\u00e1va<\/strong>\n\t\t\t<\/summary>\n\t<div class=\"inner-blocks\">\n\n<p>Systematick\u00e1 a pravideln\u00e1 optimalizace reklamn\u00edho \u00fa\u010dtu klienta Subjektem s c\u00edlem efektivn\u011b posouvat reklamn\u00ed kampan\u011b prost\u0159ednictv\u00edm slu\u017eby Sklik k dosa\u017een\u00ed obchodn\u00edch c\u00edl\u016f klienta. Provozovatel slu\u017eby Sklik si vyhrazuje pr\u00e1vo intern\u011b posoudit, zda spr\u00e1va \u00fa\u010dtu klienta Subjektem napl\u0148uje parametry aktivn\u00ed pr\u00e1ce s \u00fa\u010dtem. Subjekt k aktivn\u00ed spr\u00e1v\u011b vyu\u017e\u00edv\u00e1 sv\u016fj vlastn\u00ed \u00fa\u010det nebo \u00fa\u010dty jednotliv\u00fdch specialist\u016f Subjektu, nikoli \u00fa\u010det klienta.<\/p>\n\n<\/div><\/details>\n\n<\/div><\/div>\n\n<\/div>\n","protected":false},"excerpt":{"rendered":"<p>Sklik Certifikace je nejvy\u0161\u0161\u00ed dosa\u017eiteln\u00fd stupe\u0148 spolupr\u00e1ce, kter\u00fd v\u00e1m p\u0159inese nejv\u00edce v\u00fdhod. Podm\u00ednky Certifikace Certifikaci z\u00edsk\u00e1v\u00e1 agentura \u010di freelancer (d\u00e1le jen \u201eSubjekt\u201c), kter\u00fd spln\u00ed v\u0161echny n\u00ed\u017ee uveden\u00e9 podm\u00ednky a aktivn\u011b vyu\u017e\u00edv\u00e1 pro sv\u00e9 klienty reklamn\u00ed syst\u00e9m Sklik, jeho\u017e provozovatelem je spole\u010dnost Seznam.cz, a.s., I\u010cO: 26168685. Kvantitativn\u00ed podm\u00ednky Kvalitativn\u00ed podm\u00ednky Pravidla pro clientlist Ostatn\u00ed Provozovatel slu\u017eby [&hellip;]<\/p>\n","protected":false},"author":2,"featured_media":0,"parent":642,"menu_order":0,"comment_status":"closed","ping_status":"closed","template":"","meta":{"_acf_changed":false,"_relevanssi_hide_post":"","_relevanssi_hide_content":"","_relevanssi_pin_for_all":"","_relevanssi_pin_keywords":"","_relevanssi_unpin_keywords":"","_relevanssi_related_keywords":"","_relevanssi_related_include_ids":"","_relevanssi_related_exclude_ids":"","_relevanssi_related_no_append":"","_relevanssi_related_not_related":"","_relevanssi_related_posts":"","_relevanssi_noindex_reason":"","footnotes":""},"page_category":[],"page_tag":[],"class_list":["post-3661","page","type-page","status-publish","hentry"],"acf":[],"lang":"cs","translations":{"cs":3661},"pll_sync_post":[],"_links":{"self":[{"href":"https:\/\/o-seznam.cz\/reklama\/wp-json\/wp\/v2\/pages\/3661","targetHints":{"allow":["GET"]}}],"collection":[{"href":"https:\/\/o-seznam.cz\/reklama\/wp-json\/wp\/v2\/pages"}],"about":[{"href":"https:\/\/o-seznam.cz\/reklama\/wp-json\/wp\/v2\/types\/page"}],"author":[{"embeddable":true,"href":"https:\/\/o-seznam.cz\/reklama\/wp-json\/wp\/v2\/users\/2"}],"replies":[{"embeddable":true,"href":"https:\/\/o-seznam.cz\/reklama\/wp-json\/wp\/v2\/comments?post=3661"}],"version-history":[{"count":52,"href":"https:\/\/o-seznam.cz\/reklama\/wp-json\/wp\/v2\/pages\/3661\/revisions"}],"predecessor-version":[{"id":11405,"href":"https:\/\/o-seznam.cz\/reklama\/wp-json\/wp\/v2\/pages\/3661\/revisions\/11405"}],"up":[{"embeddable":true,"href":"https:\/\/o-seznam.cz\/reklama\/wp-json\/wp\/v2\/pages\/642"}],"wp:attachment":[{"href":"https:\/\/o-seznam.cz\/reklama\/wp-json\/wp\/v2\/media?parent=3661"}],"wp:term":[{"taxonomy":"page_category","embeddable":true,"href":"https:\/\/o-seznam.cz\/reklama\/wp-json\/wp\/v2\/page_category?post=3661"},{"taxonomy":"page_tag","embeddable":true,"href":"https:\/\/o-seznam.cz\/reklama\/wp-json\/wp\/v2\/page_tag?post=3661"}],"curies":[{"name":"wp","href":"https:\/\/api.w.org\/{rel}","templated":true}]}}