
{"id":35,"date":"2024-02-21T14:20:27","date_gmt":"2024-02-21T13:20:27","guid":{"rendered":"https:\/\/o-seznam.cz\/reklama\/?page_id=35"},"modified":"2024-05-19T20:59:53","modified_gmt":"2024-05-19T18:59:53","slug":"cmp","status":"publish","type":"page","link":"https:\/\/o-seznam.cz\/reklama\/cookieless\/partner\/cmp\/","title":{"rendered":"Consent Management Platform"},"content":{"rendered":"\n<div class=\"wp-block-group is-layout-constrained wp-block-group-is-layout-constrained\">\n<p>Pro sb\u011br a pos\u00edl\u00e1n\u00ed dat, monetizaci a personalizaci obsahu mus\u00edte m\u00edt n\u00e1le\u017eit\u00fd souhlas od u\u017eivatele. Consent Management Platform (CMP) slou\u017e\u00ed ke sb\u011bru souhlas\u016f na webech vydavatel\u016f a mus\u00ed obsahovat v\u0161echny n\u00e1le\u017eitosti podle GDPR a IAB standardu. <\/p>\n\n\n\n<p>Seznam nab\u00edz\u00ed vlastn\u00ed CMP, ale vyu\u017e\u00edt m\u016f\u017eete i jin\u00e9 CMP. D\u016fle\u017eit\u00e9 je, abychom do reklamn\u00edho requestu dostali informaci o souhlasu ve form\u011b TC stringu, ve kter\u00e9m jsou za\u0161ifrovan\u00e9 \u00fa\u010dely zpracov\u00e1n\u00ed dat, se kter\u00fdmi u\u017eivatel souhlasil, nebo nesouhlasil.<\/p>\n\n\n\n<p class=\"is-style-link-external\"><a href=\"https:\/\/partner.seznam.cz\/cmp\/\" target=\"_blank\" rel=\"noreferrer noopener\">V\u00edce o Consent Management Platform<\/a><\/p>\n<\/div>\n","protected":false},"excerpt":{"rendered":"<p>Pro sb\u011br a pos\u00edl\u00e1n\u00ed dat, monetizaci a personalizaci obsahu mus\u00edte m\u00edt n\u00e1le\u017eit\u00fd souhlas od u\u017eivatele. Consent Management Platform (CMP) slou\u017e\u00ed ke sb\u011bru souhlas\u016f na webech vydavatel\u016f a mus\u00ed obsahovat v\u0161echny n\u00e1le\u017eitosti podle GDPR a IAB standardu. Seznam nab\u00edz\u00ed vlastn\u00ed CMP, ale vyu\u017e\u00edt m\u016f\u017eete i jin\u00e9 CMP. D\u016fle\u017eit\u00e9 je, abychom do reklamn\u00edho requestu dostali informaci o [&hellip;]<\/p>\n","protected":false},"author":2,"featured_media":0,"parent":21,"menu_order":3,"comment_status":"closed","ping_status":"closed","template":"page-sidemenu","meta":{"_acf_changed":false,"_relevanssi_hide_post":"","_relevanssi_hide_content":"","_relevanssi_pin_for_all":"","_relevanssi_pin_keywords":"","_relevanssi_unpin_keywords":"","_relevanssi_related_keywords":"","_relevanssi_related_include_ids":"","_relevanssi_related_exclude_ids":"","_relevanssi_related_no_append":"","_relevanssi_related_not_related":"","_relevanssi_related_posts":"","_relevanssi_noindex_reason":"","footnotes":""},"page_category":[3],"page_tag":[],"class_list":["post-35","page","type-page","status-publish","hentry"],"acf":[],"lang":"cs","translations":{"cs":35},"pll_sync_post":[],"_links":{"self":[{"href":"https:\/\/o-seznam.cz\/reklama\/wp-json\/wp\/v2\/pages\/35","targetHints":{"allow":["GET"]}}],"collection":[{"href":"https:\/\/o-seznam.cz\/reklama\/wp-json\/wp\/v2\/pages"}],"about":[{"href":"https:\/\/o-seznam.cz\/reklama\/wp-json\/wp\/v2\/types\/page"}],"author":[{"embeddable":true,"href":"https:\/\/o-seznam.cz\/reklama\/wp-json\/wp\/v2\/users\/2"}],"replies":[{"embeddable":true,"href":"https:\/\/o-seznam.cz\/reklama\/wp-json\/wp\/v2\/comments?post=35"}],"version-history":[{"count":9,"href":"https:\/\/o-seznam.cz\/reklama\/wp-json\/wp\/v2\/pages\/35\/revisions"}],"predecessor-version":[{"id":4567,"href":"https:\/\/o-seznam.cz\/reklama\/wp-json\/wp\/v2\/pages\/35\/revisions\/4567"}],"up":[{"embeddable":true,"href":"https:\/\/o-seznam.cz\/reklama\/wp-json\/wp\/v2\/pages\/21"}],"wp:attachment":[{"href":"https:\/\/o-seznam.cz\/reklama\/wp-json\/wp\/v2\/media?parent=35"}],"wp:term":[{"taxonomy":"page_category","embeddable":true,"href":"https:\/\/o-seznam.cz\/reklama\/wp-json\/wp\/v2\/page_category?post=35"},{"taxonomy":"page_tag","embeddable":true,"href":"https:\/\/o-seznam.cz\/reklama\/wp-json\/wp\/v2\/page_tag?post=35"}],"curies":[{"name":"wp","href":"https:\/\/api.w.org\/{rel}","templated":true}]}}