
{"id":31,"date":"2024-02-21T14:18:48","date_gmt":"2024-02-21T13:18:48","guid":{"rendered":"https:\/\/o-seznam.cz\/reklama\/?page_id=31"},"modified":"2025-05-05T13:56:54","modified_gmt":"2025-05-05T11:56:54","slug":"prihlaseni-pres-seznam","status":"publish","type":"page","link":"https:\/\/o-seznam.cz\/reklama\/cookieless\/partner\/prihlaseni-pres-seznam\/","title":{"rendered":"P\u0159ihl\u00e1\u0161en\u00ed p\u0159es Seznam"},"content":{"rendered":"\n<div class=\"wp-block-group is-layout-constrained wp-block-group-is-layout-constrained\">\n<p class=\"is-style-link-external\">Seznam u\u017e del\u0161\u00ed dobu nab\u00edz\u00ed tla\u010d\u00edtko <a href=\"https:\/\/partner.seznam.cz\/prihlaseni-pres-seznam\/\" target=\"_blank\" rel=\"noreferrer noopener\">P\u0159ihl\u00e1\u0161en\u00ed p\u0159es Seznam<\/a>, kter\u00e9 u\u017eivatel\u016fm zjednodu\u0161\u00ed p\u0159ihla\u0161ov\u00e1n\u00ed na va\u0161em webu. Jedn\u00e1 se o p\u0159ihl\u00e1\u0161en\u00ed, kter\u00e9 je rychl\u00e9, jednoduch\u00e9 a zcela bezpe\u010dn\u00e9. Slou\u017e\u00ed prim\u00e1rn\u011b pro identifikaci u\u017eivatele, od kter\u00e9ho nez\u00edsk\u00e1v\u00e1 \u017e\u00e1dn\u00e9 dal\u0161\u00ed \u00fadaje.<\/p>\n\n\n\n<p>Ve\u0161ker\u00e1 komunikace se Seznamem je nav\u00edc zabezpe\u010dena d\u00edky \u0161ifrov\u00e1n\u00ed. Implementac\u00ed p\u0159ihla\u0161ovac\u00edho tla\u010d\u00edtka lidem umo\u017en\u00edte, aby se na va\u0161em webu mohli p\u0159ihla\u0161ovat pomoc\u00ed sv\u00e9ho e-mailov\u00e9ho \u00fa\u010dtu \u2013 nejen od Seznamu, ale i od jin\u00fdch poskytovatel\u016f. <\/p>\n\n\n<div class=\"align wp-block-seznam-stream\"><div class=\"streamAdvanced \">\n\t<button data-stream-video-advanced=\"65266604\">\n\t\t<img loading=\"lazy\" decoding=\"async\" width=\"1280\" height=\"720\" src=\"https:\/\/o-seznam.cz\/wp-content\/uploads\/sites\/5\/2025\/04\/lp-nahled-video-inzerent-1920x1080-1-1280x720.jpg\" class=\"attachment-ipq-1280x720-true size-ipq-1280x720-true\" alt=\"\" srcset=\"https:\/\/o-seznam.cz\/wp-content\/uploads\/sites\/5\/2025\/04\/lp-nahled-video-inzerent-1920x1080-1-1280x720.jpg 1280w, https:\/\/o-seznam.cz\/wp-content\/uploads\/sites\/5\/2025\/04\/lp-nahled-video-inzerent-1920x1080-1-992x558.jpg 992w, https:\/\/o-seznam.cz\/wp-content\/uploads\/sites\/5\/2025\/04\/lp-nahled-video-inzerent-1920x1080-1-320x180.jpg 320w, https:\/\/o-seznam.cz\/wp-content\/uploads\/sites\/5\/2025\/04\/lp-nahled-video-inzerent-1920x1080-1-768x432.jpg 768w, https:\/\/o-seznam.cz\/wp-content\/uploads\/sites\/5\/2025\/04\/lp-nahled-video-inzerent-1920x1080-1-1536x864.jpg 1536w, https:\/\/o-seznam.cz\/wp-content\/uploads\/sites\/5\/2025\/04\/lp-nahled-video-inzerent-1920x1080-1.jpg 1920w\" sizes=\"auto, (max-width: 1280px) 100vw, 1280px\" \/>\t\t<div class=\"streamAdvanced__button\">\n\t\t\t<div>\n\t\t\t\tS \u010d\u00edm v\u00e1m pom\u016f\u017ee P\u0159ihl\u00e1\u0161en\u00ed p\u0159es Seznam\t\t\t\t\t\t\t<\/div>\n\t\t<\/div>\n\t<\/button>\n<\/div>\n<\/div><\/div>\n\n\n\n<div class=\"wp-block-group is-layout-constrained wp-block-group-is-layout-constrained\">\n<h2 class=\"wp-block-heading\">Samotn\u00e9 tla\u010d\u00edtko nesta\u010d\u00ed, lid\u00e9 se mus\u00ed p\u0159ihl\u00e1sit<\/h2>\n\n\n\n<p>Na v\u00e1s je, jak budete \u010dten\u00e1\u0159e k vyu\u017eit\u00ed P\u0159ihl\u00e1\u0161en\u00ed p\u0159es Seznam motivovat. M\u016f\u017eete jim nap\u0159\u00edklad nab\u00eddnout zp\u0159\u00edstupn\u011bn\u00ed ve\u0161ker\u00e9ho obsahu nebo jeho \u010d\u00e1st\u00ed a\u017e po p\u0159ihl\u00e1\u0161en\u00ed nebo jim p\u0159edstavit speci\u00e1ln\u00ed funkce webu, kter\u00e9 mohou vyu\u017e\u00edvat pouze p\u0159ihl\u00e1\u0161en\u00ed u\u017eivatel\u00e9. Konzumaci obsahu jim zp\u0159\u00edjemn\u00edte nap\u0159\u00edklad:<\/p>\n\n\n\n<ul class=\"wp-block-list\">\n<li>Personalizovan\u00fdm obsahem na m\u00edru<\/li>\n\n\n\n<li>Funkc\u00ed pro ukl\u00e1d\u00e1n\u00ed roze\u010dten\u00fdch \u010dl\u00e1nk\u016f na pozd\u011bji<\/li>\n\n\n\n<li>Mo\u017enost\u00ed p\u0159id\u00e1vat koment\u00e1\u0159e ke \u010dl\u00e1nk\u016fm<\/li>\n<\/ul>\n\n\n\n<p class=\"is-style-link-external\">S motivac\u00ed u\u017eivatel\u016f v\u00e1m m\u016f\u017ee pomoci i n\u00e1\u0161 diskuzn\u00ed modul <a href=\"https:\/\/partner.seznam.cz\/seznam-diskuze\/\" target=\"_blank\" rel=\"noreferrer noopener\">Seznam Diskuze<\/a>. Partne\u0159i, kte\u0159\u00ed pro sv\u016fj web vyu\u017e\u00edvaj\u00ed WordPress, mohou pro usnadn\u011bn\u00ed implementace vyu\u017e\u00edt n\u00e1\u0161 <a href=\"https:\/\/partner.seznam.cz\/seznam-nastroje-wp\/\" target=\"_blank\" rel=\"noreferrer noopener\">plugin<\/a>.<\/p>\n<\/div>\n","protected":false},"excerpt":{"rendered":"<p>Seznam u\u017e del\u0161\u00ed dobu nab\u00edz\u00ed tla\u010d\u00edtko P\u0159ihl\u00e1\u0161en\u00ed p\u0159es Seznam, kter\u00e9 u\u017eivatel\u016fm zjednodu\u0161\u00ed p\u0159ihla\u0161ov\u00e1n\u00ed na va\u0161em webu. Jedn\u00e1 se o p\u0159ihl\u00e1\u0161en\u00ed, kter\u00e9 je rychl\u00e9, jednoduch\u00e9 a zcela bezpe\u010dn\u00e9. Slou\u017e\u00ed prim\u00e1rn\u011b pro identifikaci u\u017eivatele, od kter\u00e9ho nez\u00edsk\u00e1v\u00e1 \u017e\u00e1dn\u00e9 dal\u0161\u00ed \u00fadaje. Ve\u0161ker\u00e1 komunikace se Seznamem je nav\u00edc zabezpe\u010dena d\u00edky \u0161ifrov\u00e1n\u00ed. Implementac\u00ed p\u0159ihla\u0161ovac\u00edho tla\u010d\u00edtka lidem umo\u017en\u00edte, aby se na [&hellip;]<\/p>\n","protected":false},"author":2,"featured_media":0,"parent":21,"menu_order":1,"comment_status":"closed","ping_status":"closed","template":"page-sidemenu","meta":{"_acf_changed":false,"_relevanssi_hide_post":"","_relevanssi_hide_content":"","_relevanssi_pin_for_all":"","_relevanssi_pin_keywords":"","_relevanssi_unpin_keywords":"","_relevanssi_related_keywords":"","_relevanssi_related_include_ids":"","_relevanssi_related_exclude_ids":"","_relevanssi_related_no_append":"","_relevanssi_related_not_related":"","_relevanssi_related_posts":"","_relevanssi_noindex_reason":"","footnotes":""},"page_category":[3],"page_tag":[],"class_list":["post-31","page","type-page","status-publish","hentry"],"acf":[],"lang":"cs","translations":{"cs":31},"pll_sync_post":[],"_links":{"self":[{"href":"https:\/\/o-seznam.cz\/reklama\/wp-json\/wp\/v2\/pages\/31","targetHints":{"allow":["GET"]}}],"collection":[{"href":"https:\/\/o-seznam.cz\/reklama\/wp-json\/wp\/v2\/pages"}],"about":[{"href":"https:\/\/o-seznam.cz\/reklama\/wp-json\/wp\/v2\/types\/page"}],"author":[{"embeddable":true,"href":"https:\/\/o-seznam.cz\/reklama\/wp-json\/wp\/v2\/users\/2"}],"replies":[{"embeddable":true,"href":"https:\/\/o-seznam.cz\/reklama\/wp-json\/wp\/v2\/comments?post=31"}],"version-history":[{"count":16,"href":"https:\/\/o-seznam.cz\/reklama\/wp-json\/wp\/v2\/pages\/31\/revisions"}],"predecessor-version":[{"id":7581,"href":"https:\/\/o-seznam.cz\/reklama\/wp-json\/wp\/v2\/pages\/31\/revisions\/7581"}],"up":[{"embeddable":true,"href":"https:\/\/o-seznam.cz\/reklama\/wp-json\/wp\/v2\/pages\/21"}],"wp:attachment":[{"href":"https:\/\/o-seznam.cz\/reklama\/wp-json\/wp\/v2\/media?parent=31"}],"wp:term":[{"taxonomy":"page_category","embeddable":true,"href":"https:\/\/o-seznam.cz\/reklama\/wp-json\/wp\/v2\/page_category?post=31"},{"taxonomy":"page_tag","embeddable":true,"href":"https:\/\/o-seznam.cz\/reklama\/wp-json\/wp\/v2\/page_tag?post=31"}],"curies":[{"name":"wp","href":"https:\/\/api.w.org\/{rel}","templated":true}]}}