
{"id":18,"date":"2024-02-21T14:12:44","date_gmt":"2024-02-21T13:12:44","guid":{"rendered":"https:\/\/o-seznam.cz\/reklama\/?page_id=18"},"modified":"2024-09-03T15:11:56","modified_gmt":"2024-09-03T13:11:56","slug":"inzerent","status":"publish","type":"page","link":"https:\/\/o-seznam.cz\/reklama\/cookieless\/inzerent\/","title":{"rendered":"Pro inzerenty"},"content":{"rendered":"\n<div class=\"wp-block-group is-layout-constrained wp-block-group-is-layout-constrained\">\n<p>Jak\u00e1 je aktu\u00e1ln\u00ed situace ohledn\u011b cookies t\u0159et\u00edch stran? Po\u010det lid\u00ed, kter\u00e9 d\u00edky nim dok\u00e1\u017eete oslovit, kles\u00e1. T\u0159etina \u010desk\u00e9 internetov\u00e9 populace nav\u00edc u\u017e te\u010f vyu\u017e\u00edv\u00e1 prohl\u00ed\u017ee\u010de, kter\u00e9 cookies t\u0159et\u00edch stran blokuj\u00ed. Jde p\u0159edev\u0161\u00edm o prohl\u00ed\u017ee\u010de Safari, Firefox a Edge.\u00a0<\/p>\n\n\n\n<p>Pokud chcete zabr\u00e1nit poklesu tr\u017eeb z reklam, je nutn\u00e9 kampan\u011b zalo\u017een\u00e9 na vyu\u017eit\u00ed cookies t\u0159et\u00edch stran nahradit jin\u00fdmi typy c\u00edlen\u00ed. S na\u0161\u00edm pr\u016fvodcem to zvl\u00e1dnete \u2013 a\u0165 u\u017e sami, nebo s pomoc\u00ed va\u0161eho Sklik specialisty. Sta\u010d\u00ed si vybrat mo\u017enost, kter\u00e1 nejl\u00e9pe vystihuje v\u00e1\u0161 e-shop nebo web a c\u00edl va\u0161ich online kampan\u00ed.<\/p>\n\n\n\n<div class=\"wp-block-seznam-tiles has-columns-2\" style=\"--seznam-tiles--columns:2\"><div class=\"inner-blocks\"><div class=\"block-boxlink\"><a class=\"boxlink boxlink--icon-arrow px-f8 py-f4\" href=\"https:\/\/o-seznam.cz\/reklama\/cookieless\/inzerent\/platforma\/\"><div class=\"inner-blocks\">\n\n<p>E-shopov\u00e1 platforma<\/p>\n\n<\/div><\/a><\/div>\n\n<div class=\"block-boxlink\"><a class=\"boxlink boxlink--icon-arrow px-f8 py-f4\" href=\"https:\/\/o-seznam.cz\/reklama\/cookieless\/inzerent\/vlastni-reseni\/\"><div class=\"inner-blocks\">\n\n<p>Vlastn\u00ed \u0159e\u0161en\u00ed webu<\/p>\n\n<\/div><\/a><\/div>\n\n<div class=\"block-boxlink\"><a class=\"boxlink boxlink--icon-arrow px-f8 py-f4\" href=\"https:\/\/o-seznam.cz\/reklama\/cookieless\/inzerent\/chci-navstevnost\/\"><div class=\"inner-blocks\">\n\n<p>N\u00e1v\u0161t\u011bvnost webu<\/p>\n\n<\/div><\/a><\/div>\n\n<div class=\"block-boxlink\"><a class=\"boxlink boxlink--icon-arrow px-f8 py-f4\" href=\"https:\/\/o-seznam.cz\/reklama\/cookieless\/inzerent\/chci-znacku\/\"><div class=\"inner-blocks\">\n\n<p>Budov\u00e1n\u00ed zna\u010dky<\/p>\n\n<\/div><\/a><\/div><\/div><\/div>\n<\/div>\n\n\n\n<div class=\"wp-block-group is-layout-constrained wp-block-group-is-layout-constrained\">\n<h2 class=\"wp-block-heading\">Zabra\u0148te propadu va\u0161ich reklamn\u00edch zisk\u016f<\/h2>\n\n\n\n<p>Pokud provozujete e-shop nebo webov\u00e9 str\u00e1nky a vyu\u017e\u00edv\u00e1te reklamn\u00ed platformy, kter\u00e9 pracuj\u00ed s cookies t\u0159et\u00edch stran, pravd\u011bpodobn\u011b jste zaznamenali, \u017ee mno\u017estv\u00ed u\u017eivatel\u016f, kter\u00e9 dok\u00e1\u017eete prost\u0159ednictv\u00edm c\u00edlen\u00e9 reklamy zas\u00e1hnout, kles\u00e1.&nbsp;<\/p>\n\n\n\n<p>Budete-li se spol\u00e9hat pouze na kampan\u011b, kter\u00e9 pracuj\u00ed cookies t\u0159et\u00edch stran, p\u0159iprav\u00edte se o mo\u017enost oslovit t\u0159etinu internetov\u00e9 populace, kter\u00e1 vyu\u017e\u00edv\u00e1 cookieless prohl\u00ed\u017ee\u010de. V d\u016fsledku toho m\u016f\u017eete p\u0159ij\u00edt o velk\u00fd objem objedn\u00e1vek, a tedy i tr\u017eeb.&nbsp;<\/p>\n\n\n\n<p>Proto v\u00e1m doporu\u010dujeme zam\u011b\u0159it se na 1st party c\u00edlen\u00ed, kter\u00e1 v\u00e1m umo\u017en\u00ed zas\u00e1hnout t\u00e9m\u011b\u0159 ka\u017ed\u00e9ho u\u017eivatele nez\u00e1visle na tom, jak\u00fd prohl\u00ed\u017ee\u010d vyu\u017e\u00edv\u00e1.  <\/p>\n<\/div>\n\n\n\n<div class=\"wp-block-group is-layout-constrained wp-block-group-is-layout-constrained\">\n<h2 class=\"wp-block-heading\">3 d\u016fvody, pro\u010d pracovat s vlastn\u00edmi daty<\/h2>\n\n\n\n<div class=\"accordion\">\n\t<div class=\"accordion__items\">\n\n<details class=\"expander is-style-default is-style-symbol is-style-symbol-number\">\n\t<summary data-datalayer-name=\"\" data-datalayer-text=\"Nejsou z\u00e1visl\u00e1 na cookies t\u0159et\u00edch stran\">\n\t\t\t\t\t<span><span class=\"expander__number\">1<\/span><\/span>\n\t\t\t\t<strong>Nejsou z\u00e1visl\u00e1 na cookies t\u0159et\u00edch stran<\/strong>\n\t\t\t<\/summary>\n\t<div class=\"inner-blocks\">\n\n<p>Kampan\u011b postaven\u00e9 na 1st party datech jsou zcela nez\u00e1visl\u00e9 na cookies t\u0159et\u00edch stran. To znamen\u00e1, \u017ee v\u00e1s nezasko\u010d\u00ed sni\u017euj\u00edc\u00ed se dosah c\u00edlen\u00e9 reklamy. A nav\u00edc oslov\u00edte i u\u017eivatele cookieless prohl\u00ed\u017ee\u010d\u016f.<\/p>\n\n<\/div><\/details>\n\n\n\n<details class=\"expander is-style-default is-style-symbol is-style-symbol-number\">\n\t<summary data-datalayer-name=\"\" data-datalayer-text=\"Umo\u017e\u0148uj\u00ed velmi p\u0159esn\u00e9 c\u00edlen\u00ed\">\n\t\t\t\t\t<span><span class=\"expander__number\">2<\/span><\/span>\n\t\t\t\t<strong>Umo\u017e\u0148uj\u00ed velmi p\u0159esn\u00e9 c\u00edlen\u00ed<\/strong>\n\t\t\t<\/summary>\n\t<div class=\"inner-blocks\">\n\n<p>S 1st party daty z\u00edsk\u00e1te transparentn\u00ed a d\u016fv\u011bryhodn\u00e9 informace o chov\u00e1n\u00ed u\u017eivatel\u016f. D\u00edky tomu m\u016f\u017eete kampan\u011b nejen p\u0159esn\u011b zac\u00edlit, ale tak\u00e9 personalizovat. Va\u0161e reklamn\u00ed sd\u011blen\u00ed se tak v\u017edy dostane k&nbsp;relevantn\u00edmu publiku.<\/p>\n\n<\/div><\/details>\n\n\n\n<details class=\"expander is-style-default is-style-symbol is-style-symbol-number\">\n\t<summary data-datalayer-name=\"\" data-datalayer-text=\"Funguj\u00ed  nap\u0159\u00ed\u010d platformami\">\n\t\t\t\t\t<span><span class=\"expander__number\">3<\/span><\/span>\n\t\t\t\t<strong>Funguj\u00ed  nap\u0159\u00ed\u010d platformami<\/strong>\n\t\t\t<\/summary>\n\t<div class=\"inner-blocks\">\n\n<p>Vlastn\u00ed data m\u016f\u017eete vyu\u017e\u00edt nejen v&nbsp;Skliku, ale i v&nbsp;dal\u0161\u00edch reklamn\u00edch platform\u00e1ch. Pr\u00e1ci s&nbsp;nimi v\u00e1m nav\u00edc usnadn\u00ed CRM nebo e-mailingov\u00e9 n\u00e1stroje, pomoc\u00ed kter\u00fdch m\u016f\u017eete data detailn\u011bji segmentovat, a tak dos\u00e1hnout je\u0161t\u011b lep\u0161\u00edch v\u00fdsledk\u016f.<\/p>\n\n<\/div><\/details>\n\n<\/div><\/div>\n\n<\/div>\n\n\n\n<div class=\"wp-block-group is-layout-constrained wp-block-group-is-layout-constrained\">\n<h2 class=\"wp-block-heading\">Na co se n\u00e1s \u010dasto pt\u00e1te?<\/h2>\n\n\n\n<div class=\"accordion\">\n\t<div class=\"accordion__items\">\n\n<details class=\"expander is-style-default\">\n\t<summary data-datalayer-name=\"\" data-datalayer-text=\"Jak na sv\u00fdch kampan\u00edch pozn\u00e1m klesaj\u00edc\u00ed dosah c\u00edlen\u00e9 reklamy?\">\n\t\t\t\t<strong>Jak na sv\u00fdch kampan\u00edch pozn\u00e1m klesaj\u00edc\u00ed dosah c\u00edlen\u00e9 reklamy?<\/strong>\n\t\t\t<\/summary>\n\t<div class=\"inner-blocks\">\n\n<p>Spolehliv\u00fd ukazatel pro zm\u011b\u0159en\u00ed sni\u017euj\u00edc\u00edho se dosahu kampan\u00ed z\u00e1visl\u00fdch na cookies t\u0159et\u00edch stran bohu\u017eel neexistuje. Vzhledem k tomu, \u017ee prohl\u00ed\u017ee\u010de s v\u011bt\u0161\u00edm pod\u00edlem na trhu \u2013 Safari a Firefox \u2013 u\u017e cookies t\u0159et\u00edch stran blokuj\u00ed, doporu\u010dujeme v kampan\u00edch do v\u011bt\u0161\u00ed m\u00edry vyu\u017e\u00edvat 1st party data nebo otestovat kontextovou reklamu. Z\u00edsk\u00e1te tak n\u00e1skok p\u0159ed konkurenc\u00ed, kter\u00e1 zat\u00edm spol\u00e9h\u00e1 na cookies t\u0159et\u00edch stran.<\/p>\n\n<\/div><\/details>\n\n\n\n<details class=\"expander is-style-default\">\n\t<summary data-datalayer-name=\"\" data-datalayer-text=\"Pro\u010d m\u00e1m d\u011blat \u00fapravy pro konverze v Skliku a Zbo\u017e\u00ed.cz? V\u00fdkon kampan\u00ed si p\u0159ece vyhodnot\u00edm pomoc\u00ed Google Analytics\">\n\t\t\t\t<strong>Pro\u010d m\u00e1m d\u011blat \u00fapravy pro konverze v Skliku a Zbo\u017e\u00ed.cz? V\u00fdkon kampan\u00ed si p\u0159ece vyhodnot\u00edm pomoc\u00ed Google Analytics<\/strong>\n\t\t\t<\/summary>\n\t<div class=\"inner-blocks\">\n\n<p>Konec cookies t\u0159et\u00edch stran m\u016f\u017ee m\u00edt dopad i na Google Analytics. Proto v\u00e1m doporu\u010dujeme m\u011b\u0159it konverze v Skliku a Zbo\u017e\u00ed.cz. Pro\u010d?<\/p>\n\n\n\n<ul class=\"wp-block-list\">\n<li>Budete m\u00edt detailn\u00ed p\u0159ehled o konverz\u00edch a\u017e na \u00farove\u0148 jednotliv\u00fdch reklam, c\u00edlen\u00ed nebo za\u0159\u00edzen\u00ed<\/li>\n\n\n\n<li>M\u016f\u017eete vyu\u017e\u00edt <a class=\"is-style-link-external\" href=\"https:\/\/napoveda.sklik.cz\/kampane-a-sestavy\/nastaveni-kampane\/zpusob-stridani-reklam\/\" target=\"_blank\" rel=\"noreferrer noopener\">st\u0159\u00edd\u00e1n\u00ed reklam<\/a> podle CPA a PNO v Skliku. D\u00edky dat\u016fm ze Seznamu podpo\u0159\u00edte v\u00fdkon kampan\u00ed<\/li>\n\n\n\n<li>Budete m\u00edt mo\u017enost vyu\u017e\u00edvat chystanou optimalizaci na konverze v Skliku a Zbo\u017e\u00ed.cz, kter\u00e1 vyu\u017e\u00edv\u00e1 model strojov\u00e9ho u\u010den\u00ed. D\u00edky t\u00e9to novince se va\u0161e cenov\u00e9 nab\u00eddky automaticky nastav\u00ed tak, aby maximalizovaly po\u010det konverz\u00ed nebo tr\u017eby, a to v re\u00e1ln\u00e9m \u010dase v ka\u017ed\u00e9 jednotliv\u00e9 aukci<\/li>\n<\/ul>\n\n<\/div><\/details>\n\n\n\n<details class=\"expander is-style-default\">\n\t<summary data-datalayer-name=\"\" data-datalayer-text=\"Vysta\u010d\u00edm si i do budoucna jen s retargetingem a dynamick\u00fdm retargetingem?\">\n\t\t\t\t<strong>Vysta\u010d\u00edm si i do budoucna jen s retargetingem a dynamick\u00fdm retargetingem?<\/strong>\n\t\t\t<\/summary>\n\t<div class=\"inner-blocks\">\n\n<p class=\"is-style-link-external\">Ud\u011bl\u00e1me v\u0161e pro to, aby byl dopad omezen\u00ed cookies t\u0159et\u00edch stran na va\u0161e kampan\u011b co nejmen\u0161\u00ed. Ale p\u0159esto v\u00e1m doporu\u010dujeme v Skliku vyzkou\u0161et tak\u00e9 r\u016fzn\u00e9 typy akvizi\u010dn\u00edho c\u00edlen\u00ed. Dos\u00e1hnete tak vy\u0161\u0161\u00edch tr\u017eeb nebo podpo\u0159\u00edte znalost sv\u00e9 zna\u010dky, co\u017e pozitivn\u011b ovlivn\u00ed p\u0159\u00edmou n\u00e1v\u0161t\u011bvnost va\u0161eho webu a d\u016fv\u011bryhodnost va\u0161\u00ed zna\u010dky. Jak za\u010d\u00edt s akvizi\u010dn\u00edmi a brandov\u00fdmi kampan\u011bmi, se dozv\u00edte v <a href=\"https:\/\/akademie.sklik.cz\/obsahova-sit\/planovani-a-vyhodnocovani-obsahovych-kampani\/planovani-a-vyhodnoceni-obsahovych-kampani-podle-jejich-typu\/\" target=\"_blank\" rel=\"noreferrer noopener\">Sklik Akademii<\/a>.<\/p>\n\n<\/div><\/details>\n\n\n\n<details class=\"expander is-style-default\">\n\t<summary data-datalayer-name=\"\" data-datalayer-text=\"Pro\u010d je d\u016fle\u017eit\u00e9 se zam\u011b\u0159it na kampan\u011b c\u00edlen\u00e9 na vlastn\u00ed seznamy z\u00e1kazn\u00edk\u016f pomoc\u00ed e-mailov\u00fdch adres?\">\n\t\t\t\t<strong>Pro\u010d je d\u016fle\u017eit\u00e9 se zam\u011b\u0159it na kampan\u011b c\u00edlen\u00e9 na vlastn\u00ed seznamy z\u00e1kazn\u00edk\u016f pomoc\u00ed e-mailov\u00fdch adres?<\/strong>\n\t\t\t<\/summary>\n\t<div class=\"inner-blocks\">\n\n<p class=\"is-style-link-external\">ampan\u011b, kter\u00e9 vyu\u017e\u00edvaj\u00ed c\u00edlen\u00ed na vlastn\u00ed seznamy z\u00e1kazn\u00edk\u016f, nejsou z\u00e1visl\u00e9 na cookies t\u0159et\u00edch stran. E-mailov\u00e9 adresy u\u017eivatel\u016f a z\u00e1kazn\u00edk\u016f, kte\u0159\u00ed v\u00e1m k nakl\u00e1d\u00e1n\u00ed s nimi ud\u011blili souhlas, m\u016f\u017eete nahr\u00e1t p\u0159\u00edmo do rozhran\u00ed Skliku, p\u0159\u00edpadn\u011b automatizovan\u011b p\u0159es API ve spolupr\u00e1ci s n\u011bkter\u00fdm z <a href=\"https:\/\/napoveda.sklik.cz\/cileni\/vlastni-seznamy-zakazniku\/integrace-tretich-stran\/\" target=\"_blank\" rel=\"noreferrer noopener\">na\u0161ich partner\u016f<\/a>.<\/p>\n\n<\/div><\/details>\n\n<\/div><\/div>\n\n<\/div>\n\n\n\n<div class=\"wp-block-group is-layout-constrained wp-block-group-is-layout-constrained\">\n<div class=\"wp-block-seznam-box is-layout-flow wp-block-seznam-box-is-layout-flow\">\n<h2 class=\"wp-block-heading\">Nev\u00edte si rady nebo m\u00e1te dotaz?<\/h2>\n\n\n\n<p>Pot\u0159ebujete poradit s nastaven\u00edm kampan\u00ed, \u00fapravou konverzn\u00edho k\u00f3du nebo n\u011bco jin\u00e9ho? Dejte n\u00e1m v\u011bd\u011bt a my se v\u00e1m ozveme.<\/p>\n\n\n\n<div class=\"wp-block-buttons is-layout-flex wp-block-buttons-is-layout-flex\">\n<div class=\"wp-block-button is-style-secondary-2\"><a class=\"wp-block-button__link has-text-align-center wp-element-button\" href=\"https:\/\/o-seznam.cz\/reklama\/cookieless\/kontakt\/\">Zeptat se<\/a><\/div>\n<\/div>\n<\/div>\n<\/div>\n","protected":false},"excerpt":{"rendered":"<p>Jak\u00e1 je aktu\u00e1ln\u00ed situace ohledn\u011b cookies t\u0159et\u00edch stran? Po\u010det lid\u00ed, kter\u00e9 d\u00edky nim dok\u00e1\u017eete oslovit, kles\u00e1. T\u0159etina \u010desk\u00e9 internetov\u00e9 populace nav\u00edc u\u017e te\u010f vyu\u017e\u00edv\u00e1 prohl\u00ed\u017ee\u010de, kter\u00e9 cookies t\u0159et\u00edch stran blokuj\u00ed. Jde p\u0159edev\u0161\u00edm o prohl\u00ed\u017ee\u010de Safari, Firefox a Edge.\u00a0 Pokud chcete zabr\u00e1nit poklesu tr\u017eeb z reklam, je nutn\u00e9 kampan\u011b zalo\u017een\u00e9 na vyu\u017eit\u00ed cookies t\u0159et\u00edch stran nahradit [&hellip;]<\/p>\n","protected":false},"author":2,"featured_media":0,"parent":12,"menu_order":0,"comment_status":"closed","ping_status":"closed","template":"page-sidemenu","meta":{"_acf_changed":false,"_relevanssi_hide_post":"","_relevanssi_hide_content":"","_relevanssi_pin_for_all":"","_relevanssi_pin_keywords":"","_relevanssi_unpin_keywords":"","_relevanssi_related_keywords":"","_relevanssi_related_include_ids":"","_relevanssi_related_exclude_ids":"","_relevanssi_related_no_append":"","_relevanssi_related_not_related":"","_relevanssi_related_posts":"","_relevanssi_noindex_reason":"","footnotes":""},"page_category":[3],"page_tag":[],"class_list":["post-18","page","type-page","status-publish","hentry"],"acf":[],"lang":"cs","translations":{"cs":18},"pll_sync_post":[],"_links":{"self":[{"href":"https:\/\/o-seznam.cz\/reklama\/wp-json\/wp\/v2\/pages\/18","targetHints":{"allow":["GET"]}}],"collection":[{"href":"https:\/\/o-seznam.cz\/reklama\/wp-json\/wp\/v2\/pages"}],"about":[{"href":"https:\/\/o-seznam.cz\/reklama\/wp-json\/wp\/v2\/types\/page"}],"author":[{"embeddable":true,"href":"https:\/\/o-seznam.cz\/reklama\/wp-json\/wp\/v2\/users\/2"}],"replies":[{"embeddable":true,"href":"https:\/\/o-seznam.cz\/reklama\/wp-json\/wp\/v2\/comments?post=18"}],"version-history":[{"count":39,"href":"https:\/\/o-seznam.cz\/reklama\/wp-json\/wp\/v2\/pages\/18\/revisions"}],"predecessor-version":[{"id":5626,"href":"https:\/\/o-seznam.cz\/reklama\/wp-json\/wp\/v2\/pages\/18\/revisions\/5626"}],"up":[{"embeddable":true,"href":"https:\/\/o-seznam.cz\/reklama\/wp-json\/wp\/v2\/pages\/12"}],"wp:attachment":[{"href":"https:\/\/o-seznam.cz\/reklama\/wp-json\/wp\/v2\/media?parent=18"}],"wp:term":[{"taxonomy":"page_category","embeddable":true,"href":"https:\/\/o-seznam.cz\/reklama\/wp-json\/wp\/v2\/page_category?post=18"},{"taxonomy":"page_tag","embeddable":true,"href":"https:\/\/o-seznam.cz\/reklama\/wp-json\/wp\/v2\/page_tag?post=18"}],"curies":[{"name":"wp","href":"https:\/\/api.w.org\/{rel}","templated":true}]}}