{"id":11293,"date":"2026-04-13T15:18:50","date_gmt":"2026-04-13T13:18:50","guid":{"rendered":"https:\/\/o-seznam.cz\/reklama\/?page_id=11293"},"modified":"2026-04-21T15:26:35","modified_gmt":"2026-04-21T13:26:35","slug":"nase-sluzby","status":"publish","type":"page","link":"https:\/\/o-seznam.cz\/reklama\/nase-sluzby\/","title":{"rendered":"Na\u0161e Slu\u017eby"},"content":{"rendered":"\n<div class=\"wp-block-group is-layout-constrained wp-block-group-is-layout-constrained\"><div class=\"wp-block-seznam-list-pages\"><div>\n<div class=\"wp-block-seznam-tiles has-columns-2\" style=\"--seznam-tiles--columns:2\"><div class=\"inner-blocks\">\n<div class=\"block-boxlink\"><a class=\"boxlink boxlink--icon-arrow px-f8 py-f8\" href=\"https:\/\/o-seznam.cz\/reklama\/super\/\"><div class=\"inner-blocks\"><p class=\"h-14 -mt-2\"><img loading=\"lazy\" decoding=\"async\" width=\"180\" height=\"56\" src=\"https:\/\/o-seznam.cz\/wp-content\/uploads\/sites\/5\/2026\/01\/super-logo.svg\" class=\"w-auto h-14 object-contain\" alt=\"\" \/><\/p><p class=\"text-neutral-60 text-sm\">Super.cz p\u0159il\u00e1k\u00e1 a\u017e 4 miliony \u010dten\u00e1\u0159\u016f t\u00fddn\u011b<\/p><\/div><\/a><\/div><div class=\"block-boxlink\"><a class=\"boxlink boxlink--icon-arrow px-f8 py-f8\" href=\"https:\/\/o-seznam.cz\/reklama\/sport\/\"><div class=\"inner-blocks\"><p class=\"h-14 -mt-2\"><img loading=\"lazy\" decoding=\"async\" width=\"180\" height=\"56\" src=\"https:\/\/o-seznam.cz\/wp-content\/uploads\/sites\/5\/2026\/01\/sport-logo.svg\" class=\"w-auto h-14 object-contain\" alt=\"\" \/><\/p><p class=\"text-neutral-60 text-sm\">Na Sport.cz oslov\u00edte a\u017e\n2 milion\u00fd lid\u00ed<\/p><\/div><\/a><\/div><div class=\"block-boxlink\"><a class=\"boxlink boxlink--icon-arrow px-f8 py-f8\" href=\"https:\/\/o-seznam.cz\/reklama\/seznam-zpravy\/\"><div class=\"inner-blocks\"><p class=\"h-14 -mt-2\"><img loading=\"lazy\" decoding=\"async\" width=\"180\" height=\"56\" src=\"https:\/\/o-seznam.cz\/wp-content\/uploads\/sites\/5\/2026\/01\/sz-logo.svg\" class=\"w-auto h-14 object-contain\" alt=\"\" \/><\/p><p class=\"text-neutral-60 text-sm\">Seznam Zpr\u00e1vy sleduje 5 milion\u016f lid\u00ed t\u00fddn\u011b<\/p><\/div><\/a><\/div><div class=\"block-boxlink\"><a class=\"boxlink boxlink--icon-arrow px-f8 py-f8\" href=\"https:\/\/o-seznam.cz\/reklama\/horoskopy\/\"><div class=\"inner-blocks\"><p class=\"h-14 -mt-2\"><img loading=\"lazy\" decoding=\"async\" width=\"180\" height=\"56\" src=\"https:\/\/o-seznam.cz\/wp-content\/uploads\/sites\/5\/2026\/04\/horoskopy-logo-cz.svg\" class=\"w-auto h-14 object-contain\" alt=\"\" \/><\/p><p class=\"text-neutral-60 text-sm\">Kdy\u017e pot\u0159ebujete oslovit \u017eeny<\/p><\/div><\/a><\/div><div class=\"block-boxlink\"><a class=\"boxlink boxlink--icon-arrow px-f8 py-f8\" href=\"https:\/\/o-seznam.cz\/reklama\/pocasi\/\"><div class=\"inner-blocks\"><p class=\"h-14 -mt-2\"><img loading=\"lazy\" decoding=\"async\" width=\"180\" height=\"56\" src=\"https:\/\/o-seznam.cz\/wp-content\/uploads\/sites\/5\/2026\/01\/pocasi-logo.svg\" class=\"w-auto h-14 object-contain\" alt=\"\" \/><\/p><p class=\"text-neutral-60 text-sm\">Na Po\u010das\u00ed.cz zav\u00edt\u00e1 t\u00fddn\u011b milion lid\u00ed<\/p><\/div><\/a><\/div><div class=\"block-boxlink\"><a class=\"boxlink boxlink--icon-arrow px-f8 py-f8\" href=\"https:\/\/o-seznam.cz\/reklama\/medium-cz\/\"><div class=\"inner-blocks\"><p class=\"h-14 -mt-2\"><img loading=\"lazy\" decoding=\"async\" width=\"180\" height=\"56\" src=\"https:\/\/o-seznam.cz\/wp-content\/uploads\/sites\/5\/2026\/03\/meduim-logo-cz.svg\" class=\"w-auto h-14 object-contain\" alt=\"\" \/><\/p><p class=\"text-neutral-60 text-sm\">Jedna kampa\u0148. Miliony potenci\u00e1ln\u00edch z\u00e1kazn\u00edk\u016f<\/p><\/div><\/a><\/div><div class=\"block-boxlink\"><a class=\"boxlink boxlink--icon-arrow px-f8 py-f8\" href=\"https:\/\/o-seznam.cz\/reklama\/novinky\/\"><div class=\"inner-blocks\"><p class=\"h-14 -mt-2\"><img loading=\"lazy\" decoding=\"async\" width=\"180\" height=\"56\" src=\"https:\/\/o-seznam.cz\/wp-content\/uploads\/sites\/5\/2026\/01\/novinky-logo.svg\" class=\"w-auto h-14 object-contain\" alt=\"\" \/><\/p><p class=\"text-neutral-60 text-sm\">Inzerujte na nej\u010dten\u011bj\u0161\u00edm zpravodajsk\u00e9m webu Novinky.cz<\/p><\/div><\/a><\/div><div class=\"block-boxlink\"><a class=\"boxlink boxlink--icon-arrow px-f8 py-f8\" href=\"https:\/\/o-seznam.cz\/reklama\/stream\/\"><div class=\"inner-blocks\"><p class=\"h-14 -mt-2\"><img loading=\"lazy\" decoding=\"async\" width=\"180\" height=\"56\" src=\"https:\/\/o-seznam.cz\/wp-content\/uploads\/sites\/5\/2026\/01\/stream-logo.svg\" class=\"w-auto h-14 object-contain\" alt=\"\" \/><\/p><p class=\"text-neutral-60 text-sm\">Va\u0161e zna\u010dka p\u0159ed 2,6 mili\u00f3ny div\u00e1k\u016f m\u011bs\u00ed\u010dn\u011b<\/p><\/div><\/a><\/div><div class=\"block-boxlink\"><a class=\"boxlink boxlink--icon-arrow px-f8 py-f8\" href=\"https:\/\/o-seznam.cz\/reklama\/rtb\/\"><div class=\"inner-blocks\"><p class=\"h-14 -mt-2\"><img loading=\"lazy\" decoding=\"async\" width=\"180\" height=\"56\" src=\"https:\/\/o-seznam.cz\/wp-content\/uploads\/sites\/5\/2026\/04\/rtb-logo.svg\" class=\"w-auto h-14 object-contain\" alt=\"\" \/><\/p><p class=\"text-neutral-60 text-sm\">Pom\u016f\u017eeme v\u00e1m s nastaven\u00edm, c\u00edlen\u00edm i vyhodnocen\u00edm.<\/p><\/div><\/a><\/div><div class=\"block-boxlink\"><a class=\"boxlink boxlink--icon-arrow px-f8 py-f8\" href=\"https:\/\/o-seznam.cz\/reklama\/sauto\/\"><div class=\"inner-blocks\"><p class=\"h-14 -mt-2\"><img loading=\"lazy\" decoding=\"async\" width=\"180\" height=\"56\" src=\"https:\/\/o-seznam.cz\/wp-content\/uploads\/sites\/5\/2026\/01\/sautlogo.svg\" class=\"w-auto h-14 object-contain\" alt=\"\" \/><\/p><p class=\"text-neutral-60 text-sm\">Zaujm\u011bte reklamou a\u017e 1 milion lid\u00ed<\/p><\/div><\/a><\/div><div class=\"block-boxlink\"><a class=\"boxlink boxlink--icon-arrow px-f8 py-f8\" href=\"https:\/\/o-seznam.cz\/reklama\/sreality\/\"><div class=\"inner-blocks\"><p class=\"h-14 -mt-2\"><img loading=\"lazy\" decoding=\"async\" width=\"180\" height=\"56\" src=\"https:\/\/o-seznam.cz\/wp-content\/uploads\/sites\/5\/2026\/01\/sreality-logo.svg\" class=\"w-auto h-14 object-contain\" alt=\"\" \/><\/p><p class=\"text-neutral-60 text-sm\">Reklama p\u0159\u00edmo mezi z\u00e1jemci o bydlen\u00ed<\/p><\/div><\/a><\/div><div class=\"block-boxlink\"><a class=\"boxlink boxlink--icon-arrow px-f8 py-f8\" href=\"https:\/\/o-seznam.cz\/reklama\/kupi\/\"><div class=\"inner-blocks\"><p class=\"h-14 -mt-2\"><img loading=\"lazy\" decoding=\"async\" width=\"180\" height=\"56\" src=\"https:\/\/o-seznam.cz\/wp-content\/uploads\/sites\/5\/2026\/01\/kupi-logo.svg\" class=\"w-auto h-14 object-contain\" alt=\"\" \/><\/p><p class=\"text-neutral-60 text-sm\">Oslovte p\u0159es 2,4 milionu lid\u00ed na Kupi.cz<\/p><\/div><\/a><\/div><div class=\"block-boxlink\"><a class=\"boxlink boxlink--icon-arrow px-f8 py-f8\" href=\"https:\/\/o-seznam.cz\/reklama\/lide-cz\/\"><div class=\"inner-blocks\"><p class=\"h-14 -mt-2\"><img loading=\"lazy\" decoding=\"async\" width=\"180\" height=\"56\" src=\"https:\/\/o-seznam.cz\/wp-content\/uploads\/sites\/5\/2026\/04\/lide-logo-cz.svg\" class=\"w-auto h-14 object-contain\" alt=\"\" \/><\/p><p class=\"text-neutral-60 text-sm\">Reklama na Lid\u00e9.cz v\u00e1s dostane do diskuze<\/p><\/div><\/a><\/div><div class=\"block-boxlink\"><a class=\"boxlink boxlink--icon-arrow px-f8 py-f8\" href=\"https:\/\/o-seznam.cz\/reklama\/prozeny\/\"><div class=\"inner-blocks\"><p class=\"h-14 -mt-2\"><img loading=\"lazy\" decoding=\"async\" width=\"180\" height=\"56\" src=\"https:\/\/o-seznam.cz\/wp-content\/uploads\/sites\/5\/2025\/12\/prozeny-logo.svg\" class=\"w-auto h-14 object-contain\" alt=\"\" \/><\/p><p class=\"text-neutral-60 text-sm\">Pro\u017eeny.cz \u010dte a\u017e 1,8 milionu \u017een t\u00fddn\u011b<\/p><\/div><\/a><\/div><div class=\"block-boxlink\"><a class=\"boxlink boxlink--icon-arrow px-f8 py-f8\" href=\"https:\/\/o-seznam.cz\/reklama\/firmy\/\"><div class=\"inner-blocks\"><p class=\"h-14 -mt-2\"><img loading=\"lazy\" decoding=\"async\" width=\"180\" height=\"56\" src=\"https:\/\/o-seznam.cz\/wp-content\/uploads\/sites\/5\/2026\/01\/firmy-logo.svg\" class=\"w-auto h-14 object-contain\" alt=\"Firmy.cz\" \/><\/p><p class=\"text-neutral-60 text-sm\">Z\u00edskejte nov\u00e9 z\u00e1kazn\u00edky na Firmy.cz<\/p><\/div><\/a><\/div><div class=\"block-boxlink\"><a class=\"boxlink boxlink--icon-arrow px-f8 py-f8\" href=\"https:\/\/o-seznam.cz\/reklama\/garaz\/\"><div class=\"inner-blocks\"><p class=\"h-14 -mt-2\"><img loading=\"lazy\" decoding=\"async\" width=\"180\" height=\"56\" src=\"https:\/\/o-seznam.cz\/wp-content\/uploads\/sites\/5\/2026\/01\/garaz-logo.svg\" class=\"w-auto h-14 object-contain\" alt=\"\" \/><\/p><p class=\"text-neutral-60 text-sm\">C\u00edl\u00edte na mu\u017ee? Jste na spr\u00e1vn\u00e9m m\u00edst\u011b<\/p><\/div><\/a><\/div><\/div><\/div>\n\n<\/div><\/div>\n<\/div>\n","protected":false},"excerpt":{"rendered":"","protected":false},"author":67,"featured_media":0,"parent":0,"menu_order":0,"comment_status":"closed","ping_status":"closed","template":"","meta":{"_acf_changed":false,"_relevanssi_hide_post":"","_relevanssi_hide_content":"","_relevanssi_pin_for_all":"","_relevanssi_pin_keywords":"","_relevanssi_unpin_keywords":"","_relevanssi_related_keywords":"","_relevanssi_related_include_ids":"","_relevanssi_related_exclude_ids":"","_relevanssi_related_no_append":"","_relevanssi_related_not_related":"","_relevanssi_related_posts":"","_relevanssi_noindex_reason":"","footnotes":""},"page_category":[],"page_tag":[],"class_list":["post-11293","page","type-page","status-publish","hentry"],"acf":[],"lang":"cs","translations":{"cs":11293},"pll_sync_post":[],"_links":{"self":[{"href":"https:\/\/o-seznam.cz\/reklama\/wp-json\/wp\/v2\/pages\/11293","targetHints":{"allow":["GET"]}}],"collection":[{"href":"https:\/\/o-seznam.cz\/reklama\/wp-json\/wp\/v2\/pages"}],"about":[{"href":"https:\/\/o-seznam.cz\/reklama\/wp-json\/wp\/v2\/types\/page"}],"author":[{"embeddable":true,"href":"https:\/\/o-seznam.cz\/reklama\/wp-json\/wp\/v2\/users\/67"}],"replies":[{"embeddable":true,"href":"https:\/\/o-seznam.cz\/reklama\/wp-json\/wp\/v2\/comments?post=11293"}],"version-history":[{"count":32,"href":"https:\/\/o-seznam.cz\/reklama\/wp-json\/wp\/v2\/pages\/11293\/revisions"}],"predecessor-version":[{"id":12528,"href":"https:\/\/o-seznam.cz\/reklama\/wp-json\/wp\/v2\/pages\/11293\/revisions\/12528"}],"wp:attachment":[{"href":"https:\/\/o-seznam.cz\/reklama\/wp-json\/wp\/v2\/media?parent=11293"}],"wp:term":[{"taxonomy":"page_category","embeddable":true,"href":"https:\/\/o-seznam.cz\/reklama\/wp-json\/wp\/v2\/page_category?post=11293"},{"taxonomy":"page_tag","embeddable":true,"href":"https:\/\/o-seznam.cz\/reklama\/wp-json\/wp\/v2\/page_tag?post=11293"}],"curies":[{"name":"wp","href":"https:\/\/api.w.org\/{rel}","templated":true}]}}