
{"id":96,"date":"2024-02-14T09:23:43","date_gmt":"2024-02-14T08:23:43","guid":{"rendered":"https:\/\/o-seznam.cz\/pravni-informace\/?page_id=96"},"modified":"2024-03-18T18:09:51","modified_gmt":"2024-03-18T17:09:51","slug":"novinky-cz","status":"publish","type":"page","link":"https:\/\/o-seznam.cz\/pravni-informace\/ochrana-udaju\/novinky-cz\/","title":{"rendered":"Novinky.cz"},"content":{"rendered":"\n<div class=\"wp-block-group is-layout-constrained wp-block-group-is-layout-constrained\">\n<p>Novinky.cz\u00a0vyu\u017e\u00edvaj\u00ed Seznam Diskuze. Z\u00e1sady zpracov\u00e1n\u00ed osobn\u00edch \u00fadaj\u016f pro slu\u017ebu Seznam Diskuze se \u0159\u00edd\u00ed\u00a0<a href=\"https:\/\/o-seznam.cz\/pravni-informace\/ochrana-udaju\/seznam-diskuze\/\">t\u011bmito z\u00e1sadami<\/a>.<\/p>\n<\/div>\n","protected":false},"excerpt":{"rendered":"<p>Novinky.cz\u00a0vyu\u017e\u00edvaj\u00ed Seznam Diskuze. Z\u00e1sady zpracov\u00e1n\u00ed osobn\u00edch \u00fadaj\u016f pro slu\u017ebu Seznam Diskuze se \u0159\u00edd\u00ed\u00a0t\u011bmito z\u00e1sadami.<\/p>\n","protected":false},"author":2,"featured_media":0,"parent":9,"menu_order":0,"comment_status":"closed","ping_status":"closed","template":"page-sidemenu","meta":{"_acf_changed":false,"_relevanssi_hide_post":"","_relevanssi_hide_content":"","_relevanssi_pin_for_all":"","_relevanssi_pin_keywords":"","_relevanssi_unpin_keywords":"","_relevanssi_related_keywords":"","_relevanssi_related_include_ids":"","_relevanssi_related_exclude_ids":"","_relevanssi_related_no_append":"","_relevanssi_related_not_related":"","_relevanssi_related_posts":"","_relevanssi_noindex_reason":"","footnotes":""},"page_category":[3],"page_tag":[],"class_list":["post-96","page","type-page","status-publish","hentry"],"acf":[],"lang":"cs","translations":{"cs":96,"en":2560},"pll_sync_post":[],"_links":{"self":[{"href":"https:\/\/o-seznam.cz\/pravni-informace\/wp-json\/wp\/v2\/pages\/96","targetHints":{"allow":["GET"]}}],"collection":[{"href":"https:\/\/o-seznam.cz\/pravni-informace\/wp-json\/wp\/v2\/pages"}],"about":[{"href":"https:\/\/o-seznam.cz\/pravni-informace\/wp-json\/wp\/v2\/types\/page"}],"author":[{"embeddable":true,"href":"https:\/\/o-seznam.cz\/pravni-informace\/wp-json\/wp\/v2\/users\/2"}],"replies":[{"embeddable":true,"href":"https:\/\/o-seznam.cz\/pravni-informace\/wp-json\/wp\/v2\/comments?post=96"}],"version-history":[{"count":4,"href":"https:\/\/o-seznam.cz\/pravni-informace\/wp-json\/wp\/v2\/pages\/96\/revisions"}],"predecessor-version":[{"id":836,"href":"https:\/\/o-seznam.cz\/pravni-informace\/wp-json\/wp\/v2\/pages\/96\/revisions\/836"}],"up":[{"embeddable":true,"href":"https:\/\/o-seznam.cz\/pravni-informace\/wp-json\/wp\/v2\/pages\/9"}],"wp:attachment":[{"href":"https:\/\/o-seznam.cz\/pravni-informace\/wp-json\/wp\/v2\/media?parent=96"}],"wp:term":[{"taxonomy":"page_category","embeddable":true,"href":"https:\/\/o-seznam.cz\/pravni-informace\/wp-json\/wp\/v2\/page_category?post=96"},{"taxonomy":"page_tag","embeddable":true,"href":"https:\/\/o-seznam.cz\/pravni-informace\/wp-json\/wp\/v2\/page_tag?post=96"}],"curies":[{"name":"wp","href":"https:\/\/api.w.org\/{rel}","templated":true}]}}