
{"id":92,"date":"2024-02-14T09:22:36","date_gmt":"2024-02-14T08:22:36","guid":{"rendered":"https:\/\/o-seznam.cz\/pravni-informace\/?page_id=92"},"modified":"2024-05-02T09:00:20","modified_gmt":"2024-05-02T07:00:20","slug":"administracni-rozhrani","status":"publish","type":"page","link":"https:\/\/o-seznam.cz\/pravni-informace\/ochrana-udaju\/firmy-cz\/administracni-rozhrani\/","title":{"rendered":"Administra\u010dn\u00ed rozhran\u00ed Firmy.cz"},"content":{"rendered":"\n<div class=\"wp-block-group is-layout-constrained wp-block-group-is-layout-constrained\">\n<p>Tyto z\u00e1sady se vztahuj\u00ed na webovou str\u00e1nku admin.firmy.cz, tedy na administra\u010dn\u00ed rozhran\u00ed Firem ur\u010den\u00e9 pro spr\u00e1vu \u00fadaj\u016f o firm\u011b a nastavov\u00e1n\u00ed kampan\u00ed Seznamu naplno.<\/p>\n<\/div>\n\n\n\n<div class=\"wp-block-group is-layout-constrained wp-block-group-is-layout-constrained\">\n<h2 class=\"wp-block-heading\">Klient ID<\/h2>\n\n\n\n<p>ID klienta, tedy specifick\u00e9 ID konkr\u00e9tn\u00ed firmy, kter\u00e1 je v administra\u010dn\u00edm rozhran\u00ed spravovan\u00e1. Dost\u00e1v\u00e1me ho ve chv\u00edli, kdy registrovan\u00fd u\u017eivatel Seznamu p\u0159ijde na admin.firmy.cz, a dr\u017e\u00edme ho z d\u016fvodu spr\u00e1vn\u00e9 funkcionality syst\u00e9mu.<\/p>\n<\/div>\n\n\n\n<div class=\"wp-block-group is-layout-constrained wp-block-group-is-layout-constrained\">\n<h2 class=\"wp-block-heading\">E-mailov\u00e1 adresa<\/h2>\n\n\n\n<p>E-mailov\u00e9 adresy, kter\u00e9 n\u00e1m poskytnete, pou\u017e\u00edv\u00e1me pro zas\u00edl\u00e1n\u00ed informac\u00ed spojen\u00fdch s va\u0161\u00edm \u00fa\u010dtem.<\/p>\n\n\n\n<ul class=\"wp-block-list\">\n<li>E-mailov\u00e1 adresa spr\u00e1vce firmy (RUS): E-mailov\u00e1 adresa, p\u0159es kterou spravujete svou firmu<\/li>\n\n\n\n<li>Kontaktn\u00ed e-maily: Krom\u011b e-mailov\u00e9 adresy spr\u00e1vce firmy m\u016f\u017eete voliteln\u011b pou\u017e\u00edt v\u00edce adres pro zas\u00edl\u00e1n\u00ed informac\u00ed o va\u0161\u00ed firm\u011b (nap\u0159. notifikace o nov\u00e9 recenzi, zas\u00edl\u00e1n\u00ed statistick\u00fdch report\u016f)<\/li>\n<\/ul>\n<\/div>\n\n\n\n<div class=\"wp-block-group is-layout-constrained wp-block-group-is-layout-constrained\">\n<h2 class=\"wp-block-heading\">Provozn\u00ed data<\/h2>\n\n\n\n<p>\u00dadaje o tom, jak pracujete s admin.firmy.cz, jak \u010dasto a jak\u00fdm zp\u016fsobem pou\u017e\u00edv\u00e1te jeho funkce \u2013 tyto \u00fadaje n\u00e1sledn\u011b vyu\u017e\u00edv\u00e1me pro zlep\u0161ov\u00e1n\u00ed samotn\u00e9 slu\u017eby admin.firmy.cz a pro technickou podporu. Data uchov\u00e1v\u00e1me po nezbytn\u011b nutnou dobu.<\/p>\n<\/div>\n\n\n\n<div class=\"wp-block-group is-layout-constrained wp-block-group-is-layout-constrained\">\n<h2 class=\"wp-block-heading\">Na\u0161i zpracovatel\u00e9<\/h2>\n\n\n\n<p>Google: Slu\u017eba&nbsp;Google Analytics. Slou\u017e\u00ed pro z\u00edsk\u00e1v\u00e1n\u00ed produktov\u00fdch statistik.<\/p>\n<\/div>\n","protected":false},"excerpt":{"rendered":"<p>Tyto z\u00e1sady se vztahuj\u00ed na webovou str\u00e1nku admin.firmy.cz, tedy na administra\u010dn\u00ed rozhran\u00ed Firem ur\u010den\u00e9 pro spr\u00e1vu \u00fadaj\u016f o firm\u011b a nastavov\u00e1n\u00ed kampan\u00ed Seznamu naplno. Klient ID ID klienta, tedy specifick\u00e9 ID konkr\u00e9tn\u00ed firmy, kter\u00e1 je v administra\u010dn\u00edm rozhran\u00ed spravovan\u00e1. Dost\u00e1v\u00e1me ho ve chv\u00edli, kdy registrovan\u00fd u\u017eivatel Seznamu p\u0159ijde na admin.firmy.cz, a dr\u017e\u00edme ho z d\u016fvodu [&hellip;]<\/p>\n","protected":false},"author":2,"featured_media":0,"parent":90,"menu_order":0,"comment_status":"closed","ping_status":"closed","template":"page-sidemenu","meta":{"_acf_changed":false,"_relevanssi_hide_post":"","_relevanssi_hide_content":"","_relevanssi_pin_for_all":"","_relevanssi_pin_keywords":"","_relevanssi_unpin_keywords":"","_relevanssi_related_keywords":"","_relevanssi_related_include_ids":"","_relevanssi_related_exclude_ids":"","_relevanssi_related_no_append":"","_relevanssi_related_not_related":"","_relevanssi_related_posts":"","_relevanssi_noindex_reason":"","footnotes":""},"page_category":[3],"page_tag":[],"class_list":["post-92","page","type-page","status-publish","hentry"],"acf":[],"lang":"cs","translations":{"cs":92,"en":2557},"pll_sync_post":[],"_links":{"self":[{"href":"https:\/\/o-seznam.cz\/pravni-informace\/wp-json\/wp\/v2\/pages\/92","targetHints":{"allow":["GET"]}}],"collection":[{"href":"https:\/\/o-seznam.cz\/pravni-informace\/wp-json\/wp\/v2\/pages"}],"about":[{"href":"https:\/\/o-seznam.cz\/pravni-informace\/wp-json\/wp\/v2\/types\/page"}],"author":[{"embeddable":true,"href":"https:\/\/o-seznam.cz\/pravni-informace\/wp-json\/wp\/v2\/users\/2"}],"replies":[{"embeddable":true,"href":"https:\/\/o-seznam.cz\/pravni-informace\/wp-json\/wp\/v2\/comments?post=92"}],"version-history":[{"count":9,"href":"https:\/\/o-seznam.cz\/pravni-informace\/wp-json\/wp\/v2\/pages\/92\/revisions"}],"predecessor-version":[{"id":1531,"href":"https:\/\/o-seznam.cz\/pravni-informace\/wp-json\/wp\/v2\/pages\/92\/revisions\/1531"}],"up":[{"embeddable":true,"href":"https:\/\/o-seznam.cz\/pravni-informace\/wp-json\/wp\/v2\/pages\/90"}],"wp:attachment":[{"href":"https:\/\/o-seznam.cz\/pravni-informace\/wp-json\/wp\/v2\/media?parent=92"}],"wp:term":[{"taxonomy":"page_category","embeddable":true,"href":"https:\/\/o-seznam.cz\/pravni-informace\/wp-json\/wp\/v2\/page_category?post=92"},{"taxonomy":"page_tag","embeddable":true,"href":"https:\/\/o-seznam.cz\/pravni-informace\/wp-json\/wp\/v2\/page_tag?post=92"}],"curies":[{"name":"wp","href":"https:\/\/api.w.org\/{rel}","templated":true}]}}