
{"id":90,"date":"2024-02-14T09:21:45","date_gmt":"2024-02-14T08:21:45","guid":{"rendered":"https:\/\/o-seznam.cz\/pravni-informace\/?page_id=90"},"modified":"2024-03-25T21:12:39","modified_gmt":"2024-03-25T20:12:39","slug":"firmy-cz","status":"publish","type":"page","link":"https:\/\/o-seznam.cz\/pravni-informace\/ochrana-udaju\/firmy-cz\/","title":{"rendered":"Firmy.cz"},"content":{"rendered":"\n<div class=\"wp-block-group is-layout-constrained wp-block-group-is-layout-constrained\">\n<p>Na n\u00e1sleduj\u00edc\u00ed str\u00e1nce uv\u00e1d\u00edme p\u0159ehled osobn\u00edch dat u\u017eivatel\u016f, kter\u00e9 na Firmy.cz zpracov\u00e1v\u00e1me podle GDPR na\u0159\u00edzen\u00ed.<\/p>\n<\/div>\n\n\n\n<div class=\"wp-block-group is-layout-constrained wp-block-group-is-layout-constrained\">\n<h2 class=\"wp-block-heading\">Popis \u010dinnost\u00ed, p\u0159i kter\u00fdch ukl\u00e1d\u00e1me osobn\u00ed data<\/h2>\n\n\n\n<ul class=\"wp-block-list\">\n<li>Nap\u00ed\u0161e recenzi<\/li>\n\n\n\n<li>Nahl\u00e1s\u00ed recenzi<\/li>\n\n\n\n<li>Po\u0161le popt\u00e1vku<\/li>\n\n\n\n<li>Nap\u00ed\u0161e n\u00e1m p\u0159\u00edm\u00fd e-mail<\/li>\n\n\n\n<li>Dobrovoln\u011b navrhne \u00fapravu n\u011bjak\u00e9ho firemn\u00edho z\u00e1pisu<\/li>\n<\/ul>\n<\/div>\n\n\n\n<div class=\"wp-block-group is-layout-constrained wp-block-group-is-layout-constrained\">\n<h2 class=\"wp-block-heading\">S jak\u00fdmi \u00fadaji pracujeme<\/h2>\n\n\n\n<div class=\"accordion\">\n\t<div class=\"accordion__items\">\n\n<details class=\"expander is-style-box\">\n\t<summary data-datalayer-name=\"\" data-datalayer-text=\"RUS \u00fa\u010det\">\n\t\t\t\t<strong>RUS \u00fa\u010det<\/strong>\n\t\t\t<\/summary>\n\t<div class=\"inner-blocks\">\n\n<p>RUS (registrovan\u00fd \u00fa\u010det Seznamu) \u00fa\u010det je pro Firmy.cz anonymn\u00ed numerick\u00e9 ID. Dost\u00e1v\u00e1me ho ve chv\u00edli, kdy registrovan\u00fd u\u017eivatel Seznamu p\u0159ijde na Firmy.cz. ID dr\u017e\u00edme z d\u016fvodu spr\u00e1vn\u00e9 funkcionality webu. Ve\u0161ker\u00e9 ostatn\u00ed \u00fadaje jsou na profilu u\u017eivatele.<\/p>\n\n<\/div><\/details>\n\n\n\n<details class=\"expander is-style-box\">\n\t<summary data-datalayer-name=\"\" data-datalayer-text=\"E-mailov\u00e1 adresa\">\n\t\t\t\t<strong>E-mailov\u00e1 adresa<\/strong>\n\t\t\t<\/summary>\n\t<div class=\"inner-blocks\">\n\n<p>E-mailov\u00e9 adresy u\u017eivatele ukl\u00e1d\u00e1me pouze po z jeho strany vy\u017e\u00e1dan\u00e9 akci. Z\u00edsk\u00e1me ji bu\u010f z profilu (u recenz\u00ed), nebo ru\u010dn\u00edm zad\u00e1n\u00edm u\u017eivatele a dr\u017e\u00edme ji pro n\u00e1slednou komunikaci. Vy\u017eadujeme ji v n\u00e1sleduj\u00edc\u00edch p\u0159\u00edpadech:<\/p>\n\n\n\n<ul class=\"wp-block-list\">\n<li>Odesl\u00e1n\u00ed popt\u00e1vky<\/li>\n\n\n\n<li>Naps\u00e1n\u00ed recenze<\/li>\n\n\n\n<li>Nahl\u00e1\u0161en\u00ed recenze<\/li>\n\n\n\n<li>Nepovinn\u00e9 n\u00e1vrhy \u00fapravy jednotliv\u00fdch firemn\u00edch profil\u016f<\/li>\n\n\n\n<li>Napi\u0161te n\u00e1m<\/li>\n<\/ul>\n\n<\/div><\/details>\n\n\n\n<details class=\"expander is-style-box\">\n\t<summary data-datalayer-name=\"\" data-datalayer-text=\"IP adresy\">\n\t\t\t\t<strong>IP adresy<\/strong>\n\t\t\t<\/summary>\n\t<div class=\"inner-blocks\">\n\n<p>IP adresy po\u017eadavku ukl\u00e1d\u00e1me u\u00a0recenz\u00ed z\u00a0d\u016fvodu odhalov\u00e1n\u00ed manipulac\u00ed<strong>.\u00a0<\/strong>V\u00a0takov\u00fdch p\u0159\u00edpadech\u00a0dr\u017e\u00edme tyto \u00fadaje neomezen\u011b dlouho. Ve chv\u00edli, kdy dojde k vymaz\u00e1n\u00ed u\u017eivatele z\u00a0profilu, dojde z\u00e1rove\u0148 i k vymaz\u00e1n\u00ed IP adresy a recenze se stane anonymn\u00ed. To znamen\u00e1, \u017ee na \u017e\u00e1dost firmy m\u016f\u017ee kdykoliv doj\u00edt k jej\u00edmu smaz\u00e1n\u00ed. IP adresy dr\u017e\u00edme tak\u00e9 u odeslan\u00fdch\u00a0popt\u00e1vek<strong>,<\/strong>\u00a0a to z d\u016fvodu detekce spamu. V\u00a0t\u011bchto p\u0159\u00edpadech ma\u017eeme IP adresu po 150 dnech.<\/p>\n\n<\/div><\/details>\n\n\n\n<details class=\"expander is-style-box\">\n\t<summary data-datalayer-name=\"\" data-datalayer-text=\"Jm\u00e9no a p\u0159\u00edjmen\u00ed\">\n\t\t\t\t<strong>Jm\u00e9no a p\u0159\u00edjmen\u00ed<\/strong>\n\t\t\t<\/summary>\n\t<div class=\"inner-blocks\">\n\n<p>Oba \u00fadaje vyu\u017e\u00edv\u00e1me u\u00a0popt\u00e1vky<strong>,<\/strong>\u00a0kdy n\u00e1m je u\u017eivatel s\u00e1m vypln\u00ed do popt\u00e1vkov\u00e9ho formul\u00e1\u0159e. Jm\u00e9no je zde uveden\u00e9 z d\u016fvodu d\u016fv\u011bryhodnosti a je zaslan\u00e9 v r\u00e1mci cel\u00e9 popt\u00e1vky u popt\u00e1van\u00e9 firmy. D\u00e1le m\u00e1me jm\u00e9no ulo\u017een\u00e9 u recenze, kde tento \u00fadaj p\u0159eb\u00edr\u00e1me z\u00a0profilu. V p\u0159\u00edpad\u011b smaz\u00e1n\u00ed nebo p\u0159eps\u00e1n\u00ed jm\u00e9na na profilu dojde k anonymizaci recenze.<\/p>\n\n<\/div><\/details>\n\n\n\n<details class=\"expander is-style-box\">\n\t<summary data-datalayer-name=\"\" data-datalayer-text=\"Telefonn\u00ed kontakt\">\n\t\t\t\t<strong>Telefonn\u00ed kontakt<\/strong>\n\t\t\t<\/summary>\n\t<div class=\"inner-blocks\">\n\n<p>Tento \u00fadaj ukl\u00e1d\u00e1me u odeslan\u00fdch popt\u00e1vek a p\u0159ed\u00e1v\u00e1me ho popt\u00e1van\u00e9 firm\u011b.<\/p>\n\n<\/div><\/details>\n\n<\/div><\/div>\n\n<\/div>\n\n\n\n<div class=\"wp-block-group is-layout-constrained wp-block-group-is-layout-constrained\">\n<h2 class=\"wp-block-heading\">V\u00fdjimky<\/h2>\n\n\n\n<p>Neukl\u00e1d\u00e1me si \u017e\u00e1dn\u00e9 osobn\u00ed \u00fadaje o u\u017eivatel\u00edch dan\u00e9 slu\u017eby. Vyjma p\u0159\u00edpad\u016f, kdy u\u017eivatel provede na webu jednu z n\u00e1sleduj\u00edc\u00edch akc\u00ed:<\/p>\n\n\n\n<div class=\"accordion\">\n\t<div class=\"accordion__items\">\n\n<details class=\"expander is-style-box\">\n\t<summary data-datalayer-name=\"\" data-datalayer-text=\"Odesl\u00e1n\u00ed popt\u00e1vky\">\n\t\t\t\t<strong>Odesl\u00e1n\u00ed popt\u00e1vky<\/strong>\n\t\t\t<\/summary>\n\t<div class=\"inner-blocks\">\n\n<p>V p\u0159\u00edpad\u011b, \u017ee se u\u017eivatel rozhodne zaslat pomoc\u00ed na\u0161\u00ed slu\u017eby popt\u00e1vku, ulo\u017e\u00edme si \u00fadaje, kter\u00e9 do popt\u00e1vky s\u00e1m vypln\u00ed a bez kter\u00fdch by popt\u00e1vka nemohla b\u00fdt odeslan\u00e1. Jedn\u00e1 se o\u00a0jm\u00e9no, p\u0159\u00edjmen\u00ed, telefonn\u00ed \u010d\u00edslo a e-mail. Tyto informace ukl\u00e1d\u00e1me z\u00a0d\u016fvodu zp\u011btn\u00e9ho kontaktu u\u017eivatele s\u00a0popt\u00e1vanou firmou. P\u0159i odesl\u00e1n\u00ed mus\u00ed u\u017eivatel souhlasit se zpracov\u00e1n\u00edm osobn\u00edch \u00fadaj\u016f.<\/p>\n\n<\/div><\/details>\n\n\n\n<details class=\"expander is-style-box\">\n\t<summary data-datalayer-name=\"\" data-datalayer-text=\"P\u0159id\u00e1n\u00ed recenze\">\n\t\t\t\t<strong>P\u0159id\u00e1n\u00ed recenze<\/strong>\n\t\t\t<\/summary>\n\t<div class=\"inner-blocks\">\n\n<p>V okam\u017eiku, kdy chce u\u017eivatel ohodnotit n\u011bkterou z firem, mus\u00ed b\u00fdt p\u0159ihl\u00e1\u0161en\u00fd na profilu. V p\u0159\u00edpad\u011b, \u017ee klikne na &#8222;Ohodnotit firmu&#8220;, dopln\u00edme &#8222;Jm\u00e9no recenzenta&#8220; z profilu. Po odesl\u00e1n\u00ed recenze si ukl\u00e1d\u00e1me e-mailov\u00fd kontakt recenzenta, jm\u00e9no recenzenta, RUS ID a IP adresu. Je to z d\u016fvodu mo\u017en\u00e9ho zp\u011btn\u00e9ho kontaktu v souvislosti s recenz\u00ed. Pokud u\u017eivatel chce n\u011bkterou z existuj\u00edc\u00edch recenz\u00ed nahl\u00e1sit jako nevhodnou, je zapot\u0159eb\u00ed b\u00fdt p\u0159ihl\u00e1\u0161en\u00fd na profilu. S odesl\u00e1n\u00edm formul\u00e1\u0159e p\u0159ich\u00e1z\u00ed administr\u00e1tor\u016fm katalogu k posouzen\u00ed vypln\u011bn\u00fd d\u016fvod hl\u00e1\u0161en\u00ed a e-mailov\u00fd kontakt u\u017eivatele, kter\u00e9 recenzi nahl\u00e1sil. V n\u011bkter\u00fdch p\u0159\u00edpadech m\u016f\u017ee administr\u00e1tor u\u017eivatele kontaktovat pro ov\u011b\u0159en\u00ed d\u016fvodu nahl\u00e1\u0161en\u00ed.<\/p>\n\n<\/div><\/details>\n\n\n\n<details class=\"expander is-style-box\">\n\t<summary data-datalayer-name=\"\" data-datalayer-text=\"N\u00e1vrhy \u00faprav jednotliv\u00fdch profil\u016f\">\n\t\t\t\t<strong>N\u00e1vrhy \u00faprav jednotliv\u00fdch profil\u016f<\/strong>\n\t\t\t<\/summary>\n\t<div class=\"inner-blocks\">\n\n<p>Kdy\u017e n\u00e1m u\u017eivatel za\u0161le n\u00e1vrh na \u00fapravu n\u011bkter\u00e9ho z firemn\u00edch profil\u016f, m\u00e1 mo\u017enost zapsat zde sv\u016fj e-mail, na kter\u00fd mu d\u00e1me v\u011bd\u011bt, jak jsme s jeho n\u00e1vrhem nalo\u017eili. Zaps\u00e1n\u00ed e-mailu nen\u00ed povinn\u00e9.<\/p>\n\n<\/div><\/details>\n\n<\/div><\/div>\n\n<\/div>\n","protected":false},"excerpt":{"rendered":"<p>Na n\u00e1sleduj\u00edc\u00ed str\u00e1nce uv\u00e1d\u00edme p\u0159ehled osobn\u00edch dat u\u017eivatel\u016f, kter\u00e9 na Firmy.cz zpracov\u00e1v\u00e1me podle GDPR na\u0159\u00edzen\u00ed. Popis \u010dinnost\u00ed, p\u0159i kter\u00fdch ukl\u00e1d\u00e1me osobn\u00ed data S jak\u00fdmi \u00fadaji pracujeme V\u00fdjimky Neukl\u00e1d\u00e1me si \u017e\u00e1dn\u00e9 osobn\u00ed \u00fadaje o u\u017eivatel\u00edch dan\u00e9 slu\u017eby. Vyjma p\u0159\u00edpad\u016f, kdy u\u017eivatel provede na webu jednu z n\u00e1sleduj\u00edc\u00edch akc\u00ed:<\/p>\n","protected":false},"author":2,"featured_media":0,"parent":9,"menu_order":0,"comment_status":"closed","ping_status":"closed","template":"page-sidemenu","meta":{"_acf_changed":false,"_relevanssi_hide_post":"","_relevanssi_hide_content":"","_relevanssi_pin_for_all":"","_relevanssi_pin_keywords":"","_relevanssi_unpin_keywords":"","_relevanssi_related_keywords":"","_relevanssi_related_include_ids":"","_relevanssi_related_exclude_ids":"","_relevanssi_related_no_append":"","_relevanssi_related_not_related":"","_relevanssi_related_posts":"","_relevanssi_noindex_reason":"","footnotes":""},"page_category":[3],"page_tag":[],"class_list":["post-90","page","type-page","status-publish","hentry"],"acf":[],"lang":"cs","translations":{"cs":90,"en":2554},"pll_sync_post":[],"_links":{"self":[{"href":"https:\/\/o-seznam.cz\/pravni-informace\/wp-json\/wp\/v2\/pages\/90","targetHints":{"allow":["GET"]}}],"collection":[{"href":"https:\/\/o-seznam.cz\/pravni-informace\/wp-json\/wp\/v2\/pages"}],"about":[{"href":"https:\/\/o-seznam.cz\/pravni-informace\/wp-json\/wp\/v2\/types\/page"}],"author":[{"embeddable":true,"href":"https:\/\/o-seznam.cz\/pravni-informace\/wp-json\/wp\/v2\/users\/2"}],"replies":[{"embeddable":true,"href":"https:\/\/o-seznam.cz\/pravni-informace\/wp-json\/wp\/v2\/comments?post=90"}],"version-history":[{"count":30,"href":"https:\/\/o-seznam.cz\/pravni-informace\/wp-json\/wp\/v2\/pages\/90\/revisions"}],"predecessor-version":[{"id":1140,"href":"https:\/\/o-seznam.cz\/pravni-informace\/wp-json\/wp\/v2\/pages\/90\/revisions\/1140"}],"up":[{"embeddable":true,"href":"https:\/\/o-seznam.cz\/pravni-informace\/wp-json\/wp\/v2\/pages\/9"}],"wp:attachment":[{"href":"https:\/\/o-seznam.cz\/pravni-informace\/wp-json\/wp\/v2\/media?parent=90"}],"wp:term":[{"taxonomy":"page_category","embeddable":true,"href":"https:\/\/o-seznam.cz\/pravni-informace\/wp-json\/wp\/v2\/page_category?post=90"},{"taxonomy":"page_tag","embeddable":true,"href":"https:\/\/o-seznam.cz\/pravni-informace\/wp-json\/wp\/v2\/page_tag?post=90"}],"curies":[{"name":"wp","href":"https:\/\/api.w.org\/{rel}","templated":true}]}}