
{"id":82,"date":"2024-02-14T09:18:55","date_gmt":"2024-02-14T08:18:55","guid":{"rendered":"https:\/\/o-seznam.cz\/pravni-informace\/?page_id=82"},"modified":"2024-03-26T19:58:40","modified_gmt":"2024-03-26T18:58:40","slug":"seznam-zpravy","status":"publish","type":"page","link":"https:\/\/o-seznam.cz\/pravni-informace\/ochrana-udaju\/seznam-zpravy\/","title":{"rendered":"Seznam Zpr\u00e1vy"},"content":{"rendered":"\n<div class=\"wp-block-group is-layout-constrained wp-block-group-is-layout-constrained\">\n<p>Pokud se p\u0159ihl\u00e1s\u00edte do slu\u017eby\u00a0Seznam Zpr\u00e1vy,\u00a0neukl\u00e1d\u00e1me p\u0159\u00edmo na slu\u017ebu \u017e\u00e1dn\u00e9 osobn\u00ed \u00fadaje. Na slu\u017eb\u011b m\u00e1te k dispozici ud\u011blov\u00e1n\u00ed &#8222;L\u00edb\u00ed se&#8220; k vybran\u00fdm \u010dl\u00e1nk\u016fm a mo\u017enost vlo\u017eit koment\u00e1\u0159 v diskuz\u00edch ke \u010dl\u00e1nk\u016fm.<\/p>\n\n\n\n<p>V\u0161echny tyto mo\u017enosti poskytuj\u00ed jin\u00e9 slu\u017eby Seznamu, kter\u00e9 si uchov\u00e1vaj\u00ed n\u011bkter\u00e9 informace u sebe. Podrobnosti najdete v Z\u00e1sad\u00e1ch zpracov\u00e1n\u00ed osobn\u00edch \u00fadaj\u016f str\u00e1nky <a href=\"https:\/\/o-seznam.cz\/pravni-informace\/ochrana-udaju\/seznam-cz\/\">Seznam.cz<\/a> a <a href=\"https:\/\/o-seznam.cz\/pravni-informace\/ochrana-udaju\/seznam-diskuze\/\">Seznam Diskuze<\/a>.<\/p>\n<\/div>\n","protected":false},"excerpt":{"rendered":"<p>Pokud se p\u0159ihl\u00e1s\u00edte do slu\u017eby\u00a0Seznam Zpr\u00e1vy,\u00a0neukl\u00e1d\u00e1me p\u0159\u00edmo na slu\u017ebu \u017e\u00e1dn\u00e9 osobn\u00ed \u00fadaje. Na slu\u017eb\u011b m\u00e1te k dispozici ud\u011blov\u00e1n\u00ed &#8222;L\u00edb\u00ed se&#8220; k vybran\u00fdm \u010dl\u00e1nk\u016fm a mo\u017enost vlo\u017eit koment\u00e1\u0159 v diskuz\u00edch ke \u010dl\u00e1nk\u016fm. V\u0161echny tyto mo\u017enosti poskytuj\u00ed jin\u00e9 slu\u017eby Seznamu, kter\u00e9 si uchov\u00e1vaj\u00ed n\u011bkter\u00e9 informace u sebe. Podrobnosti najdete v Z\u00e1sad\u00e1ch zpracov\u00e1n\u00ed osobn\u00edch \u00fadaj\u016f str\u00e1nky Seznam.cz a [&hellip;]<\/p>\n","protected":false},"author":2,"featured_media":0,"parent":9,"menu_order":0,"comment_status":"closed","ping_status":"closed","template":"page-sidemenu","meta":{"_acf_changed":false,"_relevanssi_hide_post":"","_relevanssi_hide_content":"","_relevanssi_pin_for_all":"","_relevanssi_pin_keywords":"","_relevanssi_unpin_keywords":"","_relevanssi_related_keywords":"","_relevanssi_related_include_ids":"","_relevanssi_related_exclude_ids":"","_relevanssi_related_no_append":"","_relevanssi_related_not_related":"","_relevanssi_related_posts":"","_relevanssi_noindex_reason":"","footnotes":""},"page_category":[3],"page_tag":[],"class_list":["post-82","page","type-page","status-publish","hentry"],"acf":[],"lang":"cs","translations":{"cs":82,"en":2545},"pll_sync_post":[],"_links":{"self":[{"href":"https:\/\/o-seznam.cz\/pravni-informace\/wp-json\/wp\/v2\/pages\/82","targetHints":{"allow":["GET"]}}],"collection":[{"href":"https:\/\/o-seznam.cz\/pravni-informace\/wp-json\/wp\/v2\/pages"}],"about":[{"href":"https:\/\/o-seznam.cz\/pravni-informace\/wp-json\/wp\/v2\/types\/page"}],"author":[{"embeddable":true,"href":"https:\/\/o-seznam.cz\/pravni-informace\/wp-json\/wp\/v2\/users\/2"}],"replies":[{"embeddable":true,"href":"https:\/\/o-seznam.cz\/pravni-informace\/wp-json\/wp\/v2\/comments?post=82"}],"version-history":[{"count":5,"href":"https:\/\/o-seznam.cz\/pravni-informace\/wp-json\/wp\/v2\/pages\/82\/revisions"}],"predecessor-version":[{"id":1170,"href":"https:\/\/o-seznam.cz\/pravni-informace\/wp-json\/wp\/v2\/pages\/82\/revisions\/1170"}],"up":[{"embeddable":true,"href":"https:\/\/o-seznam.cz\/pravni-informace\/wp-json\/wp\/v2\/pages\/9"}],"wp:attachment":[{"href":"https:\/\/o-seznam.cz\/pravni-informace\/wp-json\/wp\/v2\/media?parent=82"}],"wp:term":[{"taxonomy":"page_category","embeddable":true,"href":"https:\/\/o-seznam.cz\/pravni-informace\/wp-json\/wp\/v2\/page_category?post=82"},{"taxonomy":"page_tag","embeddable":true,"href":"https:\/\/o-seznam.cz\/pravni-informace\/wp-json\/wp\/v2\/page_tag?post=82"}],"curies":[{"name":"wp","href":"https:\/\/api.w.org\/{rel}","templated":true}]}}