
{"id":79,"date":"2024-02-14T09:18:21","date_gmt":"2024-02-14T08:18:21","guid":{"rendered":"https:\/\/o-seznam.cz\/pravni-informace\/?page_id=79"},"modified":"2024-05-02T09:21:11","modified_gmt":"2024-05-02T07:21:11","slug":"aplikace","status":"publish","type":"page","link":"https:\/\/o-seznam.cz\/pravni-informace\/ochrana-udaju\/seznam-cz\/aplikace\/","title":{"rendered":"Aplikace Seznam.cz"},"content":{"rendered":"\n<div class=\"wp-block-group is-layout-constrained wp-block-group-is-layout-constrained\"><nav class=\"menu-anchors\">\n<ul>\n\t<li><a href=\"#ziskavane-informace\">Z\u00edsk\u00e1van\u00e9 informace<\/a><\/li>\n<li><a href=\"#zpusob-vyuziti-a-sdileni-udaju\">Zp\u016fsob vyu\u017eit\u00ed a sd\u00edlen\u00ed z\u00edskan\u00fdch \u00fadaj\u016f<\/a><\/li>\n<li><a href=\"#kontaktni-udaje-a-sprava\">Kontaktn\u00ed \u00fadaje a spr\u00e1va ulo\u017een\u00fdch \u00fadaj\u016f<\/a><\/li>\n<\/ul>\n\n<\/nav>\n<\/div>\n\n\n\n<div class=\"wp-block-group is-layout-constrained wp-block-group-is-layout-constrained\">\n<p>V r\u00e1mci aplikace Seznam.cz n\u00e1s zaj\u00edmaj\u00ed n\u011bkter\u00e9 \u00fadaje. P\u0159ed sebou m\u00e1te stru\u010dn\u00fd popis toho, o jak\u00e1 data se konkr\u00e9tn\u011b jedn\u00e1 a z jak\u00e9ho d\u016fvodu je shroma\u017e\u010fujeme. Ve vztahu k va\u0161im u\u017eivatelsk\u00fdm \u00fadaj\u016fm ct\u00edme n\u00e1sleduj\u00edc\u00ed z\u00e1sady.<\/p>\n\n\n\n<ul class=\"wp-block-list\">\n<li>Respektujeme va\u0161e soukrom\u00ed. T\u00e9to oblasti v\u011bnujeme velkou pozornost a podnik\u00e1me v\u0161echny p\u0159\u00edslu\u0161n\u00e9 kroky k tomu, abychom va\u0161e \u00fadaje \u0159\u00e1dn\u011b zabezpe\u010dili a ochr\u00e1nili je p\u0159ed zneu\u017eit\u00edm<\/li>\n\n\n\n<li>Dodr\u017eujeme platn\u00e9 pr\u00e1vn\u00ed p\u0159edpisy t\u00fdkaj\u00edc\u00ed se ochrany osobn\u00edch \u00fadaj\u016f<\/li>\n\n\n\n<li>\u00dadaje shroma\u017e\u010fujeme a vyu\u017e\u00edv\u00e1me kv\u016fli vylep\u0161ov\u00e1n\u00ed na\u0161ich slu\u017eeb<\/li>\n\n\n\n<li>Shrom\u00e1\u017ed\u011bn\u00e1 data jsou anonymn\u00ed, nelze je tedy spojit s konkr\u00e9tn\u00ed osobou<\/li>\n<\/ul>\n<\/div>\n\n\n\n<div class=\"wp-block-group is-layout-constrained wp-block-group-is-layout-constrained\">\n<h2 class=\"wp-block-heading\" id=\"ziskavane-informace\">Z\u00edsk\u00e1van\u00e9 informace<\/h2>\n\n\n\n<div class=\"accordion\">\n\t<div class=\"accordion__items\">\n\n<details class=\"expander is-style-box\">\n\t<summary data-datalayer-name=\"\" data-datalayer-text=\"Informace z\u00edsk\u00e1van\u00e9 automaticky p\u0159i pou\u017e\u00edv\u00e1n\u00ed aplikace\">\n\t\t\t\t<strong>Informace z\u00edsk\u00e1van\u00e9 automaticky p\u0159i pou\u017e\u00edv\u00e1n\u00ed aplikace<\/strong>\n\t\t\t<\/summary>\n\t<div class=\"inner-blocks\">\n\n<p>Spole\u010dnost Seznam.cz shroma\u017e\u010fuje statistick\u00e9 \u00fadaje o zp\u016fsobu a \u010detnosti vyu\u017e\u00edv\u00e1n\u00ed aplikace a jejich jednotliv\u00fdch funkc\u00ed, nav\u0161t\u00edven\u00fdch str\u00e1nk\u00e1ch a hledan\u00fdch v\u00fdrazech. D\u00edky t\u011bmto \u00fadaj\u016fm m\u016f\u017eeme pracovat na neust\u00e1l\u00e9m zlep\u0161ov\u00e1n\u00ed na\u0161ich slu\u017eeb. D\u00e1le n\u00e1s zaj\u00edmaj\u00ed technick\u00e9 \u00fadaje o tom, jak\u00e9 pou\u017e\u00edv\u00e1te za\u0159\u00edzen\u00ed a opera\u010dn\u00ed syst\u00e9m, a to zejm\u00e9na z d\u016fvodu spr\u00e1vn\u00e9ho zobrazen\u00ed grafick\u00fdch prvk\u016f a bezprobl\u00e9mov\u00e9ho fungov\u00e1n\u00ed aplikace pro koncov\u00e9 za\u0159\u00edzen\u00ed, na kter\u00e9m si jako u\u017eivatel slu\u017ebu prohl\u00ed\u017e\u00edte. Takto shrom\u00e1\u017ed\u011bn\u00e9 \u00fadaje n\u00e1sledn\u011b pou\u017e\u00edv\u00e1me pro intern\u00ed analytick\u00e9 \u00fa\u010dely. Uchov\u00e1v\u00e1me je v anonymizovan\u00e9 podob\u011b, ve kter\u00e9 nen\u00ed mo\u017en\u00e9 je propojit s konkr\u00e9tn\u00ed osobou.<\/p>\n\n<\/div><\/details>\n\n\n\n<details class=\"expander is-style-box\">\n\t<summary data-datalayer-name=\"\" data-datalayer-text=\"Informace poskytnut\u00e9 u\u017eivatelem\">\n\t\t\t\t<strong>Informace poskytnut\u00e9 u\u017eivatelem<\/strong>\n\t\t\t<\/summary>\n\t<div class=\"inner-blocks\">\n\n<p>V z\u00e1kladn\u00edm re\u017eimu (bez p\u0159ihl\u00e1\u0161en\u00ed) je mo\u017en\u00e9 aplikaci Seznam.cz vyu\u017e\u00edvat bez poskytnut\u00ed dal\u0161\u00edch osobn\u00edch \u00fadaj\u016f. Informace o historii proch\u00e1zen\u00ed, ulo\u017een\u00fdch str\u00e1nk\u00e1ch a datech formul\u00e1\u0159\u016f se ukl\u00e1daj\u00ed pouze lok\u00e1ln\u011b na za\u0159\u00edzen\u00ed a spole\u010dnost Seznam.cz k nim nem\u00e1 p\u0159\u00edstup. V p\u0159\u00edpad\u011b pou\u017e\u00edv\u00e1n\u00ed aplikace v re\u017eimu s p\u0159ihl\u00e1\u0161en\u00edm jsou n\u00e1m pro \u00fa\u010dely identifikace konkr\u00e9tn\u00edho u\u017eivatele zn\u00e1m\u00e9 p\u0159ihla\u0161ovac\u00ed \u00fadaje do Seznam \u00da\u010dtu. Informace jako historie proch\u00e1zen\u00ed, ulo\u017een\u00e9 str\u00e1nky, hesla a data formul\u00e1\u0159\u016f se po p\u0159ihl\u00e1\u0161en\u00ed ukl\u00e1daj\u00ed k p\u0159\u00edslu\u0161n\u00e9mu \u00fa\u010dtu na servery spole\u010dnosti Seznam.cz, kde se uchov\u00e1vaj\u00ed v anonymizovan\u00e9 podob\u011b a zpracuj\u00ed se pro intern\u00ed analytick\u00e9 \u00fa\u010dely a dal\u0161\u00ed rozvoj slu\u017eeb. Tyto \u00fadaje nesd\u00edl\u00edme s \u017e\u00e1dnou t\u0159et\u00ed stranou.<\/p>\n\n<\/div><\/details>\n\n\n\n<details class=\"expander is-style-box\">\n\t<summary data-datalayer-name=\"\" data-datalayer-text=\"Informace, kter\u00e9 vy\u017eaduj\u00ed povolen\u00ed\">\n\t\t\t\t<strong>Informace, kter\u00e9 vy\u017eaduj\u00ed povolen\u00ed<\/strong>\n\t\t\t<\/summary>\n\t<div class=\"inner-blocks\">\n\n<p>Pro pln\u00e9 fungov\u00e1n\u00ed m\u016f\u017ee aplikace Seznam.cz vy\u017eadovat n\u00e1sleduj\u00edc\u00ed opr\u00e1vn\u011bn\u00ed. Tato opr\u00e1vn\u011bn\u00ed j\u00ed m\u016f\u017eete a nemus\u00edte ud\u011blit, p\u0159\u00edpadn\u011b m\u016f\u017eete svou volbu kdykoliv zm\u011bnit v nastaven\u00ed syst\u00e9mu. Bez p\u0159\u00edslu\u0161n\u00fdch opr\u00e1vn\u011bn\u00ed nemus\u00ed b\u00fdt n\u011bkter\u00e9 funkce dostupn\u00e9.<\/p>\n\n\n\n<ul class=\"wp-block-list\">\n<li>P\u0159\u00edstup k \u00falo\u017ei\u0161ti<\/li>\n\n\n\n<li>P\u0159\u00edstup k fotoapar\u00e1tu<\/li>\n\n\n\n<li>P\u0159\u00edstup k mikrofonu<\/li>\n\n\n\n<li>P\u0159\u00edstup k poloze<\/li>\n\n\n\n<li>P\u0159\u00edstup k poloze na pozad\u00ed<\/li>\n\n\n\n<li>P\u0159\u00edstup ke kontakt\u016fm<\/li>\n<\/ul>\n\n\n\n<p>Pokud aplikaci p\u0159\u00edslu\u0161n\u00e1 opr\u00e1vn\u011bn\u00ed ud\u011bl\u00edte, m\u016f\u017eeme z\u00edskat informace o va\u0161\u00ed poloze, o hlasov\u011b zadan\u00fdch v\u00fdrazech do vyhled\u00e1v\u00e1n\u00ed a o pou\u017e\u00edv\u00e1n\u00ed funkce Hlasov\u00fd asistent. Bli\u017e\u0161\u00ed informace o zp\u016fsobu jejich vyu\u017eit\u00ed popisujeme v sekci Zp\u016fsob vyu\u017eit\u00ed a sd\u00edlen\u00ed z\u00edskan\u00fdch \u00fadaj\u016f.<\/p>\n\n<\/div><\/details>\n\n<\/div><\/div>\n\n<\/div>\n\n\n\n<div class=\"wp-block-group is-layout-constrained wp-block-group-is-layout-constrained\">\n<h2 class=\"wp-block-heading\" id=\"zpusob-vyuziti-a-sdileni-udaju\">Zp\u016fsob vyu\u017eit\u00ed a sd\u00edlen\u00ed z\u00edskan\u00fdch \u00fadaj\u016f<\/h2>\n\n\n\n<div class=\"accordion\">\n\t<div class=\"accordion__items\">\n\n<details class=\"expander is-style-box\">\n\t<summary data-datalayer-name=\"\" data-datalayer-text=\"Polohov\u00e9 slu\u017eby\">\n\t\t\t\t<strong>Polohov\u00e9 slu\u017eby<\/strong>\n\t\t\t<\/summary>\n\t<div class=\"inner-blocks\">\n\n<p>Aplikace v\u00e1s b\u011bhem pou\u017e\u00edv\u00e1n\u00ed m\u016f\u017ee po\u017e\u00e1dat o p\u0159\u00edstup k va\u0161\u00ed poloze, kterou m\u016f\u017ee nad\u00e1le sd\u00edlet s t\u011bmi webov\u00fdmi str\u00e1nkami, kter\u00fdm z\u00edsk\u00e1n\u00ed va\u0161\u00ed polohy povol\u00edte. Na toto povolen\u00ed se v\u00e1s aplikace zept\u00e1 pro ka\u017edou webovou str\u00e1nku zvl\u00e1\u0161\u0165. Svou polohu tedy m\u016f\u017eete sd\u00edlet jen s ur\u010dit\u00fdmi webov\u00fdmi str\u00e1nkami.<\/p>\n\n\n\n<p>Pokud pou\u017e\u00edv\u00e1te widget Po\u010das\u00ed na plo\u0161e telefonu, aplikace v\u00e1s po\u017e\u00e1d\u00e1 o p\u0159\u00edstup k poloze va\u0161eho za\u0159\u00edzen\u00ed na pozad\u00ed, tedy i v p\u0159\u00edpad\u011b, kdy aplikaci zrovna nepou\u017e\u00edv\u00e1te. Toto opr\u00e1vn\u011bn\u00ed slou\u017e\u00ed k tomu, aby v\u00e1m widget mohl v\u017edy uk\u00e1zat aktu\u00e1ln\u00ed p\u0159edpov\u011b\u010f pro oblast, kde se pr\u00e1v\u011b nach\u00e1z\u00edte, ani\u017e by bylo t\u0159eba spou\u0161t\u011bt aplikaci nebo polohu manu\u00e1ln\u011b aktualizovat.<\/p>\n\n\n\n<p>Tato data se vyu\u017e\u00edvaj\u00ed pouze k ur\u010den\u00ed va\u0161\u00ed polohy v p\u0159\u00edpad\u011b pou\u017e\u00edv\u00e1n\u00ed funkce widget Po\u010das\u00ed. Tyto \u00fadaje neuchov\u00e1v\u00e1me a nesd\u00edl\u00edme s \u017e\u00e1dnou t\u0159et\u00ed stranou. Opr\u00e1vn\u011bn\u00ed pro sb\u011br polohy i sb\u011br polohy na pozad\u00ed m\u016f\u017eete a nemus\u00edte aplikaci ud\u011blit, p\u0159\u00edpadn\u011b ho m\u016f\u017eete v nastaven\u00ed syst\u00e9mu kdykoliv odvolat.<\/p>\n\n<\/div><\/details>\n\n\n\n<details class=\"expander is-style-box\">\n\t<summary data-datalayer-name=\"\" data-datalayer-text=\"Informace pro provozovatele webov\u00fdch str\u00e1nek\">\n\t\t\t\t<strong>Informace pro provozovatele webov\u00fdch str\u00e1nek<\/strong>\n\t\t\t<\/summary>\n\t<div class=\"inner-blocks\">\n\n<p>Weby, kter\u00e9 v aplikaci Seznam.cz nav\u0161t\u00edv\u00edte, automaticky obdr\u017e\u00ed standardn\u00ed informace protokolu, v\u010detn\u011b IP adresy va\u0161eho syst\u00e9mu a dat ze soubor\u016f cookies nebo podobn\u00fdch technologi\u00ed.<\/p>\n\n<\/div><\/details>\n\n\n\n<details class=\"expander is-style-box\">\n\t<summary data-datalayer-name=\"\" data-datalayer-text=\"Hlasov\u00e9 p\u0159\u00edkazy pro slu\u017ebu Seznam asistent\">\n\t\t\t\t<strong>Hlasov\u00e9 p\u0159\u00edkazy pro slu\u017ebu Seznam asistent<\/strong>\n\t\t\t<\/summary>\n\t<div class=\"inner-blocks\">\n\n<p>Pokud si p\u0159ejete vyu\u017e\u00edvat slu\u017ebu Seznam hlasov\u00fd asistent, je pot\u0159eba ji zapnout v nastaven\u00ed aplikace a ud\u011blit j\u00ed p\u0159\u00edstup k mikrofonu va\u0161eho za\u0159\u00edzen\u00ed.<\/p>\n\n\n\n<p>Po \u00fasp\u011b\u0161n\u00e9m zapnut\u00ed mikrofon sn\u00edm\u00e1 zvuky z okol\u00ed va\u0161eho mobiln\u00edho za\u0159\u00edzen\u00ed a vyhodnocuje, zda jste vyslovili kl\u00ed\u010dov\u00e9 slovo pro aktivaci slu\u017eby, a to i kdy\u017e nen\u00ed spu\u0161t\u011bn\u00e1 aplikace Seznam.cz. Vyhodnocen\u00ed kl\u00ed\u010dov\u00e9ho slova prob\u00edh\u00e1 lok\u00e1ln\u011b na za\u0159\u00edzen\u00ed. Z t\u00e9to f\u00e1ze nevznikaj\u00ed \u017e\u00e1dn\u00e9 z\u00e1znamy a \u017e\u00e1dn\u00e9 informace se neukl\u00e1daj\u00ed a neodes\u00edlaj\u00ed.<\/p>\n\n\n\n<p>V okam\u017eiku, kdy aplikace zachyt\u00ed kl\u00ed\u010dov\u00e9 slovo &#8222;Sezname&#8220;, aktivuje se nahr\u00e1v\u00e1n\u00ed, kter\u00e9 zaznamen\u00e1 nejbli\u017e\u0161\u00ed promluvu. Tu ode\u0161le prost\u0159ednictv\u00edm Google Cloud Speech API k vyhodnocen\u00ed na servery spole\u010dnosti Google, kde prob\u011bhne p\u0159epis z\u00e1znamu do textov\u00e9 podoby. V\u00fdsledn\u00fd text aplikace vyhodnot\u00ed a na z\u00e1klad\u011b obsahu sd\u011blen\u00ed zareaguje proveden\u00edm po\u017eadovan\u00e9 funkce. Pokud se jedn\u00e1 o p\u0159\u00edkaz pro prvky chytr\u00e9 dom\u00e1cnosti, ode\u0161le aplikace tento p\u0159\u00edkaz v textov\u00e9 podob\u011b t\u0159et\u00ed stran\u011b, kter\u00e1 chytrou dom\u00e1cnost provozuje.<\/p>\n\n\n\n<p>Zpracov\u00e1n\u00ed hlasov\u00e9ho z\u00e1znamu spole\u010dnost\u00ed Google se \u0159\u00edd\u00ed podm\u00ednkami pro platformu Google Cloud.<\/p>\n\n\n\n<p>O \u010detnosti a zp\u016fsobu vyu\u017e\u00edv\u00e1n\u00ed slu\u017eby Hlasov\u00fd asistent si za \u00fa\u010delem dal\u0161\u00edho zlep\u0161ov\u00e1n\u00ed a rozvoje uchov\u00e1v\u00e1me anonymizovan\u00e1 textov\u00e1 data, kter\u00e1 jsou zaznamenan\u00e1 v takov\u00e9 podob\u011b, ve kter\u00e9 nen\u00ed mo\u017en\u00e9 spojit je s konkr\u00e9tn\u00ed osobou.<\/p>\n\n<\/div><\/details>\n\n\n\n<details class=\"expander is-style-box\">\n\t<summary data-datalayer-name=\"\" data-datalayer-text=\"Statistiky vyu\u017eit\u00ed a zpr\u00e1vy o selh\u00e1n\u00ed\">\n\t\t\t\t<strong>Statistiky vyu\u017eit\u00ed a zpr\u00e1vy o selh\u00e1n\u00ed<\/strong>\n\t\t\t<\/summary>\n\t<div class=\"inner-blocks\">\n\n<p>Do spole\u010dnosti Seznam.cz m\u016f\u017eete odes\u00edlat statistiky vyu\u017eit\u00ed a zpr\u00e1vy o selh\u00e1n\u00ed. Pom\u016f\u017eete n\u00e1m tak vylep\u0161ovat na\u0161e slu\u017eby. V Seznam Prohl\u00ed\u017ee\u010di je odes\u00edl\u00e1n\u00ed statistik vyu\u017eit\u00ed a zpr\u00e1v o selh\u00e1n\u00ed ve v\u00fdchoz\u00edm nastaven\u00ed zapnut\u00e9. Statistiky vyu\u017eit\u00ed obsahuj\u00ed informace, jako jsou p\u0159edvolby, kliknut\u00ed na tla\u010d\u00edtka, vyu\u017eit\u00ed pam\u011bti nebo adresy webov\u00fdch str\u00e1nek. Zpr\u00e1vy o selh\u00e1n\u00ed obsahuj\u00ed informace o syst\u00e9mu v dob\u011b selh\u00e1n\u00ed a mohou zahrnovat adresy webov\u00fdch str\u00e1nek nebo identifikaci u\u017eivatele (e-mailovou adresu, p\u0159es kterou jste do prohl\u00ed\u017ee\u010de p\u0159ihl\u00e1\u0161eni) a identifik\u00e1tory v Seznam prohl\u00ed\u017ee\u010di. Souhrnn\u00e9, neosobn\u00ed informace ze zpr\u00e1v o selh\u00e1n\u00ed m\u016f\u017eeme sd\u00edlet se t\u0159et\u00edmi stranami.<\/p>\n\n<\/div><\/details>\n\n\n\n<details class=\"expander is-style-box\">\n\t<summary data-datalayer-name=\"\" data-datalayer-text=\"Cookies\">\n\t\t\t\t<strong>Cookies<\/strong>\n\t\t\t<\/summary>\n\t<div class=\"inner-blocks\">\n\n<p>Vyu\u017e\u00edv\u00e1me cookies \u2013 cookie je kr\u00e1tk\u00fd textov\u00fd soubor, kter\u00fd nav\u0161t\u00edven\u00e1 webov\u00e1 str\u00e1nka ode\u0161le do prohl\u00ed\u017ee\u010de. Umo\u017e\u0148uje webu zaznamenat informace o va\u0161\u00ed n\u00e1v\u0161t\u011bv\u011b, preferovan\u00fd jazyk a dal\u0161\u00ed nastaven\u00ed. P\u0159\u00ed\u0161t\u00ed n\u00e1v\u0161t\u011bva str\u00e1nek pro v\u00e1s tak m\u016f\u017ee b\u00fdt snaz\u0161\u00ed a produktivn\u011bj\u0161\u00ed. Cookies slou\u017e\u00ed k cel\u00e9 \u0159ad\u011b \u00fa\u010del\u016f. Pou\u017e\u00edv\u00e1me je nap\u0159\u00edklad k ukl\u00e1d\u00e1n\u00ed va\u0161ich nastaven\u00ed bezpe\u010dn\u00e9ho vyhled\u00e1v\u00e1n\u00ed, k v\u00fdb\u011bru relevantn\u00edch reklam, ke sledov\u00e1n\u00ed po\u010dtu n\u00e1v\u0161t\u011bvn\u00edk\u016f na str\u00e1nce, k usnadn\u011bn\u00ed registrace nov\u00fdch slu\u017eeb a k ochran\u011b va\u0161ich dat.<\/p>\n\n<\/div><\/details>\n\n<\/div><\/div>\n\n<\/div>\n\n\n\n<div class=\"wp-block-group is-layout-constrained wp-block-group-is-layout-constrained\">\n<h2 class=\"wp-block-heading\" id=\"kontaktni-udaje-a-sprava\">Kontaktn\u00ed \u00fadaje a spr\u00e1va ulo\u017een\u00fdch \u00fadaj\u016f<\/h2>\n\n\n\n<p>Tyto z\u00e1sady ochrany soukrom\u00ed plat\u00ed pro zpracov\u00e1n\u00ed \u00fadaj\u016f v\u00fdvoj\u00e1\u0159e mobiln\u00ed aplikace Seznam.cz pro opera\u010dn\u00ed syst\u00e9my Android a iOS, kter\u00fdm je spole\u010dnost Seznam.cz.<\/p>\n\n\n\n<p>Historii prohl\u00ed\u017een\u00ed, data str\u00e1nek, soubory cookies, ulo\u017een\u00e1 hesla a data formul\u00e1\u0159\u016f m\u016f\u017eete smazat pomoc\u00ed p\u0159\u00edslu\u0161n\u00e9 funkce v nastaven\u00ed aplikace.<\/p>\n\n\n\n<p>\u017d\u00e1dost o smaz\u00e1n\u00ed va\u0161eho u\u017eivatelsk\u00e9ho profilu a vymaz\u00e1n\u00ed v\u0161ech souvisej\u00edc\u00edch osobn\u00edch \u00fadaj\u016f m\u016f\u017eete odeslat&nbsp;prost\u0159ednictv\u00edm formul\u00e1\u0159e. Pokud m\u00e1te dotaz t\u00fdkaj\u00edc\u00ed se ochrany \u00fadaj\u016f, pou\u017eijte pros\u00edm e-mailovou adresu&nbsp;ochranaudaju@firma.seznam.cz.<\/p>\n<\/div>\n","protected":false},"excerpt":{"rendered":"<p>V r\u00e1mci aplikace Seznam.cz n\u00e1s zaj\u00edmaj\u00ed n\u011bkter\u00e9 \u00fadaje. P\u0159ed sebou m\u00e1te stru\u010dn\u00fd popis toho, o jak\u00e1 data se konkr\u00e9tn\u011b jedn\u00e1 a z jak\u00e9ho d\u016fvodu je shroma\u017e\u010fujeme. Ve vztahu k va\u0161im u\u017eivatelsk\u00fdm \u00fadaj\u016fm ct\u00edme n\u00e1sleduj\u00edc\u00ed z\u00e1sady. Z\u00edsk\u00e1van\u00e9 informace Zp\u016fsob vyu\u017eit\u00ed a sd\u00edlen\u00ed z\u00edskan\u00fdch \u00fadaj\u016f Kontaktn\u00ed \u00fadaje a spr\u00e1va ulo\u017een\u00fdch \u00fadaj\u016f Tyto z\u00e1sady ochrany soukrom\u00ed plat\u00ed pro [&hellip;]<\/p>\n","protected":false},"author":2,"featured_media":0,"parent":56,"menu_order":0,"comment_status":"closed","ping_status":"closed","template":"page-sidemenu","meta":{"_acf_changed":false,"_relevanssi_hide_post":"","_relevanssi_hide_content":"","_relevanssi_pin_for_all":"","_relevanssi_pin_keywords":"","_relevanssi_unpin_keywords":"","_relevanssi_related_keywords":"","_relevanssi_related_include_ids":"","_relevanssi_related_exclude_ids":"","_relevanssi_related_no_append":"","_relevanssi_related_not_related":"","_relevanssi_related_posts":"","_relevanssi_noindex_reason":"","footnotes":""},"page_category":[3],"page_tag":[],"class_list":["post-79","page","type-page","status-publish","hentry"],"acf":[],"lang":"cs","translations":{"cs":79,"en":2530},"pll_sync_post":[],"_links":{"self":[{"href":"https:\/\/o-seznam.cz\/pravni-informace\/wp-json\/wp\/v2\/pages\/79","targetHints":{"allow":["GET"]}}],"collection":[{"href":"https:\/\/o-seznam.cz\/pravni-informace\/wp-json\/wp\/v2\/pages"}],"about":[{"href":"https:\/\/o-seznam.cz\/pravni-informace\/wp-json\/wp\/v2\/types\/page"}],"author":[{"embeddable":true,"href":"https:\/\/o-seznam.cz\/pravni-informace\/wp-json\/wp\/v2\/users\/2"}],"replies":[{"embeddable":true,"href":"https:\/\/o-seznam.cz\/pravni-informace\/wp-json\/wp\/v2\/comments?post=79"}],"version-history":[{"count":17,"href":"https:\/\/o-seznam.cz\/pravni-informace\/wp-json\/wp\/v2\/pages\/79\/revisions"}],"predecessor-version":[{"id":1536,"href":"https:\/\/o-seznam.cz\/pravni-informace\/wp-json\/wp\/v2\/pages\/79\/revisions\/1536"}],"up":[{"embeddable":true,"href":"https:\/\/o-seznam.cz\/pravni-informace\/wp-json\/wp\/v2\/pages\/56"}],"wp:attachment":[{"href":"https:\/\/o-seznam.cz\/pravni-informace\/wp-json\/wp\/v2\/media?parent=79"}],"wp:term":[{"taxonomy":"page_category","embeddable":true,"href":"https:\/\/o-seznam.cz\/pravni-informace\/wp-json\/wp\/v2\/page_category?post=79"},{"taxonomy":"page_tag","embeddable":true,"href":"https:\/\/o-seznam.cz\/pravni-informace\/wp-json\/wp\/v2\/page_tag?post=79"}],"curies":[{"name":"wp","href":"https:\/\/api.w.org\/{rel}","templated":true}]}}