
{"id":71,"date":"2024-02-14T09:13:22","date_gmt":"2024-02-14T08:13:22","guid":{"rendered":"https:\/\/o-seznam.cz\/pravni-informace\/?page_id=71"},"modified":"2024-05-02T08:59:27","modified_gmt":"2024-05-02T06:59:27","slug":"aplikace","status":"publish","type":"page","link":"https:\/\/o-seznam.cz\/pravni-informace\/ochrana-udaju\/email\/aplikace\/","title":{"rendered":"Aplikace Email"},"content":{"rendered":"\n<div class=\"wp-block-group is-layout-constrained wp-block-group-is-layout-constrained\">\n<p>V&nbsp;r\u00e1mci aplikace Seznam Email n\u00e1s zaj\u00edmaj\u00ed n\u011bkter\u00e9 \u00fadaje. P\u0159ed sebou m\u00e1te stru\u010dn\u00fd popis toho, o jak\u00e1 data se konkr\u00e9tn\u011b jedn\u00e1 a z jak\u00e9ho d\u016fvodu je shroma\u017e\u010fujeme. Ve vztahu k v\u00e1m a va\u0161im&nbsp;u\u017eivatelsk\u00fdm \u00fadaj\u016fm ct\u00edme n\u00e1sleduj\u00edc\u00ed z\u00e1sady.<\/p>\n\n\n\n<ul class=\"wp-block-list\">\n<li>Respektujeme va\u0161e soukrom\u00ed. T\u00e9to oblasti v\u011bnujeme velkou pozornost a podnik\u00e1me v\u0161echny p\u0159\u00edslu\u0161n\u00e9 kroky k tomu, abychom va\u0161e \u00fadaje \u0159\u00e1dn\u011b zabezpe\u010dili a ochr\u00e1nili je p\u0159ed zneu\u017eit\u00edm<\/li>\n\n\n\n<li>Dodr\u017eujeme platn\u00e9 pr\u00e1vn\u00ed p\u0159edpisy t\u00fdkaj\u00edc\u00ed se ochrany osobn\u00edch \u00fadaj\u016f<\/li>\n\n\n\n<li>\u00dadaje shroma\u017e\u010fujeme a vyu\u017e\u00edv\u00e1me kv\u016fli vylep\u0161ov\u00e1n\u00ed na\u0161ich slu\u017eeb<\/li>\n<\/ul>\n\n\n\n<p>Nevyhneme se tomu, abychom znali va\u0161e p\u0159ihla\u0161ovac\u00ed \u00fadaje \u2013 jedin\u011b tak je mo\u017en\u00e9 v\u00e1s identifikovat p\u0159i p\u0159ihla\u0161ov\u00e1n\u00ed do jednotliv\u00fdch slu\u017eeb.<\/p>\n<\/div>\n\n\n\n<div class=\"wp-block-group is-layout-constrained wp-block-group-is-layout-constrained\">\n<h2 class=\"wp-block-heading\">Shroma\u017e\u010fov\u00e1n\u00ed informac\u00ed<\/h2>\n\n\n\n<ul class=\"wp-block-list\">\n<li>Jedn\u00e1 se zejm\u00e9na o data t\u00fdkaj\u00edc\u00ed se ozna\u010dov\u00e1n\u00ed nevy\u017e\u00e1dan\u00e9 po\u0161ty, informace o po\u010dtu zpr\u00e1v ve schr\u00e1nce, \u010dinnost u\u017eivatele ve schr\u00e1nce (psan\u00ed, \u010dten\u00ed, maz\u00e1n\u00ed) a dal\u0161\u00ed provozn\u00ed informace<\/li>\n\n\n\n<li>V Seznamu n\u00e1s zaj\u00edmaj\u00ed tak\u00e9 t\u0159eba technick\u00e9 \u00fadaje o tom, jak\u00e9 pou\u017e\u00edv\u00e1te za\u0159\u00edzen\u00ed, hardware a opera\u010dn\u00ed syst\u00e9m. Zejm\u00e9na z d\u016fvodu spr\u00e1vn\u00e9ho zobrazen\u00ed grafick\u00fdch prvk\u016f a bezprobl\u00e9mov\u00e9ho fungov\u00e1n\u00ed aplikace pro koncov\u00e9 za\u0159\u00edzen\u00ed, na kter\u00e9m si jako u\u017eivatel prohl\u00ed\u017e\u00edte slu\u017ebu<\/li>\n\n\n\n<li>Takto shrom\u00e1\u017ed\u011bn\u00e9 \u00fadaje n\u00e1sledn\u011b pou\u017e\u00edv\u00e1me pro intern\u00ed analytick\u00e9 \u00fa\u010dely<\/li>\n<\/ul>\n<\/div>\n","protected":false},"excerpt":{"rendered":"<p>V&nbsp;r\u00e1mci aplikace Seznam Email n\u00e1s zaj\u00edmaj\u00ed n\u011bkter\u00e9 \u00fadaje. P\u0159ed sebou m\u00e1te stru\u010dn\u00fd popis toho, o jak\u00e1 data se konkr\u00e9tn\u011b jedn\u00e1 a z jak\u00e9ho d\u016fvodu je shroma\u017e\u010fujeme. Ve vztahu k v\u00e1m a va\u0161im&nbsp;u\u017eivatelsk\u00fdm \u00fadaj\u016fm ct\u00edme n\u00e1sleduj\u00edc\u00ed z\u00e1sady. Nevyhneme se tomu, abychom znali va\u0161e p\u0159ihla\u0161ovac\u00ed \u00fadaje \u2013 jedin\u011b tak je mo\u017en\u00e9 v\u00e1s identifikovat p\u0159i p\u0159ihla\u0161ov\u00e1n\u00ed do jednotliv\u00fdch [&hellip;]<\/p>\n","protected":false},"author":2,"featured_media":0,"parent":69,"menu_order":0,"comment_status":"closed","ping_status":"closed","template":"page-sidemenu","meta":{"_acf_changed":false,"_relevanssi_hide_post":"","_relevanssi_hide_content":"","_relevanssi_pin_for_all":"","_relevanssi_pin_keywords":"","_relevanssi_unpin_keywords":"","_relevanssi_related_keywords":"","_relevanssi_related_include_ids":"","_relevanssi_related_exclude_ids":"","_relevanssi_related_no_append":"","_relevanssi_related_not_related":"","_relevanssi_related_posts":"","_relevanssi_noindex_reason":"","footnotes":""},"page_category":[3],"page_tag":[],"class_list":["post-71","page","type-page","status-publish","hentry"],"acf":[],"lang":"cs","translations":{"cs":71,"en":2542},"pll_sync_post":[],"_links":{"self":[{"href":"https:\/\/o-seznam.cz\/pravni-informace\/wp-json\/wp\/v2\/pages\/71","targetHints":{"allow":["GET"]}}],"collection":[{"href":"https:\/\/o-seznam.cz\/pravni-informace\/wp-json\/wp\/v2\/pages"}],"about":[{"href":"https:\/\/o-seznam.cz\/pravni-informace\/wp-json\/wp\/v2\/types\/page"}],"author":[{"embeddable":true,"href":"https:\/\/o-seznam.cz\/pravni-informace\/wp-json\/wp\/v2\/users\/2"}],"replies":[{"embeddable":true,"href":"https:\/\/o-seznam.cz\/pravni-informace\/wp-json\/wp\/v2\/comments?post=71"}],"version-history":[{"count":11,"href":"https:\/\/o-seznam.cz\/pravni-informace\/wp-json\/wp\/v2\/pages\/71\/revisions"}],"predecessor-version":[{"id":1530,"href":"https:\/\/o-seznam.cz\/pravni-informace\/wp-json\/wp\/v2\/pages\/71\/revisions\/1530"}],"up":[{"embeddable":true,"href":"https:\/\/o-seznam.cz\/pravni-informace\/wp-json\/wp\/v2\/pages\/69"}],"wp:attachment":[{"href":"https:\/\/o-seznam.cz\/pravni-informace\/wp-json\/wp\/v2\/media?parent=71"}],"wp:term":[{"taxonomy":"page_category","embeddable":true,"href":"https:\/\/o-seznam.cz\/pravni-informace\/wp-json\/wp\/v2\/page_category?post=71"},{"taxonomy":"page_tag","embeddable":true,"href":"https:\/\/o-seznam.cz\/pravni-informace\/wp-json\/wp\/v2\/page_tag?post=71"}],"curies":[{"name":"wp","href":"https:\/\/api.w.org\/{rel}","templated":true}]}}