
{"id":69,"date":"2024-02-14T09:12:38","date_gmt":"2024-02-14T08:12:38","guid":{"rendered":"https:\/\/o-seznam.cz\/pravni-informace\/?page_id=69"},"modified":"2024-04-10T08:33:05","modified_gmt":"2024-04-10T06:33:05","slug":"email","status":"publish","type":"page","link":"https:\/\/o-seznam.cz\/pravni-informace\/ochrana-udaju\/email\/","title":{"rendered":"Email"},"content":{"rendered":"\n<div class=\"wp-block-group is-layout-constrained wp-block-group-is-layout-constrained\">\n<p>Hlavn\u00edm d\u016fvodem zpracov\u00e1n\u00ed osobn\u00edch \u00fadaj\u016f je zaji\u0161t\u011bn\u00ed bezpe\u010dnosti a funk\u010dnosti slu\u017eby.<\/p>\n<\/div>\n\n\n\n<div class=\"wp-block-group is-layout-constrained wp-block-group-is-layout-constrained\">\n<h2 class=\"wp-block-heading\">Kv\u016fli obnov\u011b hesla ukl\u00e1d\u00e1me<\/h2>\n\n\n\n<ul class=\"wp-block-list\">\n<li>Alternativn\u00ed e-mail<\/li>\n\n\n\n<li>Telefonn\u00ed \u010d\u00edslo<\/li>\n\n\n\n<li>Rok narozen\u00ed<\/li>\n<\/ul>\n<\/div>\n\n\n\n<div class=\"wp-block-group is-layout-constrained wp-block-group-is-layout-constrained\">\n<h2 class=\"wp-block-heading\">P\u0159i t\u0159\u00edd\u011bn\u00ed p\u0159\u00edchoz\u00ed a odchoz\u00ed po\u0161ty pou\u017e\u00edv\u00e1me<\/h2>\n\n\n\n<ul class=\"wp-block-list\">\n<li>Data poskytnut\u00e1 v t\u011ble a hlavi\u010dce e-mailu<\/li>\n\n\n\n<li>Data o klientovi \u010di serveru, kter\u00e1 n\u00e1m e-mail p\u0159edal (nap\u0159. e-mailov\u00e9 adresy, IP adresy, URL dom\u00e9ny atd.)<\/li>\n\n\n\n<li>Dlouhodob\u00e9 a kr\u00e1tkodob\u00e9 statistiky strojov\u011b napo\u010d\u00edtan\u00e9 z v\u00fd\u0161e uveden\u00fdch dat v\u010detn\u011b agregovan\u00fdch (anonymn\u00edch) statistik p\u0159\u00edslu\u0161n\u00fdch u\u017eivatelsk\u00fdch reakc\u00ed<\/li>\n<\/ul>\n<\/div>\n","protected":false},"excerpt":{"rendered":"<p>Hlavn\u00edm d\u016fvodem zpracov\u00e1n\u00ed osobn\u00edch \u00fadaj\u016f je zaji\u0161t\u011bn\u00ed bezpe\u010dnosti a funk\u010dnosti slu\u017eby. Kv\u016fli obnov\u011b hesla ukl\u00e1d\u00e1me P\u0159i t\u0159\u00edd\u011bn\u00ed p\u0159\u00edchoz\u00ed a odchoz\u00ed po\u0161ty pou\u017e\u00edv\u00e1me<\/p>\n","protected":false},"author":2,"featured_media":0,"parent":9,"menu_order":0,"comment_status":"closed","ping_status":"closed","template":"page-sidemenu","meta":{"_acf_changed":false,"_relevanssi_hide_post":"","_relevanssi_hide_content":"","_relevanssi_pin_for_all":"","_relevanssi_pin_keywords":"","_relevanssi_unpin_keywords":"","_relevanssi_related_keywords":"","_relevanssi_related_include_ids":"","_relevanssi_related_exclude_ids":"","_relevanssi_related_no_append":"","_relevanssi_related_not_related":"","_relevanssi_related_posts":"","_relevanssi_noindex_reason":"","footnotes":""},"page_category":[3],"page_tag":[],"class_list":["post-69","page","type-page","status-publish","hentry"],"acf":[],"lang":"cs","translations":{"cs":69,"en":2539},"pll_sync_post":[],"_links":{"self":[{"href":"https:\/\/o-seznam.cz\/pravni-informace\/wp-json\/wp\/v2\/pages\/69","targetHints":{"allow":["GET"]}}],"collection":[{"href":"https:\/\/o-seznam.cz\/pravni-informace\/wp-json\/wp\/v2\/pages"}],"about":[{"href":"https:\/\/o-seznam.cz\/pravni-informace\/wp-json\/wp\/v2\/types\/page"}],"author":[{"embeddable":true,"href":"https:\/\/o-seznam.cz\/pravni-informace\/wp-json\/wp\/v2\/users\/2"}],"replies":[{"embeddable":true,"href":"https:\/\/o-seznam.cz\/pravni-informace\/wp-json\/wp\/v2\/comments?post=69"}],"version-history":[{"count":9,"href":"https:\/\/o-seznam.cz\/pravni-informace\/wp-json\/wp\/v2\/pages\/69\/revisions"}],"predecessor-version":[{"id":1492,"href":"https:\/\/o-seznam.cz\/pravni-informace\/wp-json\/wp\/v2\/pages\/69\/revisions\/1492"}],"up":[{"embeddable":true,"href":"https:\/\/o-seznam.cz\/pravni-informace\/wp-json\/wp\/v2\/pages\/9"}],"wp:attachment":[{"href":"https:\/\/o-seznam.cz\/pravni-informace\/wp-json\/wp\/v2\/media?parent=69"}],"wp:term":[{"taxonomy":"page_category","embeddable":true,"href":"https:\/\/o-seznam.cz\/pravni-informace\/wp-json\/wp\/v2\/page_category?post=69"},{"taxonomy":"page_tag","embeddable":true,"href":"https:\/\/o-seznam.cz\/pravni-informace\/wp-json\/wp\/v2\/page_tag?post=69"}],"curies":[{"name":"wp","href":"https:\/\/api.w.org\/{rel}","templated":true}]}}