{"id":66,"date":"2024-02-14T09:10:42","date_gmt":"2024-02-14T08:10:42","guid":{"rendered":"https:\/\/o-seznam.cz\/pravni-informace\/?page_id=66"},"modified":"2024-03-26T21:36:42","modified_gmt":"2024-03-26T20:36:42","slug":"vyhledavani","status":"publish","type":"page","link":"https:\/\/o-seznam.cz\/pravni-informace\/ochrana-udaju\/vyhledavani\/","title":{"rendered":"Vyhled\u00e1v\u00e1n\u00ed"},"content":{"rendered":"\n<div class=\"wp-block-group is-layout-constrained wp-block-group-is-layout-constrained\">\n<p>Vyhled\u00e1v\u00e1n\u00ed Seznam.cz funguje pro v\u0161echny stejn\u00fdm zp\u016fsobem a nijak nepersonalizuje \u0159azen\u00ed p\u0159irozen\u00fdch v\u00fdsledk\u016f, i kdy\u017e jste p\u0159ihl\u00e1\u0161eni. Pracujeme pouze s anonymizovanou IP adresou pro \u00fa\u010dely provozu vyhled\u00e1v\u00e1n\u00ed. Na\u0161ept\u00e1va\u010d a upout\u00e1vky, stejn\u011b jako chytr\u00e9 karty ozna\u010den\u00e9 symbolem tlapky, mohou na z\u00e1klad\u011b va\u0161eho souhlasu nab\u00edzet v\u00fdsledky zp\u0159esn\u011bn\u00e9 o detekovanou nebo v\u00e1mi nastavenou lokalitu.<\/p>\n<\/div>\n","protected":false},"excerpt":{"rendered":"<p>Vyhled\u00e1v\u00e1n\u00ed Seznam.cz funguje pro v\u0161echny stejn\u00fdm zp\u016fsobem a nijak nepersonalizuje \u0159azen\u00ed p\u0159irozen\u00fdch v\u00fdsledk\u016f, i kdy\u017e jste p\u0159ihl\u00e1\u0161eni. Pracujeme pouze s anonymizovanou IP adresou pro \u00fa\u010dely provozu vyhled\u00e1v\u00e1n\u00ed. Na\u0161ept\u00e1va\u010d a upout\u00e1vky, stejn\u011b jako chytr\u00e9 karty ozna\u010den\u00e9 symbolem tlapky, mohou na z\u00e1klad\u011b va\u0161eho souhlasu nab\u00edzet v\u00fdsledky zp\u0159esn\u011bn\u00e9 o detekovanou nebo v\u00e1mi nastavenou lokalitu.<\/p>\n","protected":false},"author":2,"featured_media":0,"parent":9,"menu_order":0,"comment_status":"closed","ping_status":"closed","template":"page-sidemenu","meta":{"_acf_changed":false,"_relevanssi_hide_post":"","_relevanssi_hide_content":"","_relevanssi_pin_for_all":"","_relevanssi_pin_keywords":"","_relevanssi_unpin_keywords":"","_relevanssi_related_keywords":"","_relevanssi_related_include_ids":"","_relevanssi_related_exclude_ids":"","_relevanssi_related_no_append":"","_relevanssi_related_not_related":"","_relevanssi_related_posts":"","_relevanssi_noindex_reason":"","footnotes":""},"page_category":[3],"page_tag":[],"class_list":["post-66","page","type-page","status-publish","hentry"],"acf":[],"lang":"cs","translations":{"cs":66,"en":2536},"pll_sync_post":[],"_links":{"self":[{"href":"https:\/\/o-seznam.cz\/pravni-informace\/wp-json\/wp\/v2\/pages\/66","targetHints":{"allow":["GET"]}}],"collection":[{"href":"https:\/\/o-seznam.cz\/pravni-informace\/wp-json\/wp\/v2\/pages"}],"about":[{"href":"https:\/\/o-seznam.cz\/pravni-informace\/wp-json\/wp\/v2\/types\/page"}],"author":[{"embeddable":true,"href":"https:\/\/o-seznam.cz\/pravni-informace\/wp-json\/wp\/v2\/users\/2"}],"replies":[{"embeddable":true,"href":"https:\/\/o-seznam.cz\/pravni-informace\/wp-json\/wp\/v2\/comments?post=66"}],"version-history":[{"count":4,"href":"https:\/\/o-seznam.cz\/pravni-informace\/wp-json\/wp\/v2\/pages\/66\/revisions"}],"predecessor-version":[{"id":1193,"href":"https:\/\/o-seznam.cz\/pravni-informace\/wp-json\/wp\/v2\/pages\/66\/revisions\/1193"}],"up":[{"embeddable":true,"href":"https:\/\/o-seznam.cz\/pravni-informace\/wp-json\/wp\/v2\/pages\/9"}],"wp:attachment":[{"href":"https:\/\/o-seznam.cz\/pravni-informace\/wp-json\/wp\/v2\/media?parent=66"}],"wp:term":[{"taxonomy":"page_category","embeddable":true,"href":"https:\/\/o-seznam.cz\/pravni-informace\/wp-json\/wp\/v2\/page_category?post=66"},{"taxonomy":"page_tag","embeddable":true,"href":"https:\/\/o-seznam.cz\/pravni-informace\/wp-json\/wp\/v2\/page_tag?post=66"}],"curies":[{"name":"wp","href":"https:\/\/api.w.org\/{rel}","templated":true}]}}