
{"id":56,"date":"2024-02-14T08:58:32","date_gmt":"2024-02-14T07:58:32","guid":{"rendered":"https:\/\/o-seznam.cz\/pravni-informace\/?page_id=56"},"modified":"2024-04-10T08:51:51","modified_gmt":"2024-04-10T06:51:51","slug":"seznam-cz","status":"publish","type":"page","link":"https:\/\/o-seznam.cz\/pravni-informace\/ochrana-udaju\/seznam-cz\/","title":{"rendered":"Seznam.cz"},"content":{"rendered":"\n<div class=\"wp-block-group is-layout-constrained wp-block-group-is-layout-constrained\">\n<p>Hlavn\u00ed str\u00e1nka Seznamu shroma\u017e\u010fuje data o interakc\u00edch u\u017eivatel\u016f jako kliknut\u00ed na \u010dl\u00e1nek, tla\u010d\u00edtko &#8222;L\u00edb\u00ed se&#8220; a k\u0159\u00ed\u017eek pro \u00fapravu doporu\u010den\u00ed. Na z\u00e1klad\u011b t\u00e9to historie v\u00e1m pak nab\u00eddneme nejvhodn\u011bj\u0161\u00ed obsah.<\/p>\n\n\n\n<ul class=\"wp-block-list\">\n<li>Pro nep\u0159ihl\u00e1\u0161en\u00e9 u\u017eivatele se tyto informace dr\u017e\u00ed anonymizovan\u011b<\/li>\n\n\n\n<li>Pro p\u0159ihl\u00e1\u0161en\u00e9 u\u017eivatele zpracov\u00e1v\u00e1me osobn\u00ed \u00fadaje pouze po ud\u011blen\u00ed jejich souhlasu<\/li>\n<\/ul>\n\n\n\n<p>V sekci u\u017eivatelsk\u00e9ho profilu v tuto chv\u00edli zaji\u0161\u0165uje hlavn\u00ed str\u00e1nka n\u00e1hled v\u0161ech diskuzn\u00edch p\u0159\u00edsp\u011bvk\u016f, kter\u00e9 jste napsali p\u0159es slu\u017ebu Seznam Diskuze. D\u00e1v\u00e1 n\u00e1m mo\u017enost vytv\u00e1\u0159et vazby mezi v\u00e1mi a ostatn\u00edmi u\u017eivateli funkcionalitou &#8222;Sledov\u00e1n\u00ed&#8220;. D\u00e1le je tu ulo\u017een\u00fd obr\u00e1zek pro z\u00e1hlav\u00ed profilu. Funkce u\u017eivatelsk\u00e9ho profilu se do budoucna mohou m\u011bnit v z\u00e1vislosti na zm\u011bn\u00e1ch na\u0161ich slu\u017eeb a p\u0159idan\u00e9ho obsahu pro na\u0161e u\u017eivatele.<\/p>\n<\/div>\n","protected":false},"excerpt":{"rendered":"<p>Hlavn\u00ed str\u00e1nka Seznamu shroma\u017e\u010fuje data o interakc\u00edch u\u017eivatel\u016f jako kliknut\u00ed na \u010dl\u00e1nek, tla\u010d\u00edtko &#8222;L\u00edb\u00ed se&#8220; a k\u0159\u00ed\u017eek pro \u00fapravu doporu\u010den\u00ed. Na z\u00e1klad\u011b t\u00e9to historie v\u00e1m pak nab\u00eddneme nejvhodn\u011bj\u0161\u00ed obsah. V sekci u\u017eivatelsk\u00e9ho profilu v tuto chv\u00edli zaji\u0161\u0165uje hlavn\u00ed str\u00e1nka n\u00e1hled v\u0161ech diskuzn\u00edch p\u0159\u00edsp\u011bvk\u016f, kter\u00e9 jste napsali p\u0159es slu\u017ebu Seznam Diskuze. D\u00e1v\u00e1 n\u00e1m mo\u017enost vytv\u00e1\u0159et vazby [&hellip;]<\/p>\n","protected":false},"author":2,"featured_media":0,"parent":9,"menu_order":0,"comment_status":"closed","ping_status":"closed","template":"page-sidemenu","meta":{"_acf_changed":false,"_relevanssi_hide_post":"","_relevanssi_hide_content":"","_relevanssi_pin_for_all":"","_relevanssi_pin_keywords":"","_relevanssi_unpin_keywords":"","_relevanssi_related_keywords":"","_relevanssi_related_include_ids":"","_relevanssi_related_exclude_ids":"","_relevanssi_related_no_append":"","_relevanssi_related_not_related":"","_relevanssi_related_posts":"","_relevanssi_noindex_reason":"","footnotes":""},"page_category":[3],"page_tag":[],"class_list":["post-56","page","type-page","status-publish","hentry"],"acf":[],"lang":"cs","translations":{"cs":56,"en":2524},"pll_sync_post":[],"_links":{"self":[{"href":"https:\/\/o-seznam.cz\/pravni-informace\/wp-json\/wp\/v2\/pages\/56","targetHints":{"allow":["GET"]}}],"collection":[{"href":"https:\/\/o-seznam.cz\/pravni-informace\/wp-json\/wp\/v2\/pages"}],"about":[{"href":"https:\/\/o-seznam.cz\/pravni-informace\/wp-json\/wp\/v2\/types\/page"}],"author":[{"embeddable":true,"href":"https:\/\/o-seznam.cz\/pravni-informace\/wp-json\/wp\/v2\/users\/2"}],"replies":[{"embeddable":true,"href":"https:\/\/o-seznam.cz\/pravni-informace\/wp-json\/wp\/v2\/comments?post=56"}],"version-history":[{"count":9,"href":"https:\/\/o-seznam.cz\/pravni-informace\/wp-json\/wp\/v2\/pages\/56\/revisions"}],"predecessor-version":[{"id":1502,"href":"https:\/\/o-seznam.cz\/pravni-informace\/wp-json\/wp\/v2\/pages\/56\/revisions\/1502"}],"up":[{"embeddable":true,"href":"https:\/\/o-seznam.cz\/pravni-informace\/wp-json\/wp\/v2\/pages\/9"}],"wp:attachment":[{"href":"https:\/\/o-seznam.cz\/pravni-informace\/wp-json\/wp\/v2\/media?parent=56"}],"wp:term":[{"taxonomy":"page_category","embeddable":true,"href":"https:\/\/o-seznam.cz\/pravni-informace\/wp-json\/wp\/v2\/page_category?post=56"},{"taxonomy":"page_tag","embeddable":true,"href":"https:\/\/o-seznam.cz\/pravni-informace\/wp-json\/wp\/v2\/page_tag?post=56"}],"curies":[{"name":"wp","href":"https:\/\/api.w.org\/{rel}","templated":true}]}}