
{"id":2497,"date":"2026-02-13T18:02:24","date_gmt":"2026-02-13T17:02:24","guid":{"rendered":"https:\/\/o-seznam.cz\/pravni-informace\/?page_id=2497"},"modified":"2026-02-13T18:07:08","modified_gmt":"2026-02-13T17:07:08","slug":"pravidla-soutezi","status":"publish","type":"page","link":"https:\/\/o-seznam.cz\/pravni-informace\/pravidla-soutezi\/","title":{"rendered":"Pravidla sout\u011b\u017e\u00ed na soci\u00e1ln\u00edch s\u00edt\u00edch"},"content":{"rendered":"\n<div class=\"wp-block-group is-layout-constrained wp-block-group-is-layout-constrained\"><nav class=\"menu-anchors\">\n<ul>\n\t<li><a href=\"#obecna-ustanoveni\">Obecn\u00e1 ustanoven\u00ed<\/a><\/li>\n<li><a href=\"#soutezici\">Sout\u011b\u017e\u00edc\u00ed<\/a><\/li>\n<li><a href=\"#vyherci-a-vyhry\">V\u00fdherci, v\u00fdhry a zp\u016fsob ur\u010den\u00ed v\u00fdherc\u016f<\/a><\/li>\n<li><a href=\"#zaverecna-ustanoveni\">Z\u00e1v\u011bre\u010dn\u00e1 ustanoven\u00ed<\/a><\/li>\n<\/ul>\n\n<\/nav>\n<\/div>\n\n\n\n<div class=\"wp-block-group is-content-justification-left is-layout-constrained wp-container-core-group-is-layout-0ed21503 wp-block-group-is-layout-constrained\">\n<h2 class=\"wp-block-heading\" id=\"obecna-ustanoveni\">Obecn\u00e1 ustanoven\u00ed<\/h2>\n\n\n\n<ol class=\"wp-block-list\">\n<li>Po\u0159adatelem a vyhla\u0161ovatelem sout\u011b\u017ee je spole\u010dnost Seznam.cz, a.s., se s\u00eddlem Praha 5 \u2013 Sm\u00edchov, Radlick\u00e1 3294\/10, PS\u010c 150 00, I\u010cO: 26168685 (d\u00e1le jen &#8222;spole\u010dnost Seznam.cz&#8220;).<\/li>\n\n\n\n<li>Sout\u011b\u017e\u00ed se rozum\u00ed sout\u011b\u017e p\u0159\u00edznivc\u016f internetov\u00e9 str\u00e1nky Seznam.cz a dal\u0161\u00edch slu\u017eeb po\u0159adatele, zalo\u017een\u00e1 na interakci t\u011bchto p\u0159\u00edznivc\u016f na jednotliv\u00fdch webech a v prost\u0159ed\u00ed soci\u00e1ln\u00ed s\u00edt\u011b Facebook a\/nebo Instagram.<\/li>\n\n\n\n<li>Sout\u011b\u017e nen\u00ed \u017e\u00e1dn\u00fdm zp\u016fsobem po\u0159\u00e1d\u00e1na, sponzorov\u00e1na, podporov\u00e1na, vyhodnocov\u00e1na ani jinak spravov\u00e1na soci\u00e1ln\u00ed s\u00edt\u00ed Facebook a\/nebo Instagram, ani jej\u00edm provozovatelem. Provozovateli soci\u00e1ln\u00edch s\u00edt\u00ed Facebook a\/nebo Instagram nevznikaj\u00ed ve spojen\u00ed se sout\u011b\u017e\u00ed \u017e\u00e1dn\u00e1 pr\u00e1va ani povinnosti, ani v\u016f\u010di jej\u00edm \u00fa\u010dastn\u00edk\u016fm.<\/li>\n\n\n\n<li>Sout\u011b\u017e prob\u00edh\u00e1 na jedn\u00e9 z v\u00fd\u0161e uveden\u00fdch soci\u00e1ln\u00edch s\u00edt\u00ed a\/nebo na ka\u017ed\u00e9 z v\u00fd\u0161e uveden\u00fdch soci\u00e1ln\u00edch s\u00edt\u00ed samostatn\u011b.<\/li>\n\n\n\n<li>Sout\u011b\u017e nepodl\u00e9h\u00e1 z\u00e1konu \u010d. 186\/2016 Sb., o hazardn\u00edch hr\u00e1ch.<\/li>\n\n\n\n<li>Sout\u011b\u017e je v\u017edy zve\u0159ejn\u011bna prost\u0159ednictv\u00edm p\u0159\u00edsp\u011bvku se zve\u0159ejn\u011bn\u00edm sout\u011b\u017ee, a to p\u0159\u00edsp\u011bvku jak\u00e9hokoli form\u00e1tu typick\u00e9ho pro danou soci\u00e1ln\u00ed s\u00ed\u0165 (pro v\u0161echny shodn\u011b d\u00e1le jen &#8222;p\u0159\u00edsp\u011bvek se zve\u0159ejn\u011bn\u00edm sout\u011b\u017ee&#8220; \u010di &#8222;zve\u0159ejn\u011bn\u00ed&#8220;).<\/li>\n\n\n\n<li>Sout\u011b\u017e prob\u00edh\u00e1 na \u00fazem\u00ed \u010cesk\u00e9 republiky na soci\u00e1ln\u00ed s\u00edti Facebook a\/nebo Instagram (na ka\u017ed\u00e9 samostatn\u011b a\/nebo pouze na n\u011bkter\u00e9 z nich) od okam\u017eiku zve\u0159ejn\u011bn\u00ed sout\u011b\u017ee na dan\u00e9 soci\u00e1ln\u00ed s\u00edti do okam\u017eiku specifikovan\u00e9ho v p\u0159\u00edsp\u011bvku se zve\u0159ejn\u011bn\u00edm sout\u011b\u017ee, respektive podle harmonogramu specifikovan\u00e9ho v takov\u00e9mto zve\u0159ejn\u011bn\u00ed (d\u00e1le jen &#8222;term\u00edn sout\u011b\u017ee&#8220;).<\/li>\n<\/ol>\n<\/div>\n\n\n\n<div class=\"wp-block-group is-content-justification-left is-layout-constrained wp-container-core-group-is-layout-0ed21503 wp-block-group-is-layout-constrained\">\n<h2 class=\"wp-block-heading\" id=\"soutezici\">Sout\u011b\u017e\u00edc\u00ed<\/h2>\n\n\n\n<ol class=\"wp-block-list\">\n<li>\u00da\u010dastn\u00edkem sout\u011b\u017ee m\u016f\u017ee b\u00fdt osoba ve v\u011bku od 15 let s doru\u010dovac\u00ed adresou na \u00fazem\u00ed \u010cesk\u00e9 republiky, kter\u00e1 je registrovan\u00e1 na soci\u00e1ln\u00ed s\u00edti Facebook a\/nebo Instagram, m\u00e1 po celou dobu sout\u011b\u017ee aktivn\u00ed \u00fa\u010det na alespo\u0148 jedn\u00e9 z t\u011bchto soci\u00e1ln\u00edch s\u00edt\u00ed Facebook a\/nebo Instagram a sezn\u00e1mila se s t\u011bmito zve\u0159ejn\u011bn\u00fdmi pravidly sout\u011b\u017ee a zcela je spln\u00ed.<\/li>\n\n\n\n<li>Sout\u011b\u017e\u00edc\u00ed jsou z\u00e1rove\u0148 povinni dodr\u017eovat ve\u0161ker\u00e1 pravidla pou\u017e\u00edv\u00e1n\u00ed soci\u00e1ln\u00ed s\u00edt\u011b Facebook a\/nebo Instagram.<\/li>\n\n\n\n<li>Sout\u011b\u017ee se nesm\u00ed z\u00fa\u010dastnit zam\u011bstnanci spole\u010dnosti Seznam.cz a osob majetkov\u011b a organiza\u010dn\u011b propojen\u00fdch se spole\u010dnost\u00ed Seznam.cz a osoby bl\u00edzk\u00e9 t\u011bmto zam\u011bstnanc\u016fm.<\/li>\n\n\n\n<li>Sout\u011b\u017e\u00edc\u00ed se sout\u011b\u017ee z\u00fa\u010dastn\u00ed p\u0159id\u00e1n\u00edm, respektive zve\u0159ejn\u011bn\u00edm koment\u00e1\u0159e pod p\u0159\u00edsp\u011bvek se zve\u0159ejn\u011bn\u00edm sout\u011b\u017ee (d\u00e1le jen &#8222;sout\u011b\u017en\u00ed koment\u00e1\u0159&#8220;), jeho\u017e obsahem je odpov\u011b\u010f \u010di jin\u00e1 kvalifikovan\u00e1 reakce podle zad\u00e1n\u00ed (sout\u011b\u017en\u00ed ot\u00e1zky, sout\u011b\u017en\u00edho \u00fakolu apod.) specifikovan\u00e9ho v p\u0159\u00edsp\u011bvku se zve\u0159ejn\u011bn\u00edm sout\u011b\u017ee.<\/li>\n\n\n\n<li>Uve\u0159ejn\u011bn\u00edm sout\u011b\u017en\u00edho koment\u00e1\u0159e na soci\u00e1ln\u00ed s\u00edti ud\u011bluje sout\u011b\u017e\u00edc\u00ed spole\u010dnosti Seznam.cz souhlas k za\u0159azen\u00ed sout\u011b\u017en\u00edho koment\u00e1\u0159e, respektive jeho obsahu, do sout\u011b\u017ee a k jeho zve\u0159ejn\u011bn\u00ed (zejm\u00e9na na soci\u00e1ln\u00edch s\u00edt\u00edch, p\u0159\u00edpadn\u011b na webov\u00fdch str\u00e1nk\u00e1ch provozovan\u00fdch spole\u010dnost\u00ed Seznam.cz a p\u0159i propagaci sout\u011b\u017ee \u010di jin\u00e9ho relevantn\u00edho obsahu na takov\u00fdchto platform\u00e1ch) a k vyu\u017eit\u00ed sout\u011b\u017en\u00edho koment\u00e1\u0159e pro ostatn\u00ed \u00fa\u010dely po\u0159\u00e1dan\u00e9 sout\u011b\u017ee (zejm\u00e9na kontaktov\u00e1n\u00ed v\u00fdherce), a v p\u0159\u00edpad\u011b, \u017ee sout\u011b\u017en\u00ed koment\u00e1\u0159 nebo jeho d\u00edl\u010d\u00ed \u010d\u00e1sti napln\u00ed znaky autorsk\u00e9ho d\u00edla, p\u0159\u00edpadn\u011b jin\u00e9ho p\u0159edm\u011btu ochrany (pro oba d\u00e1le jen &#8222;p\u0159edm\u011bt ochrany&#8220;), ve smyslu z\u00e1kona \u010d. 121\/2000 Sb., o pr\u00e1vu autorsk\u00e9m, o pr\u00e1vech souvisej\u00edc\u00edch s pr\u00e1vem autorsk\u00fdm a o zm\u011bn\u011b n\u011bkter\u00fdch z\u00e1kon\u016f, ve zn\u011bn\u00ed pozd\u011bj\u0161\u00edch p\u0159edpis\u016f, poskytuje sout\u011b\u017e\u00edc\u00ed spole\u010dnosti Seznam.cz k takov\u00e9mu p\u0159edm\u011btu ochrany opr\u00e1vn\u011bn\u00ed k v\u00fdkonu pr\u00e1va u\u017eit\u00ed (licenci) v\u0161emi zp\u016fsoby dle ustanoven\u00ed \u00a7 12 dan\u00e9ho z\u00e1kona. Licence je poskytov\u00e1na jako nev\u00fdhradn\u00ed, bez mno\u017estevn\u00edho \u010di jin\u00e9ho omezen\u00ed a pro \u00fazem\u00ed cel\u00e9ho sv\u011bta. Licence m\u016f\u017ee b\u00fdt vyu\u017e\u00edv\u00e1na jak\u00fdmkoli technologick\u00fdm postupem. Spole\u010dnost Seznam.cz je opr\u00e1vn\u011bna p\u0159edm\u011bt ochrany u\u017e\u00edvat v celku nebo jeho libovoln\u00e9 \u010d\u00e1sti, samostatn\u011b i ve spojen\u00ed s jin\u00fdmi autorsk\u00fdmi d\u00edly \u010di jej za\u0159adit jako sou\u010d\u00e1st d\u00edla souborn\u00e9ho a je dle sv\u00e9 \u00favahy opr\u00e1vn\u011bna p\u0159edm\u011bt ochrany zpracov\u00e1vat, upravovat a m\u011bnit. Spole\u010dnost Seznam.cz je opr\u00e1vn\u011bna poskytnout podlicenci nebo postoupit licenci k u\u017eit\u00ed p\u0159edm\u011btu ochrany t\u0159et\u00ed osob\u011b. Spole\u010dnost Seznam.cz nen\u00ed povinna licenci vyu\u017e\u00edt.<\/li>\n\n\n\n<li>Uve\u0159ejn\u011bn\u00edm sout\u011b\u017en\u00edho koment\u00e1\u0159e na soci\u00e1ln\u00ed s\u00edti prohla\u0161uje sout\u011b\u017e\u00edc\u00ed z\u00e1rove\u0148, \u017ee vypo\u0159\u00e1dal ve\u0161ker\u00e1 p\u0159\u00edpadn\u00e1 pr\u00e1va t\u0159et\u00edch osob souvisej\u00edc\u00ed s uve\u0159ejn\u011bn\u00fdm sout\u011b\u017en\u00edm koment\u00e1\u0159em (v\u010detn\u011b jeho jednotliv\u00fdch \u010d\u00e1st\u00ed) a \u017ee spole\u010dnosti Seznam.cz odpov\u00edd\u00e1 za ve\u0161kerou p\u0159\u00edpadnou \u0161kodu, kter\u00e1 j\u00ed vznikne v d\u016fsledku nepravdivosti tohoto prohl\u00e1\u0161en\u00ed.<\/li>\n<\/ol>\n<\/div>\n\n\n\n<div class=\"wp-block-group is-content-justification-left is-layout-constrained wp-container-core-group-is-layout-0ed21503 wp-block-group-is-layout-constrained\">\n<h2 class=\"wp-block-heading\" id=\"vyherci-a-vyhry\">V\u00fdherci, v\u00fdhry a zp\u016fsob ur\u010den\u00ed v\u00fdherc\u016f<\/h2>\n\n\n\n<ol class=\"wp-block-list\">\n<li>Ze sout\u011b\u017e\u00edc\u00edch budou ur\u010deni jeden a\/nebo v\u00edce v\u00fdherc\u016f, a to konkr\u00e9tn\u011b v po\u010dtu podle specifikace v p\u0159\u00edsp\u011bvku se zve\u0159ejn\u011bn\u00edm sout\u011b\u017ee.<\/li>\n\n\n\n<li>V\u00fdherci budou ur\u010deni losov\u00e1n\u00edm ze sout\u011b\u017en\u00edch koment\u00e1\u0159\u016f odpov\u00eddaj\u00edc\u00edch spr\u00e1vn\u00e9 odpov\u011bdi, respektive reakci na zad\u00e1n\u00ed v p\u0159\u00edsp\u011bvku se zve\u0159ejn\u011bn\u00edm sout\u011b\u017ee, p\u0159\u00edpadn\u011b jin\u00fdm zp\u016fsobem dle specifikace v p\u0159\u00edsp\u011bvku se zve\u0159ejn\u011bn\u00edm sout\u011b\u017ee.<\/li>\n\n\n\n<li>Auto\u0159i v\u00edt\u011bzn\u00fdch sout\u011b\u017en\u00edch koment\u00e1\u0159\u016f budou v\u00fdherci sout\u011b\u017ee.<\/li>\n\n\n\n<li>V\u00fdherci budou spole\u010dnost\u00ed Seznam.cz informov\u00e1ni prost\u0159ednictv\u00edm odpov\u011bdi na dan\u00fd v\u00edt\u011bzn\u00fd sout\u011b\u017en\u00ed koment\u00e1\u0159 a\/nebo prost\u0159ednictv\u00edm soukrom\u00e9 zpr\u00e1vy na dan\u00e9 soci\u00e1ln\u00ed s\u00edti (d\u00e1le jen &#8222;vyhl\u00e1\u0161en\u00ed v\u00fdsledk\u016f&#8220;), a to za \u00fa\u010delem domluven\u00ed zp\u016fsobu p\u0159ed\u00e1n\u00ed v\u00fdhry, respektive doru\u010dovac\u00ed adresy, p\u0159\u00edpadn\u011b nov\u00e9ho zasl\u00e1n\u00ed obsahu v\u00edt\u011bzn\u00e9ho sout\u011b\u017en\u00edho koment\u00e1\u0159e v lep\u0161\u00ed kvalit\u011b. K tomuto zp\u016fsobu informov\u00e1n\u00ed d\u00e1vaj\u00ed svoj\u00ed \u00fa\u010dast\u00ed v sout\u011b\u017ei sout\u011b\u017e\u00edc\u00ed spole\u010dnosti Seznam.cz souhlas.<\/li>\n\n\n\n<li>V p\u0159\u00edpad\u011b, \u017ee se spole\u010dnosti Seznam.cz nepoda\u0159\u00ed s v\u00fdhercem zkontaktovat a n\u00e1sledn\u011b se s n\u00edm domluvit na zp\u016fsobu p\u0159ed\u00e1n\u00ed v\u00fdhry do p\u011bti pracovn\u00edch dn\u016f ode dne vyhl\u00e1\u0161en\u00ed v\u00fdsledk\u016f, n\u00e1rok v\u00fdherce na v\u00fdhru zanikne.<\/li>\n\n\n\n<li>Ka\u017ed\u00fd v\u00fdherce z\u00edsk\u00e1 od spole\u010dnosti Seznam.cz nepen\u011b\u017en\u00ed v\u00fdhru v podob\u011b a cen\u011b podle specifikace v p\u0159\u00edsp\u011bvku se zve\u0159ejn\u011bn\u00edm sout\u011b\u017ee, nejv\u00fd\u0161e v\u0161ak v hodnot\u011b 50 000,- K\u010d v\u010detn\u011b z\u00e1konn\u00e9 sazby DPH.<\/li>\n\n\n\n<li>Pro informaci spole\u010dnost Seznam.cz uv\u00e1d\u00ed, \u017ee v\u00fdhry v \u00fahrnn\u00e9 hodnot\u011b nep\u0159evy\u0161uj\u00edc\u00ed \u010d\u00e1stku 50 000,- K\u010d v\u010detn\u011b z\u00e1konn\u00e9 sazby DPH jsou osvobozeny od dan\u011b z p\u0159\u00edjm\u016f fyzick\u00fdch osob podle z\u00e1kona \u010d. 586\/1992 Sb., o dan\u00edch z p\u0159\u00edjm\u016f, ve zn\u011bn\u00ed pozd\u011bj\u0161\u00edch pr\u00e1vn\u00edch p\u0159edpis\u016f.<\/li>\n\n\n\n<li>Na poskytnut\u00ed v\u00fdhry nen\u00ed pr\u00e1vn\u00ed n\u00e1rok. V\u00fdhru nen\u00ed mo\u017en\u00e9 vym\u00e1hat pr\u00e1vn\u00ed cestou ani alternativn\u011b plnit v pen\u011bz\u00edch. V\u00fdherce nem\u00e1 n\u00e1rok na n\u00e1hradu n\u00e1klad\u016f spojen\u00fdch s \u00fa\u010dast\u00ed v sout\u011b\u017ei nebo na jak\u00e1koli jin\u00e1 pln\u011bn\u00ed ze strany spole\u010dnosti Seznam.cz.<\/li>\n\n\n\n<li>Seznam.cz nen\u00ed nikterak povinen komunikovat se sout\u011b\u017e\u00edc\u00edmi, kte\u0159\u00ed se nestanou v\u00fdherci, respektive od\u016fvod\u0148ovat \u010di jinak obhajovat v\u00fdsledky sout\u011b\u017ee.<\/li>\n<\/ol>\n<\/div>\n\n\n\n<div class=\"wp-block-group is-content-justification-left is-layout-constrained wp-container-core-group-is-layout-0ed21503 wp-block-group-is-layout-constrained\">\n<h2 class=\"wp-block-heading\" id=\"zaverecna-ustanoveni\">Z\u00e1v\u011bre\u010dn\u00e1 ustanoven\u00ed<\/h2>\n\n\n\n<ol class=\"wp-block-list\">\n<li>Spole\u010dnost Seznam.cz m\u00e1 pr\u00e1vo rozhodnout o pokra\u010dov\u00e1n\u00ed sout\u011b\u017ee nebo sout\u011b\u017e i bez uveden\u00ed d\u016fvodu p\u0159ed\u010dasn\u011b ukon\u010dit.<\/li>\n\n\n\n<li>Spole\u010dnost Seznam.cz si vyhrazuje pr\u00e1vo kdykoli zm\u011bnit tato pravidla. Nov\u00e9 zn\u011bn\u00ed pravidel bude \u00fa\u010dinn\u00e9 od okam\u017eiku jejich zve\u0159ejn\u011bn\u00ed.<\/li>\n\n\n\n<li>Spole\u010dnost Seznam.cz je opr\u00e1vn\u011bna vy\u0159adit ze sout\u011b\u017ee, i bez p\u0159edchoz\u00edho upozorn\u011bn\u00ed, sout\u011b\u017e\u00edc\u00edho, kter\u00fd poru\u0161\u00ed tato pravidla a dal\u0161\u00ed podm\u00ednky specifikovan\u00e9 ve zve\u0159ejn\u011bn\u00ed sout\u011b\u017ee, obecn\u011b z\u00e1vazn\u00e9 pr\u00e1vn\u00ed p\u0159edpisy a pravidla pou\u017e\u00edv\u00e1n\u00ed t\u00e9 kter\u00e9 soci\u00e1ln\u00ed s\u00edt\u011b nebo u n\u011bho\u017e bude m\u00edt Seznam.cz d\u016fvodn\u00e9 podez\u0159en\u00ed na poru\u0161en\u00ed p\u0159edm\u011btn\u00fdch pravidel, podm\u00ednek a p\u0159edpis\u016f.<\/li>\n\n\n\n<li>Osobn\u00ed \u00fadaje poskytnut\u00e9 sout\u011b\u017e\u00edc\u00edm budou spole\u010dnost\u00ed Seznam.cz zpracov\u00e1ny pro \u00fa\u010dely \u00fa\u010dasti v t\u00e9to sout\u011b\u017ei, p\u0159ed\u00e1n\u00ed v\u00fdhry \u010di za jin\u00fdm \u00fa\u010delem spojen\u00fdm se sout\u011b\u017e\u00ed a licencemi podle t\u011bchto pravidel.<\/li>\n\n\n\n<li>Sout\u011b\u017e\u00edc\u00ed \u00fa\u010dast\u00ed v sout\u011b\u017ei vyslovuje souhlas s t\u011bmito pravidly a zavazuje se k jejich dodr\u017eov\u00e1n\u00ed.<\/li>\n\n\n\n<li>Tato pravidla se zve\u0159ej\u0148uj\u00ed na internetov\u00e9 s\u00edti, respektive na soci\u00e1ln\u00edch s\u00edt\u00edch, na kter\u00fdch budou sout\u011b\u017ee po\u0159\u00e1d\u00e1ny.<\/li>\n<\/ol>\n<\/div>\n","protected":false},"excerpt":{"rendered":"<p>Obecn\u00e1 ustanoven\u00ed Sout\u011b\u017e\u00edc\u00ed V\u00fdherci, v\u00fdhry a zp\u016fsob ur\u010den\u00ed v\u00fdherc\u016f Z\u00e1v\u011bre\u010dn\u00e1 ustanoven\u00ed<\/p>\n","protected":false},"author":2,"featured_media":0,"parent":0,"menu_order":0,"comment_status":"closed","ping_status":"closed","template":"","meta":{"_acf_changed":false,"_relevanssi_hide_post":"","_relevanssi_hide_content":"","_relevanssi_pin_for_all":"","_relevanssi_pin_keywords":"","_relevanssi_unpin_keywords":"","_relevanssi_related_keywords":"","_relevanssi_related_include_ids":"","_relevanssi_related_exclude_ids":"","_relevanssi_related_no_append":"","_relevanssi_related_not_related":"","_relevanssi_related_posts":"","_relevanssi_noindex_reason":"","footnotes":""},"page_category":[],"page_tag":[],"class_list":["post-2497","page","type-page","status-publish","hentry"],"acf":[],"lang":"cs","translations":{"cs":2497,"en":2692},"pll_sync_post":[],"_links":{"self":[{"href":"https:\/\/o-seznam.cz\/pravni-informace\/wp-json\/wp\/v2\/pages\/2497","targetHints":{"allow":["GET"]}}],"collection":[{"href":"https:\/\/o-seznam.cz\/pravni-informace\/wp-json\/wp\/v2\/pages"}],"about":[{"href":"https:\/\/o-seznam.cz\/pravni-informace\/wp-json\/wp\/v2\/types\/page"}],"author":[{"embeddable":true,"href":"https:\/\/o-seznam.cz\/pravni-informace\/wp-json\/wp\/v2\/users\/2"}],"replies":[{"embeddable":true,"href":"https:\/\/o-seznam.cz\/pravni-informace\/wp-json\/wp\/v2\/comments?post=2497"}],"version-history":[{"count":3,"href":"https:\/\/o-seznam.cz\/pravni-informace\/wp-json\/wp\/v2\/pages\/2497\/revisions"}],"predecessor-version":[{"id":2502,"href":"https:\/\/o-seznam.cz\/pravni-informace\/wp-json\/wp\/v2\/pages\/2497\/revisions\/2502"}],"wp:attachment":[{"href":"https:\/\/o-seznam.cz\/pravni-informace\/wp-json\/wp\/v2\/media?parent=2497"}],"wp:term":[{"taxonomy":"page_category","embeddable":true,"href":"https:\/\/o-seznam.cz\/pravni-informace\/wp-json\/wp\/v2\/page_category?post=2497"},{"taxonomy":"page_tag","embeddable":true,"href":"https:\/\/o-seznam.cz\/pravni-informace\/wp-json\/wp\/v2\/page_tag?post=2497"}],"curies":[{"name":"wp","href":"https:\/\/api.w.org\/{rel}","templated":true}]}}