
{"id":2361,"date":"2025-09-26T16:05:12","date_gmt":"2025-09-26T14:05:12","guid":{"rendered":"https:\/\/o-seznam.cz\/pravni-informace\/?page_id=2361"},"modified":"2025-10-07T09:09:04","modified_gmt":"2025-10-07T07:09:04","slug":"ai-asistent","status":"publish","type":"page","link":"https:\/\/o-seznam.cz\/pravni-informace\/ochrana-udaju\/ai-asistent\/","title":{"rendered":"Seznam AI Asistent"},"content":{"rendered":"\n<div class=\"wp-block-group is-layout-constrained wp-block-group-is-layout-constrained\">\n<p>V\u00e1\u0161 vstup bude prost\u0159ednictv\u00edm slu\u017eby Seznam AI Asistent p\u0159ed\u00e1n velk\u00e9mu jazykov\u00e9mu modelu (LLM) SeLLMa, kter\u00fd je provozov\u00e1n spole\u010dnost\u00ed Seznam.cz nebo slu\u017eb\u011b Azure OpenAI, kter\u00e1 je provozov\u00e1na spole\u010dnost\u00ed Microsoft, a to za&nbsp;\u00fa\u010delem&nbsp;generov\u00e1n\u00ed odpov\u00eddaj\u00edc\u00edch v\u00fdstup\u016f na v\u00e1mi zadan\u00e9 vstupy.<\/p>\n\n\n\n<p>P\u0159i vyu\u017eit\u00ed slu\u017eby Seznam AI Asistent doch\u00e1z\u00ed ke zpracov\u00e1n\u00ed n\u00e1sleduj\u00edc\u00edch \u00fadaj\u016f:<\/p>\n\n\n\n<ul class=\"wp-block-list\">\n<li>\u00dadaje obsa\u017een\u00e9 ve vstupu od v\u00e1s a ve v\u00fdstupu od poskytovatele velk\u00e9ho jazykov\u00e9ho modelu<\/li>\n\n\n\n<li>\u010cas a \u010detnost vstup\u016f a v\u00fdstup\u016f<\/li>\n\n\n\n<li>IP adresa<\/li>\n\n\n\n<li>Va\u0161e e-mailov\u00e1 adresa, kterou m\u00e1te registrov\u00e1nu pro vyu\u017e\u00edv\u00e1n\u00ed slu\u017eeb Seznam.cz<\/li>\n<\/ul>\n\n\n\n<p>Z&nbsp;d\u016fvodu ochrany p\u0159ed automaticky generovan\u00fdm dotazy je mo\u017en\u00e9 slu\u017ebu Seznam AI Asistent vyu\u017e\u00edvat v\u00fdlu\u010dn\u011b po p\u0159ihl\u00e1\u0161en\u00ed prost\u0159ednictv\u00edm Va\u0161eho u\u017eivatelsk\u00e9ho \u00fa\u010dtu. K&nbsp;Va\u0161emu vstupu si ulo\u017e\u00edme va\u0161i e-mailovou adresu, kterou m\u00e1te registrov\u00e1nu pro vyu\u017e\u00edv\u00e1n\u00ed slu\u017eeb Seznam.cz (Registrovan\u00fd \u00fa\u010det Seznamu). Va\u0161e vstupy m\u00e1me ulo\u017eeny po dobu 6 m\u011bs\u00edc\u016f, pot\u00e9 dojde anonymizaci zadan\u00fdch vstup\u016f a poskytnut\u00fdch v\u00fdstup\u016f.<\/p>\n\n\n\n<p>U\u017eivatelsk\u00e9 vstupy a v\u00fdstupy mohou b\u00fdt vyu\u017eity k vylep\u0161en\u00ed slu\u017eeb prost\u0159ednictv\u00edm anonymizovan\u00e9ho u\u010den\u00ed.<\/p>\n<\/div>\n\n\n\n<div class=\"wp-block-group is-layout-constrained wp-block-group-is-layout-constrained\">\n<h2 class=\"wp-block-heading\">Zpracovatel \u00fadaj\u016f<\/h2>\n\n\n\n<p>Microsoft Ireland Operations, Ltd.<br>One Microsoft Place<br>South County Business Park<br>Leopardstown<br>Dublin 18, D18 P521, Irsko, Ltd.<\/p>\n\n\n\n<p>Zpracovatel nezpracov\u00e1v\u00e1 osobn\u00ed \u00fadaje pro vlastn\u00ed \u00fa\u010dely. Osobn\u00ed \u00fadaje jsou zpracov\u00e1v\u00e1ny za \u00fa\u010delem generov\u00e1n\u00ed v\u00fdstup\u016f na v\u00e1m zadan\u00e9 vstupy.<\/p>\n<\/div>\n","protected":false},"excerpt":{"rendered":"<p>V\u00e1\u0161 vstup bude prost\u0159ednictv\u00edm slu\u017eby Seznam AI Asistent p\u0159ed\u00e1n velk\u00e9mu jazykov\u00e9mu modelu (LLM) SeLLMa, kter\u00fd je provozov\u00e1n spole\u010dnost\u00ed Seznam.cz nebo slu\u017eb\u011b Azure OpenAI, kter\u00e1 je provozov\u00e1na spole\u010dnost\u00ed Microsoft, a to za&nbsp;\u00fa\u010delem&nbsp;generov\u00e1n\u00ed odpov\u00eddaj\u00edc\u00edch v\u00fdstup\u016f na v\u00e1mi zadan\u00e9 vstupy. P\u0159i vyu\u017eit\u00ed slu\u017eby Seznam AI Asistent doch\u00e1z\u00ed ke zpracov\u00e1n\u00ed n\u00e1sleduj\u00edc\u00edch \u00fadaj\u016f: Z&nbsp;d\u016fvodu ochrany p\u0159ed automaticky generovan\u00fdm dotazy je [&hellip;]<\/p>\n","protected":false},"author":67,"featured_media":0,"parent":9,"menu_order":0,"comment_status":"closed","ping_status":"closed","template":"page-sidemenu","meta":{"_acf_changed":false,"_relevanssi_hide_post":"","_relevanssi_hide_content":"","_relevanssi_pin_for_all":"","_relevanssi_pin_keywords":"","_relevanssi_unpin_keywords":"","_relevanssi_related_keywords":"","_relevanssi_related_include_ids":"","_relevanssi_related_exclude_ids":"","_relevanssi_related_no_append":"","_relevanssi_related_not_related":"","_relevanssi_related_posts":"","_relevanssi_noindex_reason":"","footnotes":""},"page_category":[3],"page_tag":[],"class_list":["post-2361","page","type-page","status-publish","hentry"],"acf":[],"lang":"cs","translations":{"cs":2361,"en":2662},"pll_sync_post":[],"_links":{"self":[{"href":"https:\/\/o-seznam.cz\/pravni-informace\/wp-json\/wp\/v2\/pages\/2361","targetHints":{"allow":["GET"]}}],"collection":[{"href":"https:\/\/o-seznam.cz\/pravni-informace\/wp-json\/wp\/v2\/pages"}],"about":[{"href":"https:\/\/o-seznam.cz\/pravni-informace\/wp-json\/wp\/v2\/types\/page"}],"author":[{"embeddable":true,"href":"https:\/\/o-seznam.cz\/pravni-informace\/wp-json\/wp\/v2\/users\/67"}],"replies":[{"embeddable":true,"href":"https:\/\/o-seznam.cz\/pravni-informace\/wp-json\/wp\/v2\/comments?post=2361"}],"version-history":[{"count":9,"href":"https:\/\/o-seznam.cz\/pravni-informace\/wp-json\/wp\/v2\/pages\/2361\/revisions"}],"predecessor-version":[{"id":2378,"href":"https:\/\/o-seznam.cz\/pravni-informace\/wp-json\/wp\/v2\/pages\/2361\/revisions\/2378"}],"up":[{"embeddable":true,"href":"https:\/\/o-seznam.cz\/pravni-informace\/wp-json\/wp\/v2\/pages\/9"}],"wp:attachment":[{"href":"https:\/\/o-seznam.cz\/pravni-informace\/wp-json\/wp\/v2\/media?parent=2361"}],"wp:term":[{"taxonomy":"page_category","embeddable":true,"href":"https:\/\/o-seznam.cz\/pravni-informace\/wp-json\/wp\/v2\/page_category?post=2361"},{"taxonomy":"page_tag","embeddable":true,"href":"https:\/\/o-seznam.cz\/pravni-informace\/wp-json\/wp\/v2\/page_tag?post=2361"}],"curies":[{"name":"wp","href":"https:\/\/api.w.org\/{rel}","templated":true}]}}