
{"id":2346,"date":"2025-09-26T15:20:12","date_gmt":"2025-09-26T13:20:12","guid":{"rendered":"https:\/\/o-seznam.cz\/pravni-informace\/?page_id=2346"},"modified":"2025-10-07T09:09:58","modified_gmt":"2025-10-07T07:09:58","slug":"obchodni-partneri","status":"publish","type":"page","link":"https:\/\/o-seznam.cz\/pravni-informace\/ochrana-udaju\/obchodni-partneri\/","title":{"rendered":"Obchodn\u00ed partne\u0159i"},"content":{"rendered":"\n<div class=\"wp-block-group is-layout-constrained wp-block-group-is-layout-constrained\">\n<p>Pro \u0159\u00e1dn\u00e9 pln\u011bn\u00ed smlouvy mezi Seznamem a Obchodn\u00edm partnerem je Seznam opr\u00e1vn\u011bn zpracov\u00e1vat osobn\u00ed \u00fadaje poskytnut\u00e9 \u010di zadan\u00e9 Obchodn\u00edm partnerem z\u00a0d\u016fvodu pln\u011bn\u00ed smlouvy (zejm\u00e9na adresn\u00e9, popisn\u00e9 a\u00a0faktura\u010dn\u00ed \u00fadaje), a to pro \u00fa\u010dely \u0159\u00e1dn\u00e9 identifikace stran, pln\u011bn\u00ed p\u0159\u00edslu\u0161n\u00e9 Smlouvy a fakturace. Takov\u00e9 zpracov\u00e1n\u00ed osobn\u00edch \u00fadaj\u016f je z\u00e1konn\u00e9, jeliko\u017e je nezbytn\u00e9 pro pln\u011bn\u00ed Smlouvy, jej\u00ed\u017e smluvn\u00ed stranou je Obchodn\u00ed partner, jako subjekt osobn\u00edch \u00fadaj\u016f.<\/p>\n\n\n\n<p>Seznam p\u0159ed\u00e1v\u00e1 v\u0161echny do\u0161l\u00e9 faktury obchodn\u00edch partner\u016f slu\u017eb\u011b Azure OpenAI, kter\u00e1 je provozov\u00e1na spole\u010dnost\u00ed Microsoft, a to za\u00a0\u00fa\u010delem\u00a0p\u0159\u00edpravy faktury k\u00a0proplacen\u00ed Obchodn\u00edmu partnerovi.<\/p>\n\n\n\n<p>Pokud Obchodn\u00ed Partner p\u0159edal \u010di p\u0159ed\u00e1 Provozovateli osobn\u00ed \u00fadaje fyzick\u00fdch osob (typicky zam\u011bstnanc\u016f \u010di spolupracovn\u00edk\u016f Obchodn\u00edho partnera), je Obchodn\u00ed partner povinen tyto fyzick\u00e9 osoby informovat o zpracov\u00e1n\u00ed osobn\u00edch \u00fadaj\u016f a zas\u00edl\u00e1n\u00ed p\u0159\u00edpadn\u00fdch obchodn\u00edch sd\u011blen\u00ed Seznamem a\u00a0zajistit tak z\u00e1konnost zpracov\u00e1n\u00ed osobn\u00edch \u00fadaj\u016f. V opa\u010dn\u00e9m p\u0159\u00edpad\u011b Obchodn\u00ed partner odpov\u00edd\u00e1 Seznamu za zp\u016fsobenou \u0161kodu.<\/p>\n<\/div>\n\n\n\n<div class=\"wp-block-group is-layout-constrained wp-block-group-is-layout-constrained\">\n<h2 class=\"wp-block-heading\">Zpracovatel \u00fadaj\u016f<\/h2>\n\n\n\n<p>Microsoft Ireland Operations, Ltd.<br>One Microsoft Place<br>South County Business Park<br>Leopardstown<br>Dublin 18, D18 P521, Irsko, Ltd.<\/p>\n\n\n\n<p>Zpracovatel nezpracov\u00e1v\u00e1 osobn\u00ed \u00fadaje pro vlastn\u00ed \u00fa\u010dely.<\/p>\n<\/div>\n","protected":false},"excerpt":{"rendered":"<p>Pro \u0159\u00e1dn\u00e9 pln\u011bn\u00ed smlouvy mezi Seznamem a Obchodn\u00edm partnerem je Seznam opr\u00e1vn\u011bn zpracov\u00e1vat osobn\u00ed \u00fadaje poskytnut\u00e9 \u010di zadan\u00e9 Obchodn\u00edm partnerem z\u00a0d\u016fvodu pln\u011bn\u00ed smlouvy (zejm\u00e9na adresn\u00e9, popisn\u00e9 a\u00a0faktura\u010dn\u00ed \u00fadaje), a to pro \u00fa\u010dely \u0159\u00e1dn\u00e9 identifikace stran, pln\u011bn\u00ed p\u0159\u00edslu\u0161n\u00e9 Smlouvy a fakturace. Takov\u00e9 zpracov\u00e1n\u00ed osobn\u00edch \u00fadaj\u016f je z\u00e1konn\u00e9, jeliko\u017e je nezbytn\u00e9 pro pln\u011bn\u00ed Smlouvy, jej\u00ed\u017e smluvn\u00ed stranou [&hellip;]<\/p>\n","protected":false},"author":67,"featured_media":0,"parent":9,"menu_order":0,"comment_status":"closed","ping_status":"closed","template":"page-sidemenu","meta":{"_acf_changed":false,"_relevanssi_hide_post":"","_relevanssi_hide_content":"","_relevanssi_pin_for_all":"","_relevanssi_pin_keywords":"","_relevanssi_unpin_keywords":"","_relevanssi_related_keywords":"","_relevanssi_related_include_ids":"","_relevanssi_related_exclude_ids":"","_relevanssi_related_no_append":"","_relevanssi_related_not_related":"","_relevanssi_related_posts":"","_relevanssi_noindex_reason":"","footnotes":""},"page_category":[3],"page_tag":[],"class_list":["post-2346","page","type-page","status-publish","hentry"],"acf":[],"lang":"cs","translations":{"cs":2346,"en":2659},"pll_sync_post":[],"_links":{"self":[{"href":"https:\/\/o-seznam.cz\/pravni-informace\/wp-json\/wp\/v2\/pages\/2346","targetHints":{"allow":["GET"]}}],"collection":[{"href":"https:\/\/o-seznam.cz\/pravni-informace\/wp-json\/wp\/v2\/pages"}],"about":[{"href":"https:\/\/o-seznam.cz\/pravni-informace\/wp-json\/wp\/v2\/types\/page"}],"author":[{"embeddable":true,"href":"https:\/\/o-seznam.cz\/pravni-informace\/wp-json\/wp\/v2\/users\/67"}],"replies":[{"embeddable":true,"href":"https:\/\/o-seznam.cz\/pravni-informace\/wp-json\/wp\/v2\/comments?post=2346"}],"version-history":[{"count":15,"href":"https:\/\/o-seznam.cz\/pravni-informace\/wp-json\/wp\/v2\/pages\/2346\/revisions"}],"predecessor-version":[{"id":2381,"href":"https:\/\/o-seznam.cz\/pravni-informace\/wp-json\/wp\/v2\/pages\/2346\/revisions\/2381"}],"up":[{"embeddable":true,"href":"https:\/\/o-seznam.cz\/pravni-informace\/wp-json\/wp\/v2\/pages\/9"}],"wp:attachment":[{"href":"https:\/\/o-seznam.cz\/pravni-informace\/wp-json\/wp\/v2\/media?parent=2346"}],"wp:term":[{"taxonomy":"page_category","embeddable":true,"href":"https:\/\/o-seznam.cz\/pravni-informace\/wp-json\/wp\/v2\/page_category?post=2346"},{"taxonomy":"page_tag","embeddable":true,"href":"https:\/\/o-seznam.cz\/pravni-informace\/wp-json\/wp\/v2\/page_tag?post=2346"}],"curies":[{"name":"wp","href":"https:\/\/api.w.org\/{rel}","templated":true}]}}