
{"id":2226,"date":"2024-11-01T20:29:02","date_gmt":"2024-11-01T19:29:02","guid":{"rendered":"https:\/\/o-seznam.cz\/pravni-informace\/?page_id=2226"},"modified":"2025-03-21T14:21:45","modified_gmt":"2025-03-21T13:21:45","slug":"udaje-uchazecu","status":"publish","type":"page","link":"https:\/\/o-seznam.cz\/pravni-informace\/ochrana-udaju\/udaje-uchazecu\/","title":{"rendered":"Z\u00e1sady ochrany osobn\u00edch \u00fadaj\u016f uchaze\u010d\u016f o zam\u011bstn\u00e1n\u00ed"},"content":{"rendered":"\n<div class=\"wp-block-group is-layout-constrained wp-block-group-is-layout-constrained\"><nav class=\"menu-anchors\">\n<ul>\n\t<li><a href=\"#shromazdovane-informace\">Shroma\u017e\u010fovan\u00e9 informace<\/a><\/li>\n<li><a href=\"#zpracovani\">Zpracov\u00e1n\u00ed osobn\u00edch \u00fadaj\u016f<\/a><\/li>\n<li><a href=\"#zpracovani-a-predavani\">Zpracov\u00e1n\u00ed a p\u0159ed\u00e1v\u00e1n\u00ed osobn\u00edch \u00fadaj\u016f<\/a><\/li>\n<li><a href=\"#zdroje\">Zdroje osobn\u00edch \u00fadaj\u016f<\/a><\/li>\n<li><a href=\"#whistleblowing\">Whistleblowing<\/a><\/li>\n<li><a href=\"#prava\">Va\u0161e pr\u00e1va p\u0159i zpracov\u00e1n\u00ed osobn\u00edch \u00fadaj\u016f<\/a><\/li>\n<li><a href=\"#jak-uplatnit-prava\">Jak lze uplatnit jednotliv\u00e1 pr\u00e1va?<\/a><\/li>\n<\/ul>\n\n<\/nav>\n<\/div>\n\n\n\n<div class=\"wp-block-group is-layout-constrained wp-block-group-is-layout-constrained\">\n<p>V t\u011bchto Z\u00e1sad\u00e1ch ochrany osobn\u00edch \u00fadaj\u016f uchaze\u010d\u016f o zam\u011bstn\u00e1n\u00ed naleznete informace o tom, jak\u00e9 osobn\u00ed \u00fadaje zpracov\u00e1v\u00e1 spole\u010dnost Seznam.cz, a.s. se s\u00eddlem Radlick\u00e1 3294\/10, Sm\u00edchov, 150 00 Praha 5, zapsan\u00e1 v obchodn\u00edm rejst\u0159\u00edku veden\u00e9m M\u011bstsk\u00fdm soudem v Praze, sp.zn. B 6493, I\u010cO: 26168685 (d\u00e1le jen &#8222;Seznam.cz&#8220;) v r\u00e1mci n\u00e1borov\u00e9ho procesu. Naleznete zde informace, zda osobn\u00ed \u00fadaje zpracov\u00e1v\u00e1me na z\u00e1klad\u011b va\u0161eho souhlasu nebo na z\u00e1klad\u011b jin\u00e9ho pr\u00e1vn\u00edho d\u016fvodu, d\u00e1le k jak\u00fdm \u00fa\u010del\u016fm \u00fadaje zpracov\u00e1v\u00e1me, zda je n\u011bkomu p\u0159ed\u00e1v\u00e1me a jak\u00e1 m\u00e1te v souvislosti se zpracov\u00e1n\u00edm va\u0161ich osobn\u00edch \u00fadaj\u016f pr\u00e1va.<\/p>\n<\/div>\n\n\n\n<div class=\"wp-block-group is-layout-constrained wp-block-group-is-layout-constrained\">\n<h2 class=\"wp-block-heading\" id=\"shromazdovane-informace\">Shroma\u017e\u010fovan\u00e9 informace<\/h2>\n\n\n\n<p>Zpracov\u00e1v\u00e1me n\u00e1sleduj\u00edc\u00ed osobn\u00ed \u00fadaje.<\/p>\n\n\n\n<ol style=\"list-style-type:lower-alpha\" class=\"wp-block-list\">\n<li>Identifika\u010dn\u00ed \u00fadaje, kter\u00fdmi se rozum\u00ed zejm\u00e9na jm\u00e9no, p\u0159\u00edjmen\u00ed, titul, datum narozen\u00ed, pohlav\u00ed, pop\u0159. fotografie<\/li>\n\n\n\n<li>Kontaktn\u00ed \u00fadaje, kter\u00fdmi se rozum\u00ed osobn\u00ed \u00fadaje, kter\u00e9 n\u00e1m umo\u017e\u0148uj\u00ed kontakt s v\u00e1mi, zejm\u00e9na kontaktn\u00ed adresa, telefonn\u00ed \u010d\u00edslo a e-mailov\u00e1 adresa<\/li>\n\n\n\n<li>\u00dadaje souvisej\u00edc\u00ed s v\u00fdkonem pr\u00e1ce, kter\u00fdmi se rozum\u00ed zejm\u00e9na informace o va\u0161em vzd\u011bl\u00e1n\u00ed, absolvovan\u00fdch \u0161kolen\u00edch, p\u0159edchoz\u00ed zku\u0161enosti a reference<\/li>\n\n\n\n<li>\u00dadaje o posouzen\u00ed va\u0161\u00ed vhodnosti, kter\u00fdmi se rozum\u00ed \u00fadaje, je\u017e pou\u017e\u00edv\u00e1me k posouzen\u00ed, zda jste vhodn\u00fdm kandid\u00e1tem pro ur\u010ditou pozici<\/li>\n\n\n\n<li>Dal\u0161\u00ed informace, kter\u00e9 jako oznamovatel u\u010din\u00edte prost\u0159ednictv\u00edm n\u00e1stroje ur\u010den\u00e9ho k ochran\u011b oznamovatel\u016f protipr\u00e1vn\u00edho jedn\u00e1n\u00ed<\/li>\n<\/ol>\n<\/div>\n\n\n\n<div class=\"wp-block-group is-layout-constrained wp-block-group-is-layout-constrained\">\n<h2 class=\"wp-block-heading\" id=\"zpracovani\">Zpracov\u00e1n\u00ed osobn\u00edch \u00fadaj\u016f<\/h2>\n\n\n\n<h3 class=\"wp-block-heading\">Zpracov\u00e1n\u00ed b\u011bhem n\u00e1borov\u00e9ho procesu<\/h3>\n\n\n\n<p>V r\u00e1mci n\u00e1borov\u00e9ho procesu zpracov\u00e1v\u00e1me osobn\u00ed \u00fadaje za \u00fa\u010delem posouzen\u00ed zp\u016fsobilosti a vhodnosti pro nab\u00edzenou pozici. To v\u0161e konkr\u00e9tn\u011b proto, abychom v\u00e1s mohli zv\u00e1t na pohovory a komunikovat s v\u00e1mi a abychom mohli z poskytnut\u00fdch podklad\u016f posoudit va\u0161i vhodnost k obsazen\u00ed voln\u00e9ho pracovn\u00edho m\u00edsta \u010di ov\u011b\u0159it va\u0161e reference. Toto zpracov\u00e1n\u00ed je nezbytn\u00e9 pro uzav\u0159en\u00ed smlouvy mezi v\u00e1mi a spole\u010dnost\u00ed Seznam.cz.<\/p>\n\n\n\n<h3 class=\"wp-block-heading\">Zpracov\u00e1n\u00ed pro p\u0159\u00edpravu pracovn\u00ed smlouvy<\/h3>\n\n\n\n<p>Pokud jste \u00fasp\u011b\u0161n\u011b pro\u0161li n\u00e1borov\u00fdm procesem, je rovn\u011b\u017e nezbytn\u00e9, abychom zpracovali va\u0161e osobn\u00ed \u00fadaje pro p\u0159\u00edpravu a uzav\u0159en\u00ed pracovn\u00ed smlouvy, p\u0159\u00edpadn\u011b dohody o proveden\u00ed pr\u00e1ce nebo dohody o pracovn\u00ed \u010dinnosti. Takto zpracovan\u00e9 uchov\u00e1v\u00e1me po dobu trv\u00e1n\u00ed n\u00e1borov\u00e9ho procesu, leda\u017ee n\u00e1m k dal\u0161\u00edmu uchov\u00e1n\u00ed v datab\u00e1zi uchaze\u010d\u016f ud\u011bl\u00edte souhlas.<\/p>\n\n\n\n<h3 class=\"wp-block-heading\">Zpracov\u00e1n\u00ed b\u011bhem trv\u00e1n\u00ed pracovn\u00edho pom\u011bru<\/h3>\n\n\n\n<p>Jako zam\u011bstnavatel mus\u00edme plnit ur\u010dit\u00e9 z\u00e1konem stanoven\u00e9 povinnosti. Pokud va\u0161e osobn\u00ed \u00fadaje zpracov\u00e1v\u00e1me pr\u00e1v\u011b z tohoto d\u016fvodu, nemus\u00edme z\u00edskat pro takov\u00e9 zpracov\u00e1n\u00ed v\u00e1\u0161 souhlas.<\/p>\n\n\n\n<h3 class=\"wp-block-heading\">Zpracov\u00e1n\u00ed pro \u00fa\u010dely veden\u00ed datab\u00e1ze uchaze\u010d\u016f<\/h3>\n\n\n\n<p>S va\u0161\u00edm souhlasem m\u016f\u017eeme osobn\u00ed \u00fadaje ulo\u017eit do datab\u00e1ze, abychom v\u00e1s mohli p\u0159\u00edpadn\u011b v budoucnu oslovit ohledn\u011b jin\u00fdch pracovn\u00edch p\u0159\u00edle\u017eitost\u00ed. \u00dadaje z na\u0161\u00ed datab\u00e1ze uchaze\u010d\u016f m\u016f\u017eeme pou\u017e\u00edt tak\u00e9 pro vyhodnocov\u00e1n\u00ed a anal\u00fdzy, abychom zjistili, kdo m\u00e1 z\u00e1jem u n\u00e1s pracovat, jak\u00e1 je jeho kvalifikace apod. V p\u0159\u00edpad\u011b neud\u011blen\u00ed souhlasu budeme tyto \u00fadaje zpracov\u00e1vat pouze do skon\u010den\u00ed n\u00e1borov\u00e9ho procesu; pokud n\u00e1m souhlas ud\u011bl\u00edte, tak maxim\u00e1ln\u011b po dobu 3 let od odesl\u00e1n\u00ed \u017eivotopisu. V\u00e1mi ud\u011blen\u00fd souhlas m\u016f\u017eete kdykoliv odvolat postupem pro uplatn\u011bn\u00ed va\u0161ich pr\u00e1v popsan\u00fdm n\u00ed\u017ee v \u010d\u00e1sti 6. Uplatn\u011bn\u00ed jednotliv\u00fdch pr\u00e1v Odvol\u00e1n\u00edm souhlasu nen\u00ed dot\u010dena z\u00e1konnost zpracov\u00e1n\u00ed p\u0159ed t\u00edmto odvol\u00e1n\u00edm.<\/p>\n\n\n\n<h3 class=\"wp-block-heading\">Zpracov\u00e1n\u00ed pro \u00fa\u010dely p\u0159ed\u00e1n\u00ed v r\u00e1mci skupiny Seznam<\/h3>\n\n\n\n<p>Na z\u00e1klad\u011b va\u0161eho souhlasu pracujeme s va\u0161imi identifika\u010dn\u00edmi a kontaktn\u00edmi \u00fadaji a \u00fadaji souvisej\u00edc\u00edmi s v\u00fdkonem pr\u00e1ce za \u00fa\u010delem veden\u00ed datab\u00e1ze uchaze\u010d\u016f a realizace v\u00fdb\u011brov\u00e9ho \u0159\u00edzen\u00ed v\u010d. prov\u011b\u0159ov\u00e1n\u00ed kandid\u00e1t\u016f dal\u0161\u00edm spole\u010dnostem skupiny Seznam. Bli\u017e\u0161\u00ed vymezen\u00ed, komu \u00fadaje p\u0159ed\u00e1v\u00e1me, naleznete v \u010d\u00e1sti 3. Zpracov\u00e1n\u00ed a p\u0159ed\u00e1v\u00e1n\u00ed osobn\u00edch \u00fadaj\u016f. Tyto spole\u010dnosti v\u00e1s n\u00e1sledn\u011b mohou po dobu 3 let oslovit s relevantn\u00ed nab\u00eddkou zam\u011bstn\u00e1n\u00ed, jestli\u017ee v\u00e1s na z\u00e1klad\u011b poskytnut\u00fdch \u00fadaj\u016f vyhodnot\u00ed jako vhodn\u00e9ho kandid\u00e1ta. P\u0159ed\u00e1van\u00e1 data z datab\u00e1ze uchaze\u010d\u016f mohou tyto spole\u010dnosti pou\u017e\u00edt tak\u00e9 pro vyhodnocov\u00e1n\u00ed a anal\u00fdzy, kdo m\u00e1 z\u00e1jem o pr\u00e1ci ve skupin\u011b Seznam, jak\u00e1 je jeho kvalifikace apod. Ud\u011blen\u00fd souhlas m\u016f\u017eete kdykoliv v\u016f\u010di ka\u017ed\u00e9 jednotliv\u00e9 spole\u010dnosti odvolat. Odvolat souhlas v\u016f\u010di Seznam.cz m\u016f\u017eete postupem pro uplatn\u011bn\u00ed va\u0161ich pr\u00e1v popsan\u00fdm n\u00ed\u017ee v \u010d\u00e1sti 6. Uplatn\u011bn\u00ed jednotliv\u00fdch pr\u00e1v. Odvol\u00e1n\u00edm souhlasu nen\u00ed dot\u010dena z\u00e1konnost zpracov\u00e1n\u00ed p\u0159ed t\u00edmto odvol\u00e1n\u00edm.<\/p>\n<\/div>\n\n\n\n<div class=\"wp-block-group is-layout-constrained wp-block-group-is-layout-constrained\">\n<h2 class=\"wp-block-heading\" id=\"zpracovani-a-predavani\">Zpracov\u00e1n\u00ed a p\u0159ed\u00e1v\u00e1n\u00ed osobn\u00edch \u00fadaj\u016f<\/h2>\n\n\n\n<p>V p\u0159\u00edpad\u011b, \u017ee se uch\u00e1z\u00edte o pracovn\u00ed pozici u Seznam.cz, va\u0161e osobn\u00ed \u00fadaje zpracov\u00e1v\u00e1 Seznam.cz jako spr\u00e1vce. To znamen\u00e1, \u017ee Seznam.cz stanovuje shora vymezen\u00e9 \u00fa\u010dely, pro kter\u00e9 va\u0161e osobn\u00ed \u00fadaje shroma\u017e\u010fuje, ur\u010duje prost\u0159edky zpracov\u00e1n\u00ed a odpov\u00edd\u00e1 za jeho \u0159\u00e1dn\u00e9 proveden\u00ed. Pokud jste ud\u011blili souhlas, m\u016f\u017eeme p\u0159edat va\u0161e kontaktn\u00ed a identifika\u010dn\u00ed \u00fadaje a \u00fadaje souvisej\u00edc\u00ed s v\u00fdkonem pr\u00e1ce pro proveden\u00ed n\u00e1borov\u00e9ho procesu dal\u0161\u00edm spole\u010dnostem v r\u00e1mci skupiny Seznam.cz.<\/p>\n\n\n\n<p>Pro zpracov\u00e1n\u00ed osobn\u00edch \u00fadaj\u016f rovn\u011b\u017e vyu\u017e\u00edv\u00e1me slu\u017eeb dal\u0161\u00edch zpracovatel\u016f, kte\u0159\u00ed osobn\u00ed \u00fadaje zpracov\u00e1vaj\u00ed na n\u00e1\u0161 pokyn. Takov\u00fdmi zpracovateli jsou inzertn\u00ed port\u00e1ly, kter\u00e9 pro n\u00e1s sb\u00edraj\u00ed \u017eivotopisy, jako je spole\u010dnost Alma Career Czechia s.r.o., I\u010cO: 26441381, recruitis.io s.r.o., I\u010cO: 27508391 a Whistleblowing Solutions AB (poskytovatel n\u00e1stroje Whistlelink).<\/p>\n\n\n\n<p>D\u00e1le jsme povinni zpracov\u00e1van\u00e9 osobn\u00ed \u00fadaje p\u0159ed\u00e1vat org\u00e1n\u016fm ve\u0159ejn\u00e9 moci v p\u0159\u00edpad\u011b, \u017ee n\u00e1s o to po\u017e\u00e1daj\u00ed na z\u00e1klad\u011b z\u00e1konem stanoven\u00e9ho d\u016fvodu.<\/p>\n<\/div>\n\n\n\n<div class=\"wp-block-group is-layout-constrained wp-block-group-is-layout-constrained\">\n<h2 class=\"wp-block-heading\" id=\"zdroje\">Zdroje osobn\u00edch \u00fadaj\u016f<\/h2>\n\n\n\n<p>Nejv\u00edce osobn\u00edch \u00fadaj\u016f z\u00edsk\u00e1v\u00e1 Seznam.cz p\u0159\u00edmo od v\u00e1s, t\u00edm \u017ee n\u00e1m je sd\u011bl\u00edte v r\u00e1mci n\u00e1borov\u00e9ho procesu, a\u0165 ji\u017e v r\u00e1mci \u00fastn\u00edho pohovu, \u017eivotopisu nebo jin\u00e9 dokumentace nebo v p\u0159\u00edpad\u011b ozn\u00e1men\u00ed o ochran\u011b oznamovatel\u016f protipr\u00e1vn\u00edho jedn\u00e1n\u00ed.<\/p>\n<\/div>\n\n\n\n<div class=\"wp-block-group is-layout-constrained wp-block-group-is-layout-constrained\">\n<h2 class=\"wp-block-heading\" id=\"whistleblowing\">Whistleblowing<\/h2>\n\n\n\n<p class=\"is-style-link-external\">K oznamov\u00e1n\u00ed protipr\u00e1vn\u00edho jedn\u00e1n\u00ed v r\u00e1mci n\u00e1boru m\u00e1me zaveden\u00fd komunika\u010dn\u00ed syst\u00e9m <a href=\"https:\/\/seznam.whistlelink.com\" target=\"_blank\" rel=\"noreferrer noopener\">Whistlelink<\/a>. Osobn\u00ed \u00fadaje z\u00edskan\u00e9 t\u00edmto zp\u016fsobem zpracov\u00e1v\u00e1me d\u016fv\u011brn\u011b a v souladu s platn\u00fdmi pr\u00e1vn\u00edmi p\u0159edpisy, p\u0159i\u010dem\u017e chr\u00e1n\u00edme identitu oznamovatel\u016f. Na tomto pr\u00e1vn\u00edm z\u00e1klad\u011b zpracov\u00e1v\u00e1me va\u0161e identifika\u010dn\u00ed a kontaktn\u00ed \u00fadaje a dal\u0161\u00ed informace, kter\u00e9 oznamovatel uvede v ozn\u00e1men\u00ed v rozhran\u00ed Whistlelink dle z\u00e1kona \u010d. 171\/2023 Sb., o ochran\u011b oznamovatel\u016f (tento z\u00e1kon n\u00e1m ukl\u00e1d\u00e1 povinnost zav\u00e9st vnit\u0159n\u00ed oznamovac\u00ed syst\u00e9m, pro\u0161et\u0159ovat p\u0159ijat\u00e1 ozn\u00e1men\u00ed a v\u00e9st jejich evidenci). Ozn\u00e1men\u00ed se uchov\u00e1vaj\u00ed po dobu 5 let ode dne p\u0159ijet\u00ed ozn\u00e1men\u00ed.<\/p>\n<\/div>\n\n\n\n<div class=\"wp-block-group is-layout-constrained wp-block-group-is-layout-constrained\">\n<h2 class=\"wp-block-heading\" id=\"prava\">Va\u0161e pr\u00e1va p\u0159i zpracov\u00e1n\u00ed osobn\u00edch \u00fadaj\u016f<\/h2>\n\n\n\n<p>Stejn\u011b jako my m\u00e1me sv\u00e1 pr\u00e1va a povinnosti p\u0159i zpracov\u00e1n\u00ed va\u0161ich osobn\u00edch \u00fadaj\u016f, m\u00e1te tak\u00e9 vy p\u0159i zpracov\u00e1n\u00ed va\u0161ich osobn\u00edch \u00fadaj\u016f ur\u010dit\u00e1 pr\u00e1va.<\/p>\n\n\n\n<h3 class=\"wp-block-heading\">Pr\u00e1vo na p\u0159\u00edstup<\/h3>\n\n\n\n<p>M\u00e1te pr\u00e1vo v\u011bd\u011bt:<\/p>\n\n\n\n<ul class=\"wp-block-list\">\n<li>Jak\u00e9 \u00fadaje o v\u00e1s zpracov\u00e1v\u00e1me<\/li>\n\n\n\n<li>Za jak\u00fdm \u00fa\u010delem<\/li>\n\n\n\n<li>Po jakou dobu<\/li>\n\n\n\n<li>Kde va\u0161e osobn\u00ed \u00fadaje z\u00edsk\u00e1v\u00e1me<\/li>\n\n\n\n<li>Komu je p\u0159ed\u00e1v\u00e1me<\/li>\n\n\n\n<li>Kdo je mimo n\u00e1s zpracov\u00e1v\u00e1<\/li>\n\n\n\n<li>Jak\u00e1 m\u00e1te dal\u0161\u00ed pr\u00e1va souvisej\u00edc\u00ed se zpracov\u00e1n\u00edm va\u0161ich osobn\u00edch \u00fadaj\u016f<\/li>\n<\/ul>\n\n\n\n<p>To v\u0161e jste se dozv\u011bd\u011bli v tomto dokumentu. Pokud si v\u0161ak nejste jisti, kter\u00e9 osobn\u00ed \u00fadaje o v\u00e1s zpracov\u00e1v\u00e1me, m\u016f\u017eete n\u00e1s po\u017e\u00e1dat o potvrzen\u00ed, zda osobn\u00ed \u00fadaje, kter\u00e9 se v\u00e1s t\u00fdkaj\u00ed, jsou \u010di nejsou z na\u0161\u00ed strany zpracov\u00e1v\u00e1ny, a pokud tomu tak je, m\u00e1te pr\u00e1vo z\u00edskat p\u0159\u00edstup k t\u011bmto osobn\u00edm \u00fadaj\u016fm. V r\u00e1mci pr\u00e1va na p\u0159\u00edstup n\u00e1s m\u016f\u017eete po\u017e\u00e1dat o kopii zpracov\u00e1van\u00fdch osobn\u00edch \u00fadaj\u016f, p\u0159i\u010dem\u017e prvn\u00ed kopii v\u00e1m poskytneme bezplatn\u011b a dal\u0161\u00ed kopie s poplatkem.<\/p>\n\n\n\n<h3 class=\"wp-block-heading\">Pr\u00e1vo na opravu<\/h3>\n\n\n\n<p>Chybovat je lidsk\u00e9. Pokud zjist\u00edte, \u017ee osobn\u00ed \u00fadaje, kter\u00e9 o v\u00e1s zpracov\u00e1v\u00e1me, jsou nep\u0159esn\u00e9 nebo ne\u00fapln\u00e9, m\u00e1te pr\u00e1vo na to, abychom je bez zbyte\u010dn\u00e9ho odkladu opravili, pop\u0159\u00edpad\u011b doplnili.<\/p>\n\n\n\n<h3 class=\"wp-block-heading\">Pr\u00e1vo na v\u00fdmaz<\/h3>\n\n\n\n<p>V n\u011bkter\u00fdch p\u0159\u00edpadech m\u00e1te pr\u00e1vo, abychom va\u0161e osobn\u00ed \u00fadaje vymazali. Va\u0161e osobn\u00ed \u00fadaje bez zbyte\u010dn\u00e9ho odkladu vyma\u017eeme, pokud je spln\u011bn n\u011bkter\u00fd z n\u00e1sleduj\u00edc\u00edch d\u016fvod\u016f.<\/p>\n\n\n\n<ul class=\"wp-block-list\">\n<li>Va\u0161e osobn\u00ed \u00fadaje ji\u017e nepot\u0159ebujeme pro \u00fa\u010dely, pro kter\u00e9 jsme je zpracov\u00e1vali<\/li>\n\n\n\n<li>Odvol\u00e1te souhlas se zpracov\u00e1n\u00edm osobn\u00edch \u00fadaj\u016f, p\u0159i\u010dem\u017e se jedn\u00e1 o \u00fadaje, k jejich\u017e zpracov\u00e1n\u00ed je v\u00e1\u0161 souhlas nezbytn\u00fd a z\u00e1rove\u0148 nem\u00e1me jin\u00fd d\u016fvod, pro\u010d tyto \u00fadaje pot\u0159ebujeme nad\u00e1le zpracov\u00e1vat<\/li>\n\n\n\n<li>Vyu\u017eijete sv\u00e9ho pr\u00e1va vzn\u00e9st n\u00e1mitku proti zpracov\u00e1n\u00ed u osobn\u00edch \u00fadaj\u016f, kter\u00e9 zpracov\u00e1v\u00e1me na z\u00e1klad\u011b na\u0161ich opr\u00e1vn\u011bn\u00fdch z\u00e1jm\u016f a my shled\u00e1me, \u017ee ji\u017e \u017e\u00e1dn\u00e9 takov\u00e9 opr\u00e1vn\u011bn\u00e9 z\u00e1jmy, kter\u00e9 by toto zpracov\u00e1n\u00ed oprav\u0148ovaly, nem\u00e1me<\/li>\n\n\n\n<li>Domn\u00edv\u00e1te se, \u017ee n\u00e1mi prov\u00e1d\u011bn\u00e9 zpracov\u00e1n\u00ed osobn\u00edch \u00fadaj\u016f p\u0159estalo b\u00fdt v souladu s obecn\u011b z\u00e1vazn\u00fdmi p\u0159edpisy<\/li>\n<\/ul>\n\n\n\n<p>M\u011bjte pros\u00edm na pam\u011bti, \u017ee i kdy\u017e p\u016fjde o jeden z t\u011bchto d\u016fvod\u016f, neznamen\u00e1 to, \u017ee by toto pr\u00e1vo bylo neomezen\u00e9. Neuplatn\u00ed se toti\u017e v p\u0159\u00edpad\u011b, \u017ee zpracov\u00e1n\u00ed va\u0161ich osobn\u00edch \u00fadaj\u016f je i nad\u00e1le nezbytn\u00e9 pro:<\/p>\n\n\n\n<ul class=\"wp-block-list\">\n<li>Spln\u011bn\u00ed na\u0161\u00ed pr\u00e1vn\u00ed povinnosti<\/li>\n\n\n\n<li>\u00da\u010dely archivace, v\u011bdeck\u00e9ho \u010di historick\u00e9ho v\u00fdzkumu \u010di pro statistick\u00e9 \u00fa\u010dely<\/li>\n\n\n\n<li>Ur\u010den\u00ed, v\u00fdkon \u010di obhajobu na\u0161ich pr\u00e1vn\u00edch n\u00e1rok\u016f<\/li>\n<\/ul>\n\n\n\n<h3 class=\"wp-block-heading\">Pr\u00e1vo na omezen\u00ed zpracov\u00e1n\u00ed<\/h3>\n\n\n\n<p>V n\u011bkter\u00fdch p\u0159\u00edpadech m\u016f\u017eete krom\u011b pr\u00e1va na v\u00fdmaz vyu\u017e\u00edt pr\u00e1vo na omezen\u00e9 zpracov\u00e1n\u00ed osobn\u00edch \u00fadaj\u016f. Toto pr\u00e1vo v\u00e1m umo\u017e\u0148uje v ur\u010dit\u00fdch p\u0159\u00edpadech po\u017eadovat, aby do\u0161lo k ozna\u010den\u00ed va\u0161ich osobn\u00edch \u00fadaj\u016f a tyto \u00fadaje nebyly p\u0159edm\u011btem \u017e\u00e1dn\u00fdch dal\u0161\u00edch operac\u00ed zpracov\u00e1n\u00ed, av\u0161ak nikoliv nav\u017edy (jako v p\u0159\u00edpad\u011b pr\u00e1va na v\u00fdmaz), ale po omezenou dobu. T\u011bmito p\u0159\u00edpady, kdy mus\u00edme omezit zpracov\u00e1n\u00ed va\u0161ich osobn\u00edch \u00fadaj\u016f, jsou situace kdy:<\/p>\n\n\n\n<ul class=\"wp-block-list\">\n<li>Pop\u00edr\u00e1te p\u0159esnost osobn\u00edch \u00fadaj\u016f, ne\u017e se dohodneme, jak\u00e9 \u00fadaje jsou spr\u00e1vn\u00e9<\/li>\n\n\n\n<li>Va\u0161e osobn\u00ed \u00fadaje zpracov\u00e1v\u00e1me bez dostate\u010dn\u00e9ho pr\u00e1vn\u00edho z\u00e1kladu (nap\u0159. nad r\u00e1mec toho, co zpracov\u00e1vat mus\u00edme), ale vy budete p\u0159ed v\u00fdmazem takov\u00fdch \u00fadaj\u016f up\u0159ednost\u0148ovat pouze jejich omezen\u00ed (nap\u0159. pokud o\u010dek\u00e1v\u00e1te, \u017ee byste n\u00e1m v budoucnu takov\u00e9 \u00fadaje stejn\u011b poskytli)<\/li>\n\n\n\n<li>Va\u0161e osobn\u00ed \u00fadaje ji\u017e nepot\u0159ebujeme pro shora uveden\u00e9 \u00fa\u010dely zpracov\u00e1n\u00ed, ale vy je po\u017eadujete pro ur\u010den\u00ed, v\u00fdkon nebo obhajobu sv\u00fdch pr\u00e1vn\u00edch n\u00e1rok\u016f<\/li>\n\n\n\n<li>Vznesete n\u00e1mitku proti zpracov\u00e1n\u00ed. Po dobu, po kterou \u0161et\u0159\u00edme, zda-li je va\u0161e n\u00e1mitka opr\u00e1vn\u011bn\u00e1, jsme povinni zpracov\u00e1n\u00ed va\u0161ich osobn\u00edch \u00fadaj\u016f omezit<\/li>\n<\/ul>\n\n\n\n<h3 class=\"wp-block-heading\">Pr\u00e1vo na p\u0159enositelnost<\/h3>\n\n\n\n<p>M\u00e1te pr\u00e1vo z\u00edskat od n\u00e1s z\u00edskat v\u0161echny va\u0161e osobn\u00ed \u00fadaje, kter\u00e9 jste n\u00e1m vy sami poskytli a kter\u00e9 zpracov\u00e1v\u00e1me na z\u00e1klad\u011b va\u0161eho souhlasu a na z\u00e1klad\u011b pln\u011bn\u00ed \u010di uzav\u0159en\u00ed smlouvy. Va\u0161e osobn\u00ed \u00fadaje v\u00e1m poskytneme ve strukturovan\u00e9m, b\u011b\u017en\u011b pou\u017e\u00edvan\u00e9m a strojov\u011b \u010diteln\u00e9m form\u00e1tu. Abychom mohli na z\u00e1klad\u011b va\u0161\u00ed \u017e\u00e1dosti \u00fadaje snadno p\u0159ev\u00e9st, m\u016f\u017ee se jednat pouze o \u00fadaje, kter\u00e9 zpracov\u00e1v\u00e1me automatizovan\u011b v na\u0161ich elektronick\u00fdch datab\u00e1z\u00edch. Touto formou v\u00e1m tedy nem\u016f\u017eeme p\u0159en\u00e9st v\u017edy a za v\u0161ech okolnost\u00ed v\u0161echny \u00fadaje, kter\u00e9 jste vyplnili v na\u0161ich formul\u00e1\u0159\u00edch (nap\u0159\u00edklad v\u00e1\u0161 vlastnoru\u010dn\u00ed podpis).<\/p>\n\n\n\n<h3 class=\"wp-block-heading\">Pr\u00e1vo vzn\u00e9st n\u00e1mitku proti zpracov\u00e1n\u00ed<\/h3>\n\n\n\n<p>M\u00e1te pr\u00e1vo vzn\u00e9st n\u00e1mitku proti zpracov\u00e1n\u00ed osobn\u00edch \u00fadaj\u016f, k n\u011bmu\u017e doch\u00e1z\u00ed na z\u00e1klad\u011b na\u0161eho opr\u00e1vn\u011bn\u00e9ho z\u00e1jmu. va\u0161e osobn\u00ed \u00fadaje v takov\u00e9m p\u0159\u00edpad\u011b nebudeme pro dan\u00fd \u00fa\u010del d\u00e1le zpracov\u00e1vat, pokud nebudeme m\u00edt z\u00e1va\u017en\u00e9 opr\u00e1vn\u011bn\u00e9 d\u016fvody pro to, abychom v takov\u00e9m zpracov\u00e1n\u00ed pokra\u010dovali.<\/p>\n\n\n\n<h3 class=\"wp-block-heading\">Pr\u00e1vo podat st\u00ed\u017enost<\/h3>\n\n\n\n<p>Uplatn\u011bn\u00edm pr\u00e1v v\u00fd\u0161e uveden\u00fdm zp\u016fsobem nen\u00ed nijak dot\u010deno va\u0161e dal\u0161\u00ed pr\u00e1vo podat st\u00ed\u017enost u \u00da\u0159adu pro ochranu osobn\u00edch \u00fadaj\u016f. Toto pr\u00e1vo m\u016f\u017eete uplatnit v p\u0159\u00edpad\u011b, \u017ee se domn\u00edv\u00e1te, \u017ee va\u0161e osobn\u00ed \u00fadaje zpracov\u00e1v\u00e1me neopr\u00e1vn\u011bn\u011b nebo v rozporu s obecn\u011b z\u00e1vazn\u00fdmi pr\u00e1vn\u00edmi p\u0159edpisy. St\u00ed\u017enost proti n\u00e1mi prov\u00e1d\u011bn\u00e9mu zpracov\u00e1n\u00ed osobn\u00edch \u00fadaj\u016f m\u016f\u017eete podat u \u00da\u0159adu pro ochranu osobn\u00edch \u00fadaj\u016f, kter\u00fd s\u00eddl\u00ed na adrese Pplk. Sochora 27, 170 00 Praha 7.<\/p>\n<\/div>\n\n\n\n<div class=\"wp-block-group is-layout-constrained wp-block-group-is-layout-constrained\">\n<h2 class=\"wp-block-heading\" id=\"jak-uplatnit-prava\">Jak lze uplatnit jednotliv\u00e1 pr\u00e1va?<\/h2>\n\n\n\n<p>Ve v\u0161ech z\u00e1le\u017eitostech souvisej\u00edc\u00edch se zpracov\u00e1n\u00edm va\u0161ich osobn\u00edch \u00fadaj\u016f, a\u0165 ji\u017e jde o dotaz uplatn\u011bn\u00ed pr\u00e1va, pod\u00e1n\u00ed st\u00ed\u017enosti \u010di cokoliv jin\u00e9ho, se m\u016f\u017eete obracet na pov\u011b\u0159ence pro ochranu osobn\u00edch \u00fadaj\u016f, kter\u00fdm je Pov\u011b\u0159encem pro ochranu osobn\u00edch \u00fadaj\u016f je spole\u010dnost Chronos Consulting, s.r.o., I\u010cO: 07238495, se s\u00eddlem Na Per\u0161t\u00fdn\u011b 342\/1, 110 00 Praha 1. Pokud m\u00e1te jak\u00e9koliv dotazy, <a href=\"https:\/\/o-seznam.cz\/pravni-informace\/ochrana-udaju\/kontakt\/\">napi\u0161te n\u00e1m<\/a> a my se brzy ozveme. <\/p>\n\n\n\n<p>Va\u0161i \u017e\u00e1dost vy\u0159\u00edd\u00edme bez zbyte\u010dn\u00e9ho odkladu, maxim\u00e1ln\u011b v\u0161ak do jednoho m\u011bs\u00edce. Ve v\u00fdjime\u010dn\u00fdch p\u0159\u00edpadech, zejm\u00e9na z d\u016fvodu slo\u017eitosti va\u0161eho po\u017eadavku, jsme opr\u00e1vn\u011bni tuto lh\u016ftu prodlou\u017eit o dal\u0161\u00ed dva m\u011bs\u00edce. O takov\u00e9m p\u0159\u00edpadn\u00e9m prodlou\u017een\u00ed a jeho zd\u016fvodn\u011bn\u00ed v\u00e1s samoz\u0159ejm\u011b budeme informovat.<\/p>\n<\/div>\n","protected":false},"excerpt":{"rendered":"<p>V t\u011bchto Z\u00e1sad\u00e1ch ochrany osobn\u00edch \u00fadaj\u016f uchaze\u010d\u016f o zam\u011bstn\u00e1n\u00ed naleznete informace o tom, jak\u00e9 osobn\u00ed \u00fadaje zpracov\u00e1v\u00e1 spole\u010dnost Seznam.cz, a.s. se s\u00eddlem Radlick\u00e1 3294\/10, Sm\u00edchov, 150 00 Praha 5, zapsan\u00e1 v obchodn\u00edm rejst\u0159\u00edku veden\u00e9m M\u011bstsk\u00fdm soudem v Praze, sp.zn. B 6493, I\u010cO: 26168685 (d\u00e1le jen &#8222;Seznam.cz&#8220;) v r\u00e1mci n\u00e1borov\u00e9ho procesu. Naleznete zde informace, zda osobn\u00ed [&hellip;]<\/p>\n","protected":false},"author":2,"featured_media":0,"parent":9,"menu_order":0,"comment_status":"closed","ping_status":"closed","template":"page-sidemenu","meta":{"_acf_changed":false,"_relevanssi_hide_post":"","_relevanssi_hide_content":"","_relevanssi_pin_for_all":"","_relevanssi_pin_keywords":"","_relevanssi_unpin_keywords":"","_relevanssi_related_keywords":"","_relevanssi_related_include_ids":"","_relevanssi_related_exclude_ids":"","_relevanssi_related_no_append":"","_relevanssi_related_not_related":"","_relevanssi_related_posts":"","_relevanssi_noindex_reason":"","footnotes":""},"page_category":[3],"page_tag":[],"class_list":["post-2226","page","type-page","status-publish","hentry"],"acf":[],"lang":"cs","translations":{"cs":2226,"en":2656},"pll_sync_post":[],"_links":{"self":[{"href":"https:\/\/o-seznam.cz\/pravni-informace\/wp-json\/wp\/v2\/pages\/2226","targetHints":{"allow":["GET"]}}],"collection":[{"href":"https:\/\/o-seznam.cz\/pravni-informace\/wp-json\/wp\/v2\/pages"}],"about":[{"href":"https:\/\/o-seznam.cz\/pravni-informace\/wp-json\/wp\/v2\/types\/page"}],"author":[{"embeddable":true,"href":"https:\/\/o-seznam.cz\/pravni-informace\/wp-json\/wp\/v2\/users\/2"}],"replies":[{"embeddable":true,"href":"https:\/\/o-seznam.cz\/pravni-informace\/wp-json\/wp\/v2\/comments?post=2226"}],"version-history":[{"count":18,"href":"https:\/\/o-seznam.cz\/pravni-informace\/wp-json\/wp\/v2\/pages\/2226\/revisions"}],"predecessor-version":[{"id":2327,"href":"https:\/\/o-seznam.cz\/pravni-informace\/wp-json\/wp\/v2\/pages\/2226\/revisions\/2327"}],"up":[{"embeddable":true,"href":"https:\/\/o-seznam.cz\/pravni-informace\/wp-json\/wp\/v2\/pages\/9"}],"wp:attachment":[{"href":"https:\/\/o-seznam.cz\/pravni-informace\/wp-json\/wp\/v2\/media?parent=2226"}],"wp:term":[{"taxonomy":"page_category","embeddable":true,"href":"https:\/\/o-seznam.cz\/pravni-informace\/wp-json\/wp\/v2\/page_category?post=2226"},{"taxonomy":"page_tag","embeddable":true,"href":"https:\/\/o-seznam.cz\/pravni-informace\/wp-json\/wp\/v2\/page_tag?post=2226"}],"curies":[{"name":"wp","href":"https:\/\/api.w.org\/{rel}","templated":true}]}}