
{"id":212,"date":"2024-02-14T18:51:58","date_gmt":"2024-02-14T17:51:58","guid":{"rendered":"https:\/\/o-seznam.cz\/pravni-informace\/?page_id=212"},"modified":"2024-05-02T09:56:27","modified_gmt":"2024-05-02T07:56:27","slug":"aplikace","status":"publish","type":"page","link":"https:\/\/o-seznam.cz\/pravni-informace\/ochrana-udaju\/sport-cz\/aplikace\/","title":{"rendered":"Aplikace Sport.cz"},"content":{"rendered":"\n<div class=\"wp-block-group is-layout-constrained wp-block-group-is-layout-constrained\">\n<p>V&nbsp;r\u00e1mci aplikace Sport.cz n\u00e1s zaj\u00edmaj\u00ed n\u011bkter\u00e9 \u00fadaje. P\u0159ed sebou m\u00e1te stru\u010dn\u00fd popis toho, o jak\u00e1 data se konkr\u00e9tn\u011b jedn\u00e1 a z jak\u00e9ho d\u016fvodu je shroma\u017e\u010fujeme. Ve vztahu k&nbsp;v\u00e1m a va\u0161im u\u017eivatelsk\u00fdm \u00fadaj\u016fm ct\u00edme n\u00e1sleduj\u00edc\u00ed z\u00e1sady.<\/p>\n\n\n\n<ul class=\"wp-block-list\">\n<li>Respektujeme va\u0161e soukrom\u00ed a podnik\u00e1me v\u0161echny p\u0159\u00edslu\u0161n\u00e9 kroky k tomu, abychom va\u0161e \u00fadaje \u0159\u00e1dn\u011b zabezpe\u010dili a ochr\u00e1nili je p\u0159ed zneu\u017eit\u00edm<\/li>\n\n\n\n<li>Dodr\u017eujeme platn\u00e9 pr\u00e1vn\u00ed p\u0159edpisy t\u00fdkaj\u00edc\u00ed se ochrany osobn\u00edch \u00fadaj\u016f<\/li>\n\n\n\n<li>\u00dadaje o na\u0161ich u\u017eivatel\u00edch shroma\u017e\u010fujeme a vyu\u017e\u00edv\u00e1me pro vylep\u0161ov\u00e1n\u00ed a zkvalit\u0148ov\u00e1n\u00ed na\u0161ich slu\u017eeb<\/li>\n<\/ul>\n<\/div>\n\n\n\n<div class=\"wp-block-group is-layout-constrained wp-block-group-is-layout-constrained\">\n<h2 class=\"wp-block-heading\">Shroma\u017e\u010fov\u00e1n\u00ed informac\u00ed<\/h2>\n\n\n\n<ul class=\"wp-block-list\">\n<li>Pro \u00fa\u010dely identifikace konkr\u00e9tn\u00edho u\u017eivatele na\u0161ich slu\u017eeb zn\u00e1me p\u0159ihla\u0161ovac\u00ed \u00fadaje do slu\u017eby<\/li>\n\n\n\n<li>Ve spole\u010dnosti Seznam.cz shroma\u017e\u010fujeme zejm\u00e9na statistick\u00e9 \u00fadaje, prost\u0159ednictv\u00edm kter\u00fdch z\u00edsk\u00e1v\u00e1me p\u0159edstavu o tom, jak\u00fdm zp\u016fsobem je aplikace vyu\u017e\u00edvan\u00e1. D\u00edky t\u011bmto \u00fadaj\u016fm m\u016f\u017eeme pracovat na neust\u00e1l\u00e9m zlep\u0161ov\u00e1n\u00ed na\u0161ich slu\u017eeb<\/li>\n<\/ul>\n<\/div>\n\n\n\n<div class=\"wp-block-group is-layout-constrained wp-block-group-is-layout-constrained\">\n<h2 class=\"wp-block-heading\">Informace, kter\u00e9 vy\u017eaduj\u00ed povolen\u00ed<\/h2>\n\n\n\n<ul class=\"wp-block-list\">\n<li>Pro spr\u00e1vnou funkci mohou na\u0161e aplikace vy\u017eadovat p\u0159\u00edstup k fotoapar\u00e1tu, seznamu u\u017eivatelsk\u00fdch \u00fa\u010dt\u016f nebo stavu telefonu<\/li>\n\n\n\n<li>V Seznamu n\u00e1s zaj\u00edmaj\u00ed tak\u00e9 technick\u00e9 \u00fadaje o tom, jak\u00e9 pou\u017e\u00edv\u00e1te za\u0159\u00edzen\u00ed, hardware a opera\u010dn\u00ed syst\u00e9m<\/li>\n<\/ul>\n<\/div>\n\n\n\n<div class=\"wp-block-group is-layout-constrained wp-block-group-is-layout-constrained\">\n<h2 class=\"wp-block-heading\">Informace z\u00edskan\u00e9 pou\u017e\u00edv\u00e1n\u00edm aplikac\u00ed<\/h2>\n\n\n\n<ul class=\"wp-block-list\">\n<li>N\u011bkter\u00e9 \u00fadaje, jakou jsou nap\u0159\u00edklad verze OS, verze aplikace nebo typ telefonu, z\u00edsk\u00e1v\u00e1me p\u0159\u00edmo d\u00edky tomu, \u017ee vyu\u017e\u00edv\u00e1te na\u0161e slu\u017eby<\/li>\n\n\n\n<li>Takto shrom\u00e1\u017ed\u011bn\u00e9 \u00fadaje n\u00e1sledn\u011b pou\u017e\u00edv\u00e1me pro intern\u00ed analytick\u00e9 \u00fa\u010dely<\/li>\n\n\n\n<li>Vyu\u017e\u00edv\u00e1me cookies \u2013 cookie je kr\u00e1tk\u00fd textov\u00fd soubor, kter\u00fd nav\u0161t\u00edven\u00e1 webov\u00e1 str\u00e1nka ode\u0161le do prohl\u00ed\u017ee\u010de. Umo\u017e\u0148uje webu zaznamenat informace o va\u0161\u00ed n\u00e1v\u0161t\u011bv\u011b, preferovan\u00fd jazyk a dal\u0161\u00ed nastaven\u00ed. P\u0159\u00ed\u0161t\u00ed n\u00e1v\u0161t\u011bva str\u00e1nek pro v\u00e1s tak m\u016f\u017ee b\u00fdt snaz\u0161\u00ed a produktivn\u011bj\u0161\u00ed\n<ul class=\"wp-block-list\">\n<li>Cookies slou\u017e\u00ed k cel\u00e9 \u0159ad\u011b \u00fa\u010del\u016f. Pou\u017e\u00edv\u00e1me je nap\u0159\u00edklad k ukl\u00e1d\u00e1n\u00ed va\u0161ich nastaven\u00ed bezpe\u010dn\u00e9ho vyhled\u00e1v\u00e1n\u00ed, k v\u00fdb\u011bru relevantn\u00edch reklam, ke sledov\u00e1n\u00ed po\u010dtu n\u00e1v\u0161t\u011bvn\u00edk\u016f na str\u00e1nce, k usnadn\u011bn\u00ed registrace nov\u00fdch slu\u017eeb a k ochran\u011b va\u0161ich dat<\/li>\n<\/ul>\n<\/li>\n<\/ul>\n<\/div>\n","protected":false},"excerpt":{"rendered":"<p>V&nbsp;r\u00e1mci aplikace Sport.cz n\u00e1s zaj\u00edmaj\u00ed n\u011bkter\u00e9 \u00fadaje. P\u0159ed sebou m\u00e1te stru\u010dn\u00fd popis toho, o jak\u00e1 data se konkr\u00e9tn\u011b jedn\u00e1 a z jak\u00e9ho d\u016fvodu je shroma\u017e\u010fujeme. Ve vztahu k&nbsp;v\u00e1m a va\u0161im u\u017eivatelsk\u00fdm \u00fadaj\u016fm ct\u00edme n\u00e1sleduj\u00edc\u00ed z\u00e1sady. Shroma\u017e\u010fov\u00e1n\u00ed informac\u00ed Informace, kter\u00e9 vy\u017eaduj\u00ed povolen\u00ed Informace z\u00edskan\u00e9 pou\u017e\u00edv\u00e1n\u00edm aplikac\u00ed<\/p>\n","protected":false},"author":2,"featured_media":0,"parent":101,"menu_order":0,"comment_status":"closed","ping_status":"closed","template":"page-sidemenu","meta":{"_acf_changed":false,"_relevanssi_hide_post":"","_relevanssi_hide_content":"","_relevanssi_pin_for_all":"","_relevanssi_pin_keywords":"","_relevanssi_unpin_keywords":"","_relevanssi_related_keywords":"","_relevanssi_related_include_ids":"","_relevanssi_related_exclude_ids":"","_relevanssi_related_no_append":"","_relevanssi_related_not_related":"","_relevanssi_related_posts":"","_relevanssi_noindex_reason":"","footnotes":""},"page_category":[3],"page_tag":[],"class_list":["post-212","page","type-page","status-publish","hentry"],"acf":[],"lang":"cs","translations":{"cs":212,"en":2569},"pll_sync_post":[],"_links":{"self":[{"href":"https:\/\/o-seznam.cz\/pravni-informace\/wp-json\/wp\/v2\/pages\/212","targetHints":{"allow":["GET"]}}],"collection":[{"href":"https:\/\/o-seznam.cz\/pravni-informace\/wp-json\/wp\/v2\/pages"}],"about":[{"href":"https:\/\/o-seznam.cz\/pravni-informace\/wp-json\/wp\/v2\/types\/page"}],"author":[{"embeddable":true,"href":"https:\/\/o-seznam.cz\/pravni-informace\/wp-json\/wp\/v2\/users\/2"}],"replies":[{"embeddable":true,"href":"https:\/\/o-seznam.cz\/pravni-informace\/wp-json\/wp\/v2\/comments?post=212"}],"version-history":[{"count":9,"href":"https:\/\/o-seznam.cz\/pravni-informace\/wp-json\/wp\/v2\/pages\/212\/revisions"}],"predecessor-version":[{"id":1552,"href":"https:\/\/o-seznam.cz\/pravni-informace\/wp-json\/wp\/v2\/pages\/212\/revisions\/1552"}],"up":[{"embeddable":true,"href":"https:\/\/o-seznam.cz\/pravni-informace\/wp-json\/wp\/v2\/pages\/101"}],"wp:attachment":[{"href":"https:\/\/o-seznam.cz\/pravni-informace\/wp-json\/wp\/v2\/media?parent=212"}],"wp:term":[{"taxonomy":"page_category","embeddable":true,"href":"https:\/\/o-seznam.cz\/pravni-informace\/wp-json\/wp\/v2\/page_category?post=212"},{"taxonomy":"page_tag","embeddable":true,"href":"https:\/\/o-seznam.cz\/pravni-informace\/wp-json\/wp\/v2\/page_tag?post=212"}],"curies":[{"name":"wp","href":"https:\/\/api.w.org\/{rel}","templated":true}]}}