
{"id":1867,"date":"2024-05-17T11:17:12","date_gmt":"2024-05-17T09:17:12","guid":{"rendered":"https:\/\/o-seznam.cz\/pravni-informace\/?page_id=1867"},"modified":"2024-05-17T11:39:33","modified_gmt":"2024-05-17T09:39:33","slug":"e-mailova-dolozka","status":"publish","type":"page","link":"https:\/\/o-seznam.cz\/pravni-informace\/e-mailova-dolozka\/","title":{"rendered":"E-mailov\u00e1 dolo\u017eka"},"content":{"rendered":"\n<div class=\"wp-block-group is-layout-constrained wp-block-group-is-layout-constrained\"><nav class=\"menu-anchors\">\n<ul>\n\t<li><a href=\"#zamestnanec\">Zam\u011bstnanec spole\u010dnosti Seznam.cz<\/a><\/li>\n<li><a href=\"#spolupracovnik\">Extern\u00ed spolupracovn\u00edk Seznamu<\/a><\/li>\n<\/ul>\n\n<\/nav>\n<\/div>\n\n\n\n<div class=\"wp-block-group is-content-justification-left is-layout-constrained wp-container-core-group-is-layout-b08e1d43 wp-block-group-is-layout-constrained\">\n<h2 class=\"wp-block-heading\" id=\"zamestnanec\">Zam\u011bstnanec spole\u010dnosti Seznam.cz<\/h2>\n\n\n\n<p>Je dobr\u00e9 v\u011bd\u011bt, \u017ee e-mail, z n\u011bj\u017e jste p\u0159i\u0161li, a jeho p\u0159\u00edlohy jsou d\u016fv\u011brn\u00e9 povahy. Pokud spolu jedn\u00e1me o uzav\u0159en\u00ed obchodu, vyhrazujeme si pr\u00e1vo na\u0161e jedn\u00e1n\u00ed kdykoli ukon\u010dit, a to z jak\u00e9hokoli d\u016fvodu nebo bez uveden\u00ed d\u016fvodu a neneseme \u017e\u00e1dnou odpov\u011bdnost za p\u0159\u00edpadn\u00e9 ukon\u010den\u00ed nebo p\u0159eru\u0161en\u00ed jedn\u00e1n\u00ed o uzav\u0159en\u00ed obchodu. Pro fanou\u0161ky pr\u00e1vn\u00ed mluvy \u2013 vylu\u010dujeme t\u00edmto ustanoven\u00ed ob\u010dansk\u00e9ho z\u00e1kon\u00edku o p\u0159edsmluvn\u00ed odpov\u011bdnosti. Pravidla o tom, kdo u n\u00e1s a jak vystupuje za spole\u010dnost a kdo m\u016f\u017ee co a jak podepsat, najdete v <a href=\"https:\/\/o-seznam.cz\/pravni-informace\/podpisovy-rad\/\" data-type=\"page\" data-id=\"226\">podpisov\u00e9m \u0159\u00e1du<\/a>. <\/p>\n\n\n\n<p class=\"is-style-link-external\">Pro sjednanou objedn\u00e1vku jsou z\u00e1vazn\u00e9 <a href=\"https:\/\/www.seznam.cz\/reklama\/cz\/obsahovy-web\/obchodni-podminky\/\" target=\"_blank\" rel=\"noreferrer noopener\">Obchodn\u00ed podm\u00ednky<\/a>.<\/p>\n<\/div>\n\n\n\n<div class=\"wp-block-group is-content-justification-left is-layout-constrained wp-container-core-group-is-layout-0ed21503 wp-block-group-is-layout-constrained\">\n<h2 class=\"wp-block-heading\" id=\"spolupracovnik\">Extern\u00ed spolupracovn\u00edk Seznamu<\/h2>\n\n\n\n<p>E-mail v\u00e1m odes\u00edl\u00e1 extern\u00ed spolupracovn\u00edk spole\u010dnosti Seznam.cz, a.s. Je opr\u00e1vn\u011bn s v\u00e1mi jednat pouze o r\u00e1mcov\u00fdch podm\u00ednk\u00e1ch obchodn\u00ed spolupr\u00e1ce, nen\u00ed v\u0161ak opr\u00e1vn\u011bn spole\u010dnost Seznam.cz, a.s. jakkoli pr\u00e1vn\u011b zavazovat. Kone\u010dn\u00e1 a z\u00e1vazn\u00e1 podoba spolupr\u00e1ce bude v\u017edy sjedn\u00e1na ve form\u011b p\u00edsemn\u00e9 objedn\u00e1vky \u010di smlouvy, kter\u00e9 budou podeps\u00e1ny opr\u00e1vn\u011bn\u00fdmi z\u00e1stupci spole\u010dnosti Seznam.cz, a.s.<\/p>\n\n\n\n<p>Pravidla o tom, kdo a v jak\u00e9m rozsahu je opr\u00e1vn\u011bn spole\u010dnost zastupovat, resp. kdo m\u016f\u017ee co a jak podepsat, najdete v <a href=\"https:\/\/o-seznam.cz\/pravni-informace\/podpisovy-rad\/\" data-type=\"page\" data-id=\"226\">podpisov\u00e9m \u0159\u00e1du<\/a>. Tak\u00e9 je dobr\u00e9 v\u011bd\u011bt, \u017ee tento e-mail a jeho p\u0159\u00edlohy jsou d\u016fv\u011brn\u00e9 povahy.<\/p>\n\n\n\n<p>Pokud spolu jedn\u00e1me o uzav\u0159en\u00ed obchodu, vyhrazujeme si pr\u00e1vo na\u0161e jedn\u00e1n\u00ed kdykoli ukon\u010dit, a to z jak\u00e9hokoli d\u016fvodu nebo bez uveden\u00ed d\u016fvodu a neneseme \u017e\u00e1dnou odpov\u011bdnost za p\u0159\u00edpadn\u00e9 ukon\u010den\u00ed nebo p\u0159eru\u0161en\u00ed jedn\u00e1n\u00ed o uzav\u0159en\u00ed obchodu. Pro fanou\u0161ky pr\u00e1vn\u00ed mluvy \u2013 vylu\u010dujeme t\u00edmto ustanoven\u00ed ob\u010dansk\u00e9ho z\u00e1kon\u00edku o p\u0159edsmluvn\u00ed odpov\u011bdnosti. <\/p>\n\n\n\n<p class=\"is-style-link-external\">Pro sjednanou objedn\u00e1vku jsou z\u00e1vazn\u00e9 <a href=\"https:\/\/www.seznam.cz\/reklama\/cz\/obsahovy-web\/obchodni-podminky\/\" target=\"_blank\" rel=\"noreferrer noopener\">Obchodn\u00ed podm\u00ednky<\/a>.<\/p>\n<\/div>\n","protected":false},"excerpt":{"rendered":"<p>Zam\u011bstnanec spole\u010dnosti Seznam.cz Je dobr\u00e9 v\u011bd\u011bt, \u017ee e-mail, z n\u011bj\u017e jste p\u0159i\u0161li, a jeho p\u0159\u00edlohy jsou d\u016fv\u011brn\u00e9 povahy. Pokud spolu jedn\u00e1me o uzav\u0159en\u00ed obchodu, vyhrazujeme si pr\u00e1vo na\u0161e jedn\u00e1n\u00ed kdykoli ukon\u010dit, a to z jak\u00e9hokoli d\u016fvodu nebo bez uveden\u00ed d\u016fvodu a neneseme \u017e\u00e1dnou odpov\u011bdnost za p\u0159\u00edpadn\u00e9 ukon\u010den\u00ed nebo p\u0159eru\u0161en\u00ed jedn\u00e1n\u00ed o uzav\u0159en\u00ed obchodu. Pro fanou\u0161ky [&hellip;]<\/p>\n","protected":false},"author":2,"featured_media":0,"parent":0,"menu_order":0,"comment_status":"closed","ping_status":"closed","template":"","meta":{"_acf_changed":false,"_relevanssi_hide_post":"","_relevanssi_hide_content":"","_relevanssi_pin_for_all":"","_relevanssi_pin_keywords":"","_relevanssi_unpin_keywords":"","_relevanssi_related_keywords":"","_relevanssi_related_include_ids":"","_relevanssi_related_exclude_ids":"","_relevanssi_related_no_append":"","_relevanssi_related_not_related":"","_relevanssi_related_posts":"","_relevanssi_noindex_reason":"","footnotes":""},"page_category":[],"page_tag":[],"class_list":["post-1867","page","type-page","status-publish","hentry"],"acf":[],"lang":"cs","translations":{"cs":1867,"en":2695},"pll_sync_post":[],"_links":{"self":[{"href":"https:\/\/o-seznam.cz\/pravni-informace\/wp-json\/wp\/v2\/pages\/1867","targetHints":{"allow":["GET"]}}],"collection":[{"href":"https:\/\/o-seznam.cz\/pravni-informace\/wp-json\/wp\/v2\/pages"}],"about":[{"href":"https:\/\/o-seznam.cz\/pravni-informace\/wp-json\/wp\/v2\/types\/page"}],"author":[{"embeddable":true,"href":"https:\/\/o-seznam.cz\/pravni-informace\/wp-json\/wp\/v2\/users\/2"}],"replies":[{"embeddable":true,"href":"https:\/\/o-seznam.cz\/pravni-informace\/wp-json\/wp\/v2\/comments?post=1867"}],"version-history":[{"count":7,"href":"https:\/\/o-seznam.cz\/pravni-informace\/wp-json\/wp\/v2\/pages\/1867\/revisions"}],"predecessor-version":[{"id":1876,"href":"https:\/\/o-seznam.cz\/pravni-informace\/wp-json\/wp\/v2\/pages\/1867\/revisions\/1876"}],"wp:attachment":[{"href":"https:\/\/o-seznam.cz\/pravni-informace\/wp-json\/wp\/v2\/media?parent=1867"}],"wp:term":[{"taxonomy":"page_category","embeddable":true,"href":"https:\/\/o-seznam.cz\/pravni-informace\/wp-json\/wp\/v2\/page_category?post=1867"},{"taxonomy":"page_tag","embeddable":true,"href":"https:\/\/o-seznam.cz\/pravni-informace\/wp-json\/wp\/v2\/page_tag?post=1867"}],"curies":[{"name":"wp","href":"https:\/\/api.w.org\/{rel}","templated":true}]}}