
{"id":166,"date":"2024-02-14T11:06:04","date_gmt":"2024-02-14T10:06:04","guid":{"rendered":"https:\/\/o-seznam.cz\/pravni-informace\/?page_id=166"},"modified":"2025-01-21T16:18:18","modified_gmt":"2025-01-21T15:18:18","slug":"reklama","status":"publish","type":"page","link":"https:\/\/o-seznam.cz\/pravni-informace\/personalizace\/reklama\/","title":{"rendered":"Personalizovan\u00e1 reklama"},"content":{"rendered":"\n<div class=\"wp-block-group is-layout-constrained wp-block-group-is-layout-constrained\">\n<p>Personalizovan\u00e1 reklama, podobn\u011b jako personalizovan\u00fd obsah, pracuje s r\u016fzn\u00fdmi typy identifik\u00e1tor\u016f. Identifik\u00e1tor je \u0159et\u011bzec znak\u016f, kter\u00fd je mo\u017en\u00e9 pou\u017e\u00edt k rozezn\u00e1n\u00ed u\u017eivatele, prohl\u00ed\u017ee\u010de, aplikace nebo za\u0159\u00edzen\u00ed. V aplikac\u00edch se pak pou\u017e\u00edvaj\u00ed aplika\u010dn\u00ed identifik\u00e1tory k rozpozn\u00e1n\u00ed konkr\u00e9tn\u00edho za\u0159\u00edzen\u00ed nebo aplikace na za\u0159\u00edzen\u00ed. R\u016fzn\u00e9 identifik\u00e1tory za\u0159\u00edzen\u00ed se li\u0161\u00ed podle toho, jak jsou trval\u00e9, zda je m\u016f\u017eete resetovat a jak\u00fdm zp\u016fsobem k nim z\u00edskat p\u0159\u00edstup. Na z\u00e1klad\u011b nasb\u00edran\u00fdch dat o va\u0161\u00ed aktivit\u011b na na\u0161ich slu\u017eb\u00e1ch se identifik\u00e1tor za\u0159ad\u00ed do n\u011bkter\u00e9 z charakteristick\u00fdch skupin, jako je auto moto, weby pro \u017eeny, mu\u017e a \u017eena, geografick\u00e1 poloha atd. <\/p>\n\n\n\n<p>V r\u00e1mci personalizace reklamy zpracov\u00e1v\u00e1me informace o va\u0161\u00ed poloze. Obecnou polohu va\u0161eho za\u0159\u00edzen\u00ed m\u016f\u017eeme orienta\u010dn\u011b ur\u010dit i z technick\u00fdch \u00fadaj\u016f, jako jsou t\u0159eba prohl\u00ed\u017ee\u010de va\u0161eho za\u0159\u00edzen\u00ed. D\u00edky nim dok\u00e1\u017eeme zjistit polohu na \u00farovni jednotliv\u00fdch okres\u016f. Po ud\u011blen\u00ed souhlasu m\u016f\u017eeme vyu\u017e\u00edt i p\u0159esn\u011bj\u0161\u00ed c\u00edlen\u00ed, nap\u0159. pomoc\u00ed geoloka\u010dn\u00edch dat z aplikace Mapy.cz, kter\u00e1 pracuj\u00ed se sou\u0159adnicemi GPS. <\/p>\n\n\n\n<p>V p\u0159\u00edpad\u011b, \u017ee pat\u0159\u00edte mezi registrovan\u00e9 u\u017eivatele, z\u00edsk\u00e1v\u00e1me zadan\u00e9 informace z va\u0161eho Seznam \u00da\u010dtu, kde si je tak\u00e9 m\u016f\u017eete kdykoliv upravit. Tyto informace zpracujeme pro \u00fa\u010dely personalizace reklamy pouze v p\u0159\u00edpad\u011b va\u0161eho souhlasu.<\/p>\n\n\n\n<p>Seznam.cz uchov\u00e1v\u00e1 tyto informace (resp. \u00fadaje) v n\u00e1sleduj\u00edc\u00edm rozsahu: <\/p>\n\n\n\n<ul class=\"wp-block-list\">\n<li>Pro pot\u0159eby retargetingu maxim\u00e1ln\u011b 540 dn\u00ed<\/li>\n\n\n\n<li>Pro pot\u0159eby c\u00edlen\u00e9 reklamy maxim\u00e1ln\u011b 730 dn\u00ed<\/li>\n<\/ul>\n\n\n\n<p>V\u00fdjimkou jsou informace, kter\u00e9 jste do sv\u00e9ho Seznam \u00da\u010dtu vyplnili sami. Po ud\u011blen\u00ed p\u0159\u00edslu\u0161n\u00e9ho souhlasu pro pot\u0159eby personalizace reklamy budou data pou\u017e\u00edv\u00e1na po celou dobu jeho existence.<\/p>\n<\/div>\n\n\n\n<div class=\"wp-block-group is-layout-constrained wp-block-group-is-layout-constrained\">\n<h2 class=\"wp-block-heading\">Vyu\u017e\u00edv\u00e1n\u00ed cookies pro reklamn\u00ed \u00fa\u010dely<\/h2>\n\n\n\n<p>Seznam.cz je zapojen\u00fd do celoevropsk\u00e9ho standardu TCF (Transparency and Consent Framework) a podle n\u011bj p\u0159istupuje k vyu\u017e\u00edv\u00e1n\u00ed cookies. Tento standard vznikl na z\u00e1klad\u011b celoevropsk\u00e9ho na\u0159\u00edzen\u00ed o GDPR pod z\u00e1\u0161titou IAB Europe. IAB Europe p\u0159edstavuje ofici\u00e1ln\u00ed autoritu, kter\u00e1 se star\u00e1 o nastaven\u00ed standard\u016f pro subjekty podnikaj\u00edc\u00ed v oboru digit\u00e1ln\u00ed reklamy v Evrop\u011b. Seznam.cz je v TCF registrovan\u00fd pod ID 621. Sou\u010dasn\u011b je Seznam.cz tak\u00e9 registrovan\u00fd jako provozovatel CMP (Consent Management Platform) pod ID 247. CMP tak v TCF p\u0159edstavuje n\u00e1stroj, pomoc\u00ed kter\u00e9ho se ovl\u00e1d\u00e1 konkr\u00e9tn\u00ed nastaven\u00ed pro vyu\u017e\u00edv\u00e1n\u00ed cookies. <\/p>\n\n\n\n<p>V r\u00e1mci tohoto standardu sb\u00edr\u00e1 spole\u010dnost Seznam.cz souhlasy s vyu\u017eit\u00edm osobn\u00edch dat u\u017eivatel\u016f pro pot\u0159eby sv\u00e9 a sv\u00fdch partner\u016f. Konkr\u00e9tn\u011b Seznam.cz zpracov\u00e1v\u00e1 tato data pomoc\u00ed v\u00fd\u0161e zm\u00edn\u011bn\u00e9ho standardu pro uveden\u00e9 \u00fa\u010dely na z\u00e1klad\u011b <a href=\"https:\/\/o-seznam.cz\/pravni-informace\/personalizace\/opravneny-zajem\/\">n\u00e1sleduj\u00edc\u00edch p\u0159\u00edstup\u016f<\/a>. U\u017eivatel m\u016f\u017ee ud\u011blit sv\u016fj souhlas pro vyu\u017eit\u00ed t\u011bchto \u00fadaj\u016f v r\u00e1mci k tomu ur\u010den\u00e9ho dialogu, kter\u00fd se \u0159\u00edd\u00ed stanoven\u00fdmi standardy. Sv\u016fj souhlas, \u010di nesouhlas m\u016f\u017ee u\u017eivatel kdykoliv zm\u011bnit, a to ve sv\u00e9m osobn\u00edm nastaven\u00ed nebo p\u0159es tla\u010d\u00edtko &#8222;Nastavit personalizaci&#8220;, kter\u00e9 najdete n\u00ed\u017ee.<\/p>\n\n\n\n<p>Seznam.cz pracuje s vlastn\u00edmi reklamn\u00edmi syst\u00e9my, kter\u00fdmi zaji\u0161\u0165uje v\u00fddej reklamn\u00edch sd\u011blen\u00ed na sv\u00fdch str\u00e1nk\u00e1ch a tak\u00e9 na str\u00e1nk\u00e1ch sv\u00fdch smluvn\u00edch partner\u016f. Reklamn\u00ed syst\u00e9my spole\u010dnosti Seznam.cz vyu\u017e\u00edvaj\u00ed cookies soubory pro v\u00fd\u0161e uveden\u00e9 \u00fa\u010dely. Mimo sv\u00e9 reklamn\u00ed syst\u00e9my umo\u017e\u0148uje Seznam.cz v\u00fddej reklamy pomoc\u00ed syst\u00e9m\u016f t\u0159et\u00edch stran, kter\u00e9 pou\u017e\u00edvaj\u00ed inzerenti pro m\u011b\u0159en\u00ed, v\u00fddej \u010di audit v\u00fdkonu objednan\u00fdch kampan\u00ed. Tyto platformy vyu\u017e\u00edvaj\u00ed cookies soubory k obdobn\u00fdm \u00fa\u010del\u016fm jako reklamn\u00ed syst\u00e9my spole\u010dnosti Seznam.cz. Pokud v\u00e1s zaj\u00edm\u00e1, komu umo\u017e\u0148ujete p\u0159\u00edstup k n\u011bkter\u00fdm informac\u00edm na z\u00e1klad\u011b va\u0161eho souhlasu, pod\u00edvejte se na n\u00e1\u0161 <a href=\"https:\/\/o-seznam.cz\/pravni-informace\/personalizace\/seznam-partneru\/\">Seznam partner\u016f<\/a>.<\/p>\n\n\n\n<p>Nikdy nedoch\u00e1z\u00ed k p\u0159ed\u00e1v\u00e1n\u00ed va\u0161ich re\u00e1ln\u00fdch osobn\u00edch \u00fadaj\u016f (nap\u0159. e-mailov\u00e1 adresa, telefonn\u00ed \u010d\u00edslo, jm\u00e9no \u010di p\u0159\u00edjmen\u00ed) t\u0159et\u00edm stran\u00e1m, na z\u00e1klad\u011b kter\u00fdch by v\u00e1s t\u0159et\u00ed strany mohly identifikovat. M\u016f\u017ee doj\u00edt pouze k p\u0159ed\u00e1n\u00ed odhadovan\u00fdch statistik chov\u00e1n\u00ed pro jednotliv\u00e9 online identifik\u00e1tory cookies (nap\u0159. \u017eena, 45\u201359 let, se z\u00e1jmem o va\u0159en\u00ed a m\u00f3du).<\/p>\n<\/div>\n\n\n\n<div class=\"wp-block-group is-layout-constrained wp-block-group-is-layout-constrained\">\n<div class=\"wp-block-group is-layout-constrained wp-block-group-is-layout-constrained\">\n<div class=\"wp-block-seznam-box is-layout-flow wp-block-seznam-box-is-layout-flow\">\n<div class=\"wp-block-buttons is-layout-flex wp-block-buttons-is-layout-flex\">\n<div class=\"wp-block-button szn-cmp-manage\"><a class=\"wp-block-button__link wp-element-button\">Nastavit personalizaci<\/a><\/div>\n<\/div>\n\n\n\n<p>Nastaven\u00ed personalizace m\u016f\u017eete upravovat i ve sv\u00e9m Seznam \u00da\u010dtu. Z\u00e1lo\u017eka Osobn\u00ed \u00fadaje v podsekci Ochrana osobn\u00edch \u00fadaj\u016f.<\/p>\n<\/div>\n<\/div>\n<\/div>\n\n\n\n<div class=\"wp-block-group is-layout-constrained wp-block-group-is-layout-constrained\">\n<h2 class=\"wp-block-heading\">Nej\u010dast\u011bj\u0161\u00ed dotazy<\/h2>\n\n\n\n<div class=\"accordion\">\n\t<div class=\"accordion__items\">\n\n<details class=\"expander is-style-default\">\n\t<summary data-datalayer-name=\"\" data-datalayer-text=\"Nen\u00ed &quot;sledov\u00e1n\u00ed&quot; cookies pro personalizovanou reklamu nez\u00e1konn\u00e9?\">\n\t\t\t\t<strong>Nen\u00ed &quot;sledov\u00e1n\u00ed&quot; cookies pro personalizovanou reklamu nez\u00e1konn\u00e9?<\/strong>\n\t\t\t<\/summary>\n\t<div class=\"inner-blocks\">\n\n<p>Nen\u00ed. Aktu\u00e1ln\u00ed pr\u00e1vn\u00ed \u00faprava dovoluje personalizaci reklamn\u00edch sd\u011blen\u00ed a obsahu s vyu\u017eit\u00edm cookies. Z\u00e1rove\u0148 v\u00e1m umo\u017e\u0148uje jejich vyu\u017eit\u00ed pln\u011b ovl\u00e1dat, \u010di vypnout. Informace, kter\u00e9 sledujeme, se t\u00fdkaj\u00ed pouze str\u00e1nek nav\u0161t\u00edven\u00fdch v r\u00e1mci server\u016f provozovan\u00fdch spole\u010dnost\u00ed Seznam.cz a partnersk\u00e9 s\u00edt\u011b. Na t\u011bchto serverech vyd\u00e1v\u00e1me reklamn\u00ed sd\u011blen\u00ed pomoc\u00ed na\u0161ich reklamn\u00edch syst\u00e9m\u016f. Fin\u00e1ln\u00ed d\u011blen\u00ed u\u017eivatelsk\u00fdch preferenc\u00ed se tvo\u0159\u00ed pouze podle aktivit n\u011bkter\u00e9ho z uveden\u00fdch identifik\u00e1tor\u016f na webov\u00fdch str\u00e1nk\u00e1ch spole\u010dnosti Seznam.cz a jeho partnersk\u00fdch str\u00e1nek. Personalizovan\u00e1 reklama n\u00e1m pom\u00e1h\u00e1 financovat chod slu\u017eeb, kter\u00e9 provozujeme, a z\u00e1rove\u0148 t\u00edm podporujeme nez\u00e1vislou tvorbu obsahu. Abychom v\u00e1m zajistili maxim\u00e1ln\u00ed u\u017eivatelsk\u00fd z\u00e1\u017eitek p\u0159i pou\u017e\u00edv\u00e1n\u00ed internetu, m\u016f\u017eeme va\u0161e preference z\u00e1jm\u016f sd\u00edlet s dal\u0161\u00edmi partnery.<\/p>\n\n<\/div><\/details>\n\n\n\n<details class=\"expander is-style-default\">\n\t<summary data-datalayer-name=\"\" data-datalayer-text=\"Co kdy\u017e nechci zobrazovat personalizovanou reklamu?\">\n\t\t\t\t<strong>Co kdy\u017e nechci zobrazovat personalizovanou reklamu?<\/strong>\n\t\t\t<\/summary>\n\t<div class=\"inner-blocks\">\n\n<p>Pokud si mysl\u00edte, \u017ee v\u00e1m personalizovan\u00e1 reklama nezp\u0159\u00edjemn\u00ed pou\u017e\u00edv\u00e1n\u00ed internetu, m\u016f\u017eete si nastavit pomoc\u00ed tla\u010d\u00edtka &#8222;Nastavit personalizaci&#8220; jej\u00ed zobrazov\u00e1n\u00ed podle vlastn\u00edch preferenc\u00ed. Nebo si j\u00ed upravte v &#8222;Nastaven\u00ed osobn\u00edch \u00fadaj\u016f&#8220; ve va\u0161em \u00fa\u010dtu po p\u0159ihl\u00e1\u0161en\u00ed. Jakmile si ulo\u017e\u00edte nastaven\u00ed, do cookies a\/nebo va\u0161eho Seznam \u00da\u010dtu se prop\u00ed\u0161e informace, jestli si p\u0159ejete personalizaci reklam, nebo ne. Tato informace je pak dostupn\u00e1 i pro partnersk\u00e9 reklamn\u00ed syst\u00e9my. Pokud personalizaci reklamy zak\u00e1\u017eete, zobraz\u00ed se v\u00e1m pouze obecn\u00e1 reklamn\u00ed sd\u011blen\u00ed, kter\u00e1 nepodl\u00e9haj\u00ed souhlasu s personalizac\u00ed. Sou\u010dasn\u011b nebudeme zpracov\u00e1vat ani \u017e\u00e1dn\u00e1 data z va\u0161eho prohl\u00ed\u017ee\u010de pro tyto \u00fa\u010dely. V p\u0159\u00edpad\u011b, \u017ee sma\u017eete ve sv\u00e9m prohl\u00ed\u017ee\u010di cookies, nebo je v\u00e1\u0161 prohl\u00ed\u017ee\u010d nastaven\u00fd tak, aby cookies pravideln\u011b mazal, p\u0159ijdeme o informaci o va\u0161em nastaven\u00ed. P\u0159i dal\u0161\u00edm p\u0159\u00edchodu na slu\u017eby Seznamu a na\u0161ich partner\u016f se v\u00e1s pak budeme znovu dotazovat na nastaven\u00ed va\u0161ich preferenc\u00ed. Jestli\u017ee m\u00e1te sv\u00e9 nastaven\u00ed personalizace ulo\u017een\u00e9 ve sv\u00e9m Seznam \u00da\u010dtu, pou\u017eijeme ho pro nov\u00e9 cookies po va\u0161em p\u0159ihl\u00e1\u0161en\u00ed a na nastaven\u00ed personalizace se u\u017e dotazovat nebudeme.<\/p>\n\n<\/div><\/details>\n\n<\/div><\/div>\n\n<\/div>\n","protected":false},"excerpt":{"rendered":"<p>Personalizovan\u00e1 reklama, podobn\u011b jako personalizovan\u00fd obsah, pracuje s r\u016fzn\u00fdmi typy identifik\u00e1tor\u016f. Identifik\u00e1tor je \u0159et\u011bzec znak\u016f, kter\u00fd je mo\u017en\u00e9 pou\u017e\u00edt k rozezn\u00e1n\u00ed u\u017eivatele, prohl\u00ed\u017ee\u010de, aplikace nebo za\u0159\u00edzen\u00ed. V aplikac\u00edch se pak pou\u017e\u00edvaj\u00ed aplika\u010dn\u00ed identifik\u00e1tory k rozpozn\u00e1n\u00ed konkr\u00e9tn\u00edho za\u0159\u00edzen\u00ed nebo aplikace na za\u0159\u00edzen\u00ed. R\u016fzn\u00e9 identifik\u00e1tory za\u0159\u00edzen\u00ed se li\u0161\u00ed podle toho, jak jsou trval\u00e9, zda je m\u016f\u017eete resetovat [&hellip;]<\/p>\n","protected":false},"author":2,"featured_media":0,"parent":157,"menu_order":0,"comment_status":"closed","ping_status":"closed","template":"page-sidemenu","meta":{"_acf_changed":false,"_relevanssi_hide_post":"","_relevanssi_hide_content":"","_relevanssi_pin_for_all":"","_relevanssi_pin_keywords":"","_relevanssi_unpin_keywords":"","_relevanssi_related_keywords":"","_relevanssi_related_include_ids":"","_relevanssi_related_exclude_ids":"","_relevanssi_related_no_append":"","_relevanssi_related_not_related":"","_relevanssi_related_posts":"","_relevanssi_noindex_reason":"","footnotes":""},"page_category":[4],"page_tag":[],"class_list":["post-166","page","type-page","status-publish","hentry"],"acf":[],"lang":"cs","translations":{"cs":166,"en":2674},"pll_sync_post":[],"_links":{"self":[{"href":"https:\/\/o-seznam.cz\/pravni-informace\/wp-json\/wp\/v2\/pages\/166","targetHints":{"allow":["GET"]}}],"collection":[{"href":"https:\/\/o-seznam.cz\/pravni-informace\/wp-json\/wp\/v2\/pages"}],"about":[{"href":"https:\/\/o-seznam.cz\/pravni-informace\/wp-json\/wp\/v2\/types\/page"}],"author":[{"embeddable":true,"href":"https:\/\/o-seznam.cz\/pravni-informace\/wp-json\/wp\/v2\/users\/2"}],"replies":[{"embeddable":true,"href":"https:\/\/o-seznam.cz\/pravni-informace\/wp-json\/wp\/v2\/comments?post=166"}],"version-history":[{"count":34,"href":"https:\/\/o-seznam.cz\/pravni-informace\/wp-json\/wp\/v2\/pages\/166\/revisions"}],"predecessor-version":[{"id":2265,"href":"https:\/\/o-seznam.cz\/pravni-informace\/wp-json\/wp\/v2\/pages\/166\/revisions\/2265"}],"up":[{"embeddable":true,"href":"https:\/\/o-seznam.cz\/pravni-informace\/wp-json\/wp\/v2\/pages\/157"}],"wp:attachment":[{"href":"https:\/\/o-seznam.cz\/pravni-informace\/wp-json\/wp\/v2\/media?parent=166"}],"wp:term":[{"taxonomy":"page_category","embeddable":true,"href":"https:\/\/o-seznam.cz\/pravni-informace\/wp-json\/wp\/v2\/page_category?post=166"},{"taxonomy":"page_tag","embeddable":true,"href":"https:\/\/o-seznam.cz\/pravni-informace\/wp-json\/wp\/v2\/page_tag?post=166"}],"curies":[{"name":"wp","href":"https:\/\/api.w.org\/{rel}","templated":true}]}}