{"id":1629,"date":"2024-05-11T20:31:30","date_gmt":"2024-05-11T18:31:30","guid":{"rendered":"https:\/\/o-seznam.cz\/pravni-informace\/?page_id=1629"},"modified":"2025-02-10T19:10:38","modified_gmt":"2025-02-10T18:10:38","slug":"souhlas","status":"publish","type":"page","link":"https:\/\/o-seznam.cz\/pravni-informace\/ochrana-udaju\/souhlas\/","title":{"rendered":"Zpracov\u00e1n\u00ed osobn\u00edch \u00fadaj\u016f"},"content":{"rendered":"\n<div class=\"wp-block-group is-content-justification-left is-layout-constrained wp-container-core-group-is-layout-b08e1d43 wp-block-group-is-layout-constrained\">\n<p>Ud\u011blen\u00edm souhlasu se zpracov\u00e1n\u00edm osobn\u00edch \u00fadaj\u016f si m\u016f\u017eete u\u017e\u00edvat na\u0161e slu\u017eby naplno a podle sv\u00fdch p\u0159edstav. Obsah i zobrazovan\u00e1 reklama toti\u017e budou odpov\u00eddat va\u0161im z\u00e1jm\u016fm a preferenc\u00edm.<\/p>\n<\/div>\n\n\n\n<div class=\"wp-block-group alignwide is-layout-constrained wp-block-group-is-layout-constrained\"><div class=\"alignwide alignwide wp-block-seznam-stream\"><div class=\"streamAdvanced \">\n\t<button data-stream-video-advanced=\"64952934\">\n\t\t<img loading=\"lazy\" decoding=\"async\" width=\"1280\" height=\"720\" src=\"https:\/\/o-seznam.cz\/pravni-informace\/wp-content\/uploads\/sites\/6\/2024\/05\/seznam-cz-souhlas-1280x720.jpg\" class=\"attachment-ipq-1280x720-true size-ipq-1280x720-true\" alt=\"\" srcset=\"https:\/\/o-seznam.cz\/pravni-informace\/wp-content\/uploads\/sites\/6\/2024\/05\/seznam-cz-souhlas-1280x720.jpg 1280w, https:\/\/o-seznam.cz\/pravni-informace\/wp-content\/uploads\/sites\/6\/2024\/05\/seznam-cz-souhlas-992x558.jpg 992w, https:\/\/o-seznam.cz\/pravni-informace\/wp-content\/uploads\/sites\/6\/2024\/05\/seznam-cz-souhlas-768x432.jpg 768w, https:\/\/o-seznam.cz\/pravni-informace\/wp-content\/uploads\/sites\/6\/2024\/05\/seznam-cz-souhlas-1536x864.jpg 1536w, https:\/\/o-seznam.cz\/pravni-informace\/wp-content\/uploads\/sites\/6\/2024\/05\/seznam-cz-souhlas.jpg 1920w\" sizes=\"auto, (max-width: 1280px) 100vw, 1280px\" \/>\t\t<div class=\"streamAdvanced__button\">\n\t\t\t<div>\n\t\t\t\tJe sd\u00edlen\u00ed dat drama?\t\t\t\t\t\t\t<\/div>\n\t\t<\/div>\n\t<\/button>\n<\/div>\n<\/div><\/div>\n\n\n\n<div class=\"wp-block-group is-layout-constrained wp-block-group-is-layout-constrained\">\n<div class=\"wp-block-columns pattern-columns-2-icons is-layout-flex wp-container-core-columns-is-layout-28f84493 wp-block-columns-is-layout-flex\">\n<div class=\"wp-block-column is-layout-flow wp-container-core-column-is-layout-16b3bfcb wp-block-column-is-layout-flow\"><figure class=\"aligncenter aligncenter wp-block-seznam-icon\"><img loading=\"lazy\" decoding=\"async\" width=\"64\" height=\"64\" src=\"https:\/\/o-seznam.cz\/pravni-informace\/wp-content\/uploads\/sites\/6\/2024\/06\/seznam-cz-sluzby.svg\" class=\"attachment-full size-full\" alt=\"\" \/><\/figure>\n\n\n\n<p class=\"has-text-align-center is-style-wrap-balance\"><strong>Slu\u017eby zdarma<\/strong><\/p>\n\n\n\n<p class=\"has-text-align-center is-style-wrap-balance\">N\u00e1\u0161 provoz financujeme z p\u0159\u00edjm\u016f z reklamy. Pro jej\u00ed c\u00edlen\u00ed pot\u0159ebujeme souhlas s poskytnut\u00edm osobn\u00edch \u00fadaj\u016f.<\/p>\n\n\n\n<div class=\"wp-block-group is-layout-constrained wp-block-group-is-layout-constrained\" style=\"margin-top:var(--wp--preset--spacing--4);margin-bottom:var(--wp--preset--spacing--4)\">\n<p class=\"has-text-align-center is-style-next\"><a href=\"https:\/\/o-seznam.cz\/pravni-informace\/ochrana-udaju\/souhlas\/sluzby-zdarma\/\">V\u00edce o financov\u00e1n\u00ed<\/a><\/p>\n<\/div>\n<\/div>\n\n\n\n<div class=\"wp-block-column is-layout-flow wp-container-core-column-is-layout-16b3bfcb wp-block-column-is-layout-flow\"><figure class=\"aligncenter aligncenter wp-block-seznam-icon\"><img loading=\"lazy\" decoding=\"async\" width=\"64\" height=\"64\" src=\"https:\/\/o-seznam.cz\/pravni-informace\/wp-content\/uploads\/sites\/6\/2024\/06\/seznam-cz-data-souhlas.svg\" class=\"attachment-full size-full\" alt=\"\" \/><\/figure>\n\n\n\n<p class=\"has-text-align-center is-style-wrap-balance\"><strong>Data a souhlas<\/strong><\/p>\n\n\n\n<p class=\"has-text-align-center is-style-wrap-balance\">Pro pot\u0159eby fungov\u00e1n\u00ed str\u00e1nek jsou pot\u0159eba r\u016fzn\u00e9 druhy dat. Jak\u00e9 to jsou a jak u n\u00e1s prob\u00edh\u00e1 jejich spr\u00e1va?<\/p>\n\n\n\n<div class=\"wp-block-group is-layout-constrained wp-block-group-is-layout-constrained\" style=\"margin-top:var(--wp--preset--spacing--4);margin-bottom:var(--wp--preset--spacing--4)\">\n<p class=\"has-text-align-center is-style-next\"><a href=\"https:\/\/o-seznam.cz\/pravni-informace\/ochrana-udaju\/souhlas\/data\/\">V\u00edce o datech a souhlasu<\/a><\/p>\n<\/div>\n<\/div>\n<\/div>\n\n\n\n<div class=\"wp-block-columns pattern-columns-2-icons is-layout-flex wp-container-core-columns-is-layout-28f84493 wp-block-columns-is-layout-flex\">\n<div class=\"wp-block-column is-layout-flow wp-container-core-column-is-layout-16b3bfcb wp-block-column-is-layout-flow\"><figure class=\"aligncenter aligncenter wp-block-seznam-icon\"><img loading=\"lazy\" decoding=\"async\" width=\"64\" height=\"64\" src=\"https:\/\/o-seznam.cz\/pravni-informace\/wp-content\/uploads\/sites\/6\/2024\/06\/seznam-cz-data-vyuziti.svg\" class=\"attachment-full size-full\" alt=\"\" \/><\/figure>\n\n\n\n<p class=\"has-text-align-center is-style-wrap-balance\"><strong>Vyu\u017eit\u00ed dat<\/strong><\/p>\n\n\n\n<p class=\"has-text-align-center is-style-wrap-balance\">U\u017eivatelsk\u00e1 data n\u00e1m umo\u017e\u0148uj\u00ed p\u0159izp\u016fsobovat v\u00e1m slu\u017eby na m\u00edru a relevantn\u011b c\u00edlit reklamu.<\/p>\n\n\n\n<div class=\"wp-block-group is-layout-constrained wp-block-group-is-layout-constrained\" style=\"margin-top:var(--wp--preset--spacing--4);margin-bottom:var(--wp--preset--spacing--4)\">\n<p class=\"has-text-align-center is-style-next\"><a href=\"https:\/\/o-seznam.cz\/pravni-informace\/ochrana-udaju\/souhlas\/vyuziti-dat\/\">V\u00edce o vyu\u017e\u00edv\u00e1n\u00ed dat<\/a><\/p>\n<\/div>\n<\/div>\n\n\n\n<div class=\"wp-block-column is-layout-flow wp-container-core-column-is-layout-16b3bfcb wp-block-column-is-layout-flow\"><figure class=\"aligncenter aligncenter wp-block-seznam-icon\"><img loading=\"lazy\" decoding=\"async\" width=\"64\" height=\"64\" src=\"https:\/\/o-seznam.cz\/pravni-informace\/wp-content\/uploads\/sites\/6\/2024\/06\/seznam-cz-data-ochrana.svg\" class=\"attachment-full size-full\" alt=\"\" \/><\/figure>\n\n\n\n<p class=\"has-text-align-center is-style-wrap-balance\"><strong>Ochrana dat<\/strong><\/p>\n\n\n\n<p class=\"has-text-align-center is-style-wrap-balance\">M\u00e1me vlastn\u00ed datov\u00e1 centra a nikomu neposkytujeme data, z nich\u017e by byla mo\u017en\u00e1 va\u0161e identifikace.<\/p>\n\n\n\n<div class=\"wp-block-group is-layout-constrained wp-block-group-is-layout-constrained\" style=\"margin-top:var(--wp--preset--spacing--4);margin-bottom:var(--wp--preset--spacing--4)\">\n<p class=\"has-text-align-center is-style-next\"><a href=\"https:\/\/o-seznam.cz\/pravni-informace\/ochrana-udaju\/souhlas\/ochrana-dat\/\">V\u00edce o ochran\u011b dat<\/a><\/p>\n<\/div>\n<\/div>\n<\/div>\n<\/div>\n\n\n\n<div class=\"wp-block-group is-layout-constrained wp-block-group-is-layout-constrained\">\n<h2 class=\"wp-block-heading\">Nej\u010dast\u011bj\u0161\u00ed dotazy<\/h2>\n\n\n\n<div class=\"accordion\">\n\t<div class=\"accordion__items\">\n\n<details class=\"expander is-style-default\">\n\t<summary data-datalayer-name=\"\" data-datalayer-text=\"Co je Seznam bez c\u00edlen\u00e9 reklamy?\">\n\t\t\t\t<strong>Co je Seznam bez c\u00edlen\u00e9 reklamy?<\/strong>\n\t\t\t<\/summary>\n\t<div class=\"inner-blocks\">\n\n<p>Seznam bez c\u00edlen\u00e9 reklamy je jednou z mo\u017enost\u00ed, kdy\u017e nechcete na internetu sd\u00edlet sv\u00e9 osobn\u00ed \u00fadaje. Reklamu nad\u00e1le uvid\u00edte, ale nebude na v\u00e1s tzv. c\u00edlit, tedy nebude reflektovat va\u0161e p\u0159edchoz\u00ed vyhled\u00e1v\u00e1n\u00ed nebo z\u00e1jmy. M\u011bs\u00ed\u010dn\u00ed poplatek za Seznam bez c\u00edlen\u00e9 reklamy je 49 K\u010d, volbu lze prov\u00e9st p\u0159\u00edmo z dialogov\u00e9ho okna p\u0159i vstupu na na\u0161e slu\u017eby nebo ve va\u0161em Seznam \u00fa\u010dtu. Zakoup\u00edte\u2011li si Seznam bez c\u00edlen\u00e9 reklamy, nebudeme o v\u00e1s prost\u0159ednictv\u00edm cookies sb\u00edrat \u017e\u00e1dn\u00e1 data pro analytick\u00e9 a marketingov\u00e9 \u00fa\u010dely, ale m\u016f\u017eete si sami zvolit, zda budete cht\u00edt nap\u0159\u00edklad obsah p\u0159izp\u016fsoben\u00fd na m\u00edru.<\/p>\n\n<\/div><\/details>\n\n\n\n<details class=\"expander is-style-default\">\n\t<summary data-datalayer-name=\"\" data-datalayer-text=\"Co je Seznam bez reklam?\">\n\t\t\t\t<strong>Co je Seznam bez reklam?<\/strong>\n\t\t\t<\/summary>\n\t<div class=\"inner-blocks\">\n\n<p class=\"is-style-link-external\">Seznam bez reklam nab\u00edz\u00ed pr\u00e9miov\u00fd z\u00e1\u017eitek z pou\u017e\u00edv\u00e1n\u00ed na\u0161ich slu\u017eeb. V p\u0159\u00edpad\u011b, \u017ee si zakoup\u00edte produkt Seznam bez reklam za 1 500 K\u010d p\u0159i ro\u010dn\u00ed platb\u011b (125 K\u010d m\u011bs\u00ed\u010dn\u011b) nebo za 179 K\u010d p\u0159i m\u011bs\u00ed\u010dn\u00edm p\u0159edplatn\u00e9m, nebude se v\u00e1m na na\u0161ich slu\u017eb\u00e1ch zobrazovat \u017e\u00e1dn\u00e1 display \u010di audio a videoreklama. Nad\u00e1le v\u0161ak uvid\u00edte inzerci ve v\u00fdsledc\u00edch Vyhled\u00e1v\u00e1n\u00ed, komer\u010dn\u00ed obsah vytvo\u0159en\u00fd spole\u010dn\u011b s partnery a Seznam Native, p\u0159\u00edpadn\u011b usly\u0161\u00edte audio reklamu, kter\u00e1 je sou\u010d\u00e1st\u00ed zvukov\u00e9 stopy na\u0161ich podcast\u016f. Zakoup\u00edte\u2011li si Seznam bez reklam, nebudeme o v\u00e1s prost\u0159ednictv\u00edm cookies sb\u00edrat \u017e\u00e1dn\u00e1 data pro analytick\u00e9 a marketingov\u00e9 \u00fa\u010dely, ale m\u016f\u017eete si sami zvolit, zda budete cht\u00edt nap\u0159\u00edklad obsah p\u0159izp\u016fsoben\u00fd na m\u00edru. Seznam bez reklam lze zakoupit p\u0159\u00edmo z dialogov\u00e9ho okna p\u0159i vstupu na na\u0161e slu\u017eby, ve va\u0161em Seznam \u00fa\u010dtu nebo na str\u00e1nce ur\u010den\u00e9 pro <a href=\"http:\/\/bezreklam.seznam.cz\" target=\"_blank\" rel=\"noreferrer noopener\">Seznam bez reklam<\/a>.<\/p>\n\n<\/div><\/details>\n\n\n\n<details class=\"expander is-style-default\">\n\t<summary data-datalayer-name=\"\" data-datalayer-text=\"Jak\u00fd je rozd\u00edl mezi zvolen\u00edm Seznamu zdarma, Seznamu bez c\u00edlen\u00e9 reklamy a Seznamu bez reklam?\">\n\t\t\t\t<strong>Jak\u00fd je rozd\u00edl mezi zvolen\u00edm Seznamu zdarma, Seznamu bez c\u00edlen\u00e9 reklamy a Seznamu bez reklam?<\/strong>\n\t\t\t<\/summary>\n\t<div class=\"inner-blocks\">\n\n<p>P\u0159i poskytnut\u00ed souhlasu se zpracov\u00e1n\u00edm osobn\u00edch \u00fadaj\u016f, bude pro v\u00e1s v\u0161e zdarma jako dosud, reklamy a obsah p\u0159izp\u016fsob\u00edme va\u0161im va\u0161im z\u00e1jm\u016fm a z\u00e1lib\u00e1m. Kdy\u017e v\u00e1m nevad\u00ed reklama, ale nechcete sd\u00edlet u\u017eivatelsk\u00e1 data, m\u016f\u017eete si vybrat Seznam bez c\u00edlen\u00e9 reklamy za 49 K\u010d m\u011bs\u00ed\u010dn\u011b a reklama se ji\u017e nebude p\u0159izp\u016fsobovat va\u0161im z\u00e1jm\u016fm. P\u0159i zvolen\u00ed Seznamu bez reklam za 1 500 K\u010d p\u0159i ro\u010dn\u00edm p\u0159edplatn\u00e9m (125 K\u010d m\u011bs\u00ed\u010dn\u011b) nebo za 179 K\u010d p\u0159i m\u011bs\u00ed\u010dn\u00ed platb\u011b se v\u00e1m na slu\u017eb\u00e1ch Seznamu ji\u017e nebude reklama zobrazovat, zejm\u00e9na bannery a reklama v audiu \u010di videu. Zakoup\u00edte\u2011li si Seznam bez c\u00edlen\u00e9 reklamy nebo Seznam bez reklam, nebudeme o v\u00e1s prost\u0159ednictv\u00edm cookies sb\u00edrat \u017e\u00e1dn\u00e1 data pro analytick\u00e9 a marketingov\u00e9 \u00fa\u010dely, ale m\u016f\u017eete si sami zvolit, zda budete cht\u00edt nap\u0159\u00edklad obsah p\u0159izp\u016fsoben\u00fd na m\u00edru.<\/p>\n\n<\/div><\/details>\n\n\n\n<details class=\"expander is-style-default\">\n\t<summary data-datalayer-name=\"\" data-datalayer-text=\"Kam se mohu obr\u00e1tit v p\u0159\u00edpad\u011b technick\u00fdch probl\u00e9m\u016f?\">\n\t\t\t\t<strong>Kam se mohu obr\u00e1tit v p\u0159\u00edpad\u011b technick\u00fdch probl\u00e9m\u016f?<\/strong>\n\t\t\t<\/summary>\n\t<div class=\"inner-blocks\">\n\n<p>Odpov\u011bdi na technick\u00e9 dotazy v\u00e1m poskytnou kolegov\u00e9 na na\u0161\u00ed <a href=\"https:\/\/o-seznam.cz\/kontakty\/\">infolince<\/a>. Je dostupn\u00e1 telefonicky \u010di online ka\u017ed\u00fd v\u0161edn\u00ed den od 8.00 do 16.30 hodin.<\/p>\n\n<\/div><\/details>\n\n<\/div><\/div>\n\n<\/div>\n\n\n\n<div class=\"wp-block-group is-content-justification-left is-layout-constrained wp-container-core-group-is-layout-0ed21503 wp-block-group-is-layout-constrained\">\n<p class=\"is-style-link-external\">Do sv\u00e9ho e-mailu se dostanete bez ohledu na to, zda n\u00e1m souhlas se zpracov\u00e1n\u00edm osobn\u00edch \u00fadaj\u016f ud\u011bl\u00edte \u010di nikoli. Vyu\u017e\u00edt m\u016f\u017eete <a href=\"https:\/\/email.seznam.cz\/\" target=\"_blank\" rel=\"noreferrer noopener\">p\u0159\u00edm\u00fd link<\/a>.<\/p>\n<\/div>\n\n\n\n<div class=\"wp-block-group is-layout-constrained wp-block-group-is-layout-constrained\">\n<h2 class=\"wp-block-heading\">Mohlo by v\u00e1s zaj\u00edmat<\/h2>\n\n\n\n<div class=\"wp-block-seznam-tiles has-columns-2\" style=\"--seznam-tiles--columns:2\"><div class=\"inner-blocks\"><div class=\"block-boxlink\"><a class=\"boxlink boxlink--icon-arrow px-f8 py-f4\" href=\"https:\/\/o-seznam.cz\/pravni-informace\/ochrana-udaju\/\"><div class=\"inner-blocks\">\n\n<p>Z\u00e1sady ochrany osobn\u00edch \u00fadaj\u016f<\/p>\n\n<\/div><\/a><\/div>\n\n<div class=\"block-boxlink\"><a class=\"boxlink boxlink--icon-arrow px-f8 py-f4\" href=\"https:\/\/o-seznam.cz\/pravni-informace\/personalizace\/\"><div class=\"inner-blocks\">\n\n<p>Personalizace obsahu a reklamy<\/p>\n\n<\/div><\/a><\/div><\/div><\/div>\n<\/div>\n","protected":false},"excerpt":{"rendered":"<p>Ud\u011blen\u00edm souhlasu se zpracov\u00e1n\u00edm osobn\u00edch \u00fadaj\u016f si m\u016f\u017eete u\u017e\u00edvat na\u0161e slu\u017eby naplno a podle sv\u00fdch p\u0159edstav. Obsah i zobrazovan\u00e1 reklama toti\u017e budou odpov\u00eddat va\u0161im z\u00e1jm\u016fm a preferenc\u00edm. Slu\u017eby zdarma N\u00e1\u0161 provoz financujeme z p\u0159\u00edjm\u016f z reklamy. Pro jej\u00ed c\u00edlen\u00ed pot\u0159ebujeme souhlas s poskytnut\u00edm osobn\u00edch \u00fadaj\u016f. V\u00edce o financov\u00e1n\u00ed Data a souhlas Pro pot\u0159eby fungov\u00e1n\u00ed str\u00e1nek [&hellip;]<\/p>\n","protected":false},"author":2,"featured_media":0,"parent":9,"menu_order":0,"comment_status":"closed","ping_status":"closed","template":"","meta":{"_acf_changed":false,"_relevanssi_hide_post":"","_relevanssi_hide_content":"","_relevanssi_pin_for_all":"","_relevanssi_pin_keywords":"","_relevanssi_unpin_keywords":"","_relevanssi_related_keywords":"","_relevanssi_related_include_ids":"","_relevanssi_related_exclude_ids":"","_relevanssi_related_no_append":"","_relevanssi_related_not_related":"","_relevanssi_related_posts":"","_relevanssi_noindex_reason":"","footnotes":""},"page_category":[6],"page_tag":[],"class_list":["post-1629","page","type-page","status-publish","hentry"],"acf":[],"lang":"cs","translations":{"cs":1629,"en":2641},"pll_sync_post":[],"_links":{"self":[{"href":"https:\/\/o-seznam.cz\/pravni-informace\/wp-json\/wp\/v2\/pages\/1629","targetHints":{"allow":["GET"]}}],"collection":[{"href":"https:\/\/o-seznam.cz\/pravni-informace\/wp-json\/wp\/v2\/pages"}],"about":[{"href":"https:\/\/o-seznam.cz\/pravni-informace\/wp-json\/wp\/v2\/types\/page"}],"author":[{"embeddable":true,"href":"https:\/\/o-seznam.cz\/pravni-informace\/wp-json\/wp\/v2\/users\/2"}],"replies":[{"embeddable":true,"href":"https:\/\/o-seznam.cz\/pravni-informace\/wp-json\/wp\/v2\/comments?post=1629"}],"version-history":[{"count":34,"href":"https:\/\/o-seznam.cz\/pravni-informace\/wp-json\/wp\/v2\/pages\/1629\/revisions"}],"predecessor-version":[{"id":2273,"href":"https:\/\/o-seznam.cz\/pravni-informace\/wp-json\/wp\/v2\/pages\/1629\/revisions\/2273"}],"up":[{"embeddable":true,"href":"https:\/\/o-seznam.cz\/pravni-informace\/wp-json\/wp\/v2\/pages\/9"}],"wp:attachment":[{"href":"https:\/\/o-seznam.cz\/pravni-informace\/wp-json\/wp\/v2\/media?parent=1629"}],"wp:term":[{"taxonomy":"page_category","embeddable":true,"href":"https:\/\/o-seznam.cz\/pravni-informace\/wp-json\/wp\/v2\/page_category?post=1629"},{"taxonomy":"page_tag","embeddable":true,"href":"https:\/\/o-seznam.cz\/pravni-informace\/wp-json\/wp\/v2\/page_tag?post=1629"}],"curies":[{"name":"wp","href":"https:\/\/api.w.org\/{rel}","templated":true}]}}