
{"id":150,"date":"2024-02-14T10:40:01","date_gmt":"2024-02-14T09:40:01","guid":{"rendered":"https:\/\/o-seznam.cz\/pravni-informace\/?page_id=150"},"modified":"2024-03-26T19:39:53","modified_gmt":"2024-03-26T18:39:53","slug":"seznam-doporucuje","status":"publish","type":"page","link":"https:\/\/o-seznam.cz\/pravni-informace\/ochrana-udaju\/seznam-doporucuje\/","title":{"rendered":"Seznam Doporu\u010duje"},"content":{"rendered":"\n<div class=\"wp-block-group is-layout-constrained wp-block-group-is-layout-constrained\">\n<p>Na\u0161im partner\u016fm poskytujeme n\u00e1stroj pro lep\u0161\u00ed distribuci jejich obsahu. Hlavn\u00edm c\u00edlem slu\u017eby Seznam Doporu\u010duje je nab\u00eddnout v\u00e1m ten nejrelevantn\u011bj\u0161\u00ed obsah z partnersk\u00e9ho webu. O v\u00e1s jako\u017eto u\u017eivatel\u00edch partnersk\u00fdch web\u016f neukl\u00e1d\u00e1me ani nezpracov\u00e1v\u00e1me \u017e\u00e1dn\u00e9 detailn\u00ed osobn\u00ed \u00fadaje.<\/p>\n\n\n\n<p>Pro u\u017eivatele identifikovan\u00e9 p\u0159es cookie shroma\u017e\u010fujeme pouze data o p\u0159e\u010dten\u00fdch a nab\u00eddnut\u00fdch \u010dl\u00e1nc\u00edch na konkr\u00e9tn\u00edm webu partnera, kter\u00e9 ukl\u00e1d\u00e1me po dobu 90 dn\u00ed. Na z\u00e1klad\u011b t\u00e9to historie pak vyb\u00edr\u00e1me nejvhodn\u011bj\u0161\u00ed \u010dl\u00e1nky.<\/p>\n<\/div>\n","protected":false},"excerpt":{"rendered":"<p>Na\u0161im partner\u016fm poskytujeme n\u00e1stroj pro lep\u0161\u00ed distribuci jejich obsahu. Hlavn\u00edm c\u00edlem slu\u017eby Seznam Doporu\u010duje je nab\u00eddnout v\u00e1m ten nejrelevantn\u011bj\u0161\u00ed obsah z partnersk\u00e9ho webu. O v\u00e1s jako\u017eto u\u017eivatel\u00edch partnersk\u00fdch web\u016f neukl\u00e1d\u00e1me ani nezpracov\u00e1v\u00e1me \u017e\u00e1dn\u00e9 detailn\u00ed osobn\u00ed \u00fadaje. Pro u\u017eivatele identifikovan\u00e9 p\u0159es cookie shroma\u017e\u010fujeme pouze data o p\u0159e\u010dten\u00fdch a nab\u00eddnut\u00fdch \u010dl\u00e1nc\u00edch na konkr\u00e9tn\u00edm webu partnera, kter\u00e9 ukl\u00e1d\u00e1me [&hellip;]<\/p>\n","protected":false},"author":2,"featured_media":0,"parent":9,"menu_order":0,"comment_status":"closed","ping_status":"closed","template":"page-sidemenu","meta":{"_acf_changed":false,"_relevanssi_hide_post":"","_relevanssi_hide_content":"","_relevanssi_pin_for_all":"","_relevanssi_pin_keywords":"","_relevanssi_unpin_keywords":"","_relevanssi_related_keywords":"","_relevanssi_related_include_ids":"","_relevanssi_related_exclude_ids":"","_relevanssi_related_no_append":"","_relevanssi_related_not_related":"","_relevanssi_related_posts":"","_relevanssi_noindex_reason":"","footnotes":""},"page_category":[3],"page_tag":[],"class_list":["post-150","page","type-page","status-publish","hentry"],"acf":[],"lang":"cs","translations":{"cs":150,"en":2629},"pll_sync_post":[],"_links":{"self":[{"href":"https:\/\/o-seznam.cz\/pravni-informace\/wp-json\/wp\/v2\/pages\/150","targetHints":{"allow":["GET"]}}],"collection":[{"href":"https:\/\/o-seznam.cz\/pravni-informace\/wp-json\/wp\/v2\/pages"}],"about":[{"href":"https:\/\/o-seznam.cz\/pravni-informace\/wp-json\/wp\/v2\/types\/page"}],"author":[{"embeddable":true,"href":"https:\/\/o-seznam.cz\/pravni-informace\/wp-json\/wp\/v2\/users\/2"}],"replies":[{"embeddable":true,"href":"https:\/\/o-seznam.cz\/pravni-informace\/wp-json\/wp\/v2\/comments?post=150"}],"version-history":[{"count":4,"href":"https:\/\/o-seznam.cz\/pravni-informace\/wp-json\/wp\/v2\/pages\/150\/revisions"}],"predecessor-version":[{"id":1163,"href":"https:\/\/o-seznam.cz\/pravni-informace\/wp-json\/wp\/v2\/pages\/150\/revisions\/1163"}],"up":[{"embeddable":true,"href":"https:\/\/o-seznam.cz\/pravni-informace\/wp-json\/wp\/v2\/pages\/9"}],"wp:attachment":[{"href":"https:\/\/o-seznam.cz\/pravni-informace\/wp-json\/wp\/v2\/media?parent=150"}],"wp:term":[{"taxonomy":"page_category","embeddable":true,"href":"https:\/\/o-seznam.cz\/pravni-informace\/wp-json\/wp\/v2\/page_category?post=150"},{"taxonomy":"page_tag","embeddable":true,"href":"https:\/\/o-seznam.cz\/pravni-informace\/wp-json\/wp\/v2\/page_tag?post=150"}],"curies":[{"name":"wp","href":"https:\/\/api.w.org\/{rel}","templated":true}]}}