
{"id":148,"date":"2024-02-14T10:39:21","date_gmt":"2024-02-14T09:39:21","guid":{"rendered":"https:\/\/o-seznam.cz\/pravni-informace\/?page_id=148"},"modified":"2024-04-10T08:51:40","modified_gmt":"2024-04-10T06:51:40","slug":"seznam-vyzkumnik","status":"publish","type":"page","link":"https:\/\/o-seznam.cz\/pravni-informace\/ochrana-udaju\/seznam-vyzkumnik\/","title":{"rendered":"Seznam V\u00fdzkumn\u00edk"},"content":{"rendered":"\n<div class=\"wp-block-group is-layout-constrained wp-block-group-is-layout-constrained\">\n<p>Hlavn\u00ed z\u00e1sada, kterou p\u0159i prov\u00e1d\u011bn\u00ed v\u00fdzkum\u016f dodr\u017eujeme, je anonymita respondent\u016f. V p\u0159\u00edpad\u011b registrace do v\u00fdzkumn\u00e9ho panelu V\u00fdzkumn\u00edk se v\u00e1s zept\u00e1me na jm\u00e9no a p\u0159\u00edjmen\u00ed, PS\u010c, e-mail a nepovinn\u011b i telefonn\u00ed \u010d\u00edslo.<\/p>\n\n\n\n<p>Tyto \u00fadaje slou\u017e\u00ed k uji\u0161t\u011bn\u00ed, \u017ee jde skute\u010dn\u011b o v\u00e1s. Budeme je vyu\u017e\u00edvat pouze k tomu, abychom se v\u00e1m mohli ozvat s nab\u00eddkou pr\u016fzkumu, kter\u00fd v\u00e1s by v\u00e1s mohl zaj\u00edmat. Pr\u016fzkum je v\u017edy dobrovoln\u00fd a m\u016f\u017eete ho kdykoliv odm\u00edtnout.<\/p>\n\n\n\n<p>Tak\u00e9 se zept\u00e1me i na p\u00e1r dal\u0161\u00edch ot\u00e1zek: pohlav\u00ed, v\u011bk, vzd\u011bl\u00e1n\u00ed, kraj, velikost va\u0161\u00ed obce a pracovn\u00ed postaven\u00ed.<\/p>\n<\/div>\n\n\n\n<div class=\"wp-block-group is-layout-constrained wp-block-group-is-layout-constrained\">\n<h2 class=\"wp-block-heading\">D\u016fvody a okolnosti shroma\u017e\u010fov\u00e1n\u00ed t\u011bchto \u00fadaj\u016f<\/h2>\n\n\n\n<ul class=\"wp-block-list\">\n<li>Tato data slou\u017e\u00ed k sociodemografick\u00e9mu za\u0159azen\u00ed va\u0161ich odpov\u011bd\u00ed v jednotliv\u00fdch pr\u016fzkumech. Mohou b\u00fdt tak\u00e9 spojovan\u00e1 s\u00a0\u00fadaji o internetov\u00e9 n\u00e1v\u0161t\u011bvnosti pro v\u00fdzkumn\u00e9 \u00fa\u010dely<\/li>\n\n\n\n<li>V\u0161echny v\u00fdsledky na\u0161ich pr\u016fzkum\u016f jsou anonymn\u00ed a nejsou spojovan\u00e1 s konkr\u00e9tn\u00ed osobou. Va\u0161e vyj\u00e1d\u0159en\u00ed budou zpracovan\u00e1 spole\u010dn\u011b s odpov\u011b\u010fmi dal\u0161\u00edch respondent\u016f tak, \u017ee nebude mo\u017en\u00e9 zjistit, jak\u00fdm zp\u016fsobem kter\u00fd respondent odpov\u00eddal. Z\u00edskan\u00e9 informace shroma\u017e\u010fujeme proto, abychom mohli v\u0161em na\u0161im u\u017eivatel\u016fm poskytnout lep\u0161\u00ed slu\u017eby<\/li>\n\n\n\n<li>Se v\u0161emi informacemi, kter\u00e9 n\u00e1m v r\u00e1mci v\u00fdzkumu poskytnete, budou nakl\u00e1dat v\u00fdhradn\u011b pracovn\u00edci na\u0161\u00ed spole\u010dnosti, p\u0159i\u010dem\u017e v\u0161echny osobn\u00ed \u00fadaje pova\u017eujeme za p\u0159\u00edsn\u011b d\u016fv\u011brn\u00e9<\/li>\n\n\n\n<li>Aplikace V\u00fdzkumn\u00edk Seznam.cz je technologicky zaji\u0161\u0165ovan\u00e1 spole\u010dnost\u00ed Creox s.r.o., kter\u00e1 s daty nijak nenakl\u00e1d\u00e1 a nem\u00e1 k nim p\u0159\u00edstup<\/li>\n<\/ul>\n\n\n\n<p>Pokud zru\u0161\u00edte \u010dlenstv\u00ed ve v\u00fdzkumn\u00e9m panelu V\u00fdzkumn\u00edk Seznam.cz, va\u0161e osobn\u00ed data sma\u017eeme. D\u00e1le budeme vyu\u017e\u00edvat pouze va\u0161e anonymizovan\u00e1 sociodemografick\u00e1 data, kter\u00e1 dopl\u0148uj\u00ed va\u0161e konkr\u00e9tn\u00ed odpov\u011bdi.<\/p>\n<\/div>\n","protected":false},"excerpt":{"rendered":"<p>Hlavn\u00ed z\u00e1sada, kterou p\u0159i prov\u00e1d\u011bn\u00ed v\u00fdzkum\u016f dodr\u017eujeme, je anonymita respondent\u016f. V p\u0159\u00edpad\u011b registrace do v\u00fdzkumn\u00e9ho panelu V\u00fdzkumn\u00edk se v\u00e1s zept\u00e1me na jm\u00e9no a p\u0159\u00edjmen\u00ed, PS\u010c, e-mail a nepovinn\u011b i telefonn\u00ed \u010d\u00edslo. Tyto \u00fadaje slou\u017e\u00ed k uji\u0161t\u011bn\u00ed, \u017ee jde skute\u010dn\u011b o v\u00e1s. Budeme je vyu\u017e\u00edvat pouze k tomu, abychom se v\u00e1m mohli ozvat s nab\u00eddkou pr\u016fzkumu, [&hellip;]<\/p>\n","protected":false},"author":2,"featured_media":0,"parent":9,"menu_order":0,"comment_status":"closed","ping_status":"closed","template":"page-sidemenu","meta":{"_acf_changed":false,"_relevanssi_hide_post":"","_relevanssi_hide_content":"","_relevanssi_pin_for_all":"","_relevanssi_pin_keywords":"","_relevanssi_unpin_keywords":"","_relevanssi_related_keywords":"","_relevanssi_related_include_ids":"","_relevanssi_related_exclude_ids":"","_relevanssi_related_no_append":"","_relevanssi_related_not_related":"","_relevanssi_related_posts":"","_relevanssi_noindex_reason":"","footnotes":""},"page_category":[3],"page_tag":[],"class_list":["post-148","page","type-page","status-publish","hentry"],"acf":[],"lang":"cs","translations":{"cs":148,"en":2626},"pll_sync_post":[],"_links":{"self":[{"href":"https:\/\/o-seznam.cz\/pravni-informace\/wp-json\/wp\/v2\/pages\/148","targetHints":{"allow":["GET"]}}],"collection":[{"href":"https:\/\/o-seznam.cz\/pravni-informace\/wp-json\/wp\/v2\/pages"}],"about":[{"href":"https:\/\/o-seznam.cz\/pravni-informace\/wp-json\/wp\/v2\/types\/page"}],"author":[{"embeddable":true,"href":"https:\/\/o-seznam.cz\/pravni-informace\/wp-json\/wp\/v2\/users\/2"}],"replies":[{"embeddable":true,"href":"https:\/\/o-seznam.cz\/pravni-informace\/wp-json\/wp\/v2\/comments?post=148"}],"version-history":[{"count":7,"href":"https:\/\/o-seznam.cz\/pravni-informace\/wp-json\/wp\/v2\/pages\/148\/revisions"}],"predecessor-version":[{"id":1501,"href":"https:\/\/o-seznam.cz\/pravni-informace\/wp-json\/wp\/v2\/pages\/148\/revisions\/1501"}],"up":[{"embeddable":true,"href":"https:\/\/o-seznam.cz\/pravni-informace\/wp-json\/wp\/v2\/pages\/9"}],"wp:attachment":[{"href":"https:\/\/o-seznam.cz\/pravni-informace\/wp-json\/wp\/v2\/media?parent=148"}],"wp:term":[{"taxonomy":"page_category","embeddable":true,"href":"https:\/\/o-seznam.cz\/pravni-informace\/wp-json\/wp\/v2\/page_category?post=148"},{"taxonomy":"page_tag","embeddable":true,"href":"https:\/\/o-seznam.cz\/pravni-informace\/wp-json\/wp\/v2\/page_tag?post=148"}],"curies":[{"name":"wp","href":"https:\/\/api.w.org\/{rel}","templated":true}]}}