
{"id":142,"date":"2024-02-14T10:34:26","date_gmt":"2024-02-14T09:34:26","guid":{"rendered":"https:\/\/o-seznam.cz\/pravni-informace\/?page_id=142"},"modified":"2024-04-10T08:50:40","modified_gmt":"2024-04-10T06:50:40","slug":"seznam-diskuze","status":"publish","type":"page","link":"https:\/\/o-seznam.cz\/pravni-informace\/ochrana-udaju\/seznam-diskuze\/","title":{"rendered":"Seznam Diskuze"},"content":{"rendered":"\n<div class=\"wp-block-group is-layout-constrained wp-block-group-is-layout-constrained\">\n<div class=\"wp-block-group is-layout-constrained wp-block-group-is-layout-constrained\">\n<div class=\"wp-block-group is-layout-constrained wp-block-group-is-layout-constrained\">\n<p>V p\u0159\u00edpad\u011b vstupu do slu\u017eby Seznam Diskuze v\u00e1s po\u017e\u00e1d\u00e1me o kontrolu a aktualizaci t\u011bchto osobn\u00edch \u00fadaj\u016f ulo\u017een\u00fdch v profilu va\u0161eho \u00fa\u010dtu.<\/p>\n<\/div>\n\n\n\n<ul class=\"wp-block-list\">\n<li>E-mail<\/li>\n\n\n\n<li>Jm\u00e9no<\/li>\n\n\n\n<li>P\u0159\u00edjmen\u00ed<\/li>\n\n\n\n<li>Telefonn\u00ed \u010d\u00edslo<\/li>\n<\/ul>\n<\/div>\n\n\n\n<p>Tyto \u00fadaje tak\u00e9 ulo\u017e\u00edme na slu\u017eb\u011b Seznam Diskuze a do va\u0161eho Seznam \u00da\u010dtu.<\/p>\n<\/div>\n\n\n\n<div class=\"wp-block-group is-layout-constrained wp-block-group-is-layout-constrained\">\n<h2 class=\"wp-block-heading\">D\u016fvody a okolnosti shroma\u017e\u010fov\u00e1n\u00ed t\u011bchto \u00fadaj\u016f<\/h2>\n\n\n\n<ul class=\"wp-block-list\">\n<li>Na\u0161\u00edm c\u00edlem je, aby ve slu\u017eb\u011b Seznam Diskuze diskutovaly skute\u010dn\u00e9 osoby a nesly zodpov\u011bdnost za svoje p\u0159\u00edsp\u011bvky<\/li>\n\n\n\n<li>Tak\u00e9 n\u00e1m tyto informace slou\u017e\u00ed k tomu, abychom neumo\u017enili op\u011btovn\u00fd vstup t\u011bm u\u017eivatel\u016fm, kte\u0159\u00ed vytrvale poru\u0161uj\u00ed smluvn\u00ed podm\u00ednky slu\u017eby Seznam Diskuze a pravidla diskuz\u00ed<\/li>\n\n\n\n<li>U ka\u017ed\u00e9ho u\u017eivatele uchov\u00e1v\u00e1me v datab\u00e1zi v\u0161echny schv\u00e1len\u00e9 p\u0159\u00edsp\u011bvky, ale tak\u00e9 p\u0159\u00edsp\u011bvky, kter\u00e9 poru\u0161ily pravidla diskuz\u00ed a kv\u016fli kter\u00fdm byl dan\u00fd u\u017eivatel na ur\u010ditou dobu zabanovan\u00fd (= byl mu znemo\u017en\u011bn\u00fd p\u0159\u00edstup do diskuz\u00ed)<\/li>\n\n\n\n<li>Zam\u00edtnut\u00e9 p\u0159\u00edsp\u011bvky uchov\u00e1v\u00e1me z d\u016fvodu uchov\u00e1n\u00ed historie problematick\u00fdch p\u0159\u00edsp\u011bvk\u016f a efektivn\u011bj\u0161\u00edho managementu diskuz\u00ed s c\u00edlem zajistit jejich kvalitu<\/li>\n\n\n\n<li>Se v\u0161emi informacemi, kter\u00e9 n\u00e1m poskytnete, budou nakl\u00e1dat v\u00fdhradn\u011b pracovn\u00edci spole\u010dnosti Seznam.cz. V\u0161echny osobn\u00ed \u00fadaje, kter\u00e9 n\u00e1m poskytnete, pova\u017eujeme za d\u016fv\u011brn\u00e9<\/li>\n\n\n\n<li>V p\u0159\u00edpad\u011b \u017e\u00e1dosti o zru\u0161en\u00ed p\u0159\u00edstupu do diskuz\u00ed va\u0161e osobn\u00ed data sma\u017eeme, ale pouze v p\u0159\u00edpad\u011b, \u017ee nebudeme evidovat jakoukoliv blokaci (tzv. ban) za poru\u0161ov\u00e1n\u00ed pravidel diskuz\u00ed. V takov\u00e9m p\u0159\u00edpad\u011b va\u0161e \u00fadaje z\u016fstanou v datab\u00e1zi uchovan\u00e9, abychom zabr\u00e1nili op\u011btovn\u00e9mu vstupu t\u011bch u\u017eivatel\u016f, kte\u0159\u00ed cht\u011bj\u00ed systematicky poru\u0161ovat pravidla diskuz\u00ed a naru\u0161ovat svobodn\u00fd projev slu\u0161n\u00fdch u\u017eivatel\u016f<\/li>\n\n\n\n<li>Uveden\u00e9 \u00fadaje pot\u0159ebujeme tak\u00e9 k tomu, abychom mohli u\u017eivatel\u016fm zas\u00edlat e-mailov\u00e9 notifikace obsahuj\u00edc\u00ed informace o tom, kdo a kdy na n\u011b v ur\u010dit\u00e9 diskuzi reagoval. P\u0159\u00edpadn\u011b tak\u00e9 e-mailov\u00e9 notifikace informuj\u00edc\u00ed u\u017eivatele o smaz\u00e1n\u00ed p\u0159\u00edsp\u011bvku nebo zablokov\u00e1n\u00ed \u00fa\u010dtu z d\u016fvodu poru\u0161en\u00ed smluvn\u00edch podm\u00ednek slu\u017eby<\/li>\n<\/ul>\n<\/div>\n","protected":false},"excerpt":{"rendered":"<p>V p\u0159\u00edpad\u011b vstupu do slu\u017eby Seznam Diskuze v\u00e1s po\u017e\u00e1d\u00e1me o kontrolu a aktualizaci t\u011bchto osobn\u00edch \u00fadaj\u016f ulo\u017een\u00fdch v profilu va\u0161eho \u00fa\u010dtu. Tyto \u00fadaje tak\u00e9 ulo\u017e\u00edme na slu\u017eb\u011b Seznam Diskuze a do va\u0161eho Seznam \u00da\u010dtu. D\u016fvody a okolnosti shroma\u017e\u010fov\u00e1n\u00ed t\u011bchto \u00fadaj\u016f<\/p>\n","protected":false},"author":2,"featured_media":0,"parent":9,"menu_order":0,"comment_status":"closed","ping_status":"closed","template":"page-sidemenu","meta":{"_acf_changed":false,"_relevanssi_hide_post":"","_relevanssi_hide_content":"","_relevanssi_pin_for_all":"","_relevanssi_pin_keywords":"","_relevanssi_unpin_keywords":"","_relevanssi_related_keywords":"","_relevanssi_related_include_ids":"","_relevanssi_related_exclude_ids":"","_relevanssi_related_no_append":"","_relevanssi_related_not_related":"","_relevanssi_related_posts":"","_relevanssi_noindex_reason":"","footnotes":""},"page_category":[3],"page_tag":[],"class_list":["post-142","page","type-page","status-publish","hentry"],"acf":[],"lang":"cs","translations":{"cs":142,"en":2617},"pll_sync_post":[],"_links":{"self":[{"href":"https:\/\/o-seznam.cz\/pravni-informace\/wp-json\/wp\/v2\/pages\/142","targetHints":{"allow":["GET"]}}],"collection":[{"href":"https:\/\/o-seznam.cz\/pravni-informace\/wp-json\/wp\/v2\/pages"}],"about":[{"href":"https:\/\/o-seznam.cz\/pravni-informace\/wp-json\/wp\/v2\/types\/page"}],"author":[{"embeddable":true,"href":"https:\/\/o-seznam.cz\/pravni-informace\/wp-json\/wp\/v2\/users\/2"}],"replies":[{"embeddable":true,"href":"https:\/\/o-seznam.cz\/pravni-informace\/wp-json\/wp\/v2\/comments?post=142"}],"version-history":[{"count":7,"href":"https:\/\/o-seznam.cz\/pravni-informace\/wp-json\/wp\/v2\/pages\/142\/revisions"}],"predecessor-version":[{"id":1498,"href":"https:\/\/o-seznam.cz\/pravni-informace\/wp-json\/wp\/v2\/pages\/142\/revisions\/1498"}],"up":[{"embeddable":true,"href":"https:\/\/o-seznam.cz\/pravni-informace\/wp-json\/wp\/v2\/pages\/9"}],"wp:attachment":[{"href":"https:\/\/o-seznam.cz\/pravni-informace\/wp-json\/wp\/v2\/media?parent=142"}],"wp:term":[{"taxonomy":"page_category","embeddable":true,"href":"https:\/\/o-seznam.cz\/pravni-informace\/wp-json\/wp\/v2\/page_category?post=142"},{"taxonomy":"page_tag","embeddable":true,"href":"https:\/\/o-seznam.cz\/pravni-informace\/wp-json\/wp\/v2\/page_tag?post=142"}],"curies":[{"name":"wp","href":"https:\/\/api.w.org\/{rel}","templated":true}]}}