
{"id":140,"date":"2024-02-14T10:33:27","date_gmt":"2024-02-14T09:33:27","guid":{"rendered":"https:\/\/o-seznam.cz\/pravni-informace\/?page_id=140"},"modified":"2024-05-29T14:58:53","modified_gmt":"2024-05-29T12:58:53","slug":"medium-cz","status":"publish","type":"page","link":"https:\/\/o-seznam.cz\/pravni-informace\/ochrana-udaju\/medium-cz\/","title":{"rendered":"M\u00e9dium.cz"},"content":{"rendered":"\n<div class=\"wp-block-group is-layout-constrained wp-block-group-is-layout-constrained\">\n<p>Pokud se p\u0159ihl\u00e1s\u00edte do slu\u017eby M\u00e9dium.cz (a nejste sou\u010dasn\u011b autorem obsahu), neukl\u00e1d\u00e1me p\u0159\u00edmo na slu\u017ebu \u017e\u00e1dn\u00e9 osobn\u00ed \u00fadaje. Na slu\u017eb\u011b m\u00e1te k dispozici odeb\u00edr\u00e1n\u00ed autora, sekce nebo t\u00e9matu, ud\u011blov\u00e1n\u00ed &#8222;L\u00edb\u00ed se&#8220; vybran\u00fdm \u010dl\u00e1nk\u016fm a mo\u017enost komentovat s ostatn\u00edmi u\u017eivateli \u010dl\u00e1nky v diskuz\u00edch.<\/p>\n\n\n\n<p>V\u0161echny tyto mo\u017enosti poskytuj\u00ed jin\u00e9 slu\u017eby&nbsp;Seznamu, kter\u00e9 si uchov\u00e1vaj\u00ed n\u011bkter\u00e9 informace u sebe. Podrobnosti najdete v Z\u00e1sad\u00e1ch zpracov\u00e1n\u00ed osobn\u00edch \u00fadaj\u016f str\u00e1nky <a href=\"https:\/\/o-seznam.cz\/pravni-informace\/ochrana-udaju\/seznam-cz\/\">Seznam.cz<\/a> a <a href=\"https:\/\/o-seznam.cz\/pravni-informace\/ochrana-udaju\/seznam-diskuze\/\">Seznam Diskuze<\/a>.<\/p>\n\n\n\n<p>Pokud se registrujete do slu\u017eby M\u00e9dium jako autor obsahu, mus\u00edte se p\u0159ihl\u00e1sit sv\u00fdm \u00fa\u010dtem, kter\u00fd m\u00e1 ov\u011b\u0159en\u00e9 telefonn\u00ed \u010d\u00edslo. Pokud ho ov\u011b\u0159en\u00e9 nem\u00e1te, tak v\u00e1s k ov\u011b\u0159en\u00ed pomoc\u00ed SMS vyzveme. Telefonn\u00ed \u010d\u00edslo si v M\u00e9diu neukl\u00e1d\u00e1me. Ukl\u00e1d\u00e1 se p\u0159\u00edmo do va\u0161eho Seznam \u00da\u010dtu.<\/p>\n\n\n\n<p>U registrace se v\u00e1s zept\u00e1me na autorsk\u00e9 jm\u00e9no, kter\u00e9 se vypl\u0148uje povinn\u011b.<\/p>\n\n\n\n<ul class=\"wp-block-list\">\n<li>Va\u0161i e-mailovou adresu si uchov\u00e1me pro pot\u0159eby identifikace p\u0159i p\u0159ihla\u0161ov\u00e1n\u00ed do va\u0161eho \u00fa\u010dtu M\u00e9dium p\u0159es Seznam \u00da\u010det<\/li>\n\n\n\n<li>Autorsk\u00e9 jm\u00e9no se zobrazuje ve\u0159ejn\u011b na va\u0161em autorsk\u00e9m profilu na M\u00e9dium.cz<\/li>\n\n\n\n<li>Voliteln\u011b si m\u016f\u017eete nahr\u00e1t obr\u00e1zek a vyplnit popisek ke sv\u00e9mu profilu, kter\u00e9 jsou pot\u00e9 ve\u0159ejn\u00e9 op\u011bt na va\u0161em profilu ve slu\u017eb\u011b M\u00e9dium<\/li>\n<\/ul>\n\n\n\n<p>Zadan\u00e9 \u010dl\u00e1nky a fotografie v nich zve\u0159ej\u0148ujeme podle pravidel slu\u017eby, se kter\u00fdmi mus\u00edte p\u0159i registraci vyj\u00e1d\u0159it souhlas, abyste mohli \u010dl\u00e1nky zad\u00e1vat a fotografie nahr\u00e1vat.<\/p>\n<\/div>\n","protected":false},"excerpt":{"rendered":"<p>Pokud se p\u0159ihl\u00e1s\u00edte do slu\u017eby M\u00e9dium.cz (a nejste sou\u010dasn\u011b autorem obsahu), neukl\u00e1d\u00e1me p\u0159\u00edmo na slu\u017ebu \u017e\u00e1dn\u00e9 osobn\u00ed \u00fadaje. Na slu\u017eb\u011b m\u00e1te k dispozici odeb\u00edr\u00e1n\u00ed autora, sekce nebo t\u00e9matu, ud\u011blov\u00e1n\u00ed &#8222;L\u00edb\u00ed se&#8220; vybran\u00fdm \u010dl\u00e1nk\u016fm a mo\u017enost komentovat s ostatn\u00edmi u\u017eivateli \u010dl\u00e1nky v diskuz\u00edch. V\u0161echny tyto mo\u017enosti poskytuj\u00ed jin\u00e9 slu\u017eby&nbsp;Seznamu, kter\u00e9 si uchov\u00e1vaj\u00ed n\u011bkter\u00e9 informace u sebe. [&hellip;]<\/p>\n","protected":false},"author":2,"featured_media":0,"parent":9,"menu_order":0,"comment_status":"closed","ping_status":"closed","template":"page-sidemenu","meta":{"_acf_changed":false,"_relevanssi_hide_post":"","_relevanssi_hide_content":"","_relevanssi_pin_for_all":"","_relevanssi_pin_keywords":"","_relevanssi_unpin_keywords":"","_relevanssi_related_keywords":"","_relevanssi_related_include_ids":"","_relevanssi_related_exclude_ids":"","_relevanssi_related_no_append":"","_relevanssi_related_not_related":"","_relevanssi_related_posts":"","_relevanssi_noindex_reason":"","footnotes":""},"page_category":[3],"page_tag":[],"class_list":["post-140","page","type-page","status-publish","hentry"],"acf":[],"lang":"cs","translations":{"cs":140,"en":2614},"pll_sync_post":[],"_links":{"self":[{"href":"https:\/\/o-seznam.cz\/pravni-informace\/wp-json\/wp\/v2\/pages\/140","targetHints":{"allow":["GET"]}}],"collection":[{"href":"https:\/\/o-seznam.cz\/pravni-informace\/wp-json\/wp\/v2\/pages"}],"about":[{"href":"https:\/\/o-seznam.cz\/pravni-informace\/wp-json\/wp\/v2\/types\/page"}],"author":[{"embeddable":true,"href":"https:\/\/o-seznam.cz\/pravni-informace\/wp-json\/wp\/v2\/users\/2"}],"replies":[{"embeddable":true,"href":"https:\/\/o-seznam.cz\/pravni-informace\/wp-json\/wp\/v2\/comments?post=140"}],"version-history":[{"count":10,"href":"https:\/\/o-seznam.cz\/pravni-informace\/wp-json\/wp\/v2\/pages\/140\/revisions"}],"predecessor-version":[{"id":1991,"href":"https:\/\/o-seznam.cz\/pravni-informace\/wp-json\/wp\/v2\/pages\/140\/revisions\/1991"}],"up":[{"embeddable":true,"href":"https:\/\/o-seznam.cz\/pravni-informace\/wp-json\/wp\/v2\/pages\/9"}],"wp:attachment":[{"href":"https:\/\/o-seznam.cz\/pravni-informace\/wp-json\/wp\/v2\/media?parent=140"}],"wp:term":[{"taxonomy":"page_category","embeddable":true,"href":"https:\/\/o-seznam.cz\/pravni-informace\/wp-json\/wp\/v2\/page_category?post=140"},{"taxonomy":"page_tag","embeddable":true,"href":"https:\/\/o-seznam.cz\/pravni-informace\/wp-json\/wp\/v2\/page_tag?post=140"}],"curies":[{"name":"wp","href":"https:\/\/api.w.org\/{rel}","templated":true}]}}