
{"id":138,"date":"2024-02-14T10:31:35","date_gmt":"2024-02-14T09:31:35","guid":{"rendered":"https:\/\/o-seznam.cz\/pravni-informace\/?page_id=138"},"modified":"2024-03-26T21:32:06","modified_gmt":"2024-03-26T20:32:06","slug":"stream-cz","status":"publish","type":"page","link":"https:\/\/o-seznam.cz\/pravni-informace\/ochrana-udaju\/stream-cz\/","title":{"rendered":"Stream.cz"},"content":{"rendered":"\n<div class=\"wp-block-group is-layout-constrained wp-block-group-is-layout-constrained\">\n<p>Slu\u017eba Stream.cz nepracuje s \u017e\u00e1dn\u00fdmi osobn\u00edmi daty. Po p\u0159ihl\u00e1\u0161en\u00ed pouze ov\u011b\u0159\u00edme, jestli jste platn\u00fd u\u017eivatel. \u017d\u00e1dn\u00e9 informace o v\u00e1s neukl\u00e1d\u00e1me.<\/p>\n<\/div>\n","protected":false},"excerpt":{"rendered":"<p>Slu\u017eba Stream.cz nepracuje s \u017e\u00e1dn\u00fdmi osobn\u00edmi daty. Po p\u0159ihl\u00e1\u0161en\u00ed pouze ov\u011b\u0159\u00edme, jestli jste platn\u00fd u\u017eivatel. \u017d\u00e1dn\u00e9 informace o v\u00e1s neukl\u00e1d\u00e1me.<\/p>\n","protected":false},"author":2,"featured_media":0,"parent":9,"menu_order":0,"comment_status":"closed","ping_status":"closed","template":"page-sidemenu","meta":{"_acf_changed":false,"_relevanssi_hide_post":"","_relevanssi_hide_content":"","_relevanssi_pin_for_all":"","_relevanssi_pin_keywords":"","_relevanssi_unpin_keywords":"","_relevanssi_related_keywords":"","_relevanssi_related_include_ids":"","_relevanssi_related_exclude_ids":"","_relevanssi_related_no_append":"","_relevanssi_related_not_related":"","_relevanssi_related_posts":"","_relevanssi_noindex_reason":"","footnotes":""},"page_category":[3],"page_tag":[],"class_list":["post-138","page","type-page","status-publish","hentry"],"acf":[],"lang":"cs","translations":{"cs":138,"en":2605},"pll_sync_post":[],"_links":{"self":[{"href":"https:\/\/o-seznam.cz\/pravni-informace\/wp-json\/wp\/v2\/pages\/138","targetHints":{"allow":["GET"]}}],"collection":[{"href":"https:\/\/o-seznam.cz\/pravni-informace\/wp-json\/wp\/v2\/pages"}],"about":[{"href":"https:\/\/o-seznam.cz\/pravni-informace\/wp-json\/wp\/v2\/types\/page"}],"author":[{"embeddable":true,"href":"https:\/\/o-seznam.cz\/pravni-informace\/wp-json\/wp\/v2\/users\/2"}],"replies":[{"embeddable":true,"href":"https:\/\/o-seznam.cz\/pravni-informace\/wp-json\/wp\/v2\/comments?post=138"}],"version-history":[{"count":4,"href":"https:\/\/o-seznam.cz\/pravni-informace\/wp-json\/wp\/v2\/pages\/138\/revisions"}],"predecessor-version":[{"id":1189,"href":"https:\/\/o-seznam.cz\/pravni-informace\/wp-json\/wp\/v2\/pages\/138\/revisions\/1189"}],"up":[{"embeddable":true,"href":"https:\/\/o-seznam.cz\/pravni-informace\/wp-json\/wp\/v2\/pages\/9"}],"wp:attachment":[{"href":"https:\/\/o-seznam.cz\/pravni-informace\/wp-json\/wp\/v2\/media?parent=138"}],"wp:term":[{"taxonomy":"page_category","embeddable":true,"href":"https:\/\/o-seznam.cz\/pravni-informace\/wp-json\/wp\/v2\/page_category?post=138"},{"taxonomy":"page_tag","embeddable":true,"href":"https:\/\/o-seznam.cz\/pravni-informace\/wp-json\/wp\/v2\/page_tag?post=138"}],"curies":[{"name":"wp","href":"https:\/\/api.w.org\/{rel}","templated":true}]}}