
{"id":126,"date":"2024-02-14T10:28:47","date_gmt":"2024-02-14T09:28:47","guid":{"rendered":"https:\/\/o-seznam.cz\/pravni-informace\/?page_id=126"},"modified":"2024-05-10T10:14:29","modified_gmt":"2024-05-10T08:14:29","slug":"sklik-cz","status":"publish","type":"page","link":"https:\/\/o-seznam.cz\/pravni-informace\/ochrana-udaju\/sklik-cz\/","title":{"rendered":"Sklik.cz"},"content":{"rendered":"\n<div class=\"wp-block-group is-layout-constrained wp-block-group-is-layout-constrained\">\n<p>Tyto z\u00e1sady se vztahuj\u00ed na str\u00e1nku www.sklik.cz a administra\u010dn\u00ed rozhran\u00ed Sklik, ur\u010den\u00e9 pro spr\u00e1vu reklamn\u00edch kampan\u00ed.<\/p>\n<\/div>\n\n\n\n<div class=\"wp-block-group is-layout-constrained wp-block-group-is-layout-constrained\">\n<h2 class=\"wp-block-heading\">ID \u00fa\u010dtu<\/h2>\n\n\n\n<p>ID \u00fa\u010dtu je pro Sklik anonymn\u00ed numerick\u00e9 ID. Dost\u00e1v\u00e1me ho ve chv\u00edli, kdy registrovan\u00fd u\u017eivatel Seznamu p\u0159ijde na Sklik. ID \u00fa\u010dtu dr\u017e\u00edme pak z d\u016fvodu spr\u00e1vn\u00e9 funkcionality syst\u00e9mu.<\/p>\n<\/div>\n\n\n\n<div class=\"wp-block-group is-layout-constrained wp-block-group-is-layout-constrained\">\n<h2 class=\"wp-block-heading\">E-mailov\u00e1 adresa<\/h2>\n\n\n\n<p>E-mailov\u00e9 adresy, kter\u00e9 n\u00e1m poskytnete, pou\u017e\u00edv\u00e1me pro zas\u00edl\u00e1n\u00ed informac\u00ed spojen\u00fdch s va\u0161\u00edm \u00fa\u010dtem.<\/p>\n\n\n\n<ul class=\"is-style-default wp-block-list\">\n<li>E-mail vlastn\u00edka \u00fa\u010dtu: E-mailov\u00e1 adresa p\u0159\u00edmo spojen\u00e1 s va\u0161\u00edm \u00fa\u010dtem<\/li>\n\n\n\n<li>Kontaktn\u00ed e-maily: Krom\u011b e-mailov\u00e9 adresy vlastn\u00edka \u00fa\u010dtu m\u016f\u017eete voliteln\u011b pou\u017e\u00edt v\u00edce adres pro zas\u00edl\u00e1n\u00ed informac\u00ed o va\u0161em \u00fa\u010dtu<\/li>\n\n\n\n<li>E-maily pro konkr\u00e9tn\u00ed funkce: N\u011bkter\u00e9 funkce syst\u00e9mu umo\u017e\u0148uj\u00ed zadat dal\u0161\u00ed e-mailov\u00e9 adresy, kter\u00e9 se pou\u017eij\u00ed pouze pro tyto funkce (nap\u0159. pro zas\u00edl\u00e1n\u00ed statistick\u00fdch report\u016f)<\/li>\n<\/ul>\n<\/div>\n\n\n\n<div class=\"wp-block-group is-layout-constrained wp-block-group-is-layout-constrained\">\n<h2 class=\"wp-block-heading\">Provozn\u00ed data<\/h2>\n\n\n\n<p>\u00dadaje o tom, jak pracujete s Sklikem, jak \u010dasto a jak\u00fdm zp\u016fsobem pou\u017e\u00edv\u00e1te jeho funkce \u2013 tyto \u00fadaje n\u00e1sledn\u011b vyu\u017e\u00edv\u00e1me pro zlep\u0161ov\u00e1n\u00ed samotn\u00e9 slu\u017eby Sklik.cz a pro jeho technickou podporu. Data uchov\u00e1v\u00e1me po nezbytn\u011b nutnou dobu.<\/p>\n<\/div>\n\n\n\n<div class=\"wp-block-group is-layout-constrained wp-block-group-is-layout-constrained\">\n<h2 class=\"wp-block-heading\">Na\u0161i zpracovatel\u00e9<\/h2>\n\n\n\n<p>Google: Slu\u017eba&nbsp;Google Analytics. Slou\u017e\u00ed pro z\u00edsk\u00e1v\u00e1n\u00ed produktov\u00fdch statistik.<\/p>\n<\/div>\n","protected":false},"excerpt":{"rendered":"<p>Tyto z\u00e1sady se vztahuj\u00ed na str\u00e1nku www.sklik.cz a administra\u010dn\u00ed rozhran\u00ed Sklik, ur\u010den\u00e9 pro spr\u00e1vu reklamn\u00edch kampan\u00ed. ID \u00fa\u010dtu ID \u00fa\u010dtu je pro Sklik anonymn\u00ed numerick\u00e9 ID. Dost\u00e1v\u00e1me ho ve chv\u00edli, kdy registrovan\u00fd u\u017eivatel Seznamu p\u0159ijde na Sklik. ID \u00fa\u010dtu dr\u017e\u00edme pak z d\u016fvodu spr\u00e1vn\u00e9 funkcionality syst\u00e9mu. E-mailov\u00e1 adresa E-mailov\u00e9 adresy, kter\u00e9 n\u00e1m poskytnete, pou\u017e\u00edv\u00e1me pro [&hellip;]<\/p>\n","protected":false},"author":2,"featured_media":0,"parent":9,"menu_order":0,"comment_status":"closed","ping_status":"closed","template":"page-sidemenu","meta":{"_acf_changed":false,"_relevanssi_hide_post":"","_relevanssi_hide_content":"","_relevanssi_pin_for_all":"","_relevanssi_pin_keywords":"","_relevanssi_unpin_keywords":"","_relevanssi_related_keywords":"","_relevanssi_related_include_ids":"","_relevanssi_related_exclude_ids":"","_relevanssi_related_no_append":"","_relevanssi_related_not_related":"","_relevanssi_related_posts":"","_relevanssi_noindex_reason":"","footnotes":""},"page_category":[3],"page_tag":[],"class_list":["post-126","page","type-page","status-publish","hentry"],"acf":[],"lang":"cs","translations":{"cs":126,"en":2596},"pll_sync_post":[],"_links":{"self":[{"href":"https:\/\/o-seznam.cz\/pravni-informace\/wp-json\/wp\/v2\/pages\/126","targetHints":{"allow":["GET"]}}],"collection":[{"href":"https:\/\/o-seznam.cz\/pravni-informace\/wp-json\/wp\/v2\/pages"}],"about":[{"href":"https:\/\/o-seznam.cz\/pravni-informace\/wp-json\/wp\/v2\/types\/page"}],"author":[{"embeddable":true,"href":"https:\/\/o-seznam.cz\/pravni-informace\/wp-json\/wp\/v2\/users\/2"}],"replies":[{"embeddable":true,"href":"https:\/\/o-seznam.cz\/pravni-informace\/wp-json\/wp\/v2\/comments?post=126"}],"version-history":[{"count":7,"href":"https:\/\/o-seznam.cz\/pravni-informace\/wp-json\/wp\/v2\/pages\/126\/revisions"}],"predecessor-version":[{"id":1574,"href":"https:\/\/o-seznam.cz\/pravni-informace\/wp-json\/wp\/v2\/pages\/126\/revisions\/1574"}],"up":[{"embeddable":true,"href":"https:\/\/o-seznam.cz\/pravni-informace\/wp-json\/wp\/v2\/pages\/9"}],"wp:attachment":[{"href":"https:\/\/o-seznam.cz\/pravni-informace\/wp-json\/wp\/v2\/media?parent=126"}],"wp:term":[{"taxonomy":"page_category","embeddable":true,"href":"https:\/\/o-seznam.cz\/pravni-informace\/wp-json\/wp\/v2\/page_category?post=126"},{"taxonomy":"page_tag","embeddable":true,"href":"https:\/\/o-seznam.cz\/pravni-informace\/wp-json\/wp\/v2\/page_tag?post=126"}],"curies":[{"name":"wp","href":"https:\/\/api.w.org\/{rel}","templated":true}]}}