
{"id":122,"date":"2024-02-14T10:27:37","date_gmt":"2024-02-14T09:27:37","guid":{"rendered":"https:\/\/o-seznam.cz\/pravni-informace\/?page_id=122"},"modified":"2024-05-02T09:28:08","modified_gmt":"2024-05-02T07:28:08","slug":"volna-mista","status":"publish","type":"page","link":"https:\/\/o-seznam.cz\/pravni-informace\/ochrana-udaju\/volna-mista\/","title":{"rendered":"Voln\u00e1 m\u00edsta"},"content":{"rendered":"\n<div class=\"wp-block-group is-layout-constrained wp-block-group-is-layout-constrained\">\n<h2 class=\"wp-block-heading\">V p\u0159\u00edpad\u011b inzerce si k va\u0161emu firemn\u00edmu \u00fa\u010dtu ulo\u017e\u00edme<\/h2>\n\n\n\n<ul class=\"wp-block-list\">\n<li>E-mailovou adresu<\/li>\n\n\n\n<li>Telefonn\u00ed \u010d\u00edslo<\/li>\n\n\n\n<li>IP adresu<\/li>\n<\/ul>\n\n\n\n<p>Tento mechanismus slou\u017e\u00ed k ov\u011b\u0159en\u00ed identity inzerenta a pom\u00e1h\u00e1 tak p\u0159edch\u00e1zet vystavov\u00e1n\u00ed podvodn\u00fdch nab\u00eddek, zaji\u0161\u0165ovat bezpe\u010dnost slu\u017eby a chr\u00e1nit na\u0161e opr\u00e1vn\u011bn\u00e9 z\u00e1jmy.<\/p>\n\n\n\n<p>V p\u0159\u00edpad\u011b, \u017ee si jako inzerent po\u017e\u00e1d\u00e1te o na\u0161i technickou podporu nebo o p\u0159\u00edstup \u010di obnoven\u00ed p\u0159\u00edstupu do rozhran\u00ed slu\u017eby p\u0159es kontaktn\u00ed formul\u00e1\u0159, ulo\u017e\u00edme si \u00fadaje jako jm\u00e9no a p\u0159\u00edjmen\u00ed, telefonn\u00ed \u010d\u00edslo, e-mail a text po\u017eadavku. Tyto \u00fadaje ukl\u00e1d\u00e1me, abychom mohli po\u017eadavek d\u016fkladn\u011b prov\u011b\u0159it a vy\u0159\u00eddit.<\/p>\n<\/div>\n\n\n\n<div class=\"wp-block-group is-layout-constrained wp-block-group-is-layout-constrained\">\n<h2 class=\"wp-block-heading\">D\u016fvody a okolnosti shroma\u017e\u010fov\u00e1n\u00ed \u00fadaj\u016f<\/h2>\n\n\n\n<ul class=\"wp-block-list\">\n<li>V p\u0159\u00edpad\u011b, \u017ee se rozhodnete kontaktovat pomoc\u00ed na\u0161\u00ed slu\u017eby inzerenta, zalo\u017e\u00edme si \u00fadaje, kter\u00e9 do kontaktn\u00edho formul\u00e1\u0159e s\u00e1m vypln\u00ed. Jedn\u00e1 se o jm\u00e9no a p\u0159\u00edjmen\u00ed, telefonn\u00ed \u010d\u00edslo, e-mail u\u017eivatele, text a p\u0159idan\u00e9 p\u0159\u00edlohy. Tyto \u00fadaje ukl\u00e1d\u00e1me z d\u016fvodu zp\u011btn\u00e9ho kontaktu u\u017eivatele s inzerentem. Kontaktn\u00ed formul\u00e1\u0159 by bez nich nemohl b\u00fdt odeslan\u00fd<\/li>\n\n\n\n<li>P\u0159i nahl\u00e1\u0161en\u00ed z\u00e1vadn\u00e9ho inzer\u00e1tu si ulo\u017e\u00edme&nbsp;e-mail u\u017eivatele a text ozn\u00e1men\u00ed, pokud je uveden\u00fd. Informace slou\u017e\u00ed k ov\u011b\u0159en\u00ed a vy\u0159\u00edzen\u00ed tohoto ozn\u00e1men\u00ed<\/li>\n\n\n\n<li>Pro zaji\u0161t\u011bn\u00ed bezpe\u010dnosti slu\u017eby si v p\u0159\u00edpad\u011b p\u0159ihl\u00e1\u0161en\u00e9ho u\u017eivatele ukl\u00e1d\u00e1me IP adresu p\u0159i ka\u017ed\u00e9 jeho akci. V p\u0159\u00edpad\u011b nep\u0159ihl\u00e1\u0161en\u00e9ho u\u017eivatele si ukl\u00e1d\u00e1me IP adresu p\u0159i odpov\u011bdi na inzer\u00e1t, kterou se mysl\u00ed odesl\u00e1n\u00ed kontaktn\u00edho formul\u00e1\u0159e<\/li>\n<\/ul>\n\n\n\n<p>U smazan\u00fdch inzer\u00e1t\u016f (jak ru\u010dn\u011b, tak tak\u00e9 uplynut\u00edm platnosti) dojde k \u00fapln\u00e9mu vymaz\u00e1n\u00ed inzer\u00e1tu v\u010detn\u011b odpov\u011bd\u00ed, a to z na\u0161\u00ed datab\u00e1ze i ve\u0161ker\u00fdch dat souvisej\u00edc\u00edch s inzer\u00e1tem. Takto se stane 180 dn\u00ed po smaz\u00e1n\u00ed inzer\u00e1tu.<\/p>\n<\/div>\n","protected":false},"excerpt":{"rendered":"<p>V p\u0159\u00edpad\u011b inzerce si k va\u0161emu firemn\u00edmu \u00fa\u010dtu ulo\u017e\u00edme Tento mechanismus slou\u017e\u00ed k ov\u011b\u0159en\u00ed identity inzerenta a pom\u00e1h\u00e1 tak p\u0159edch\u00e1zet vystavov\u00e1n\u00ed podvodn\u00fdch nab\u00eddek, zaji\u0161\u0165ovat bezpe\u010dnost slu\u017eby a chr\u00e1nit na\u0161e opr\u00e1vn\u011bn\u00e9 z\u00e1jmy. V p\u0159\u00edpad\u011b, \u017ee si jako inzerent po\u017e\u00e1d\u00e1te o na\u0161i technickou podporu nebo o p\u0159\u00edstup \u010di obnoven\u00ed p\u0159\u00edstupu do rozhran\u00ed slu\u017eby p\u0159es kontaktn\u00ed formul\u00e1\u0159, ulo\u017e\u00edme [&hellip;]<\/p>\n","protected":false},"author":2,"featured_media":0,"parent":9,"menu_order":0,"comment_status":"closed","ping_status":"closed","template":"page-sidemenu","meta":{"_acf_changed":false,"_relevanssi_hide_post":"","_relevanssi_hide_content":"","_relevanssi_pin_for_all":"","_relevanssi_pin_keywords":"","_relevanssi_unpin_keywords":"","_relevanssi_related_keywords":"","_relevanssi_related_include_ids":"","_relevanssi_related_exclude_ids":"","_relevanssi_related_no_append":"","_relevanssi_related_not_related":"","_relevanssi_related_posts":"","_relevanssi_noindex_reason":"","footnotes":""},"page_category":[3],"page_tag":[],"class_list":["post-122","page","type-page","status-publish","hentry"],"acf":[],"lang":"cs","translations":{"cs":122,"en":2593},"pll_sync_post":[],"_links":{"self":[{"href":"https:\/\/o-seznam.cz\/pravni-informace\/wp-json\/wp\/v2\/pages\/122","targetHints":{"allow":["GET"]}}],"collection":[{"href":"https:\/\/o-seznam.cz\/pravni-informace\/wp-json\/wp\/v2\/pages"}],"about":[{"href":"https:\/\/o-seznam.cz\/pravni-informace\/wp-json\/wp\/v2\/types\/page"}],"author":[{"embeddable":true,"href":"https:\/\/o-seznam.cz\/pravni-informace\/wp-json\/wp\/v2\/users\/2"}],"replies":[{"embeddable":true,"href":"https:\/\/o-seznam.cz\/pravni-informace\/wp-json\/wp\/v2\/comments?post=122"}],"version-history":[{"count":8,"href":"https:\/\/o-seznam.cz\/pravni-informace\/wp-json\/wp\/v2\/pages\/122\/revisions"}],"predecessor-version":[{"id":1543,"href":"https:\/\/o-seznam.cz\/pravni-informace\/wp-json\/wp\/v2\/pages\/122\/revisions\/1543"}],"up":[{"embeddable":true,"href":"https:\/\/o-seznam.cz\/pravni-informace\/wp-json\/wp\/v2\/pages\/9"}],"wp:attachment":[{"href":"https:\/\/o-seznam.cz\/pravni-informace\/wp-json\/wp\/v2\/media?parent=122"}],"wp:term":[{"taxonomy":"page_category","embeddable":true,"href":"https:\/\/o-seznam.cz\/pravni-informace\/wp-json\/wp\/v2\/page_category?post=122"},{"taxonomy":"page_tag","embeddable":true,"href":"https:\/\/o-seznam.cz\/pravni-informace\/wp-json\/wp\/v2\/page_tag?post=122"}],"curies":[{"name":"wp","href":"https:\/\/api.w.org\/{rel}","templated":true}]}}