
{"id":120,"date":"2024-02-14T10:26:53","date_gmt":"2024-02-14T09:26:53","guid":{"rendered":"https:\/\/o-seznam.cz\/pravni-informace\/?page_id=120"},"modified":"2024-03-26T10:00:51","modified_gmt":"2024-03-26T09:00:51","slug":"sdovolena-cz","status":"publish","type":"page","link":"https:\/\/o-seznam.cz\/pravni-informace\/ochrana-udaju\/sdovolena-cz\/","title":{"rendered":"Sdovolen\u00e1.cz"},"content":{"rendered":"\n<div class=\"wp-block-group is-layout-constrained wp-block-group-is-layout-constrained\">\n<p>Sdovolen\u00e1.cz nepracujeme s \u017e\u00e1dn\u00fdmi osobn\u00edmi \u00fadaji \u2013 krom\u011b t\u011bch, kter\u00e9 zad\u00e1te do formul\u00e1\u0159e &#8222;Zeptat se CK na z\u00e1jezd&#8220;. Vypln\u011bn\u00e9 \u00fadaje jako jm\u00e9no, telefon nebo e-mail na slu\u017eb\u011b neukl\u00e1d\u00e1me. Pouze je rovnou po\u0161leme dan\u00e9 cestovn\u00ed kancel\u00e1\u0159i.<\/p>\n<\/div>\n","protected":false},"excerpt":{"rendered":"<p>Sdovolen\u00e1.cz nepracujeme s \u017e\u00e1dn\u00fdmi osobn\u00edmi \u00fadaji \u2013 krom\u011b t\u011bch, kter\u00e9 zad\u00e1te do formul\u00e1\u0159e &#8222;Zeptat se CK na z\u00e1jezd&#8220;. Vypln\u011bn\u00e9 \u00fadaje jako jm\u00e9no, telefon nebo e-mail na slu\u017eb\u011b neukl\u00e1d\u00e1me. Pouze je rovnou po\u0161leme dan\u00e9 cestovn\u00ed kancel\u00e1\u0159i.<\/p>\n","protected":false},"author":2,"featured_media":0,"parent":9,"menu_order":0,"comment_status":"closed","ping_status":"closed","template":"page-sidemenu","meta":{"_acf_changed":false,"_relevanssi_hide_post":"","_relevanssi_hide_content":"","_relevanssi_pin_for_all":"","_relevanssi_pin_keywords":"","_relevanssi_unpin_keywords":"","_relevanssi_related_keywords":"","_relevanssi_related_include_ids":"","_relevanssi_related_exclude_ids":"","_relevanssi_related_no_append":"","_relevanssi_related_not_related":"","_relevanssi_related_posts":"","_relevanssi_noindex_reason":"","footnotes":""},"page_category":[3],"page_tag":[],"class_list":["post-120","page","type-page","status-publish","hentry"],"acf":[],"lang":"cs","translations":{"cs":120,"en":2590},"pll_sync_post":[],"_links":{"self":[{"href":"https:\/\/o-seznam.cz\/pravni-informace\/wp-json\/wp\/v2\/pages\/120","targetHints":{"allow":["GET"]}}],"collection":[{"href":"https:\/\/o-seznam.cz\/pravni-informace\/wp-json\/wp\/v2\/pages"}],"about":[{"href":"https:\/\/o-seznam.cz\/pravni-informace\/wp-json\/wp\/v2\/types\/page"}],"author":[{"embeddable":true,"href":"https:\/\/o-seznam.cz\/pravni-informace\/wp-json\/wp\/v2\/users\/2"}],"replies":[{"embeddable":true,"href":"https:\/\/o-seznam.cz\/pravni-informace\/wp-json\/wp\/v2\/comments?post=120"}],"version-history":[{"count":4,"href":"https:\/\/o-seznam.cz\/pravni-informace\/wp-json\/wp\/v2\/pages\/120\/revisions"}],"predecessor-version":[{"id":1157,"href":"https:\/\/o-seznam.cz\/pravni-informace\/wp-json\/wp\/v2\/pages\/120\/revisions\/1157"}],"up":[{"embeddable":true,"href":"https:\/\/o-seznam.cz\/pravni-informace\/wp-json\/wp\/v2\/pages\/9"}],"wp:attachment":[{"href":"https:\/\/o-seznam.cz\/pravni-informace\/wp-json\/wp\/v2\/media?parent=120"}],"wp:term":[{"taxonomy":"page_category","embeddable":true,"href":"https:\/\/o-seznam.cz\/pravni-informace\/wp-json\/wp\/v2\/page_category?post=120"},{"taxonomy":"page_tag","embeddable":true,"href":"https:\/\/o-seznam.cz\/pravni-informace\/wp-json\/wp\/v2\/page_tag?post=120"}],"curies":[{"name":"wp","href":"https:\/\/api.w.org\/{rel}","templated":true}]}}