
{"id":115,"date":"2024-02-14T10:21:38","date_gmt":"2024-02-14T09:21:38","guid":{"rendered":"https:\/\/o-seznam.cz\/pravni-informace\/?page_id=115"},"modified":"2024-04-10T08:50:08","modified_gmt":"2024-04-10T06:50:08","slug":"sauto-cz","status":"publish","type":"page","link":"https:\/\/o-seznam.cz\/pravni-informace\/ochrana-udaju\/sauto-cz\/","title":{"rendered":"Sauto.cz"},"content":{"rendered":"\n<div class=\"wp-block-group is-layout-constrained wp-block-group-is-layout-constrained\">\n<h2 class=\"wp-block-heading\">V p\u0159\u00edpad\u011b inzerce si k va\u0161emu \u00fa\u010dtu ulo\u017e\u00edme<\/h2>\n\n\n\n<ul class=\"wp-block-list\">\n<li>E-mailovou adresu<\/li>\n\n\n\n<li>Telefonn\u00ed \u010d\u00edslo<\/li>\n\n\n\n<li>IP adresu, ze kter\u00e9 byl konkr\u00e9tn\u00ed inzer\u00e1t vystaven\u00fd<\/li>\n<\/ul>\n\n\n\n<p>Tento mechanismus slou\u017e\u00ed k ov\u011b\u0159en\u00ed identity prod\u00e1vaj\u00edc\u00edho a pom\u00e1h\u00e1 tak p\u0159edch\u00e1zet vystavov\u00e1n\u00ed podvodn\u00fdch nab\u00eddek. P\u0159\u00edpadn\u011b napom\u00e1h\u00e1 k n\u00e1sledn\u00e9 identifikaci prodejce v okam\u017eiku opr\u00e1vn\u011bn\u00e9ho po\u017eadavku ke spolupr\u00e1ci, ke kter\u00e9 je slu\u017eba Sauto.cz vyzvan\u00e1 org\u00e1ny P\u010cR.<\/p>\n<\/div>\n\n\n\n<div class=\"wp-block-group is-layout-constrained wp-block-group-is-layout-constrained\">\n<h2 class=\"wp-block-heading\">D\u016fvody a okolnosti shroma\u017e\u010fov\u00e1n\u00ed \u00fadaj\u016f<\/h2>\n\n\n\n<ul class=\"wp-block-list\">\n<li>V p\u0159\u00edpad\u011b, \u017ee se u\u017eivatel rozhodne zaslat pomoc\u00ed na\u0161\u00ed slu\u017eby popt\u00e1vku, zalo\u017e\u00edme si \u00fadaje, kter\u00e9 do popt\u00e1vky s\u00e1m vypln\u00ed. Jedn\u00e1 se o jm\u00e9no a p\u0159\u00edjmen\u00ed, telefonn\u00ed \u010d\u00edslo, e-mail u\u017eivatele a text popt\u00e1vky. Tyto \u00fadaje ukl\u00e1d\u00e1me z d\u016fvodu zp\u011btn\u00e9ho kontaktu u\u017eivatele s popt\u00e1van\u00fdm inzerentem. Popt\u00e1vka by bez nich nemohla b\u00fdt odeslan\u00e1<\/li>\n\n\n\n<li>V p\u0159\u00edpad\u011b, \u017ee se u\u017eivatel rozhodne p\u0159isp\u00edvat do diskus\u00ed k jednotliv\u00fdm model\u016fm v r\u00e1mci karty vozu, ulo\u017e\u00ed si slu\u017eba jeho e-mailovou adresu s ohledem na nutnost p\u0159ihl\u00e1sit se p\u0159ed p\u0159id\u00e1n\u00edm p\u0159\u00edsp\u011bvku<\/li>\n<\/ul>\n\n\n\n<p>U inzer\u00e1tu se nastav\u00ed p\u0159\u00edznak &#8222;Smaz\u00e1no&#8220;, a to 14 dn\u00ed po skon\u010den\u00ed platnosti nebo smaz\u00e1n\u00edm inzerentem. Po uplynut\u00ed lh\u016fty 180 dn\u00ed, dojde k \u00fapln\u00e9mu vymaz\u00e1n\u00ed inzer\u00e1tu, odpov\u011bd\u00ed z na\u0161\u00ed datab\u00e1ze i ve\u0161ker\u00fdch dat. Tato lh\u016fta n\u00e1m slou\u017e\u00ed pro sou\u010dinnost v r\u00e1mci spolupr\u00e1ce s P\u010cR.<\/p>\n<\/div>\n","protected":false},"excerpt":{"rendered":"<p>V p\u0159\u00edpad\u011b inzerce si k va\u0161emu \u00fa\u010dtu ulo\u017e\u00edme Tento mechanismus slou\u017e\u00ed k ov\u011b\u0159en\u00ed identity prod\u00e1vaj\u00edc\u00edho a pom\u00e1h\u00e1 tak p\u0159edch\u00e1zet vystavov\u00e1n\u00ed podvodn\u00fdch nab\u00eddek. P\u0159\u00edpadn\u011b napom\u00e1h\u00e1 k n\u00e1sledn\u00e9 identifikaci prodejce v okam\u017eiku opr\u00e1vn\u011bn\u00e9ho po\u017eadavku ke spolupr\u00e1ci, ke kter\u00e9 je slu\u017eba Sauto.cz vyzvan\u00e1 org\u00e1ny P\u010cR. D\u016fvody a okolnosti shroma\u017e\u010fov\u00e1n\u00ed \u00fadaj\u016f U inzer\u00e1tu se nastav\u00ed p\u0159\u00edznak &#8222;Smaz\u00e1no&#8220;, a to [&hellip;]<\/p>\n","protected":false},"author":2,"featured_media":0,"parent":9,"menu_order":0,"comment_status":"closed","ping_status":"closed","template":"page-sidemenu","meta":{"_acf_changed":false,"_relevanssi_hide_post":"","_relevanssi_hide_content":"","_relevanssi_pin_for_all":"","_relevanssi_pin_keywords":"","_relevanssi_unpin_keywords":"","_relevanssi_related_keywords":"","_relevanssi_related_include_ids":"","_relevanssi_related_exclude_ids":"","_relevanssi_related_no_append":"","_relevanssi_related_not_related":"","_relevanssi_related_posts":"","_relevanssi_noindex_reason":"","footnotes":""},"page_category":[3],"page_tag":[],"class_list":["post-115","page","type-page","status-publish","hentry"],"acf":[],"lang":"cs","translations":{"cs":115,"en":2584},"pll_sync_post":[],"_links":{"self":[{"href":"https:\/\/o-seznam.cz\/pravni-informace\/wp-json\/wp\/v2\/pages\/115","targetHints":{"allow":["GET"]}}],"collection":[{"href":"https:\/\/o-seznam.cz\/pravni-informace\/wp-json\/wp\/v2\/pages"}],"about":[{"href":"https:\/\/o-seznam.cz\/pravni-informace\/wp-json\/wp\/v2\/types\/page"}],"author":[{"embeddable":true,"href":"https:\/\/o-seznam.cz\/pravni-informace\/wp-json\/wp\/v2\/users\/2"}],"replies":[{"embeddable":true,"href":"https:\/\/o-seznam.cz\/pravni-informace\/wp-json\/wp\/v2\/comments?post=115"}],"version-history":[{"count":8,"href":"https:\/\/o-seznam.cz\/pravni-informace\/wp-json\/wp\/v2\/pages\/115\/revisions"}],"predecessor-version":[{"id":1496,"href":"https:\/\/o-seznam.cz\/pravni-informace\/wp-json\/wp\/v2\/pages\/115\/revisions\/1496"}],"up":[{"embeddable":true,"href":"https:\/\/o-seznam.cz\/pravni-informace\/wp-json\/wp\/v2\/pages\/9"}],"wp:attachment":[{"href":"https:\/\/o-seznam.cz\/pravni-informace\/wp-json\/wp\/v2\/media?parent=115"}],"wp:term":[{"taxonomy":"page_category","embeddable":true,"href":"https:\/\/o-seznam.cz\/pravni-informace\/wp-json\/wp\/v2\/page_category?post=115"},{"taxonomy":"page_tag","embeddable":true,"href":"https:\/\/o-seznam.cz\/pravni-informace\/wp-json\/wp\/v2\/page_tag?post=115"}],"curies":[{"name":"wp","href":"https:\/\/api.w.org\/{rel}","templated":true}]}}