
{"id":110,"date":"2024-02-14T09:28:49","date_gmt":"2024-02-14T08:28:49","guid":{"rendered":"https:\/\/o-seznam.cz\/pravni-informace\/?page_id=110"},"modified":"2024-04-10T08:52:34","modified_gmt":"2024-04-10T06:52:34","slug":"sreality-cz","status":"publish","type":"page","link":"https:\/\/o-seznam.cz\/pravni-informace\/ochrana-udaju\/sreality-cz\/","title":{"rendered":"Sreality.cz"},"content":{"rendered":"\n<div class=\"wp-block-group is-layout-constrained wp-block-group-is-layout-constrained\">\n<h2 class=\"wp-block-heading\">V p\u0159\u00edpad\u011b inzerce si k va\u0161emu \u00fa\u010dtu ulo\u017e\u00edme<\/h2>\n\n\n\n<ul class=\"wp-block-list\">\n<li>E-mailovou adresu<\/li>\n\n\n\n<li>Telefonn\u00ed \u010d\u00edslo<\/li>\n\n\n\n<li>IP adresu, ze kter\u00e9 byl konkr\u00e9tn\u00ed inzer\u00e1t vystaven\u00fd<\/li>\n<\/ul>\n\n\n\n<p>Tento mechanismus slou\u017e\u00ed k ov\u011b\u0159en\u00ed identity prod\u00e1vaj\u00edc\u00edho a pom\u00e1h\u00e1 tak p\u0159edch\u00e1zet vystavov\u00e1n\u00ed podvodn\u00fdch nab\u00eddek, p\u0159\u00edpadn\u011b napom\u00e1h\u00e1 k n\u00e1sledn\u00e9 identifikaci prodejce v okam\u017eiku opr\u00e1vn\u011bn\u00e9ho po\u017eadavku ke spolupr\u00e1ci, ke kter\u00e9 je slu\u017eba Sreality.cz vyzvan\u00e1 org\u00e1ny P\u010cR. <\/p>\n\n\n\n<p>Prod\u00e1vaj\u00edc\u00ed m\u00e1 mo\u017enost telefonn\u00ed \u010d\u00edslo skr\u00fdt a nezobrazovat ho ve\u0159ejn\u011b u sv\u00e9 inzerce.<\/p>\n<\/div>\n\n\n\n<div class=\"wp-block-group is-layout-constrained wp-block-group-is-layout-constrained\">\n<h2 class=\"wp-block-heading\" id=\"duvody-a-okolnosti-shromazdovani-udaju\">D\u016fvody a okolnosti shroma\u017e\u010fov\u00e1n\u00ed \u00fadaj\u016f<\/h2>\n\n\n\n<ul class=\"wp-block-list\">\n<li>V p\u0159\u00edpad\u011b, \u017ee se rozhodnete zaslat pomoc\u00ed na\u0161\u00ed slu\u017eby popt\u00e1vku, zalo\u017e\u00edme si \u00fadaje, kter\u00e9 do popt\u00e1vky sami vypln\u00edte. Jedn\u00e1 se o jm\u00e9no a p\u0159\u00edjmen\u00ed, telefonn\u00ed \u010d\u00edslo, e-mail a text popt\u00e1vky. Tyto \u00fadaje ukl\u00e1d\u00e1me z d\u016fvodu zp\u011btn\u00e9ho kontaktu u\u017eivatele popt\u00e1van\u00fdm inzerentem. Popt\u00e1vka by bez nich nemohla b\u00fdt odeslan\u00e1<\/li>\n\n\n\n<li>P\u0159i odesl\u00e1n\u00ed je pot\u0159eba va\u0161eho souhlasu se zpracov\u00e1n\u00edm osobn\u00edch \u00fadaj\u016f<\/li>\n\n\n\n<li>\u00dadaje o inzerci jsou u n\u00e1s ulo\u017een\u00e9 po dobu platnosti inzerce. Po jej\u00edm skon\u010den\u00ed, tedy v p\u0159\u00edpad\u011b expirace nebo v p\u0159\u00edpad\u011b smaz\u00e1n\u00ed, jsou spole\u010dn\u011b s odpov\u011b\u010fmi smazan\u00e9 z datab\u00e1ze, a to po plynut\u00ed lh\u016fty 20 dn\u00ed<\/li>\n<\/ul>\n<\/div>\n","protected":false},"excerpt":{"rendered":"<p>V p\u0159\u00edpad\u011b inzerce si k va\u0161emu \u00fa\u010dtu ulo\u017e\u00edme Tento mechanismus slou\u017e\u00ed k ov\u011b\u0159en\u00ed identity prod\u00e1vaj\u00edc\u00edho a pom\u00e1h\u00e1 tak p\u0159edch\u00e1zet vystavov\u00e1n\u00ed podvodn\u00fdch nab\u00eddek, p\u0159\u00edpadn\u011b napom\u00e1h\u00e1 k n\u00e1sledn\u00e9 identifikaci prodejce v okam\u017eiku opr\u00e1vn\u011bn\u00e9ho po\u017eadavku ke spolupr\u00e1ci, ke kter\u00e9 je slu\u017eba Sreality.cz vyzvan\u00e1 org\u00e1ny P\u010cR. Prod\u00e1vaj\u00edc\u00ed m\u00e1 mo\u017enost telefonn\u00ed \u010d\u00edslo skr\u00fdt a nezobrazovat ho ve\u0159ejn\u011b u sv\u00e9 inzerce. [&hellip;]<\/p>\n","protected":false},"author":2,"featured_media":0,"parent":9,"menu_order":0,"comment_status":"closed","ping_status":"closed","template":"page-sidemenu","meta":{"_acf_changed":false,"_relevanssi_hide_post":"","_relevanssi_hide_content":"","_relevanssi_pin_for_all":"","_relevanssi_pin_keywords":"","_relevanssi_unpin_keywords":"","_relevanssi_related_keywords":"","_relevanssi_related_include_ids":"","_relevanssi_related_exclude_ids":"","_relevanssi_related_no_append":"","_relevanssi_related_not_related":"","_relevanssi_related_posts":"","_relevanssi_noindex_reason":"","footnotes":""},"page_category":[3],"page_tag":[],"class_list":["post-110","page","type-page","status-publish","hentry"],"acf":[],"lang":"cs","translations":{"cs":110,"en":2578},"pll_sync_post":[],"_links":{"self":[{"href":"https:\/\/o-seznam.cz\/pravni-informace\/wp-json\/wp\/v2\/pages\/110","targetHints":{"allow":["GET"]}}],"collection":[{"href":"https:\/\/o-seznam.cz\/pravni-informace\/wp-json\/wp\/v2\/pages"}],"about":[{"href":"https:\/\/o-seznam.cz\/pravni-informace\/wp-json\/wp\/v2\/types\/page"}],"author":[{"embeddable":true,"href":"https:\/\/o-seznam.cz\/pravni-informace\/wp-json\/wp\/v2\/users\/2"}],"replies":[{"embeddable":true,"href":"https:\/\/o-seznam.cz\/pravni-informace\/wp-json\/wp\/v2\/comments?post=110"}],"version-history":[{"count":6,"href":"https:\/\/o-seznam.cz\/pravni-informace\/wp-json\/wp\/v2\/pages\/110\/revisions"}],"predecessor-version":[{"id":1504,"href":"https:\/\/o-seznam.cz\/pravni-informace\/wp-json\/wp\/v2\/pages\/110\/revisions\/1504"}],"up":[{"embeddable":true,"href":"https:\/\/o-seznam.cz\/pravni-informace\/wp-json\/wp\/v2\/pages\/9"}],"wp:attachment":[{"href":"https:\/\/o-seznam.cz\/pravni-informace\/wp-json\/wp\/v2\/media?parent=110"}],"wp:term":[{"taxonomy":"page_category","embeddable":true,"href":"https:\/\/o-seznam.cz\/pravni-informace\/wp-json\/wp\/v2\/page_category?post=110"},{"taxonomy":"page_tag","embeddable":true,"href":"https:\/\/o-seznam.cz\/pravni-informace\/wp-json\/wp\/v2\/page_tag?post=110"}],"curies":[{"name":"wp","href":"https:\/\/api.w.org\/{rel}","templated":true}]}}