
{"id":105,"date":"2024-02-14T09:25:35","date_gmt":"2024-02-14T08:25:35","guid":{"rendered":"https:\/\/o-seznam.cz\/pravni-informace\/?page_id=105"},"modified":"2025-10-03T13:35:10","modified_gmt":"2025-10-03T11:35:10","slug":"sbazar-cz","status":"publish","type":"page","link":"https:\/\/o-seznam.cz\/pravni-informace\/ochrana-udaju\/sbazar-cz\/","title":{"rendered":"Sbazar.cz"},"content":{"rendered":"\n<div class=\"wp-block-group is-layout-constrained wp-block-group-is-layout-constrained\">\n<p>V p\u0159\u00edpad\u011b inzerce v\u00e1s ov\u011b\u0159\u00edme prost\u0159ednictv\u00edm:<\/p>\n\n\n\n<ul class=\"wp-block-list\">\n<li>E-mailov\u00e9 adresy<\/li>\n\n\n\n<li>Telefonn\u00edho \u010d\u00edsla<\/li>\n\n\n\n<li>IP adresy, ze kter\u00e9 byl konkr\u00e9tn\u00ed inzer\u00e1t vystaven<\/li>\n<\/ul>\n\n\n\n<p>Tento mechanismus slou\u017e\u00ed k ov\u011b\u0159en\u00ed identity Inzerenta a pom\u00e1h\u00e1 tak p\u0159edch\u00e1zet vystavov\u00e1n\u00ed podvodn\u00fdch Inzer\u00e1t\u016f. P\u0159\u00edpadn\u011b napom\u00e1h\u00e1 k n\u00e1sledn\u00e9 identifikaci Inzerenta v okam\u017eiku opr\u00e1vn\u011bn\u00e9ho po\u017eadavku ke spolupr\u00e1ci, ke kter\u00e9 je slu\u017eba Sbazar.cz vyzvan\u00e1 org\u00e1ny Policie \u010cR. Inzerent m\u00e1 mo\u017enost telefonn\u00ed \u010d\u00edslo skr\u00fdt a nezobrazovat ho tak ve\u0159ejn\u011b u sv\u00e9ho Inzer\u00e1tu.<\/p>\n\n\n\n<p>V p\u0159\u00edpad\u011b odesl\u00e1n\u00ed popt\u00e1vky prost\u0159ednictv\u00edm komunika\u010dn\u00edho n\u00e1stroje si ulo\u017e\u00edme:<\/p>\n\n\n\n<ul class=\"wp-block-list\">\n<li>E-mailovou adresu<\/li>\n\n\n\n<li>Text popt\u00e1vky a navazuj\u00edc\u00ed konverzace mezi Z\u00e1jemcem a Inzerentem<\/li>\n\n\n\n<li>IP adresu, ze kter\u00e9 byla popt\u00e1vka uskute\u010dn\u011bn\u00e1 a \u010das posledn\u00edho p\u0159ihl\u00e1\u0161en\u00ed<\/li>\n<\/ul>\n<\/div>\n\n\n\n<div class=\"wp-block-group is-layout-constrained wp-block-group-is-layout-constrained\">\n<h2 class=\"wp-block-heading\">D\u016fvody a okolnosti shroma\u017e\u010fov\u00e1n\u00ed t\u011bchto \u00fadaj\u016f<\/h2>\n\n\n\n<p>Tyto \u00fadaje n\u00e1m spolu s&nbsp;pou\u017eit\u00edm detek\u010dn\u00edch n\u00e1stroj\u016f, kter\u00e9 mohou automatizovanou formou zpracov\u00e1vat vz\u00e1jemnou interakci mezi Inzerentem a Z\u00e1jemcem, slou\u017e\u00ed k detekc\u00ed phishingov\u00fdch \u00fatok\u016f a jin\u00fdch protipr\u00e1vn\u00edch jedn\u00e1n\u00ed po\u0161kozuj\u00edc\u00edch Z\u00e1jemce, p\u0159\u00edpadn\u011b Provozovatele, a d\u00e1le napom\u00e1haj\u00ed k eventu\u00e1ln\u00edmu propojen\u00ed po\u0161kozen\u00fdch, a z\u00e1rove\u0148 v sou\u010dinnosti s&nbsp;Polici\u00ed \u010cR p\u0159isp\u00edvaj\u00ed k&nbsp;odhalen\u00ed pachatel\u016f takov\u00e9ho protipr\u00e1vn\u00edho jedn\u00e1n\u00ed. Lidsk\u00fd dohled je prov\u00e1d\u011bn pouze v&nbsp;p\u0159\u00edpad\u011b, \u017ee je interakce mezi Inzerentem a Z\u00e1jemcem vyhodnocena jako podez\u0159el\u00e1 z d\u016fvodu&nbsp;mo\u017en\u00e9ho protipr\u00e1vn\u00edho jedn\u00e1n\u00ed.<\/p>\n\n\n\n<p>Inzer\u00e1ty se standardn\u011b na Serveru zobrazuj\u00ed po dobu 60 dn\u016f. Po uplynut\u00ed t\u00e9to lh\u016fty nebo po smaz\u00e1n\u00ed inzer\u00e1tu Inzerentem za\u010d\u00edn\u00e1 b\u011b\u017eet 120denn\u00ed lh\u016fta. V r\u00e1mci t\u00e9to lh\u016fty jsou ve\u0161ker\u00e9 \u00fadaje o Inzer\u00e1tu skryt\u00e9, z&nbsp;ve\u0159ejn\u00e9 \u010d\u00e1sti Serveru a jsou nad\u00e1le ulo\u017een\u00e9 na serverech Provozovatele. Tato lh\u016fta n\u00e1m slou\u017e\u00ed pro p\u0159\u00edpadnou sou\u010dinnost v r\u00e1mci spolupr\u00e1ce s&nbsp;Polici\u00ed \u010cR. Po uplynut\u00ed lh\u016fty jsou ve\u0161ker\u00e1 \u00fadaje o Inzer\u00e1tu, v\u010detn\u011b komunikace prost\u0159ednictv\u00edm komunika\u010dn\u00edho n\u00e1stroje nevratn\u011b smazan\u00e1.<\/p>\n\n\n\n<p>Interakce mezi Inzerentem a Z\u00e1jemcem mohou b\u00fdt vyu\u017eity k vylep\u0161en\u00ed slu\u017eeb prost\u0159ednictv\u00edm anonymizovan\u00e9ho u\u010den\u00ed.<\/p>\n<\/div>\n","protected":false},"excerpt":{"rendered":"<p>V p\u0159\u00edpad\u011b inzerce v\u00e1s ov\u011b\u0159\u00edme prost\u0159ednictv\u00edm: Tento mechanismus slou\u017e\u00ed k ov\u011b\u0159en\u00ed identity Inzerenta a pom\u00e1h\u00e1 tak p\u0159edch\u00e1zet vystavov\u00e1n\u00ed podvodn\u00fdch Inzer\u00e1t\u016f. P\u0159\u00edpadn\u011b napom\u00e1h\u00e1 k n\u00e1sledn\u00e9 identifikaci Inzerenta v okam\u017eiku opr\u00e1vn\u011bn\u00e9ho po\u017eadavku ke spolupr\u00e1ci, ke kter\u00e9 je slu\u017eba Sbazar.cz vyzvan\u00e1 org\u00e1ny Policie \u010cR. Inzerent m\u00e1 mo\u017enost telefonn\u00ed \u010d\u00edslo skr\u00fdt a nezobrazovat ho tak ve\u0159ejn\u011b u sv\u00e9ho Inzer\u00e1tu. [&hellip;]<\/p>\n","protected":false},"author":2,"featured_media":0,"parent":9,"menu_order":0,"comment_status":"closed","ping_status":"closed","template":"page-sidemenu","meta":{"_acf_changed":false,"_relevanssi_hide_post":"","_relevanssi_hide_content":"","_relevanssi_pin_for_all":"","_relevanssi_pin_keywords":"","_relevanssi_unpin_keywords":"","_relevanssi_related_keywords":"","_relevanssi_related_include_ids":"","_relevanssi_related_exclude_ids":"","_relevanssi_related_no_append":"","_relevanssi_related_not_related":"","_relevanssi_related_posts":"","_relevanssi_noindex_reason":"","footnotes":""},"page_category":[3],"page_tag":[],"class_list":["post-105","page","type-page","status-publish","hentry"],"acf":[],"lang":"cs","translations":{"cs":105,"en":2572},"pll_sync_post":[],"_links":{"self":[{"href":"https:\/\/o-seznam.cz\/pravni-informace\/wp-json\/wp\/v2\/pages\/105","targetHints":{"allow":["GET"]}}],"collection":[{"href":"https:\/\/o-seznam.cz\/pravni-informace\/wp-json\/wp\/v2\/pages"}],"about":[{"href":"https:\/\/o-seznam.cz\/pravni-informace\/wp-json\/wp\/v2\/types\/page"}],"author":[{"embeddable":true,"href":"https:\/\/o-seznam.cz\/pravni-informace\/wp-json\/wp\/v2\/users\/2"}],"replies":[{"embeddable":true,"href":"https:\/\/o-seznam.cz\/pravni-informace\/wp-json\/wp\/v2\/comments?post=105"}],"version-history":[{"count":13,"href":"https:\/\/o-seznam.cz\/pravni-informace\/wp-json\/wp\/v2\/pages\/105\/revisions"}],"predecessor-version":[{"id":2385,"href":"https:\/\/o-seznam.cz\/pravni-informace\/wp-json\/wp\/v2\/pages\/105\/revisions\/2385"}],"up":[{"embeddable":true,"href":"https:\/\/o-seznam.cz\/pravni-informace\/wp-json\/wp\/v2\/pages\/9"}],"wp:attachment":[{"href":"https:\/\/o-seznam.cz\/pravni-informace\/wp-json\/wp\/v2\/media?parent=105"}],"wp:term":[{"taxonomy":"page_category","embeddable":true,"href":"https:\/\/o-seznam.cz\/pravni-informace\/wp-json\/wp\/v2\/page_category?post=105"},{"taxonomy":"page_tag","embeddable":true,"href":"https:\/\/o-seznam.cz\/pravni-informace\/wp-json\/wp\/v2\/page_tag?post=105"}],"curies":[{"name":"wp","href":"https:\/\/api.w.org\/{rel}","templated":true}]}}