
{"id":101,"date":"2024-02-14T09:24:44","date_gmt":"2024-02-14T08:24:44","guid":{"rendered":"https:\/\/o-seznam.cz\/pravni-informace\/?page_id=101"},"modified":"2024-03-19T08:24:40","modified_gmt":"2024-03-19T07:24:40","slug":"sport-cz","status":"publish","type":"page","link":"https:\/\/o-seznam.cz\/pravni-informace\/ochrana-udaju\/sport-cz\/","title":{"rendered":"Sport.cz"},"content":{"rendered":"\n<div class=\"wp-block-group is-layout-constrained wp-block-group-is-layout-constrained\">\n<p>Slu\u017eba\u00a0Sport.cz\u00a0vyu\u017e\u00edv\u00e1 Seznam Diskuze. Z\u00e1sady zpracov\u00e1n\u00ed osobn\u00edch \u00fadaj\u016f pro slu\u017ebu Seznam Diskuze se \u0159\u00edd\u00ed <a href=\"https:\/\/o-seznam.cz\/pravni-informace\/ochrana-udaju\/seznam-diskuze\/\">t\u011bmito z\u00e1sadami<\/a>.<\/p>\n<\/div>\n","protected":false},"excerpt":{"rendered":"<p>Slu\u017eba\u00a0Sport.cz\u00a0vyu\u017e\u00edv\u00e1 Seznam Diskuze. Z\u00e1sady zpracov\u00e1n\u00ed osobn\u00edch \u00fadaj\u016f pro slu\u017ebu Seznam Diskuze se \u0159\u00edd\u00ed t\u011bmito z\u00e1sadami.<\/p>\n","protected":false},"author":2,"featured_media":0,"parent":9,"menu_order":0,"comment_status":"closed","ping_status":"closed","template":"page-sidemenu","meta":{"_acf_changed":false,"_relevanssi_hide_post":"","_relevanssi_hide_content":"","_relevanssi_pin_for_all":"","_relevanssi_pin_keywords":"","_relevanssi_unpin_keywords":"","_relevanssi_related_keywords":"","_relevanssi_related_include_ids":"","_relevanssi_related_exclude_ids":"","_relevanssi_related_no_append":"","_relevanssi_related_not_related":"","_relevanssi_related_posts":"","_relevanssi_noindex_reason":"","footnotes":""},"page_category":[3],"page_tag":[],"class_list":["post-101","page","type-page","status-publish","hentry"],"acf":[],"lang":"cs","translations":{"cs":101,"en":2566},"pll_sync_post":[],"_links":{"self":[{"href":"https:\/\/o-seznam.cz\/pravni-informace\/wp-json\/wp\/v2\/pages\/101","targetHints":{"allow":["GET"]}}],"collection":[{"href":"https:\/\/o-seznam.cz\/pravni-informace\/wp-json\/wp\/v2\/pages"}],"about":[{"href":"https:\/\/o-seznam.cz\/pravni-informace\/wp-json\/wp\/v2\/types\/page"}],"author":[{"embeddable":true,"href":"https:\/\/o-seznam.cz\/pravni-informace\/wp-json\/wp\/v2\/users\/2"}],"replies":[{"embeddable":true,"href":"https:\/\/o-seznam.cz\/pravni-informace\/wp-json\/wp\/v2\/comments?post=101"}],"version-history":[{"count":4,"href":"https:\/\/o-seznam.cz\/pravni-informace\/wp-json\/wp\/v2\/pages\/101\/revisions"}],"predecessor-version":[{"id":890,"href":"https:\/\/o-seznam.cz\/pravni-informace\/wp-json\/wp\/v2\/pages\/101\/revisions\/890"}],"up":[{"embeddable":true,"href":"https:\/\/o-seznam.cz\/pravni-informace\/wp-json\/wp\/v2\/pages\/9"}],"wp:attachment":[{"href":"https:\/\/o-seznam.cz\/pravni-informace\/wp-json\/wp\/v2\/media?parent=101"}],"wp:term":[{"taxonomy":"page_category","embeddable":true,"href":"https:\/\/o-seznam.cz\/pravni-informace\/wp-json\/wp\/v2\/page_category?post=101"},{"taxonomy":"page_tag","embeddable":true,"href":"https:\/\/o-seznam.cz\/pravni-informace\/wp-json\/wp\/v2\/page_tag?post=101"}],"curies":[{"name":"wp","href":"https:\/\/api.w.org\/{rel}","templated":true}]}}