{"id":5,"date":"2024-06-18T16:06:42","date_gmt":"2024-06-18T14:06:42","guid":{"rendered":"https:\/\/o-seznam.cz\/napoveda\/?page_id=5"},"modified":"2026-03-10T16:25:50","modified_gmt":"2026-03-10T15:25:50","slug":"napoveda","status":"publish","type":"page","link":"https:\/\/o-seznam.cz\/napoveda\/","title":{"rendered":"N\u00e1pov\u011bda Seznam.cz"},"content":{"rendered":"\n<div class=\"wp-block-group alignwide is-layout-constrained wp-block-group-is-layout-constrained\">\n<div class=\"wp-block-group alignwide is-layout-constrained wp-block-group-is-layout-constrained\"><div class=\"alignwide alignwide wp-block-seznam-hero\"><div class=\"cover is-hero is-hero-default bg-neutral-40\"><img decoding=\"async\" src=\"https:\/\/o-seznam.cz\/napoveda\/wp-content\/themes\/seznam\/patterns\/images\/seznam-cover.jpg\" class=\"cover__media\" alt=\"\" \/><div class=\"cover__dim\" style=\"opacity:0.45\"><\/div><div class=\"cover__content is-layout-constrained\">\n\n<h1 class=\"wp-block-heading has-text-align-left\">Seznam N\u00e1pov\u011bda<\/h1>\n\n\n\n<div class=\"wp-block-group is-content-justification-left is-layout-constrained wp-container-core-group-is-layout-59d06cab wp-block-group-is-layout-constrained\">\n<p>Mrkn\u011bte na jednoduch\u00e9 n\u00e1vody, kter\u00e9 v\u00e1m uk\u00e1\u017eou, jak si nastavit \u00fa\u010det, vy\u0159e\u0161it technick\u00fd probl\u00e9m nebo p\u0159izp\u016fsobit seznam\u00e1ck\u00e9 slu\u017eby p\u0159esn\u011b podle va\u0161ich p\u0159edstav.<\/p>\n<\/div>\n\n<\/div><\/div><\/div>\n\n\n\n\n<div class=\"hero-searchbox alignwide\">\n\t<div class=\"hero-searchbox__inner\">\n\t\t\n<form \n\trole=\"search\" \n\tmethod=\"get\" \n\taction=\"https:\/\/o-seznam.cz\/napoveda\/\" \n\tid=\"search-form-global-1\"\n\tclass=\"search-form-2  has-icon\"\n\tdata-ajax-url=\"https:\/\/o-seznam.cz\/napoveda\/wp-admin\/admin-ajax.php\"\n\tdata-autocomplete-data=\"{&quot;debug&quot;:[],&quot;groups&quot;:{&quot;s7&quot;:{&quot;title&quot;:&quot;N\\u00e1pov\\u011bda Seznam.cz&quot;,&quot;limit&quot;:3},&quot;s8&quot;:{&quot;title&quot;:&quot;N\\u00e1pov\\u011bda Seznam Garant&quot;,&quot;limit&quot;:3},&quot;s9&quot;:{&quot;title&quot;:&quot;N\\u00e1pov\\u011bda Email.cz&quot;,&quot;limit&quot;:3},&quot;s10&quot;:{&quot;title&quot;:&quot;N\\u00e1pov\\u011bda Seznam \\u00da\\u010det&quot;,&quot;limit&quot;:3},&quot;s11&quot;:{&quot;title&quot;:&quot;N\\u00e1pov\\u011bda Sreality.cz&quot;,&quot;limit&quot;:3},&quot;s13&quot;:{&quot;title&quot;:&quot;N\\u00e1pov\\u011bda Seznam.cz Vyhled\\u00e1v\\u00e1n\\u00ed&quot;,&quot;limit&quot;:3},&quot;s14&quot;:{&quot;title&quot;:&quot;N\\u00e1pov\\u011bda Stream.cz&quot;,&quot;limit&quot;:3},&quot;s15&quot;:{&quot;title&quot;:&quot;N\\u00e1pov\\u011bda Seznam.cz Televizn\\u00ed program&quot;,&quot;limit&quot;:3},&quot;s16&quot;:{&quot;title&quot;:&quot;N\\u00e1pov\\u011bda Seznam.cz&quot;,&quot;limit&quot;:3},&quot;s17&quot;:{&quot;title&quot;:&quot;N\\u00e1pov\\u011bda Seznam.cz pro internetov\\u00e9 prohl\\u00ed\\u017ee\\u010de&quot;,&quot;limit&quot;:3},&quot;s18&quot;:{&quot;title&quot;:&quot;N\\u00e1pov\\u011bda Seznam Klientsk\\u00e1 z\\u00f3na&quot;,&quot;limit&quot;:3},&quot;s19&quot;:{&quot;title&quot;:&quot;N\\u00e1pov\\u011bda Sbazar.cz&quot;,&quot;limit&quot;:3},&quot;s20&quot;:{&quot;title&quot;:&quot;N\\u00e1pov\\u011bda Seznam Diskuze&quot;,&quot;limit&quot;:3},&quot;s21&quot;:{&quot;title&quot;:&quot;N\\u00e1pov\\u011bda M\\u00e9dium.cz&quot;,&quot;limit&quot;:3},&quot;s22&quot;:{&quot;title&quot;:&quot;N\\u00e1pov\\u011bda Sauto&quot;,&quot;limit&quot;:3},&quot;s24&quot;:{&quot;title&quot;:&quot;N\\u00e1pov\\u011bda Sdovolen\\u00e1.cz&quot;,&quot;limit&quot;:3},&quot;s25&quot;:{&quot;title&quot;:&quot;N\\u00e1pov\\u011bda Vendorsk\\u00e9 spolupr\\u00e1ce&quot;,&quot;limit&quot;:3},&quot;s26&quot;:{&quot;title&quot;:&quot;N\\u00e1pov\\u011bda Seznam Asistent&quot;,&quot;limit&quot;:3},&quot;s28&quot;:{&quot;title&quot;:&quot;N\\u00e1pov\\u011bda Odkazy&quot;,&quot;limit&quot;:3},&quot;s29&quot;:{&quot;title&quot;:&quot;N\\u00e1pov\\u011bda Podcasty.cz&quot;,&quot;limit&quot;:3},&quot;s1&quot;:{&quot;title&quot;:&quot;O Seznamu&quot;,&quot;limit&quot;:3},&quot;s2&quot;:{&quot;title&quot;:&quot;Kari\\u00e9ra&quot;,&quot;limit&quot;:3},&quot;s2.2&quot;:{&quot;title&quot;:&quot;Voln\\u00e9 pozice&quot;,&quot;limit&quot;:3},&quot;s4&quot;:{&quot;title&quot;:&quot;Slu\\u017eby&quot;,&quot;limit&quot;:3},&quot;s5&quot;:{&quot;title&quot;:&quot;Reklama na Seznamu&quot;,&quot;limit&quot;:3},&quot;s6&quot;:{&quot;title&quot;:&quot;Pr\\u00e1vn\\u00ed informace Seznam.cz&quot;,&quot;limit&quot;:3}},&quot;items&quot;:[]}\" \tdata-autocomplete-button=\"Zobrazit v\u0161echny v\u00fdsledky\"\n>\n\n\t<div class=\"search-form-2__inner\">\n\n\t\t<div class=\"search-form-2__form\">\n\t\t\t<label>\n\t\t\t\t<span class=\"screen-reader-text\">\n\t\t\t\t\tVyhled\u00e1v\u00e1n\u00ed\t\n\n\t\t\t\t<\/span>\n\t\t\t\t<input name=\"s\" type=\"search\" class=\"search-form-2__input\" \n\t\t\t\t\tplaceholder=\"Hledat &hellip;\" \n\t\t\t\t\tvalue=\"\" \n\t\t\t\t\/>\n\t\t\t<\/label>\n\t\t\t<button class=\"wp-element-button\" type=\"submit\">\n\t\t\t\t<span>Hledat<\/span>\n\t\t\t<\/button>\n\t\t<\/div>\n\n\n\t\t<div class=\"search-form-2__autocomplete\">\n\t\t\t\n\t\t<\/div>\n\n\t<\/div>\n\n<\/form>\n\t<\/div>\n<\/div>\n<\/div>\n<\/div>\n\n\n\n<div class=\"wp-block-group is-layout-constrained wp-block-group-is-layout-constrained\">\n<h2 class=\"wp-block-heading\">\u010casto \u0159e\u0161en\u00e9 dotazy<\/h2>\n\n\n\n<div class=\"wp-block-seznam-tiles has-columns-2\" style=\"--seznam-tiles--columns:2\"><div class=\"inner-blocks\"><div class=\"block-boxlink\"><a class=\"boxlink boxlink--icon-arrow px-f8 py-f6\" href=\"https:\/\/o-seznam.cz\/napoveda\/ucet\/zapomenute-heslo\/jak-na-to\/\"><div class=\"inner-blocks\">\n\n<p><strong>Zapomenut\u00e9 heslo<\/strong><\/p>\n\n\n\n<p class=\"has-neutral-60-color has-text-color has-link-color has-small-font-size wp-elements-399d7e4aa75011ead6b94ee58df3f830\">Zapomn\u011bli jste heslo a pot\u0159ebujete ho resetovat?<\/p>\n\n<\/div><\/a><\/div>\n\n<div class=\"block-boxlink\"><a class=\"boxlink boxlink--icon-arrow px-f8 py-f6\" href=\"https:\/\/o-seznam.cz\/napoveda\/prohlizece\/napoveda-prohlizece\/jak-na-automaticke-odhlasovani\/\"><div class=\"inner-blocks\">\n\n<p><strong>Automatick\u00e9 odhl\u00e1\u0161en\u00ed<\/strong><\/p>\n\n\n\n<p class=\"has-neutral-60-color has-text-color has-link-color has-small-font-size wp-elements-6497ed23bcd73efd17d5ffc83aa95532\">Jak na automatick\u00e9 odhla\u0161ov\u00e1n\u00ed ze slu\u017eeb.<\/p>\n\n<\/div><\/a><\/div>\n\n<div class=\"block-boxlink\"><a class=\"boxlink boxlink--icon-arrow px-f8 py-f6\" href=\"https:\/\/o-seznam.cz\/napoveda\/ucet\/dvoufazove-overeni\/co-to-je\/\"><div class=\"inner-blocks\">\n\n<p><strong>Dvouf\u00e1zov\u00e9 ov\u011b\u0159en\u00ed<\/strong><\/p>\n\n\n\n<p class=\"has-neutral-60-color has-text-color has-link-color has-small-font-size wp-elements-2d2a0c430bebbf4a1ace4b82f54d16b3\">Chcete pos\u00edlit zabezpe\u010den\u00ed va\u0161eho \u00fa\u010dtu?<\/p>\n\n<\/div><\/a><\/div>\n\n<div class=\"block-boxlink\"><a class=\"boxlink boxlink--icon-arrow px-f8 py-f6\" href=\"https:\/\/o-seznam.cz\/napoveda\/prohlizece\/napoveda-prohlizece\/zobrazeni-ulozeneho-hesla\/\"><div class=\"inner-blocks\">\n\n<p><strong>Zobrazen\u00ed ulo\u017een\u00e9ho hesla<\/strong><\/p>\n\n\n\n<p class=\"has-neutral-60-color has-text-color has-link-color has-small-font-size wp-elements-2d184441922cc764663b627fa63bc083\">Jak si zobrazit v prohl\u00ed\u017ee\u010di ulo\u017een\u00e9 heslo?<\/p>\n\n<\/div><\/a><\/div>\n\n<div class=\"block-boxlink\"><a class=\"boxlink boxlink--icon-arrow px-f8 py-f6\" href=\"https:\/\/o-seznam.cz\/napoveda\/diskuze\/banovani\/\"><div class=\"inner-blocks\">\n\n<p><strong>Blokace v Diskuz\u00edch<\/strong><\/p>\n\n\n\n<p class=\"has-neutral-60-color has-text-color has-link-color has-small-font-size wp-elements-c554fe9578874ec18b51ed2211fea240\">Co m\u00e1m d\u011blat, kdy\u017e jsem zablokovan\u00fd?<\/p>\n\n<\/div><\/a><\/div>\n\n<div class=\"block-boxlink\"><a class=\"boxlink boxlink--icon-arrow px-f8 py-f6\" href=\"https:\/\/o-seznam.cz\/napoveda\/email\/profi\/pridani-domeny\/nakup-nove-domeny\/\"><div class=\"inner-blocks\">\n\n<p><strong>Vlastn\u00ed e-mailov\u00e1 dom\u00e9na<\/strong><\/p>\n\n\n\n<p class=\"has-neutral-60-color has-text-color has-link-color has-small-font-size wp-elements-ce2f03191be8ec17caf628d909b8e3c6\">Jak na registraci vlastn\u00ed dom\u00e9ny v Emailu Profi.<\/p>\n\n<\/div><\/a><\/div><\/div><\/div>\n<\/div>\n\n\n\n<div class=\"wp-block-group is-layout-constrained wp-block-group-is-layout-constrained\">\n<h2 class=\"wp-block-heading\">N\u00e1pov\u011bdy na\u0161ich slu\u017eeb<\/h2>\n\n\n\n<div class=\"wp-block-group is-layout-constrained wp-container-core-group-is-layout-beff7c7e wp-block-group-is-layout-constrained\">\n<div class=\"wp-block-seznam-tiles has-columns-3\" style=\"--seznam-tiles--columns:3\"><div class=\"inner-blocks\"><div class=\"block-boxlink\"><a class=\"boxlink boxlink--icon-none px-f4 py-f4\" href=\"https:\/\/o-seznam.cz\/napoveda\/ucet\/\"><div class=\"inner-blocks\">\n<div class=\"boxlink-logo\">\n\t<img loading=\"lazy\" decoding=\"async\" width=\"434\" height=\"87\" src=\"https:\/\/o-seznam.cz\/napoveda\/wp-content\/uploads\/sites\/7\/2024\/12\/seznam-cz-logo.svg\" class=\"attachment-full size-full\" alt=\"\" \/><\/div>\n\n\t<div class=\"ml-f4\">\n\t\t<strong>Seznam \u00da\u010det<\/strong>\n\t<\/div>\n\n <\/div><\/a><\/div>\n\n<div class=\"block-boxlink\"><a class=\"boxlink boxlink--icon-none px-f4 py-f4\" href=\"https:\/\/o-seznam.cz\/napoveda\/email\/\"><div class=\"inner-blocks\">\n<div class=\"boxlink-logo\">\n\t<img loading=\"lazy\" decoding=\"async\" width=\"368\" height=\"85\" src=\"https:\/\/o-seznam.cz\/napoveda\/wp-content\/uploads\/sites\/7\/2024\/12\/email-cz-logo.svg\" class=\"attachment-full size-full\" alt=\"\" \/><\/div>\n\n\t<div class=\"ml-f4\">\n\t\t<strong>Email.cz<\/strong>\n\t<\/div>\n\n <\/div><\/a><\/div>\n\n<div class=\"block-boxlink\"><a class=\"boxlink boxlink--icon-none px-f4 py-f4\" href=\"https:\/\/o-seznam.cz\/napoveda\/vyhledavani\/\"><div class=\"inner-blocks\">\n<div class=\"boxlink-logo\">\n\t<img loading=\"lazy\" decoding=\"async\" width=\"434\" height=\"87\" src=\"https:\/\/o-seznam.cz\/napoveda\/wp-content\/uploads\/sites\/7\/2024\/12\/seznam-cz-logo.svg\" class=\"attachment-full size-full\" alt=\"\" \/><\/div>\n\n\t<div class=\"ml-f4\">\n\t\t<strong>Vyhled\u00e1v\u00e1n\u00ed<\/strong>\n\t<\/div>\n\n <\/div><\/a><\/div>\n\n<div class=\"block-boxlink\"><a class=\"boxlink boxlink--icon-none px-f4 py-f4\" href=\"https:\/\/o-seznam.cz\/napoveda\/email\/profi\/\"><div class=\"inner-blocks\">\n<div class=\"boxlink-logo\">\n\t<img loading=\"lazy\" decoding=\"async\" width=\"138\" height=\"43\" src=\"https:\/\/o-seznam.cz\/napoveda\/wp-content\/uploads\/sites\/7\/2024\/12\/email-profi-logo.svg\" class=\"attachment-full size-full\" alt=\"\" \/><\/div>\n\n\t<div class=\"ml-f4\">\n\t\t<strong>Email Profi<\/strong>\n\t<\/div>\n\n <\/div><\/a><\/div>\n\n<div class=\"block-boxlink\"><a class=\"boxlink boxlink--icon-none px-f4 py-f4\" href=\"https:\/\/o-seznam.cz\/napoveda\/sbazar\/\"><div class=\"inner-blocks\">\n<div class=\"boxlink-logo\">\n\t<img loading=\"lazy\" decoding=\"async\" width=\"572\" height=\"82\" src=\"https:\/\/o-seznam.cz\/napoveda\/wp-content\/uploads\/sites\/7\/2024\/12\/sbazar-cz-logo.svg\" class=\"attachment-full size-full\" alt=\"\" \/><\/div>\n\n\t<div class=\"flex flex-wrap gap-2\">\n\t\t<strong class=\"flex-auto ml-f4\">Sbazar.cz<\/strong>\n\t\t<div class=\"flex-none flex gap-x-2\">\n\t\t\t<div class=\"service-status-badge service-status-badge--info flex items-center max-w-fit px-3 py-1 text-xs rounded-full\">\n\t<span class=\"service-status-icon block w-4 h-4 bg-center bg-no-repeat bg-contain flex-none mr-1\"><\/span>\n\tNovinka<\/div><div class=\"service-status-badge service-status-badge--info flex items-center max-w-fit px-3 py-1 text-xs rounded-full\">\n\t<span class=\"service-status-icon block w-4 h-4 bg-center bg-no-repeat bg-contain flex-none mr-1\"><\/span>\n\tNovinka<\/div>\t\t<\/div>\n\t<\/div>\n\n <\/div><\/a><\/div>\n\n<div class=\"block-boxlink\"><a class=\"boxlink boxlink--icon-none px-f4 py-f4\" href=\"https:\/\/o-seznam.cz\/napoveda\/sreality\/\"><div class=\"inner-blocks\">\n<div class=\"boxlink-logo\">\n\t<img loading=\"lazy\" decoding=\"async\" width=\"626\" height=\"82\" src=\"https:\/\/o-seznam.cz\/napoveda\/wp-content\/uploads\/sites\/7\/2024\/12\/sreality-cz-logo.svg\" class=\"attachment-full size-full\" alt=\"\" \/><\/div>\n\n\t<div class=\"ml-f4\">\n\t\t<strong>Sreality.cz<\/strong>\n\t<\/div>\n\n <\/div><\/a><\/div>\n\n<div class=\"block-boxlink\"><a class=\"boxlink boxlink--icon-none px-f4 py-f4\" href=\"https:\/\/o-seznam.cz\/napoveda\/stream\/\"><div class=\"inner-blocks\">\n<div class=\"boxlink-logo\">\n\t<img loading=\"lazy\" decoding=\"async\" width=\"413\" height=\"141\" src=\"https:\/\/o-seznam.cz\/napoveda\/wp-content\/uploads\/sites\/7\/2024\/12\/stream-cz-logo.svg\" class=\"attachment-full size-full\" alt=\"\" \/><\/div>\n\n\t<div class=\"ml-f4\">\n\t\t<strong>Stream.cz<\/strong>\n\t<\/div>\n\n <\/div><\/a><\/div>\n\n<div class=\"block-boxlink\"><a class=\"boxlink boxlink--icon-none px-f4 py-f4\" href=\"https:\/\/o-seznam.cz\/napoveda\/tv-program\/\"><div class=\"inner-blocks\">\n<div class=\"boxlink-logo\">\n\t<img loading=\"lazy\" decoding=\"async\" width=\"360\" height=\"54\" src=\"https:\/\/o-seznam.cz\/napoveda\/wp-content\/uploads\/sites\/7\/2024\/12\/tv-program-logo.svg\" class=\"attachment-full size-full\" alt=\"\" \/><\/div>\n\n\t<div class=\"flex flex-wrap gap-2\">\n\t\t<strong class=\"flex-auto ml-f4\">Televizn\u00ed program<\/strong>\n\t\t<div class=\"flex-none flex gap-x-2\">\n\t\t\t<div class=\"service-status-badge service-status-badge--info flex items-center max-w-fit px-3 py-1 text-xs rounded-full\">\n\t<span class=\"service-status-icon block w-4 h-4 bg-center bg-no-repeat bg-contain flex-none mr-1\"><\/span>\n\tNovinky<\/div>\t\t<\/div>\n\t<\/div>\n\n <\/div><\/a><\/div>\n\n<div class=\"block-boxlink\"><a class=\"boxlink boxlink--icon-none px-f4 py-f4\" href=\"https:\/\/o-seznam.cz\/napoveda\/medium\/\"><div class=\"inner-blocks\">\n<div class=\"boxlink-logo\">\n\t<img loading=\"lazy\" decoding=\"async\" width=\"1020\" height=\"114\" src=\"https:\/\/o-seznam.cz\/napoveda\/wp-content\/uploads\/sites\/7\/2024\/12\/medium-cz-logo.svg\" class=\"attachment-full size-full\" alt=\"\" \/><\/div>\n\n\t<div class=\"ml-f4\">\n\t\t<strong>M\u00e9dium.cz<\/strong>\n\t<\/div>\n\n <\/div><\/a><\/div>\n\n<div class=\"block-boxlink\"><a class=\"boxlink boxlink--icon-none px-f4 py-f4\" href=\"https:\/\/help.mapy.com\/cs\/\" target=\"_blank\"><div class=\"inner-blocks\">\n<div class=\"boxlink-logo\">\n\t<img loading=\"lazy\" decoding=\"async\" width=\"413\" height=\"138\" src=\"https:\/\/o-seznam.cz\/napoveda\/wp-content\/uploads\/sites\/7\/2025\/10\/Mapy-com-logo-rgb.svg\" class=\"attachment-full size-full\" alt=\"\" \/><\/div>\n\n\t<div class=\"ml-f4\">\n\t\t<strong>Mapy.com<\/strong>\n\t<\/div>\n\n <\/div><\/a><\/div>\n\n<div class=\"block-boxlink\"><a class=\"boxlink boxlink--icon-none px-f4 py-f4\" href=\"https:\/\/napoveda.sklik.cz\/\" target=\"_blank\"><div class=\"inner-blocks\">\n<div class=\"boxlink-logo\">\n\t<img loading=\"lazy\" decoding=\"async\" width=\"540\" height=\"92\" src=\"https:\/\/o-seznam.cz\/napoveda\/wp-content\/uploads\/sites\/7\/2025\/10\/sklik-cz-logo-rgb.svg\" class=\"attachment-full size-full\" alt=\"\" \/><\/div>\n\n\t<div class=\"ml-f4\">\n\t\t<strong>Sklik.cz<\/strong>\n\t<\/div>\n\n <\/div><\/a><\/div>\n\n<div class=\"block-boxlink\"><a class=\"boxlink boxlink--icon-none px-f4 py-f4\" href=\"https:\/\/napoveda.firmy.cz\/\" target=\"_blank\"><div class=\"inner-blocks\">\n<div class=\"boxlink-logo\">\n\t<img loading=\"lazy\" decoding=\"async\" width=\"416\" height=\"85\" src=\"https:\/\/o-seznam.cz\/napoveda\/wp-content\/uploads\/sites\/7\/2025\/10\/firmy-cz-logo-rgb.svg\" class=\"attachment-full size-full\" alt=\"\" \/><\/div>\n\n\t<div class=\"ml-f4\">\n\t\t<strong>Firmy.cz<\/strong>\n\t<\/div>\n\n <\/div><\/a><\/div><\/div><\/div>\n\n\n\n<div class=\"wp-block-seznam-tiles has-columns-3\" style=\"--seznam-tiles--columns:3\"><div class=\"inner-blocks\"><div class=\"block-boxlink\"><a class=\"boxlink boxlink--icon-arrow px-f4 py-f4\" href=\"https:\/\/o-seznam.cz\/napoveda\/sauto\/\"><div class=\"inner-blocks\">\n\n<div class=\"wp-block-group is-nowrap is-layout-flex wp-container-core-group-is-layout-c8692967 wp-block-group-is-layout-flex\" style=\"padding-left:var(--wp--preset--spacing--4)\">\n<p class=\"wp-container-content-9cfa9a5a\">Sauto.cz<\/p>\n\n\n<div class=\"wp-block-seznam-service-status-badge\"><\/div><\/div>\n\n<\/div><\/a><\/div>\n\n<div class=\"block-boxlink\"><a class=\"boxlink boxlink--icon-arrow px-f4 py-f4\" href=\"https:\/\/o-seznam.cz\/napoveda\/seznam\/aplikace\/\"><div class=\"inner-blocks\">\n\n<div class=\"wp-block-group is-nowrap is-layout-flex wp-container-core-group-is-layout-c8692967 wp-block-group-is-layout-flex\" style=\"padding-left:var(--wp--preset--spacing--4)\">\n<p class=\"wp-container-content-9cfa9a5a\">Aplikace Seznam.cz<\/p>\n\n\n<div class=\"wp-block-seznam-service-status-badge\"><\/div><\/div>\n\n<\/div><\/a><\/div>\n\n<div class=\"block-boxlink\"><a class=\"boxlink boxlink--icon-arrow px-f4 py-f4\" href=\"https:\/\/o-seznam.cz\/napoveda\/diskuze\/\"><div class=\"inner-blocks\">\n\n<div class=\"wp-block-group is-nowrap is-layout-flex wp-container-core-group-is-layout-c8692967 wp-block-group-is-layout-flex\" style=\"padding-left:var(--wp--preset--spacing--4)\">\n<p class=\"wp-container-content-9cfa9a5a\">Seznam Diskuze a Lide.cz<\/p>\n\n\n<div class=\"wp-block-seznam-service-status-badge\"><\/div><\/div>\n\n<\/div><\/a><\/div>\n\n<div class=\"block-boxlink\"><a class=\"boxlink boxlink--icon-arrow px-f4 py-f4\" href=\"https:\/\/o-seznam.cz\/napoveda\/email\/kalendar\/\"><div class=\"inner-blocks\">\n\n<div class=\"wp-block-group is-nowrap is-layout-flex wp-container-core-group-is-layout-c8692967 wp-block-group-is-layout-flex\" style=\"padding-left:var(--wp--preset--spacing--4)\">\n<p class=\"wp-container-content-9cfa9a5a\">Kalend\u00e1\u0159<\/p>\n\n\n<div class=\"wp-block-seznam-service-status-badge\"><\/div><\/div>\n\n<\/div><\/a><\/div>\n\n<div class=\"block-boxlink\"><a class=\"boxlink boxlink--icon-arrow px-f4 py-f4\" href=\"https:\/\/o-seznam.cz\/napoveda\/klientska-zona\/\"><div class=\"inner-blocks\">\n\n<div class=\"wp-block-group is-nowrap is-layout-flex wp-container-core-group-is-layout-c8692967 wp-block-group-is-layout-flex\" style=\"padding-left:var(--wp--preset--spacing--4)\">\n<p class=\"wp-container-content-9cfa9a5a\">Klientsk\u00e1 z\u00f3na<\/p>\n\n\n<div class=\"wp-block-seznam-service-status-badge\"><\/div><\/div>\n\n<\/div><\/a><\/div>\n\n<div class=\"block-boxlink\"><a class=\"boxlink boxlink--icon-arrow px-f4 py-f4\" href=\"https:\/\/o-seznam.cz\/napoveda\/prohlizece\/\"><div class=\"inner-blocks\">\n\n<div class=\"wp-block-group is-nowrap is-layout-flex wp-container-core-group-is-layout-c8692967 wp-block-group-is-layout-flex\" style=\"padding-left:var(--wp--preset--spacing--4)\">\n<p class=\"wp-container-content-9cfa9a5a\">Internetov\u00e9 prohl\u00ed\u017ee\u010de<\/p>\n\n\n<div class=\"wp-block-seznam-service-status-badge\"><\/div><\/div>\n\n<\/div><\/a><\/div>\n\n<div class=\"block-boxlink\"><a class=\"boxlink boxlink--icon-arrow px-f4 py-f4\" href=\"https:\/\/o-seznam.cz\/napoveda\/seznam\/\"><div class=\"inner-blocks\">\n\n<div class=\"wp-block-group is-nowrap is-layout-flex wp-container-core-group-is-layout-c8692967 wp-block-group-is-layout-flex\" style=\"padding-left:var(--wp--preset--spacing--4)\">\n<p class=\"wp-container-content-9cfa9a5a\">Seznam.cz<\/p>\n\n\n<div class=\"wp-block-seznam-service-status-badge\"><\/div><\/div>\n\n<\/div><\/a><\/div>\n\n<div class=\"block-boxlink\"><a class=\"boxlink boxlink--icon-arrow px-f4 py-f4\" href=\"https:\/\/o-seznam.cz\/napoveda\/garant\/\"><div class=\"inner-blocks\">\n\n<div class=\"wp-block-group is-nowrap is-layout-flex wp-container-core-group-is-layout-c8692967 wp-block-group-is-layout-flex\" style=\"padding-left:var(--wp--preset--spacing--4)\">\n<p class=\"wp-container-content-9cfa9a5a\">Seznam Garant<\/p>\n\n\n<div class=\"wp-block-seznam-service-status-badge\"><\/div><\/div>\n\n<\/div><\/a><\/div>\n\n<div class=\"block-boxlink\"><a class=\"boxlink boxlink--icon-arrow px-f4 py-f4\" href=\"https:\/\/o-seznam.cz\/napoveda\/vendorske-spoluprace\/\"><div class=\"inner-blocks\">\n\n<div class=\"wp-block-group is-nowrap is-layout-flex wp-container-core-group-is-layout-c8692967 wp-block-group-is-layout-flex\" style=\"padding-left:var(--wp--preset--spacing--4)\">\n<p class=\"is-style-default wp-container-content-9cfa9a5a\">Vendorsk\u00e9 spolupr\u00e1ce<\/p>\n\n\n\n<div class=\"wp-block-group is-layout-constrained wp-block-group-is-layout-constrained\"><div class=\"wp-block-seznam-service-status-badge\"><\/div><\/div>\n<\/div>\n\n<\/div><\/a><\/div>\n\n<div class=\"block-boxlink\"><a class=\"boxlink boxlink--icon-external px-f4 py-f4\" href=\"https:\/\/napoveda.zbozi.cz\/\" target=\"_blank\"><div class=\"inner-blocks\">\n\n<div class=\"wp-block-group is-nowrap is-layout-flex wp-container-core-group-is-layout-c8692967 wp-block-group-is-layout-flex\" style=\"padding-left:var(--wp--preset--spacing--4)\">\n<p class=\"wp-container-content-9cfa9a5a\">Zbo\u017e\u00ed.cz<\/p>\n\n\n<div class=\"wp-block-seznam-service-status-badge\"><\/div><\/div>\n\n<\/div><\/a><\/div>\n\n<div class=\"block-boxlink\"><a class=\"boxlink boxlink--icon-arrow px-f4 py-f4\" href=\"https:\/\/o-seznam.cz\/napoveda\/sdovolena\/\"><div class=\"inner-blocks\">\n\n<div class=\"wp-block-group is-nowrap is-layout-flex wp-container-core-group-is-layout-c8692967 wp-block-group-is-layout-flex\" style=\"padding-left:var(--wp--preset--spacing--4)\">\n<p class=\"wp-container-content-9cfa9a5a\">Sdovolen\u00e1.cz<\/p>\n\n\n<div class=\"wp-block-seznam-service-status-badge\"><\/div><\/div>\n\n<\/div><\/a><\/div>\n\n<div class=\"block-boxlink\"><a class=\"boxlink boxlink--icon-arrow px-f4 py-f4\" href=\"https:\/\/o-seznam.cz\/napoveda\/podcasty\/\"><div class=\"inner-blocks\">\n\n<div class=\"wp-block-group is-nowrap is-layout-flex wp-container-core-group-is-layout-c8692967 wp-block-group-is-layout-flex\" style=\"padding-left:var(--wp--preset--spacing--4)\">\n<p class=\"wp-container-content-9cfa9a5a\">Podcasty.cz<\/p>\n\n\n<div class=\"wp-block-seznam-service-status-badge\"><\/div><\/div>\n\n<\/div><\/a><\/div>\n\n<div class=\"block-boxlink\"><a class=\"boxlink boxlink--icon-arrow px-f4 py-f4\" href=\"https:\/\/o-seznam.cz\/napoveda\/asistent\/\"><div class=\"inner-blocks\">\n\n<div class=\"wp-block-group is-nowrap is-layout-flex wp-container-core-group-is-layout-c8692967 wp-block-group-is-layout-flex\" style=\"padding-left:var(--wp--preset--spacing--4)\">\n<p class=\"wp-container-content-9cfa9a5a\">Seznam Asistent<\/p>\n\n\n<div class=\"wp-block-seznam-service-status-badge\"><\/div><\/div>\n\n<\/div><\/a><\/div><\/div><\/div>\n<\/div>\n<\/div>\n\n\n\n<div class=\"wp-block-group is-layout-constrained wp-block-group-is-layout-constrained\">\n<h2 class=\"wp-block-heading\">Zaj\u00edm\u00e1te se o t\u00e9ma osobn\u00edch \u00fadaj\u016f?<\/h2>\n\n\n\n<div class=\"wp-block-seznam-tiles has-columns-2\" style=\"--seznam-tiles--columns:2\"><div class=\"inner-blocks\"><div class=\"block-boxlink\"><a class=\"boxlink boxlink--icon-arrow px-f8 py-f4\" href=\"https:\/\/o-seznam.cz\/pravni-informace\/ochrana-udaju\/souhlas\/\"><div class=\"inner-blocks\">\n\n<p>Zpracov\u00e1n\u00ed osobn\u00edch \u00fadaj\u016f<\/p>\n\n<\/div><\/a><\/div>\n\n<div class=\"block-boxlink\"><a class=\"boxlink boxlink--icon-arrow px-f8 py-f4\" href=\"https:\/\/o-seznam.cz\/pravni-informace\/ochrana-udaju\/\"><div class=\"inner-blocks\">\n\n<p>Z\u00e1sady ochrany osobn\u00edch \u00fadaj\u016f<\/p>\n\n<\/div><\/a><\/div>\n\n<div class=\"block-boxlink\"><a class=\"boxlink boxlink--icon-arrow px-f8 py-f4\" href=\"https:\/\/o-seznam.cz\/pravni-informace\/personalizace\/\"><div class=\"inner-blocks\">\n\n<p>Personalizace obsahu a reklamy<\/p>\n\n<\/div><\/a><\/div><\/div><\/div>\n<\/div>\n","protected":false},"excerpt":{"rendered":"<p>\u010casto \u0159e\u0161en\u00e9 dotazy N\u00e1pov\u011bdy na\u0161ich slu\u017eeb Zaj\u00edm\u00e1te se o t\u00e9ma osobn\u00edch \u00fadaj\u016f?<\/p>\n","protected":false},"author":2,"featured_media":0,"parent":0,"menu_order":0,"comment_status":"closed","ping_status":"closed","template":"page-no-head","meta":{"_acf_changed":false,"_relevanssi_hide_post":"","_relevanssi_hide_content":"","_relevanssi_pin_for_all":"","_relevanssi_pin_keywords":"","_relevanssi_unpin_keywords":"","_relevanssi_related_keywords":"","_relevanssi_related_include_ids":"","_relevanssi_related_exclude_ids":"","_relevanssi_related_no_append":"","_relevanssi_related_not_related":"","_relevanssi_related_posts":"","_relevanssi_noindex_reason":"","footnotes":""},"page_category":[],"page_tag":[],"service_status_category":[43,33],"class_list":["post-5","page","type-page","status-publish","hentry"],"acf":[],"lang":"cs","translations":{"cs":5,"en":14},"pll_sync_post":[],"_links":{"self":[{"href":"https:\/\/o-seznam.cz\/napoveda\/wp-json\/wp\/v2\/pages\/5","targetHints":{"allow":["GET"]}}],"collection":[{"href":"https:\/\/o-seznam.cz\/napoveda\/wp-json\/wp\/v2\/pages"}],"about":[{"href":"https:\/\/o-seznam.cz\/napoveda\/wp-json\/wp\/v2\/types\/page"}],"author":[{"embeddable":true,"href":"https:\/\/o-seznam.cz\/napoveda\/wp-json\/wp\/v2\/users\/2"}],"replies":[{"embeddable":true,"href":"https:\/\/o-seznam.cz\/napoveda\/wp-json\/wp\/v2\/comments?post=5"}],"version-history":[{"count":102,"href":"https:\/\/o-seznam.cz\/napoveda\/wp-json\/wp\/v2\/pages\/5\/revisions"}],"predecessor-version":[{"id":790,"href":"https:\/\/o-seznam.cz\/napoveda\/wp-json\/wp\/v2\/pages\/5\/revisions\/790"}],"wp:attachment":[{"href":"https:\/\/o-seznam.cz\/napoveda\/wp-json\/wp\/v2\/media?parent=5"}],"wp:term":[{"taxonomy":"page_category","embeddable":true,"href":"https:\/\/o-seznam.cz\/napoveda\/wp-json\/wp\/v2\/page_category?post=5"},{"taxonomy":"page_tag","embeddable":true,"href":"https:\/\/o-seznam.cz\/napoveda\/wp-json\/wp\/v2\/page_tag?post=5"},{"taxonomy":"service_status_category","embeddable":true,"href":"https:\/\/o-seznam.cz\/napoveda\/wp-json\/wp\/v2\/service_status_category?post=5"}],"curies":[{"name":"wp","href":"https:\/\/api.w.org\/{rel}","templated":true}]}}