{"id":390,"date":"2025-06-25T09:44:09","date_gmt":"2025-06-25T07:44:09","guid":{"rendered":"https:\/\/o-seznam.cz\/napoveda\/?page_id=390"},"modified":"2025-06-25T09:44:09","modified_gmt":"2025-06-25T07:44:09","slug":"smluvni-podminky-zjistovani-zpetne-vazby","status":"publish","type":"page","link":"https:\/\/o-seznam.cz\/napoveda\/smluvni-podminky-zjistovani-zpetne-vazby\/","title":{"rendered":"Smluvn\u00ed podm\u00ednky Zji\u0161\u0165ov\u00e1n\u00ed zp\u011btn\u00e9 vazby"},"content":{"rendered":"\n<div class=\"wp-block-group is-layout-constrained wp-block-group-is-layout-constrained\">\n<div class=\"wp-block-group is-layout-constrained wp-block-group-is-layout-constrained\">\n<h2 class=\"wp-block-heading\">Z\u00e1sady zpracov\u00e1n\u00ed osobn\u00edch \u00fadaj\u016f<\/h2>\n\n\n\n<p class=\"is-style-link-external\">Za \u00fa\u010delem vyu\u017eit\u00ed slu\u017eby \u201eZji\u0161\u0165ov\u00e1n\u00ed zp\u011btn\u00e9 vazby od Klient\u016f\u201c (d\u00e1le jen \u201eSlu\u017eba\u201c) je spole\u010dnost <a href=\"https:\/\/www.seznam.cz\/\" data-type=\"link\" data-id=\"https:\/\/www.seznam.cz\/\">Seznam.cz<\/a>, a.s., I\u010cO 261 68 685, se s\u00eddlem Radlick\u00e1 3294\/10, 150 00 Praha 5, provozovatel Slu\u017eby (d\u00e1le jen \u201cProvozovatel\u201d) opr\u00e1vn\u011bna zpracov\u00e1vat osobn\u00ed \u00fadaje, kter\u00e9 tito Klienti poskytnou Provozovateli v r\u00e1mci u\u017e\u00edv\u00e1n\u00ed Slu\u017eby.<\/p>\n\n\n\n<p class=\"is-style-link-external\">Osobn\u00ed \u00fadaje Klient\u016f budou zpracov\u00e1ny Provozovatelem v nezbytn\u00e9m rozsahu za \u00fa\u010delem poskytov\u00e1n\u00ed Slu\u017eby, a to zejm\u00e9na za t\u011bmito \u00fa\u010dely:<\/p>\n\n\n\n<p><strong>za \u00fa\u010delem<\/strong> zlep\u0161ov\u00e1n\u00ed na\u0161ich slu\u017eeb a p\u00e9\u010de o Klienta;<\/p>\n\n\n\n<p><strong>za \u00fa\u010delem<\/strong> p\u0159\u00edpadn\u00e9 dal\u0161\u00ed komunikace s Klientem.<\/p>\n\n\n\n<p>Takov\u00e9 zpracov\u00e1n\u00ed osobn\u00edch \u00fadaj\u016f je z\u00e1konn\u00e9, jeliko\u017e je nezbytn\u00e9 pro spln\u011bn\u00ed smlouvy, na jej\u00edm\u017e z\u00e1klad\u011b Klient u\u017e\u00edv\u00e1 Slu\u017ebu, a jej\u00edch\u017e smluvn\u00ed stranou je Klient, jako subjekt osobn\u00edch \u00fadaj\u016f.<\/p>\n\n\n\n<p>Provozovatel postupuje p\u0159i zpracov\u00e1n\u00ed osobn\u00edch \u00fadaj\u016f v souladu s na\u0159\u00edzen\u00edm Evropsk\u00e9ho parlamentu a Rady (EU) \u010d. 2016\/679 o ochran\u011b fyzick\u00fdch osob v souvislosti se zpracov\u00e1n\u00edm osobn\u00edch \u00fadaj\u016f a o voln\u00e9m pohybu t\u011bchto \u00fadaj\u016f (obecn\u00e9 na\u0159\u00edzen\u00ed o ochran\u011b osobn\u00edch \u00fadaj\u016f, d\u00e1le jen \u201ena\u0159\u00edzen\u00ed\u201c), z\u00e1konem \u010d. 110\/2019 Sb., o zpracov\u00e1n\u00ed osobn\u00edch \u00fadaj\u016f, z\u00e1konem \u010d. 111\/2019 Sb., kter\u00fdm se m\u011bn\u00ed n\u011bkter\u00e9 z\u00e1kony s p\u0159ijet\u00edm z\u00e1kona o zpracov\u00e1n\u00ed osobn\u00edch \u00fadaj\u016f, z\u00e1konem \u010d. 480\/2004 Sb., o n\u011bkter\u00fdch slu\u017eb\u00e1ch informa\u010dn\u00ed spole\u010dnosti, z\u00e1konem \u010d. 127\/2005 Sb., o elektronick\u00fdch komunikac\u00edch a dal\u0161\u00edmi pr\u00e1vn\u00edmi p\u0159edpisy upravuj\u00edc\u00ed ochranu osobn\u00edch \u00fadaj\u016f.<\/p>\n\n\n\n<p>Podrobn\u011bj\u0161\u00ed informace o nakl\u00e1d\u00e1n\u00ed s osobn\u00edmi \u00fadaji jsou uvedeny na internetov\u00fdch str\u00e1nk\u00e1ch Provozovatele, a to v p\u0159\u00edslu\u0161n\u00e9 sekci.<\/p>\n<\/div>\n<\/div>\n","protected":false},"excerpt":{"rendered":"<p>Z\u00e1sady zpracov\u00e1n\u00ed osobn\u00edch \u00fadaj\u016f Za \u00fa\u010delem vyu\u017eit\u00ed slu\u017eby \u201eZji\u0161\u0165ov\u00e1n\u00ed zp\u011btn\u00e9 vazby od Klient\u016f\u201c (d\u00e1le jen \u201eSlu\u017eba\u201c) je spole\u010dnost Seznam.cz, a.s., I\u010cO 261 68 685, se s\u00eddlem Radlick\u00e1 3294\/10, 150 00 Praha 5, provozovatel Slu\u017eby (d\u00e1le jen \u201cProvozovatel\u201d) opr\u00e1vn\u011bna zpracov\u00e1vat osobn\u00ed \u00fadaje, kter\u00e9 tito Klienti poskytnou Provozovateli v r\u00e1mci u\u017e\u00edv\u00e1n\u00ed Slu\u017eby. Osobn\u00ed \u00fadaje Klient\u016f budou zpracov\u00e1ny [&hellip;]<\/p>\n","protected":false},"author":67,"featured_media":0,"parent":0,"menu_order":0,"comment_status":"closed","ping_status":"closed","template":"","meta":{"_acf_changed":false,"_relevanssi_hide_post":"","_relevanssi_hide_content":"","_relevanssi_pin_for_all":"","_relevanssi_pin_keywords":"","_relevanssi_unpin_keywords":"","_relevanssi_related_keywords":"","_relevanssi_related_include_ids":"","_relevanssi_related_exclude_ids":"","_relevanssi_related_no_append":"","_relevanssi_related_not_related":"","_relevanssi_related_posts":"","_relevanssi_noindex_reason":"","footnotes":""},"page_category":[],"page_tag":[],"service_status_category":[],"class_list":["post-390","page","type-page","status-publish","hentry"],"acf":[],"lang":"cs","translations":{"cs":390},"pll_sync_post":[],"_links":{"self":[{"href":"https:\/\/o-seznam.cz\/napoveda\/wp-json\/wp\/v2\/pages\/390","targetHints":{"allow":["GET"]}}],"collection":[{"href":"https:\/\/o-seznam.cz\/napoveda\/wp-json\/wp\/v2\/pages"}],"about":[{"href":"https:\/\/o-seznam.cz\/napoveda\/wp-json\/wp\/v2\/types\/page"}],"author":[{"embeddable":true,"href":"https:\/\/o-seznam.cz\/napoveda\/wp-json\/wp\/v2\/users\/67"}],"replies":[{"embeddable":true,"href":"https:\/\/o-seznam.cz\/napoveda\/wp-json\/wp\/v2\/comments?post=390"}],"version-history":[{"count":6,"href":"https:\/\/o-seznam.cz\/napoveda\/wp-json\/wp\/v2\/pages\/390\/revisions"}],"predecessor-version":[{"id":461,"href":"https:\/\/o-seznam.cz\/napoveda\/wp-json\/wp\/v2\/pages\/390\/revisions\/461"}],"wp:attachment":[{"href":"https:\/\/o-seznam.cz\/napoveda\/wp-json\/wp\/v2\/media?parent=390"}],"wp:term":[{"taxonomy":"page_category","embeddable":true,"href":"https:\/\/o-seznam.cz\/napoveda\/wp-json\/wp\/v2\/page_category?post=390"},{"taxonomy":"page_tag","embeddable":true,"href":"https:\/\/o-seznam.cz\/napoveda\/wp-json\/wp\/v2\/page_tag?post=390"},{"taxonomy":"service_status_category","embeddable":true,"href":"https:\/\/o-seznam.cz\/napoveda\/wp-json\/wp\/v2\/service_status_category?post=390"}],"curies":[{"name":"wp","href":"https:\/\/api.w.org\/{rel}","templated":true}]}}