{"id":187,"date":"2025-01-14T09:12:12","date_gmt":"2025-01-14T08:12:12","guid":{"rendered":"https:\/\/o-seznam.cz\/napoveda\/?page_id=187"},"modified":"2025-01-14T09:48:49","modified_gmt":"2025-01-14T08:48:49","slug":"televize-seznam","status":"publish","type":"page","link":"https:\/\/o-seznam.cz\/napoveda\/televize-seznam\/","title":{"rendered":"Televize Seznam"},"content":{"rendered":"\n<div class=\"wp-block-group is-content-justification-left is-layout-constrained wp-container-core-group-is-layout-0ed21503 wp-block-group-is-layout-constrained\">\n<p>Televize Seznam je \u010desk\u00e1 komer\u010dn\u00ed celoplo\u0161n\u00e1 plnoform\u00e1tov\u00e1 televize voln\u011b \u0161\u00ed\u0159en\u00e1 na \u00fazem\u00ed \u010cesk\u00e9 republiky, kter\u00e1 za\u010dala vys\u00edlat v roce 2018. Programov\u011b prim\u00e1rn\u011b c\u00edl\u00ed na celou rodinu. Jej\u00ed programov\u00e9 sch\u00e9ma se op\u00edr\u00e1 p\u0159edev\u0161\u00edm o akvizi\u010dn\u00ed tvorbu z domova i ze zahrani\u010d\u00ed.<\/p>\n\n\n\n<p>Hlavn\u00edmi pil\u00ed\u0159i jsou \u010desk\u00e9 filmy a seri\u00e1ly s popul\u00e1rn\u00edmi \u010desk\u00fdmi herci. Z hlediska \u017e\u00e1nru se zam\u011b\u0159uje na pestr\u00e9 pokryt\u00ed hran\u00e9 tvorby, vys\u00edl\u00e1 filmy r\u016fzn\u00fdch provenienc\u00ed, ale tak\u00e9 na reality show z oblasti hobby segmentu, kde se soust\u0159e\u010fuje na novinky ze zahrani\u010d\u00ed. Neodmyslitelnou sou\u010d\u00e1st\u00ed programov\u00e9ho portfolia jsou tak\u00e9 detektivn\u00ed seri\u00e1ly, kter\u00e9 pat\u0159\u00ed mezi div\u00e1ck\u00e9 evergreeny.<\/p>\n<\/div>\n\n\n\n<div class=\"wp-block-group is-content-justification-left is-layout-constrained wp-container-core-group-is-layout-0ed21503 wp-block-group-is-layout-constrained\">\n<h2 class=\"wp-block-heading\">Kde Televizi Seznam nalad\u00edte<\/h2>\n\n\n\n<figure class=\"wp-block-table\"><table><thead><tr><th><\/th><th>Rozli\u0161en\u00ed<\/th><th>HbbTV<\/th><\/tr><\/thead><tbody><tr><td>\u010cRA (celoplo\u0161n\u00fd Multiplex 23)<\/td><td>HD<\/td><td><span class=\"charicon charicon--checked\">\u2713<\/span><\/td><\/tr><tr><td>O2 TV<\/td><td>HD<\/td><td><\/td><\/tr><tr><td>Magenta TV<\/td><td>HD<\/td><td><\/td><\/tr><tr><td>Vodafone TV<\/td><td>HD<\/td><td><\/td><\/tr><tr><td>Nej.cz<\/td><td>HD<\/td><td><\/td><\/tr><tr><td>Skylink<\/td><td>HD<\/td><td><span class=\"charicon charicon--checked\">\u2713<\/span><\/td><\/tr><tr><td>KUKI<\/td><td>HD<\/td><td><\/td><\/tr><tr><td>Lep\u0161\u00ed.TV<\/td><td>HD<\/td><td><\/td><\/tr><tr><td>Telly<\/td><td>HD<\/td><td><\/td><\/tr><tr><td>SledovaniTV.cz<\/td><td>HD<\/td><td><\/td><\/tr><tr><td>Nordic Telecom<\/td><td>HD<\/td><td><\/td><\/tr><tr><td>Poda<\/td><td>HD<\/td><td><\/td><\/tr><tr><td>4NET.TV<\/td><td>HD<\/td><td><\/td><\/tr><tr><td>Antik TV<\/td><td>HD<\/td><td><\/td><\/tr><tr><td>Ceble-Net<\/td><td>HD<\/td><td><\/td><\/tr><tr><td>\u010c\u00ed\u010doTV<\/td><td>HD<\/td><td><\/td><\/tr><tr><td>Dragon TV<\/td><td>HD<\/td><td><\/td><\/tr><tr><td>DWP s.r.o.<\/td><td>SD\/HD<\/td><td><\/td><\/tr><tr><td>GRAPE SC<\/td><td>HD<\/td><td><\/td><\/tr><tr><td>Kabelov\u00e1 televize CZ<\/td><td>HD<\/td><td><\/td><\/tr><tr><td>Selfnet TV<\/td><td>SD\/HD<\/td><td><\/td><\/tr><tr><td>Starnet<\/td><td>SD<\/td><td><\/td><\/tr><tr><td>TETANET<\/td><td>SD\/HD<\/td><td><\/td><\/tr><tr><td>UPC BROADBAND SLOVAKIA<\/td><td>HD<\/td><td><\/td><\/tr><tr><td>WMS s.r.o.<\/td><td>HD<\/td><td><\/td><\/tr><\/tbody><\/table><\/figure>\n\n\n\n<p class=\"is-style-link-external\">Postup pro nalad\u011bn\u00ed u jednotliv\u00fdch poskytovatel\u016f naleznete na str\u00e1nce <a href=\"https:\/\/www.televizeseznam.cz\/jaknaladit\" target=\"_blank\" rel=\"noreferrer noopener\">Televize Seznam<\/a>.<\/p>\n<\/div>\n","protected":false},"excerpt":{"rendered":"<p>Televize Seznam je \u010desk\u00e1 komer\u010dn\u00ed celoplo\u0161n\u00e1 plnoform\u00e1tov\u00e1 televize voln\u011b \u0161\u00ed\u0159en\u00e1 na \u00fazem\u00ed \u010cesk\u00e9 republiky, kter\u00e1 za\u010dala vys\u00edlat v roce 2018. Programov\u011b prim\u00e1rn\u011b c\u00edl\u00ed na celou rodinu. Jej\u00ed programov\u00e9 sch\u00e9ma se op\u00edr\u00e1 p\u0159edev\u0161\u00edm o akvizi\u010dn\u00ed tvorbu z domova i ze zahrani\u010d\u00ed. Hlavn\u00edmi pil\u00ed\u0159i jsou \u010desk\u00e9 filmy a seri\u00e1ly s popul\u00e1rn\u00edmi \u010desk\u00fdmi herci. Z hlediska \u017e\u00e1nru se [&hellip;]<\/p>\n","protected":false},"author":2,"featured_media":0,"parent":0,"menu_order":0,"comment_status":"closed","ping_status":"closed","template":"","meta":{"_acf_changed":false,"_relevanssi_hide_post":"","_relevanssi_hide_content":"","_relevanssi_pin_for_all":"","_relevanssi_pin_keywords":"","_relevanssi_unpin_keywords":"","_relevanssi_related_keywords":"","_relevanssi_related_include_ids":"","_relevanssi_related_exclude_ids":"","_relevanssi_related_no_append":"","_relevanssi_related_not_related":"","_relevanssi_related_posts":"","_relevanssi_noindex_reason":"","footnotes":""},"page_category":[],"page_tag":[],"service_status_category":[],"class_list":["post-187","page","type-page","status-publish","hentry"],"acf":[],"lang":"cs","translations":{"cs":187},"pll_sync_post":{},"_links":{"self":[{"href":"https:\/\/o-seznam.cz\/napoveda\/wp-json\/wp\/v2\/pages\/187","targetHints":{"allow":["GET"]}}],"collection":[{"href":"https:\/\/o-seznam.cz\/napoveda\/wp-json\/wp\/v2\/pages"}],"about":[{"href":"https:\/\/o-seznam.cz\/napoveda\/wp-json\/wp\/v2\/types\/page"}],"author":[{"embeddable":true,"href":"https:\/\/o-seznam.cz\/napoveda\/wp-json\/wp\/v2\/users\/2"}],"replies":[{"embeddable":true,"href":"https:\/\/o-seznam.cz\/napoveda\/wp-json\/wp\/v2\/comments?post=187"}],"version-history":[{"count":10,"href":"https:\/\/o-seznam.cz\/napoveda\/wp-json\/wp\/v2\/pages\/187\/revisions"}],"predecessor-version":[{"id":201,"href":"https:\/\/o-seznam.cz\/napoveda\/wp-json\/wp\/v2\/pages\/187\/revisions\/201"}],"wp:attachment":[{"href":"https:\/\/o-seznam.cz\/napoveda\/wp-json\/wp\/v2\/media?parent=187"}],"wp:term":[{"taxonomy":"page_category","embeddable":true,"href":"https:\/\/o-seznam.cz\/napoveda\/wp-json\/wp\/v2\/page_category?post=187"},{"taxonomy":"page_tag","embeddable":true,"href":"https:\/\/o-seznam.cz\/napoveda\/wp-json\/wp\/v2\/page_tag?post=187"},{"taxonomy":"service_status_category","embeddable":true,"href":"https:\/\/o-seznam.cz\/napoveda\/wp-json\/wp\/v2\/service_status_category?post=187"}],"curies":[{"name":"wp","href":"https:\/\/api.w.org\/{rel}","templated":true}]}}