{"id":73,"date":"2024-09-17T12:58:17","date_gmt":"2024-09-17T10:58:17","guid":{"rendered":"https:\/\/o-seznam.cz\/napoveda\/vyhledavani\/?page_id=73"},"modified":"2024-12-13T13:53:40","modified_gmt":"2024-12-13T12:53:40","slug":"robots-txt","status":"publish","type":"page","link":"https:\/\/o-seznam.cz\/napoveda\/vyhledavani\/seznambot\/robots-txt\/","title":{"rendered":"Robots.txt"},"content":{"rendered":"\n<p>Standard <strong>robots.txt<\/strong> (angl. <em>robots exclusion standard<\/em> nebo t\u00e9\u017e <em>robots exclusion protocol<\/em>) slou\u017e\u00ed spr\u00e1vc\u016fm webov\u00fdch str\u00e1nek k&nbsp;p\u0159edeps\u00e1n\u00ed \u017e\u00e1dan\u00e9ho chov\u00e1n\u00ed robot\u016f k&nbsp;webu. Pou\u017e\u00edv\u00e1 se v&nbsp;p\u0159\u00edpadech, kdy str\u00e1nka nebo \u010d\u00e1st webu je funk\u010dn\u00ed a&nbsp;p\u0159\u00edstupn\u00e1 pro lidi, ale <strong>robot\u016fm je pot\u0159eba stahov\u00e1n\u00ed zak\u00e1zat<\/strong> (nap\u0159. podstr\u00e1nky pro administraci webu, placen\u00e9 \u010dl\u00e1nky ve zpravodajsk\u00fdch archivech, intern\u00ed diskusn\u00ed f\u00f3ra, v\u00fdsledky vyhled\u00e1v\u00e1n\u00ed v&nbsp;e-shopu apod.).<\/p>\n\n\n\n<p>Soubor slou\u017e\u00ed ke sd\u011blen\u00ed z\u00e1m\u011bru spr\u00e1vce webu a uleh\u010den\u00ed vz\u00e1jemn\u00e9 komunikace; \u010dten\u00ed a respektov\u00e1n\u00ed uveden\u00fdch pravidel je zcela na rozhodnut\u00ed robota, kter\u00fd na web p\u0159ijde. SeznamBot pravidla uveden\u00e1 v\u00a0souboru robots.txt respektuje.<\/p>\n\n\n\n<div class=\"wp-block-seznam-box is-layout-flow wp-block-seznam-box-is-layout-flow\">\n<h2 class=\"wp-block-heading\">Tip<\/h2>\n\n\n\n<p>Pokud chcete zak\u00e1zat <em>indexov\u00e1n\u00ed<\/em> str\u00e1nky, pou\u017eijte <a href=\"..\/meta-tag-robots\/\" data-type=\"page\" data-id=\"152\">meta tag robots<\/a> p\u0159\u00edmo v&nbsp;HTML textu t\u00e9to str\u00e1nky a&nbsp;stahov\u00e1n\u00ed str\u00e1nky SeznamBotem nechte <em>povolen\u00e9<\/em>.<\/p>\n<\/div>\n\n\n\n<p>Soubor <em>robots.txt<\/em> je oby\u010dejn\u00fd textov\u00fd soubor, kter\u00fd mus\u00ed b\u00fdt um\u00edst\u011bn v&nbsp;ko\u0159enov\u00e9m adres\u00e1\u0159i webu. Jeho n\u00e1zev mus\u00ed b\u00fdt ps\u00e1n mal\u00fdmi p\u00edsmeny. Roboti, kte\u0159\u00ed p\u0159ijdou prohled\u00e1vat v\u00e1\u0161 server, se nejprve pod\u00edvaj\u00ed do tohoto souboru (pokud existuje), aby zjistili, zda jejich pohyb po webu (po\u017eadavky na str\u00e1nky) nen\u00ed omezen nebo zak\u00e1z\u00e1n.<\/p>\n\n\n\n<pre title=\"P\u0159\u00edklad um\u00edst\u011bn\u00ed souboru robots.txt\" class=\"wp-block-code\"><code lang=\"adoc\" class=\"language-adoc line-numbers\">https:\/\/www.seznam.cz\/robots.txt<\/code><\/pre>\n\n\n\n<div class=\"wp-block-seznam-box is-layout-flow wp-block-seznam-box-is-layout-flow\">\n<h2 class=\"wp-block-heading\">Tip<\/h2>\n\n\n\n<p>Pokud m\u00e1te web s&nbsp;vysok\u00fdm po\u010dtem str\u00e1nek, do soubotu <em>robots.txt<\/em> m\u016f\u017eete tak\u00e9 zapsat odkaz na tzv. <a href=\"..\/sitemap-xml\/\" data-type=\"page\" data-id=\"121\">sitemapu<\/a>, kter\u00e1 m\u016f\u017ee robotovi pomoct s&nbsp;optimalizac\u00ed stahov\u00e1n\u00ed.<\/p>\n<\/div>\n\n\n\n<h2 class=\"wp-block-heading\" id=\"syntaxe\">Syntaxe<\/h2>\n\n\n<nav class=\"menu-anchors\"><div class=\"inner-blocks\">\n\n<ul >\n<li><a href=\"#zastupne-znaky\">Z\u00e1stupn\u00e9 znaky<\/a><\/li>\n\n\n\n<li><a href=\"#podporovane-prikazy\">Podporovan\u00e9 p\u0159\u00edkazy<\/a><\/li>\n\n\n\n<li><a href=\"#bloky-pravidel\">Bloky pravidel<\/a><\/li>\n\n\n\n<li><a href=\"#sitemap\">Sitemap<\/a><\/li>\n<\/ul>\n\n<\/div><\/nav>\n\n\n\n<p>Soubor robots.txt se skl\u00e1d\u00e1 z libovoln\u00e9ho po\u010dtu blok\u016f, kde ka\u017ed\u00fd blok specifikuje pravidla pro jin\u00e9ho robota.<\/p>\n\n\n\n<pre title=\"P\u0159\u00edklad souboru robots.txt s n\u011bkolika bloky\" class=\"wp-block-code\"><code lang=\"adoc\" class=\"language-adoc line-numbers\">User-agent: SeznamBot\nDisallow: \/admin\n\nUser-agent: psbot\nDisallow: \/obrazky<\/code><\/pre>\n\n\n\n<p>Soubor v\u00fd\u0161e obsahuje dva bloky, jeden pro robota SeznamBot, jeden pro robota psbot. V ka\u017ed\u00e9m bloku je na prvn\u00edm \u0159\u00e1dku direktiva <code>User-agent:<\/code> (na rozd\u00edl od HTTP hlavi\u010dek se pou\u017e\u00edv\u00e1 mal\u00e9 p\u00edsmeno a). Za n\u00ed je pak uveden n\u00e1zev robota nebo \u0159et\u011bzec User-Agent, kter\u00fdm se robot b\u011b\u017en\u011b identifikuje. Nam\u00edsto jm\u00e9na konkr\u00e9tn\u00edho robota lze pou\u017e\u00edt znak <code>*<\/code> (hv\u011bzdi\u010dka), kter\u00fd znamen\u00e1 to, \u017ee pravidla v bloku jsou m\u00edn\u011bny pro v\u0161echny roboty.<\/p>\n\n\n\n<p>Ka\u017ed\u00fd dal\u0161\u00ed \u0159\u00e1dek pak definuje pravidlo, kter\u00e9 m\u00e1 uveden\u00fd robot dodr\u017eovat. Pravidlo za\u010d\u00edn\u00e1 n\u00e1zvem p\u0159\u00edkazu, pak n\u00e1sleduje dvojte\u010dka, mezera a obsah pravidla.<\/p>\n\n\n\n<p>V p\u0159\u00edklad\u011b naho\u0159e je pou\u017eit p\u0159\u00edkaz <code>Disallow:<\/code>, kter\u00fdm se zakazuje stahov\u00e1n\u00ed \u010d\u00e1sti webu. Obsahem p\u0159\u00edkazu v prvn\u00edm bloku je text <code>\/admin<\/code>, to znamen\u00e1, \u017ee webmaster zak\u00e1zal SeznamBotovi stahov\u00e1n\u00ed v\u0161ech podstr\u00e1nek webu, jejich\u017e cesta v r\u00e1mci webu za\u010d\u00edn\u00e1 \u0159et\u011bzcem &#8222;\/admin&#8220;. Podobn\u011b zak\u00e1zal psbotovi stahovat str\u00e1nky, jejich\u017e cesta za\u010d\u00edn\u00e1 \u0159et\u011bzcem <code>\/obrazky<\/code>.<\/p>\n\n\n\n<div class=\"wp-block-seznam-box is-layout-flow wp-block-seznam-box-is-layout-flow\">\n<h2 class=\"wp-block-heading\">Tip<\/h2>\n\n\n\n<p>Pokud si nep\u0159ejete, aby SeznamBot stahoval jak\u00e9koliv str\u00e1nky z va\u0161eho webu, zapi\u0161te do souboru robots.txt tyto p\u0159\u00edkazy:<\/p>\n\n\n\n<div class=\"wp-block-columns is-layout-flex wp-container-core-columns-is-layout-28f84493 wp-block-columns-is-layout-flex\">\n<div class=\"wp-block-column is-layout-flow wp-block-column-is-layout-flow\">\n<p><code>User-agent: SeznamBot<br>Disallow: \/<\/code><\/p>\n<\/div>\n\n\n\n<div class=\"wp-block-column is-layout-flow wp-block-column-is-layout-flow\"><\/div>\n<\/div>\n<\/div>\n\n\n\n<h3 class=\"wp-block-heading\" id=\"zastupne-znaky\">Z\u00e1stupn\u00e9 znaky<\/h3>\n\n\n\n<p>V souboru <em>robots.txt<\/em> lze vyu\u017e\u00edt n\u00e1sleduj\u00edc\u00ed z\u00e1stupn\u00e9 znaky:<\/p>\n\n\n\n<ul class=\"wp-block-list\">\n<li><code>*<\/code> nahrazuje libovoln\u00fd \u0159et\u011bzec znak\u016f (m\u016f\u017ee se vyskytnout n\u011bkolikr\u00e1t v&nbsp;jednom pravidle)<\/li>\n\n\n\n<li><code>$<\/code> znamen\u00e1 konec adresy (interpretuje se stejn\u011b u&nbsp;v\u0161ech pravidel)<\/li>\n<\/ul>\n\n\n\n<h4 class=\"wp-block-heading\"><strong>P\u0159\u00edklad pou\u017eit\u00ed z\u00e1stupn\u00fdch znak\u016f v&nbsp;souboru robots.txt<\/strong><\/h4>\n\n\n\n<figure class=\"wp-block-table\"><table class=\"has-fixed-layout\"><tbody><tr><td><em>User-agent: SeznamBot<br>Disallow: *.pdf$<\/em><\/td><td>Zakazuje stahov\u00e1n\u00ed v\u0161ech soubor\u016f, jejich\u017e adresa kon\u010d\u00ed na \u201e.pdf\u201c (a za\u010d\u00edn\u00e1 jakkoliv).<\/td><\/tr><tr><td><em>User-agent: SeznamBot<br>Disallow: \/*\/diskuse\/$<\/em><\/td><td>Zakazuje stahov\u00e1n\u00ed v\u00fdchoz\u00edho dokumentu v&nbsp;adres\u00e1\u0159\u00edch \/diskuse\/, ale v\u0161echny ostatn\u00ed soubory v&nbsp;adres\u00e1\u0159\u00edch \/diskuse\/ mohou b\u00fdt stahov\u00e1ny.<\/td><\/tr><tr><td><em>User-agent: SeznamBot<br>Disallow: \/diskuse$<\/em><\/td><td>Postihuje \/diskuse, nepostihuje \/diskuse-01, \/diskuse-02 atp.<\/td><\/tr><\/tbody><\/table><\/figure>\n\n\n\n<h3 class=\"wp-block-heading\" id=\"podporovane-prikazy\">Podporovan\u00e9 p\u0159\u00edkazy<\/h3>\n\n\n\n<p>Z\u00e1kladn\u00ed p\u0159\u00edkazy, kter\u00e9 m\u016f\u017eete pou\u017e\u00edt, jsou: <\/p>\n\n\n\n<ul class=\"wp-block-list\">\n<li><a href=\"#disallow-allow\"><em>Disallow<\/em><\/a><\/li>\n\n\n\n<li><a href=\"#disallow-allow\"><em>Allow<\/em><\/a><\/li>\n\n\n\n<li><a href=\"#request-rate\"><em>Request-rate<\/em><\/a><\/li>\n\n\n\n<li><a href=\"#sitemap\"><em>Sitemap<\/em><\/a>.<\/li>\n<\/ul>\n\n\n\n<h3 class=\"wp-block-heading\" id=\"disallow-allow\">Disallow, Allow<\/h3>\n\n\n\n<p>Hlavn\u00edm \u00fa\u010delem souboru robots.txt je zak\u00e1zat robot\u016fm stahov\u00e1n\u00ed \u010d\u00e1sti webu. Toto zabezpe\u010duje direktiva <code>Disallow:<\/code>, kter\u00e1 se m\u016f\u017ee v bloku zopakovat v\u00edcekr\u00e1t. Podle nov\u011bj\u0161\u00edch specifikac\u00ed umo\u017e\u0148uje soubor <em>robots.txt<\/em> st\u00e1hnut\u00ed str\u00e1nky tak\u00e9 povolit, a&nbsp;to pomoc\u00ed p\u0159\u00edkazu <code>Allow:<\/code>. To je vyu\u017eiteln\u00e9 v&nbsp;p\u0159\u00edpad\u011b, kdy je pot\u0159eba povolit stahov\u00e1n\u00ed jednotliv\u00fdch str\u00e1nek v&nbsp;adres\u00e1\u0159i, jeho\u017e proch\u00e1zen\u00ed je ji\u017e jin\u00fdm pravidlem zak\u00e1z\u00e1no.<\/p>\n\n\n\n<h4 class=\"wp-block-heading\">P\u0159\u00edklady mo\u017en\u00e9ho obsahu souboru robots.txt<\/h4>\n\n\n\n<figure class=\"wp-block-table\"><table class=\"has-fixed-layout\"><tbody><tr><td><code>User-agent: *<br>Disallow:<\/code><\/td><td>V\u0161ichni roboti (zastupuje je znak hv\u011bzdi\u010dky) mohou stahovat v\u0161echny str\u00e1nky webu &#8211; pr\u00e1zdn\u00e9 m\u00edsto za p\u0159\u00edkazem <code>Disallow\/Allow<\/code> znamen\u00e1, \u017ee nic nen\u00ed zak\u00e1z\u00e1no. Jedn\u00e1 se o&nbsp;v\u00fdchoz\u00ed nastaven\u00ed (pr\u00e1zdn\u00fd nebo neexistuj\u00edc\u00ed soubor robots.txt znamen\u00e1 tot\u00e9\u017e).<\/td><\/tr><tr><td><code>User-agent: *<br>Allow:<br>User-agent: *<br>Disallow: \/<\/code><\/td><td>V\u0161ichni roboti maj\u00ed zak\u00e1z\u00e1no stahovat jakoukoliv str\u00e1nku webu.<\/td><\/tr><tr><td><code>User-agent: SeznamBot<br>Disallow: \/diskuse<\/code><em>\/<\/em><\/td><td>SeznamBot nem\u00e1 stahovat obsah adres\u00e1\u0159e <em>\/diskuse\/<\/em>.<\/td><\/tr><tr><td><code>User-agent: *<br>Disallow: \/archiv\/<br>Disallow: \/abc<\/code><\/td><td>V\u0161ichni roboti maj\u00ed zak\u00e1z\u00e1no vstupovat do adres\u00e1\u0159e <em>\/archiv\/<\/em>. Tak\u00e9 maj\u00ed zak\u00e1z\u00e1no stahovat str\u00e1nky webu, jejich\u017e jm\u00e9no za\u010d\u00edn\u00e1 \u0159et\u011bzcem \u201e<em>abc<\/em>\u201c.<\/td><\/tr><tr><td><code>User-agent: *<br>Disallow: \/<br>Allow: \/A\/<br>Disallow: \/A\/B\/<\/code><\/td><td>V\u0161ichni roboti m\u016f\u017eou stahovat z&nbsp;adres\u00e1\u0159e <em>\/A\/<\/em> a&nbsp;jeho podadres\u00e1\u0159\u016f vyjma podadres\u00e1\u0159e <em>\/B\/<\/em>. Na po\u0159ad\u00ed pravidel v&nbsp;sekci nez\u00e1le\u017e\u00ed.<\/td><\/tr><tr><td><code>User-agent: SeznamBot<br>Disallow: \/<\/code><\/td><td>SeznamBot nesm\u00ed z&nbsp;webu stahovat nic. Lom\u00edtko je nutn\u00e9, pr\u00e1zdn\u00e9 m\u00edsto by znamenalo, \u017ee nic nen\u00ed zak\u00e1z\u00e1no.<\/td><\/tr><\/tbody><\/table><\/figure>\n\n\n\n<h3 class=\"wp-block-heading\" id=\"request-rate\">Request-rate<\/h3>\n\n\n\n<p>Direktiva <code>Request-rate<\/code> slou\u017e\u00ed k&nbsp;nastaven\u00ed po\u010dtu dokument\u016f, kter\u00e9 m\u016f\u017ee robot st\u00e1hnout za danou \u010dasovou jednotku.<\/p>\n\n\n\n<p>P\u0159edvolen\u00e1 rychlost stahov\u00e1n\u00ed dokument\u016f SeznamBotem je nastavena se snahou b\u00fdt \u0161etrn\u00fd k server\u016fm, aby je stahov\u00e1n\u00ed nadm\u00edru nazat\u011b\u017eovalo nebo dokonce nevy\u0159adilo z&nbsp;provozu. V&nbsp;p\u0159\u00edpad\u011b, \u017ee v\u00e1m st\u00e1vaj\u00edc\u00ed rychlost nevyhovuje (nap\u0159. m\u00e1te hodn\u011b str\u00e1nek a&nbsp;chcete, aby se stahovaly&nbsp;a&nbsp;indexovaly&nbsp;rychleji, nebo naopak va\u0161e servery jsou SeznamBotem nadm\u00edru zat\u00ed\u017een\u00e9), m\u016f\u017eete v&nbsp;souboru <em>robots.txt<\/em> uv\u00e9st jinou rychlost.<\/p>\n\n\n\n<p>Ob\u011b podporovan\u00e9 verze <em>robots.txt<\/em> podporuj\u00ed n\u00e1sleduj\u00edc\u00ed z\u00e1pis p\u0159\u00edkazu <em>Request-rate<\/em>:<\/p>\n\n\n\n<figure class=\"wp-block-table\"><table class=\"has-fixed-layout\"><tbody><tr><td><code>Request-rate: 1\/30<strong>s<\/strong><\/code><\/td><td>1 dokument ka\u017ed\u00fdch 30 <strong>sekund<\/strong><\/td><\/tr><tr><td><code>Request-rate: 100\/15<strong>m<\/strong><\/code><\/td><td>100 dokument\u016f ka\u017ed\u00fdch 15 <strong>minut<\/strong><\/td><\/tr><tr><td><code>Request-rate: 400\/1<strong>h<\/strong><\/code><\/td><td>400 dokument\u016f ka\u017edou <strong>hodinu<\/strong><\/td><\/tr><tr><td><code>Request-rate: 9000\/1<strong>d<\/strong><\/code><\/td><td>9000 dokument\u016f ka\u017ed\u00fd <strong>den<\/strong><\/td><\/tr><\/tbody><\/table><\/figure>\n\n\n\n<div class=\"wp-block-seznam-box is-layout-flow wp-block-seznam-box-is-layout-flow\">\n<h2 class=\"wp-block-heading\">Pozor<\/h2>\n\n\n\n<p>Minim\u00e1ln\u00ed rychlost stahov\u00e1n\u00ed SeznamBota je 1 dokument za 30 sekund. Pokud uvedete ni\u017e\u0161\u00ed hodnoty, tyto jsou automaticky p\u0159evedeny na toto minimum. Maximum je omezeno aktu\u00e1ln\u00edm v\u00fdkonem a zat\u00ed\u017een\u00edm SeznamBota.<\/p>\n<\/div>\n\n\n\n<p><code>Request-rate<\/code> umo\u017e\u0148uje tak\u00e9 specifikovat \u010dasov\u00e9 rozmez\u00ed, ve kter\u00e9m se robot bude chovat podle v\u00e1mi nastaven\u00fdch pravidel. Ve zbyl\u00e9m \u010dase, kter\u00fd nen\u00ed v&nbsp;p\u0159\u00edkazu <code>Request-rate<\/code> uveden, se robot vr\u00e1t\u00ed k&nbsp;v\u00fdchoz\u00edmu chov\u00e1n\u00ed.<\/p>\n\n\n\n<pre title=\"P\u0159\u00edklad z\u00e1pisu \u010dasov\u00e9ho rozmez\u00ed v\u00a0p\u0159\u00edkazu Request-rate\" class=\"wp-block-code\"><code lang=\"adoc\" class=\"language-adoc line-numbers\">Request-rate: &lt;rate> &lt;time> \nRequest-rate: 1\/30s 1800-1900 \n#jeden dokument se st\u00e1hne ka\u017ed\u00fdch 30 sekund v\u00a0dob\u011b od 18:00 do 19:00. \nVe zbyl\u00e9m \u010dase stahuje obsah podle sv\u00e9 standardn\u00ed rychlosti.<\/code><\/pre>\n\n\n\n<h3 class=\"wp-block-heading\" id=\"bloky-pravidel\">Bloky pravidel pro v\u00edce robot\u016f<\/h3>\n\n\n\n<p>Pravidla uveden\u00e1 v souboru robots.txt jsou platn\u00e1 v&nbsp;r\u00e1mci bloku, tj. od \u0159\u00e1dku <code>User-agent:<\/code> a\u017e do n\u00e1sleduj\u00edc\u00edho \u0159\u00e1dku <code>User-agent:<\/code> nebo do konce souboru. Pravidla uveden\u00e1 po \u0159\u00e1dku <code>User-agent: * <\/code>plat\u00ed pro v\u0161echny roboty vyjma t\u011bch, kte\u0159\u00ed jsou pak v&nbsp;souboru uvedeni zvl\u00e1\u0161\u0165.<\/p>\n\n\n\n<pre title=\"P\u0159\u00edklad p\u0159\u00edkaz\u016f pro v\u0161echny roboty krom\u011b SeznamBota\" class=\"wp-block-code\"><code lang=\"adoc\" class=\"language-adoc line-numbers\">User-agent: *\nDisallow: \/\n# pro v\u0161echny roboty: neprohled\u00e1vat nic\n\nUser-agent: Seznambot\nRequest-rate: 300\/1m\n# pro Seznambota: prohled\u00e1vat v\u0161echno, rychlost 300 URL za minutu<\/code><\/pre>\n\n\n\n<pre title=\"P\u0159\u00edklad souboru robots.txt s pravidly pro v\u0161echny roboty a speci\u00e1ln\u00edmi pravidly pro SeznamBota a Googlebota\" class=\"wp-block-code\"><code lang=\"adoc\" class=\"language-adoc line-numbers\">User-agent: *\nDisallow: \/images\/\nRequest-rate: 30\/1m \n# pro v\u0161echny roboty: neprohled\u00e1vat \/images\/, rychlost 30 URL za minutu \n\nUser-agent: SeznamBot\nDisallow: \/cz\/chat\/\nRequest-rate: 300\/1m\n# pro SeznamBota: neprohled\u00e1vat \/cz\/chat\/, rychlost 300 URL za minutu\n\nUser-agent: Googlebot\nDisallow: \/logs\/\nRequest-rate: 10\/1m\n# pro Googlebota: neprohled\u00e1vat \/logs\/, rychlost 10 URL za minutu<\/code><\/pre>\n\n\n\n<h3 class=\"wp-block-heading\" id=\"sitemap\">Sitemap<\/h3>\n\n\n\n<p>Tato direktiva informuje robota o tzv. <a href=\"..\/sitemap-xml\/\" data-type=\"page\" data-id=\"121\">sitemap\u011b<\/a>. Obsahem je absolutn\u00ed URL adresa sitemapy. Direktivu m\u016f\u017eete uv\u00e9st v\u00edcekr\u00e1t s r\u016fzn\u00fdmi sitemapami.<\/p>\n\n\n\n<pre title=\"P\u0159\u00edklad souboru robots.txt s uveden\u00edm sitemapy\" class=\"wp-block-code\"><code lang=\"adoc\" class=\"language-adoc line-numbers\">User-Agent: *\nDisallow: \/diskuse\nDisallow: \/hledej\nDisallow: \/emailem&gt;\nDisallow: \/dynamicke-bannery\nDisallow: \/sessionCheck\nSitemap: https:\/\/www.novinky.cz\/sitemap\/sitemap_articles.xml\nSitemap: https:\/\/www.novinky.cz\/sitemap\/sitemap_news.xml\nSitemap: https:\/\/www.novinky.cz\/sitemap\/sitemap_sections.xml<\/code><\/pre>\n","protected":false},"excerpt":{"rendered":"<p>Standard robots.txt (angl. robots exclusion standard nebo t\u00e9\u017e robots exclusion protocol) slou\u017e\u00ed spr\u00e1vc\u016fm webov\u00fdch str\u00e1nek k&nbsp;p\u0159edeps\u00e1n\u00ed \u017e\u00e1dan\u00e9ho chov\u00e1n\u00ed robot\u016f k&nbsp;webu. Pou\u017e\u00edv\u00e1 se v&nbsp;p\u0159\u00edpadech, kdy str\u00e1nka nebo \u010d\u00e1st webu je funk\u010dn\u00ed a&nbsp;p\u0159\u00edstupn\u00e1 pro lidi, ale robot\u016fm je pot\u0159eba stahov\u00e1n\u00ed zak\u00e1zat (nap\u0159. podstr\u00e1nky pro administraci webu, placen\u00e9 \u010dl\u00e1nky ve zpravodajsk\u00fdch archivech, intern\u00ed diskusn\u00ed f\u00f3ra, v\u00fdsledky vyhled\u00e1v\u00e1n\u00ed v&nbsp;e-shopu [&hellip;]<\/p>\n","protected":false},"author":22,"featured_media":0,"parent":54,"menu_order":0,"comment_status":"closed","ping_status":"closed","template":"page-sidemenu","meta":{"_acf_changed":false,"_relevanssi_hide_post":"","_relevanssi_hide_content":"","_relevanssi_pin_for_all":"","_relevanssi_pin_keywords":"","_relevanssi_unpin_keywords":"","_relevanssi_related_keywords":"","_relevanssi_related_include_ids":"","_relevanssi_related_exclude_ids":"","_relevanssi_related_no_append":"","_relevanssi_related_not_related":"","_relevanssi_related_posts":"","_relevanssi_noindex_reason":"","footnotes":""},"page_category":[14],"page_tag":[],"service_status_category":[],"class_list":["post-73","page","type-page","status-publish","hentry"],"acf":[],"lang":"cs","translations":{"cs":73,"en":1709},"pll_sync_post":[],"_links":{"self":[{"href":"https:\/\/o-seznam.cz\/napoveda\/vyhledavani\/wp-json\/wp\/v2\/pages\/73","targetHints":{"allow":["GET"]}}],"collection":[{"href":"https:\/\/o-seznam.cz\/napoveda\/vyhledavani\/wp-json\/wp\/v2\/pages"}],"about":[{"href":"https:\/\/o-seznam.cz\/napoveda\/vyhledavani\/wp-json\/wp\/v2\/types\/page"}],"author":[{"embeddable":true,"href":"https:\/\/o-seznam.cz\/napoveda\/vyhledavani\/wp-json\/wp\/v2\/users\/22"}],"replies":[{"embeddable":true,"href":"https:\/\/o-seznam.cz\/napoveda\/vyhledavani\/wp-json\/wp\/v2\/comments?post=73"}],"version-history":[{"count":73,"href":"https:\/\/o-seznam.cz\/napoveda\/vyhledavani\/wp-json\/wp\/v2\/pages\/73\/revisions"}],"predecessor-version":[{"id":1949,"href":"https:\/\/o-seznam.cz\/napoveda\/vyhledavani\/wp-json\/wp\/v2\/pages\/73\/revisions\/1949"}],"up":[{"embeddable":true,"href":"https:\/\/o-seznam.cz\/napoveda\/vyhledavani\/wp-json\/wp\/v2\/pages\/54"}],"wp:attachment":[{"href":"https:\/\/o-seznam.cz\/napoveda\/vyhledavani\/wp-json\/wp\/v2\/media?parent=73"}],"wp:term":[{"taxonomy":"page_category","embeddable":true,"href":"https:\/\/o-seznam.cz\/napoveda\/vyhledavani\/wp-json\/wp\/v2\/page_category?post=73"},{"taxonomy":"page_tag","embeddable":true,"href":"https:\/\/o-seznam.cz\/napoveda\/vyhledavani\/wp-json\/wp\/v2\/page_tag?post=73"},{"taxonomy":"service_status_category","embeddable":true,"href":"https:\/\/o-seznam.cz\/napoveda\/vyhledavani\/wp-json\/wp\/v2\/service_status_category?post=73"}],"curies":[{"name":"wp","href":"https:\/\/api.w.org\/{rel}","templated":true}]}}