{"id":54,"date":"2024-09-17T12:27:35","date_gmt":"2024-09-17T10:27:35","guid":{"rendered":"https:\/\/o-seznam.cz\/napoveda\/vyhledavani\/?page_id=54"},"modified":"2025-08-18T16:43:00","modified_gmt":"2025-08-18T14:43:00","slug":"seznambot","status":"publish","type":"page","link":"https:\/\/o-seznam.cz\/napoveda\/vyhledavani\/seznambot\/","title":{"rendered":"SeznamBot"},"content":{"rendered":"\n<p><strong>SeznamBot<\/strong> je jm\u00e9no na\u0161eho robota (v angli\u010dtin\u011b se pou\u017e\u00edv\u00e1 term\u00edn &#8222;crawler&#8220;), kter\u00fd proch\u00e1z\u00ed Internet. Jeho \u00fakolem je hledat nov\u00e9 webov\u00e9 str\u00e1nky a&nbsp;aktualizovat informace o&nbsp;t\u011bch, kter\u00e9 ji\u017e zn\u00e1. P\u0159i n\u00e1v\u0161t\u011bv\u011b webu se v hlavi\u010dce User-Agent a access logu identifikuje n\u00e1sleduj\u00edc\u00edm \u0159et\u011bzcem:<\/p>\n\n\n\n<pre title=\"&amp;nbsp;\" class=\"wp-block-code\"><code lang=\"adoc\" class=\"language-adoc\">Mozilla\/5.0 (compatible; SeznamBot\/4.0; +https:\/\/o-seznam.cz\/napoveda\/vyhledavani\/en\/seznambot-crawler\/)<\/code><\/pre>\n\n\n\n<p><strong>FreshBot<\/strong> je rychloobr\u00e1tkov\u00fd robot, kter\u00fd m\u00e1 za \u00fakol nav\u0161t\u011bvovat str\u00e1nky a&nbsp;RSS zdroje, kde se objevuje nov\u00fd zaj\u00edmav\u00fd obsah (jedn\u00e1 se zejm\u00e9na o&nbsp;zpravodajsk\u00e9 str\u00e1nky).<\/p>\n\n\n\n<h2 class=\"wp-block-heading\">IP adresy SeznamBota<\/h2>\n\n\n\n<h3 class=\"wp-block-heading\"><strong>SeznamBot<\/strong><\/h3>\n\n\n\n<figure class=\"wp-block-table\"><table><thead><tr><th>IPv4<\/th><th>IPv6<\/th><\/tr><\/thead><tbody><tr><td>77.75.76.x<\/td><td>2a02:598:64:8a00::3100:0\/123<\/td><\/tr><tr><td><em>77.75.77.x<\/em><\/td><td><em>2a02:598:128:8a00::b00:0\/123<\/em><\/td><\/tr><tr><td><em>77.75.78.x<\/em><\/td><td><em>2a02:598:96:8a00::1200:120\/123<\/em><\/td><\/tr><tr><td><em> 77.75.79.x<\/em><\/td><td><\/td><\/tr><\/tbody><\/table><\/figure>\n\n\n\n<h3 class=\"wp-block-heading\"><strong>Testovac\u00ed verze<\/strong><\/h3>\n\n\n\n<figure class=\"wp-block-table\"><table><thead><tr><th>IPv4<\/th><th>IPv6<\/th><\/tr><\/thead><tbody><tr><td>77.75.73.26<\/td><td>2a02:598:64:8a00::f00:0\/123<\/td><\/tr><tr><td>77.75.72.26<\/td><td>2a02:598:96:8a00::1200:100\/123<\/td><\/tr><\/tbody><\/table><\/figure>\n\n\n\n<h3 class=\"wp-block-heading\">Adresy, ze kter\u00fdch ov\u011b\u0159ujeme kl\u00ed\u010de pro <strong>IndexNow<\/strong><\/h3>\n\n\n\n<figure class=\"wp-block-table\"><table><thead><tr><th>IPv4<\/th><\/tr><\/thead><tbody><tr><td>77.75.73.74<\/td><\/tr><tr><td>77.75.72.74<\/td><\/tr><\/tbody><\/table><\/figure>\n\n\n\n<h2 class=\"wp-block-heading\">Reverzn\u00ed z\u00e1znamy<\/h2>\n\n\n\n<p>V\u0161echny pou\u017eit\u00e9 IP adresy SeznamBota by m\u011bly m\u00edt reverzn\u00ed z\u00e1znam DNS, kter\u00fd vypad\u00e1 takto:<\/p>\n\n\n\n<figure class=\"wp-block-table\"><table><thead><tr><th>SeznamBot<\/th><th>Testovac\u00ed verze<\/th><\/tr><\/thead><tbody><tr><td>fulltextrobot-77-75-77-xxx.seznam.cz<\/td><td>fulltextrobot-test-77-75-73-26.seznam.cz<\/td><\/tr><tr><td>fulltextrobot-2a02-598-64-8a00&#8211;3100-0.seznam.cz<\/td><td>fulltextrobot-test-2a02-598-64-8a00&#8211;f00-0.seznam.cz<\/td><\/tr><\/tbody><\/table><\/figure>\n\n\n","protected":false},"excerpt":{"rendered":"<p>SeznamBot je jm\u00e9no na\u0161eho robota (v angli\u010dtin\u011b se pou\u017e\u00edv\u00e1 term\u00edn &#8222;crawler&#8220;), kter\u00fd proch\u00e1z\u00ed Internet. Jeho \u00fakolem je hledat nov\u00e9 webov\u00e9 str\u00e1nky a&nbsp;aktualizovat informace o&nbsp;t\u011bch, kter\u00e9 ji\u017e zn\u00e1. P\u0159i n\u00e1v\u0161t\u011bv\u011b webu se v hlavi\u010dce User-Agent a access logu identifikuje n\u00e1sleduj\u00edc\u00edm \u0159et\u011bzcem: FreshBot je rychloobr\u00e1tkov\u00fd robot, kter\u00fd m\u00e1 za \u00fakol nav\u0161t\u011bvovat str\u00e1nky a&nbsp;RSS zdroje, kde se objevuje [&hellip;]<\/p>\n","protected":false},"author":22,"featured_media":0,"parent":0,"menu_order":4,"comment_status":"closed","ping_status":"closed","template":"page-sidemenu","meta":{"_acf_changed":false,"_relevanssi_hide_post":"","_relevanssi_hide_content":"","_relevanssi_pin_for_all":"","_relevanssi_pin_keywords":"","_relevanssi_unpin_keywords":"","_relevanssi_related_keywords":"","_relevanssi_related_include_ids":"","_relevanssi_related_exclude_ids":"","_relevanssi_related_no_append":"","_relevanssi_related_not_related":"","_relevanssi_related_posts":"","_relevanssi_noindex_reason":"","footnotes":""},"page_category":[14],"page_tag":[],"service_status_category":[],"class_list":["post-54","page","type-page","status-publish","hentry"],"acf":[],"lang":"cs","translations":{"cs":54,"en":1691},"pll_sync_post":[],"_links":{"self":[{"href":"https:\/\/o-seznam.cz\/napoveda\/vyhledavani\/wp-json\/wp\/v2\/pages\/54","targetHints":{"allow":["GET"]}}],"collection":[{"href":"https:\/\/o-seznam.cz\/napoveda\/vyhledavani\/wp-json\/wp\/v2\/pages"}],"about":[{"href":"https:\/\/o-seznam.cz\/napoveda\/vyhledavani\/wp-json\/wp\/v2\/types\/page"}],"author":[{"embeddable":true,"href":"https:\/\/o-seznam.cz\/napoveda\/vyhledavani\/wp-json\/wp\/v2\/users\/22"}],"replies":[{"embeddable":true,"href":"https:\/\/o-seznam.cz\/napoveda\/vyhledavani\/wp-json\/wp\/v2\/comments?post=54"}],"version-history":[{"count":34,"href":"https:\/\/o-seznam.cz\/napoveda\/vyhledavani\/wp-json\/wp\/v2\/pages\/54\/revisions"}],"predecessor-version":[{"id":2114,"href":"https:\/\/o-seznam.cz\/napoveda\/vyhledavani\/wp-json\/wp\/v2\/pages\/54\/revisions\/2114"}],"wp:attachment":[{"href":"https:\/\/o-seznam.cz\/napoveda\/vyhledavani\/wp-json\/wp\/v2\/media?parent=54"}],"wp:term":[{"taxonomy":"page_category","embeddable":true,"href":"https:\/\/o-seznam.cz\/napoveda\/vyhledavani\/wp-json\/wp\/v2\/page_category?post=54"},{"taxonomy":"page_tag","embeddable":true,"href":"https:\/\/o-seznam.cz\/napoveda\/vyhledavani\/wp-json\/wp\/v2\/page_tag?post=54"},{"taxonomy":"service_status_category","embeddable":true,"href":"https:\/\/o-seznam.cz\/napoveda\/vyhledavani\/wp-json\/wp\/v2\/service_status_category?post=54"}],"curies":[{"name":"wp","href":"https:\/\/api.w.org\/{rel}","templated":true}]}}