{"id":371,"date":"2024-09-25T13:27:17","date_gmt":"2024-09-25T11:27:17","guid":{"rendered":"https:\/\/o-seznam.cz\/napoveda\/vyhledavani\/?page_id=371"},"modified":"2024-11-07T08:12:57","modified_gmt":"2024-11-07T07:12:57","slug":"pravidla-pro-favicony","status":"publish","type":"page","link":"https:\/\/o-seznam.cz\/napoveda\/vyhledavani\/vysledky-vyhledavani\/pravidla-pro-favicony\/","title":{"rendered":"Pravidla pro favicony"},"content":{"rendered":"\n<p><strong>Favicony<\/strong> robot z\u00edsk\u00e1v\u00e1 prim\u00e1rn\u011b z hlavi\u010dky str\u00e1nky z:<\/p>\n\n\n\n<ul class=\"wp-block-list\">\n<li>tagu <code>&lt;link rel=\"icon\" \/&gt;<\/code><\/li>\n\n\n\n<li>nebo <code>&lt;link rel=\"shortcut icon\" \/&gt;<\/code>,<\/li>\n\n\n\n<li>odkazy na jin\u00e9 typy ikon, nap\u0159.: <code>&lt;link rel=\"apple-touch-icon\" href=\"\/custom_icon.png\"><\/code>,<\/li>\n\n\n\n<li>p\u0159\u00edpadn\u011b ze standardn\u00ed adresy <code>http:\/\/www.domena.cz\/favicon.ico<\/code>.<\/li>\n<\/ul>\n\n\n\n<p>U v\u00fdsledku vyhled\u00e1v\u00e1n\u00ed se favikony zobrazuj\u00ed ve velikosti <strong>48&#215;48 px<\/strong> (v\u011bt\u0161\u00ed rozm\u011bry jsou automaticky zmen\u0161eny). Pokud nen\u00ed ikona k dispozici v tomto rozli\u0161en\u00ed, je mo\u017en\u00e9 pou\u017e\u00edt varianty 32&#215;32 px nebo 16x16px, nicm\u00e9n\u011b ve v\u00fdsledc\u00edch hled\u00e1n\u00ed m\u016f\u017ee ikona s ni\u017e\u0161\u00edm rozli\u0161en\u00edm p\u016fsobit nekvalitn\u011b a\u017e ru\u0161iv\u011b.<\/p>\n\n\n\n<p>Maxim\u00e1ln\u00ed podporovan\u00e1 velikost souboru favikony je<strong> 4 MB<\/strong>,&nbsp; form\u00e1t souboru m\u016f\u017ee b\u00fdt jak\u00fdkoliv b\u011b\u017en\u011b \u010diteln\u00fd obr\u00e1zek. Teoretick\u00e9 rozm\u011bry obr\u00e1zku mohou b\u00fdt a\u017e 3200&#215;3200 px.<\/p>\n\n\n\n<p>Obr\u00e1zek mus\u00ed m\u00edt <strong>pom\u011br stran 1:1<\/strong>, jinak nebude zpracov\u00e1n. Obsah obr\u00e1zku nemus\u00ed b\u00fdt nutn\u011b \u010dtverec, zpracov\u00e1n\u00ed obr\u00e1zk\u016f respektuje pr\u016fhlednost pozad\u00ed u ikon.<\/p>\n\n\n\n<p>V p\u0159\u00edpad\u011b, \u017ee je ve v\u00fdsledc\u00edch hled\u00e1n\u00ed pou\u017eita neaktu\u00e1ln\u00ed favikona, je mo\u017en\u00e9 prov\u00e9st aktualizaci pomoc\u00ed <a href=\"https:\/\/search.seznam.cz\/wt\/pridej-stranku\">formul\u00e1\u0159e pro p\u0159id\u00e1n\u00ed str\u00e1nky<\/a>. Sta\u010d\u00ed do n\u011bj zadat URL va\u0161eho webu a nejpozd\u011bji do hodiny by m\u011blo doj\u00edt k aktualizaci ikony.<\/p>\n\n\n\n<div class=\"wp-block-seznam-box is-layout-flow wp-block-seznam-box-is-layout-flow\">\n<h2 class=\"wp-block-heading\">Pozor<\/h2>\n\n\n\n<p>Pokud jde o animovan\u00fd GIF, robot vyfot\u00ed pouze prvn\u00ed sn\u00edmek animace. <\/p>\n\n\n\n<p>Vytv\u00e1\u0159en\u00ed jak\u00fdchkoliv grafick\u00fdch \u00faprav favicon pro gener\u00e1tor n\u00e1hledu, jejich\u017e v\u00fdsledkem je odli\u0161n\u00fd vzhled oproti tomu, kter\u00fd vid\u00ed u\u017eivatel ve sv\u00e9m prohl\u00ed\u017ee\u010di, je pova\u017eov\u00e1no za <a href=\"..\/..\/optimalizace\/zakazane-a-nevhodne-techniky\/#cloaking\">cloaking<\/a>.<\/p>\n<\/div>\n","protected":false},"excerpt":{"rendered":"<p>Favicony robot z\u00edsk\u00e1v\u00e1 prim\u00e1rn\u011b z hlavi\u010dky str\u00e1nky z: U v\u00fdsledku vyhled\u00e1v\u00e1n\u00ed se favikony zobrazuj\u00ed ve velikosti 48&#215;48 px (v\u011bt\u0161\u00ed rozm\u011bry jsou automaticky zmen\u0161eny). Pokud nen\u00ed ikona k dispozici v tomto rozli\u0161en\u00ed, je mo\u017en\u00e9 pou\u017e\u00edt varianty 32&#215;32 px nebo 16x16px, nicm\u00e9n\u011b ve v\u00fdsledc\u00edch hled\u00e1n\u00ed m\u016f\u017ee ikona s ni\u017e\u0161\u00edm rozli\u0161en\u00edm p\u016fsobit nekvalitn\u011b a\u017e ru\u0161iv\u011b. Maxim\u00e1ln\u00ed podporovan\u00e1 velikost [&hellip;]<\/p>\n","protected":false},"author":22,"featured_media":0,"parent":260,"menu_order":0,"comment_status":"closed","ping_status":"closed","template":"page-sidemenu","meta":{"_acf_changed":false,"_relevanssi_hide_post":"","_relevanssi_hide_content":"","_relevanssi_pin_for_all":"","_relevanssi_pin_keywords":"","_relevanssi_unpin_keywords":"","_relevanssi_related_keywords":"","_relevanssi_related_include_ids":"","_relevanssi_related_exclude_ids":"","_relevanssi_related_no_append":"","_relevanssi_related_not_related":"","_relevanssi_related_posts":"","_relevanssi_noindex_reason":"","footnotes":""},"page_category":[14],"page_tag":[],"service_status_category":[],"class_list":["post-371","page","type-page","status-publish","hentry"],"acf":[],"lang":"cs","translations":{"cs":371},"pll_sync_post":[],"_links":{"self":[{"href":"https:\/\/o-seznam.cz\/napoveda\/vyhledavani\/wp-json\/wp\/v2\/pages\/371","targetHints":{"allow":["GET"]}}],"collection":[{"href":"https:\/\/o-seznam.cz\/napoveda\/vyhledavani\/wp-json\/wp\/v2\/pages"}],"about":[{"href":"https:\/\/o-seznam.cz\/napoveda\/vyhledavani\/wp-json\/wp\/v2\/types\/page"}],"author":[{"embeddable":true,"href":"https:\/\/o-seznam.cz\/napoveda\/vyhledavani\/wp-json\/wp\/v2\/users\/22"}],"replies":[{"embeddable":true,"href":"https:\/\/o-seznam.cz\/napoveda\/vyhledavani\/wp-json\/wp\/v2\/comments?post=371"}],"version-history":[{"count":8,"href":"https:\/\/o-seznam.cz\/napoveda\/vyhledavani\/wp-json\/wp\/v2\/pages\/371\/revisions"}],"predecessor-version":[{"id":1828,"href":"https:\/\/o-seznam.cz\/napoveda\/vyhledavani\/wp-json\/wp\/v2\/pages\/371\/revisions\/1828"}],"up":[{"embeddable":true,"href":"https:\/\/o-seznam.cz\/napoveda\/vyhledavani\/wp-json\/wp\/v2\/pages\/260"}],"wp:attachment":[{"href":"https:\/\/o-seznam.cz\/napoveda\/vyhledavani\/wp-json\/wp\/v2\/media?parent=371"}],"wp:term":[{"taxonomy":"page_category","embeddable":true,"href":"https:\/\/o-seznam.cz\/napoveda\/vyhledavani\/wp-json\/wp\/v2\/page_category?post=371"},{"taxonomy":"page_tag","embeddable":true,"href":"https:\/\/o-seznam.cz\/napoveda\/vyhledavani\/wp-json\/wp\/v2\/page_tag?post=371"},{"taxonomy":"service_status_category","embeddable":true,"href":"https:\/\/o-seznam.cz\/napoveda\/vyhledavani\/wp-json\/wp\/v2\/service_status_category?post=371"}],"curies":[{"name":"wp","href":"https:\/\/api.w.org\/{rel}","templated":true}]}}