{"id":349,"date":"2024-09-25T12:48:45","date_gmt":"2024-09-25T10:48:45","guid":{"rendered":"https:\/\/o-seznam.cz\/napoveda\/vyhledavani\/?page_id=349"},"modified":"2026-03-12T13:01:20","modified_gmt":"2026-03-12T12:01:20","slug":"ochrana-udaju","status":"publish","type":"page","link":"https:\/\/o-seznam.cz\/napoveda\/vyhledavani\/ochrana-udaju\/","title":{"rendered":"Ochrana \u00fadaj\u016f"},"content":{"rendered":"\n<p>Pot\u0159ebujete-li z v\u00fdsledk\u016f <a href=\"https:\/\/search.seznam.cz\/\">vyhled\u00e1v\u00e1n\u00ed<\/a> nebo z vyhled\u00e1v\u00e1n\u00ed <a href=\"https:\/\/search.seznam.cz\/obrazky\/\">obr\u00e1zk\u016f<\/a> odstranit str\u00e1nku, na kter\u00e9 se nach\u00e1z\u00ed va\u0161e osobn\u00ed \u00fadaje, postupujte n\u00e1sledovn\u011b:<\/p>\n\n\n\n<ol class=\"wp-block-list\">\n<li>Po\u017e\u00e1dejte provozovatele webu o odstran\u011bn\u00ed obsahu nebo obr\u00e1ku, kter\u00fd obsahuje va\u0161e osobn\u00ed \u00fadaje. Po odstran\u011bn\u00ed va\u0161ich osobn\u00edch \u00fadaj\u016f z webov\u00e9 str\u00e1nky, m\u016f\u017eete:\n<ul class=\"wp-block-list\">\n<li>&nbsp;Po\u010dkat, ne\u017e n\u00e1\u0161 robot zm\u011bnu zaznamen\u00e1.<\/li>\n\n\n\n<li>&nbsp;Cel\u00fd proces urychlit vlo\u017een\u00edm p\u0159\u00edslu\u0161n\u00e9 str\u00e1nky do <a class=\"is-style-link-external\" href=\"https:\/\/napoveda.seznam.cz\/cz\/fulltext-hledani-v-internetu\/pridat-url\">p\u0159id\u00e1vac\u00edho formul\u00e1\u0159e<\/a>.<\/li>\n<\/ul>\n<\/li>\n\n\n\n<li>Pokud provozovatel webu na va\u0161i \u017e\u00e1dost nereagoval a obsah nebo obr\u00e1zek na str\u00e1nk\u00e1ch st\u00e1le z\u016fst\u00e1v\u00e1, nebo k odstran\u011bn\u00ed str\u00e1nky z\u00a0vyhled\u00e1v\u00e1n\u00ed nepomohlo jej\u00ed p\u0159id\u00e1n\u00ed p\u0159es p\u0159id\u00e1vac\u00ed formul\u00e1\u0159 zm\u00edn\u011bn\u00fd v\u00fd\u0161e, za\u0161lete n\u00e1m \u017e\u00e1dost na e-mail <em>vyhledavani@firma.seznam.cz<\/em>, kter\u00e1 bude obsahovat n\u00ed\u017ee uveden\u00e9 informace:\n<ul class=\"wp-block-list\">\n<li>Dotazy, na kter\u00e9 se v na\u0161em fulltextov\u00e9m vyhled\u00e1v\u00e1n\u00ed zobrazuj\u00ed ne\u017e\u00e1douc\u00ed odkazy str\u00e1nek.<\/li>\n\n\n\n<li>P\u0159esn\u00e9 URL str\u00e1nek nebo <a href=\"https:\/\/o-seznam.cz\/napoveda\/vyhledavani\/vyhledavani-obrazku\/#vysledky\">obr\u00e1zk\u016f<\/a> (viz tla\u010d\u00edtko &#8222;P\u0159ej\u00edt na obr\u00e1zek&#8220; v obr\u00e1kov\u00e9m vyhled\u00e1v\u00e1n\u00ed), kter\u00e9 po\u017eadujete z v\u00fdsledk\u016f vyhled\u00e1v\u00e1n\u00ed odstranit.<\/li>\n\n\n\n<li>Ke ka\u017ed\u00e9 URL str\u00e1nky nebo ke ka\u017ed\u00e9 URL obr\u00e1zku, kterou po\u017eadujete odstranit, napi\u0161te d\u016fvod, pro\u010d je zobrazen\u00ed tohoto v\u00fdsledku vyhled\u00e1v\u00e1n\u00ed ne\u017e\u00e1douc\u00ed.<\/li>\n<\/ul>\n<\/li>\n<\/ol>\n\n\n\n<p>Va\u0161i \u017e\u00e1dost posoud\u00edme a o zp\u016fsobu jej\u00edho vy\u0159\u00edzen\u00ed v\u00e1s budeme informovat.<\/p>\n","protected":false},"excerpt":{"rendered":"<p>Pot\u0159ebujete-li z v\u00fdsledk\u016f vyhled\u00e1v\u00e1n\u00ed nebo z vyhled\u00e1v\u00e1n\u00ed obr\u00e1zk\u016f odstranit str\u00e1nku, na kter\u00e9 se nach\u00e1z\u00ed va\u0161e osobn\u00ed \u00fadaje, postupujte n\u00e1sledovn\u011b: Va\u0161i \u017e\u00e1dost posoud\u00edme a o zp\u016fsobu jej\u00edho vy\u0159\u00edzen\u00ed v\u00e1s budeme informovat.<\/p>\n","protected":false},"author":22,"featured_media":0,"parent":0,"menu_order":10,"comment_status":"closed","ping_status":"closed","template":"page-sidemenu","meta":{"_acf_changed":false,"_relevanssi_hide_post":"","_relevanssi_hide_content":"","_relevanssi_pin_for_all":"","_relevanssi_pin_keywords":"","_relevanssi_unpin_keywords":"","_relevanssi_related_keywords":"","_relevanssi_related_include_ids":"","_relevanssi_related_exclude_ids":"","_relevanssi_related_no_append":"","_relevanssi_related_not_related":"","_relevanssi_related_posts":"","_relevanssi_noindex_reason":"","footnotes":""},"page_category":[14],"page_tag":[],"service_status_category":[],"class_list":["post-349","page","type-page","status-publish","hentry"],"acf":[],"lang":"cs","translations":{"cs":349},"pll_sync_post":[],"_links":{"self":[{"href":"https:\/\/o-seznam.cz\/napoveda\/vyhledavani\/wp-json\/wp\/v2\/pages\/349","targetHints":{"allow":["GET"]}}],"collection":[{"href":"https:\/\/o-seznam.cz\/napoveda\/vyhledavani\/wp-json\/wp\/v2\/pages"}],"about":[{"href":"https:\/\/o-seznam.cz\/napoveda\/vyhledavani\/wp-json\/wp\/v2\/types\/page"}],"author":[{"embeddable":true,"href":"https:\/\/o-seznam.cz\/napoveda\/vyhledavani\/wp-json\/wp\/v2\/users\/22"}],"replies":[{"embeddable":true,"href":"https:\/\/o-seznam.cz\/napoveda\/vyhledavani\/wp-json\/wp\/v2\/comments?post=349"}],"version-history":[{"count":5,"href":"https:\/\/o-seznam.cz\/napoveda\/vyhledavani\/wp-json\/wp\/v2\/pages\/349\/revisions"}],"predecessor-version":[{"id":2155,"href":"https:\/\/o-seznam.cz\/napoveda\/vyhledavani\/wp-json\/wp\/v2\/pages\/349\/revisions\/2155"}],"wp:attachment":[{"href":"https:\/\/o-seznam.cz\/napoveda\/vyhledavani\/wp-json\/wp\/v2\/media?parent=349"}],"wp:term":[{"taxonomy":"page_category","embeddable":true,"href":"https:\/\/o-seznam.cz\/napoveda\/vyhledavani\/wp-json\/wp\/v2\/page_category?post=349"},{"taxonomy":"page_tag","embeddable":true,"href":"https:\/\/o-seznam.cz\/napoveda\/vyhledavani\/wp-json\/wp\/v2\/page_tag?post=349"},{"taxonomy":"service_status_category","embeddable":true,"href":"https:\/\/o-seznam.cz\/napoveda\/vyhledavani\/wp-json\/wp\/v2\/service_status_category?post=349"}],"curies":[{"name":"wp","href":"https:\/\/api.w.org\/{rel}","templated":true}]}}