{"id":345,"date":"2024-09-25T12:40:22","date_gmt":"2024-09-25T10:40:22","guid":{"rendered":"https:\/\/o-seznam.cz\/napoveda\/vyhledavani\/?page_id=345"},"modified":"2024-10-21T13:14:01","modified_gmt":"2024-10-21T11:14:01","slug":"ochrana-vyhledavani","status":"publish","type":"page","link":"https:\/\/o-seznam.cz\/napoveda\/vyhledavani\/prubeh-vyhledavani\/ochrana-vyhledavani\/","title":{"rendered":"Ochrana vyhled\u00e1v\u00e1n\u00ed"},"content":{"rendered":"\n<p>Ov\u011b\u0159ovac\u00ed formul\u00e1\u0159 pro ochranu vyhled\u00e1v\u00e1n\u00ed se zobraz\u00ed v\u00a0p\u0159\u00edpadech, kdy je zaznamen\u00e1n zv\u00fd\u0161en\u00fd po\u010det dotaz\u016f z\u00a0jedn\u00e9 IP adresy. Pro pokra\u010dov\u00e1n\u00ed ve\u00a0vyhled\u00e1v\u00e1n\u00ed je pot\u0159eba, opsal po\u017eadovan\u00e9 znaky. Po spr\u00e1vn\u00e9m vypln\u011bn\u00ed formul\u00e1\u0159e prob\u011bhne \u017e\u00e1dan\u00e9 hled\u00e1n\u00ed a\u00a0do cookie prohl\u00ed\u017ee\u010de se ulo\u017e\u00ed informace, \u017ee formul\u00e1\u0159 byl ji\u017e vypln\u011bn. To zamez\u00ed op\u011btovn\u00e9mu ov\u011b\u0159ov\u00e1n\u00ed.<\/p>\n\n\n\n<p>Jedn\u00e1 se o&nbsp;<b>bezpe\u010dnostn\u00ed opat\u0159en\u00ed<\/b>, kter\u00e9 m\u00e1 za \u00fakol zabr\u00e1nit zneu\u017e\u00edv\u00e1n\u00ed vyhled\u00e1v\u00e1n\u00ed a&nbsp;jeho v\u00fdsledk\u016f.<\/p>\n\n\n\n<h4 class=\"wp-block-heading\">Podoba ov\u011brovac\u00edho formul\u00e1\u0159e<\/h4>\n\n\n\n<figure class=\"wp-block-image size-full is-style-default\"><img loading=\"lazy\" decoding=\"async\" width=\"707\" height=\"582\" src=\"https:\/\/o-seznam.cz\/napoveda\/vyhledavani\/wp-content\/uploads\/sites\/13\/2024\/09\/antidos.png\" alt=\"Ov\u011b\u0159en\u00ed u\u017eivatele\" class=\"wp-image-519\" srcset=\"https:\/\/o-seznam.cz\/napoveda\/vyhledavani\/wp-content\/uploads\/sites\/13\/2024\/09\/antidos.png 707w, https:\/\/o-seznam.cz\/napoveda\/vyhledavani\/wp-content\/uploads\/sites\/13\/2024\/09\/antidos-320x263.png 320w\" sizes=\"auto, (max-width: 707px) 100vw, 707px\" \/><\/figure>\n","protected":false},"excerpt":{"rendered":"<p>Ov\u011b\u0159ovac\u00ed formul\u00e1\u0159 pro ochranu vyhled\u00e1v\u00e1n\u00ed se zobraz\u00ed v\u00a0p\u0159\u00edpadech, kdy je zaznamen\u00e1n zv\u00fd\u0161en\u00fd po\u010det dotaz\u016f z\u00a0jedn\u00e9 IP adresy. Pro pokra\u010dov\u00e1n\u00ed ve\u00a0vyhled\u00e1v\u00e1n\u00ed je pot\u0159eba, opsal po\u017eadovan\u00e9 znaky. Po spr\u00e1vn\u00e9m vypln\u011bn\u00ed formul\u00e1\u0159e prob\u011bhne \u017e\u00e1dan\u00e9 hled\u00e1n\u00ed a\u00a0do cookie prohl\u00ed\u017ee\u010de se ulo\u017e\u00ed informace, \u017ee formul\u00e1\u0159 byl ji\u017e vypln\u011bn. To zamez\u00ed op\u011btovn\u00e9mu ov\u011b\u0159ov\u00e1n\u00ed. Jedn\u00e1 se o&nbsp;bezpe\u010dnostn\u00ed opat\u0159en\u00ed, kter\u00e9 m\u00e1 za \u00fakol [&hellip;]<\/p>\n","protected":false},"author":22,"featured_media":0,"parent":331,"menu_order":0,"comment_status":"closed","ping_status":"closed","template":"page-sidemenu","meta":{"_acf_changed":false,"_relevanssi_hide_post":"","_relevanssi_hide_content":"","_relevanssi_pin_for_all":"","_relevanssi_pin_keywords":"","_relevanssi_unpin_keywords":"","_relevanssi_related_keywords":"","_relevanssi_related_include_ids":"","_relevanssi_related_exclude_ids":"","_relevanssi_related_no_append":"","_relevanssi_related_not_related":"","_relevanssi_related_posts":"","_relevanssi_noindex_reason":"","footnotes":""},"page_category":[14],"page_tag":[],"service_status_category":[],"class_list":["post-345","page","type-page","status-publish","hentry"],"acf":[],"lang":"cs","translations":{"cs":345},"pll_sync_post":[],"_links":{"self":[{"href":"https:\/\/o-seznam.cz\/napoveda\/vyhledavani\/wp-json\/wp\/v2\/pages\/345","targetHints":{"allow":["GET"]}}],"collection":[{"href":"https:\/\/o-seznam.cz\/napoveda\/vyhledavani\/wp-json\/wp\/v2\/pages"}],"about":[{"href":"https:\/\/o-seznam.cz\/napoveda\/vyhledavani\/wp-json\/wp\/v2\/types\/page"}],"author":[{"embeddable":true,"href":"https:\/\/o-seznam.cz\/napoveda\/vyhledavani\/wp-json\/wp\/v2\/users\/22"}],"replies":[{"embeddable":true,"href":"https:\/\/o-seznam.cz\/napoveda\/vyhledavani\/wp-json\/wp\/v2\/comments?post=345"}],"version-history":[{"count":7,"href":"https:\/\/o-seznam.cz\/napoveda\/vyhledavani\/wp-json\/wp\/v2\/pages\/345\/revisions"}],"predecessor-version":[{"id":524,"href":"https:\/\/o-seznam.cz\/napoveda\/vyhledavani\/wp-json\/wp\/v2\/pages\/345\/revisions\/524"}],"up":[{"embeddable":true,"href":"https:\/\/o-seznam.cz\/napoveda\/vyhledavani\/wp-json\/wp\/v2\/pages\/331"}],"wp:attachment":[{"href":"https:\/\/o-seznam.cz\/napoveda\/vyhledavani\/wp-json\/wp\/v2\/media?parent=345"}],"wp:term":[{"taxonomy":"page_category","embeddable":true,"href":"https:\/\/o-seznam.cz\/napoveda\/vyhledavani\/wp-json\/wp\/v2\/page_category?post=345"},{"taxonomy":"page_tag","embeddable":true,"href":"https:\/\/o-seznam.cz\/napoveda\/vyhledavani\/wp-json\/wp\/v2\/page_tag?post=345"},{"taxonomy":"service_status_category","embeddable":true,"href":"https:\/\/o-seznam.cz\/napoveda\/vyhledavani\/wp-json\/wp\/v2\/service_status_category?post=345"}],"curies":[{"name":"wp","href":"https:\/\/api.w.org\/{rel}","templated":true}]}}