{"id":339,"date":"2024-09-25T12:21:38","date_gmt":"2024-09-25T10:21:38","guid":{"rendered":"https:\/\/o-seznam.cz\/napoveda\/vyhledavani\/?page_id=339"},"modified":"2024-10-21T13:14:06","modified_gmt":"2024-10-21T11:14:06","slug":"pokrocile-vyhledavani","status":"publish","type":"page","link":"https:\/\/o-seznam.cz\/napoveda\/vyhledavani\/prubeh-vyhledavani\/pokrocile-vyhledavani\/","title":{"rendered":"Pokro\u010dil\u00e9 vyhled\u00e1v\u00e1n\u00ed"},"content":{"rendered":"\n<p>Oper\u00e1tory jsou speci\u00e1ln\u00ed p\u0159\u00edkazy, kter\u00e9 up\u0159es\u0148uj\u00ed parametry&nbsp;hled\u00e1n\u00ed p\u0159\u00edmo v&nbsp;b\u011b\u017en\u00e9m hledac\u00edm poli. Jsou u\u017eite\u010dn\u00e9, pokud chcete:<\/p>\n\n\n\n<ul class=\"wp-block-list\">\n<li><b>up\u0159esnit z\u00e1m\u011br dotazu<\/b>, nap\u0159. hled\u00e1n\u00ed <b>doslovn\u00e9ho v\u00fdskytu slov<\/b> \u010di sd\u011blit <b>nep\u0159\u00edtomnost slov<\/b>.<\/li>\n\n\n\n<li>zvolit, <b>kde se m\u00e1 zadan\u00e9 slovo nach\u00e1zet<\/b> &#8211; v&nbsp;titulku str\u00e1nky, v&nbsp;URL adrese nebo v&nbsp;textu str\u00e1nky.<\/li>\n\n\n\n<li>zvolit <b>jazyk<\/b> str\u00e1nek nebo <b>dom\u00e9nu<\/b>, na kter\u00e9 se m\u00e1 hledat, \u010di naopak vybranou dom\u00e9nu z&nbsp;hled\u00e1n\u00ed <b>vylou\u010dit<\/b>.<\/li>\n\n\n\n<li>omezit <b>druhy dokument\u016f<\/b>, kter\u00e9 se maj\u00ed prohled\u00e1vat.<\/li>\n\n\n\n<li>zjistit, jestli se <b>dokument nach\u00e1z\u00ed<\/b> v&nbsp;indexu.<\/li>\n<\/ul>\n\n\n\n<h2 class=\"wp-block-heading\">V\u00fdznam a&nbsp;pou\u017eit\u00ed oper\u00e1tor\u016f<\/h2>\n\n\n\n<h3 class=\"wp-block-heading\" id=\"fraze\">uvozovky (&#8222;&#8220;)<\/h3>\n\n\n\n<p>Uvozovky se pou\u017e\u00edvaj\u00ed k&nbsp;vyhled\u00e1n\u00ed p\u0159esn\u00e9 fr\u00e1ze. Str\u00e1nka, kter\u00e1 se na takto polo\u017een\u00fd dotaz vyhled\u00e1, obsahuje v\u0161echna uveden\u00e1 slova v&nbsp;zadan\u00e9m tvaru i&nbsp;po\u0159ad\u00ed t\u011bsn\u011b u&nbsp;sebe. Jako fr\u00e1zi lze zadat i&nbsp;jedin\u00e9 slovo, kter\u00e9 bude vyhled\u00e1no pouze v&nbsp;zadan\u00e9m tvaru (bez sklo\u0148ov\u00e1n\u00ed).<\/p>\n\n\n\n<h3 class=\"wp-block-heading\" id=\"not\">not:<\/h3>\n\n\n\n<p>Oper\u00e1tor <b>not:<\/b> slou\u017e\u00ed k&nbsp;odfiltrov\u00e1n\u00ed str\u00e1nek obsahuj\u00edc\u00edch ur\u010dit\u00fd v\u00fdraz. Lze jej pou\u017e\u00edt pouze v&nbsp;kombinaci s&nbsp;jin\u00fdm hledan\u00fdm slovem. Oper\u00e1tor not: se zapisuje bez mezery p\u0159\u00edmo p\u0159ed zvolen\u00e9 slovo dotazu.<\/p>\n\n\n\n<h3 class=\"wp-block-heading\" id=\"intitle\">intitle:<\/h3>\n\n\n\n<p>Oper\u00e1tor <b>intitle:<\/b> slou\u017e\u00ed k\u00a0vyhled\u00e1n\u00ed zadan\u00fdch slov p\u0159ednostn\u011b v\u00a0<a href=\"..\/..\/optimalizace\/optimalizacni-minimum\/#titulek\">titulku str\u00e1nky<\/a>. Pokud chcete pou\u017e\u00edt v\u00edce slov, kter\u00e1 by se m\u011bla v\u00a0titulku naj\u00edt, je pot\u0159eba oper\u00e1tor intitle: zopakovat.<\/p>\n\n\n\n<h3 class=\"wp-block-heading\" id=\"inurl\">inurl:<\/h3>\n\n\n\n<p>Oper\u00e1tor <b>inurl:<\/b> se pou\u017e\u00edv\u00e1 pro vyhled\u00e1n\u00ed zadan\u00fdch slov p\u0159ednostn\u011b v&nbsp;URL str\u00e1nky.<\/p>\n\n\n\n<h3 class=\"wp-block-heading\" id=\"intext\">intext:<\/h3>\n\n\n\n<p>Oper\u00e1tor <b>intext:<\/b> slou\u017e\u00ed k&nbsp;vyhled\u00e1n\u00ed zadan\u00e9ho slova p\u0159ednostn\u011b v&nbsp;obsahu str\u00e1nky.<\/p>\n\n\n\n<h3 class=\"wp-block-heading\" id=\"lang\">lang:<\/h3>\n\n\n\n<p>Oper\u00e1tor <b>lang:<\/b> umo\u017e\u0148uje omezit vyhled\u00e1v\u00e1n\u00ed pouze na dokumenty v&nbsp;zadan\u00e9m jazyce. Pomoc\u00ed tohoto oper\u00e1toru lze nal\u00e9zt pouze dokumenty, u&nbsp;kter\u00fdch m\u016f\u017eeme jednozna\u010dn\u011b ur\u010dit jedin\u00fd hlavn\u00ed jazyk.<\/p>\n\n\n\n<h3 class=\"wp-block-heading\" id=\"site\">site:<\/h3>\n\n\n\n<p>Oper\u00e1tor <b>site:<\/b> slou\u017e\u00ed k omezen\u00ed vyhled\u00e1v\u00e1n\u00ed na zaindexovan\u00e9 str\u00e1nky ze zadan\u00e9 dom\u00e9ny (v\u010detn\u011b subdom\u00e9n). Pou\u017e\u00edt se d\u00e1 s&nbsp;dotazem i&nbsp;bez dotazu, s&nbsp;jednou i v\u00edce dom\u00e9nami. V\u00edce dom\u00e9n mus\u00ed b\u00fdt odd\u011bleno \u010d\u00e1rkou.<\/p>\n\n\n\n<h3 class=\"wp-block-heading\" id=\"notsite\">notsite:<\/h3>\n\n\n\n<p>Oper\u00e1tor <b>notsite:<\/b> vyhled\u00e1 v\u0161e, krom\u011b str\u00e1nek ze zadan\u00e9 dom\u00e9ny. Jeho pou\u017eit\u00ed je stejn\u00e9 jako pou\u017eit\u00ed oper\u00e1toru <a href=\"#site\">site:<\/a>.<\/p>\n\n\n\n<h3 class=\"wp-block-heading\" id=\"host\">host:<\/h3>\n\n\n\n<p>Oper\u00e1tor <b>host:<\/b> je velmi podobn\u00fd oper\u00e1toru <i>site:<\/i>. Tak\u00e9 slou\u017e\u00ed k&nbsp;zobrazen\u00ed zaindexovan\u00fdch str\u00e1nek pro jednu vybranou dom\u00e9nu. Narozd\u00edl od oper\u00e1toru <i>site:<\/i> ale neroz\u0161i\u0159uje dotaz na p\u0159\u00edpadn\u00e9 subdom\u00e9ny.<\/p>\n\n\n\n<h3 class=\"wp-block-heading\" id=\"nothost\">nothost:<\/h3>\n\n\n\n<p>Oper\u00e1tor <b>nothost:<\/b> vyhled\u00e1 v\u0161echny str\u00e1nky krom\u011b zadan\u00e9 dom\u00e9ny. Jeho pou\u017eit\u00ed je stejn\u00e9 jako pou\u017eit\u00ed oper\u00e1toru <a href=\".#host\">host:<\/a>.<\/p>\n\n\n\n<h3 class=\"wp-block-heading\" id=\"filetype\">filetype:<\/h3>\n\n\n\n<p>Oper\u00e1tor <b>filetype:<\/b> umo\u017e\u0148uje filtrovat vyhled\u00e1van\u00e9 dokumenty podle jejich form\u00e1tu (standardn\u011b se vyhled\u00e1v\u00e1 ve v\u0161ech typech form\u00e1t\u016f). Omezit vyhled\u00e1v\u00e1n\u00ed lze na n\u00e1sleduj\u00edc\u00ed form\u00e1ty: <b>html<\/b>, <b>doc<\/b>, <b>rtf<\/b>, <b>pdf<\/b>, <b>ppt<\/b> a&nbsp;<b>txt<\/b>.<\/p>\n\n\n\n<div class=\"wp-block-seznam-box is-layout-flow wp-block-seznam-box-is-layout-flow\">\n<h2 class=\"wp-block-heading\">Tip<\/h2>\n\n\n\n<p>Pokud chcete vybrat v\u00edce form\u00e1t\u016f dokument\u016f, kter\u00e9 se maj\u00ed prohled\u00e1vat, pou\u017eijte \u010d\u00e1rku jako odd\u011blova\u010d mezi jednotliv\u00fdmi typy dokument\u016f, nap\u0159. dotaz &#8222;<i>borovice <b>filetype<\/b>:doc,pdf,rtf,ppt<\/i>&#8220; vyhled\u00e1 dokumenty ve form\u00e1tu <i>doc, pdf, rtf a&nbsp;ppt<\/i>, kter\u00e9 obsahuj\u00edc\u00ed slovo <i>borovice<\/i>.<\/p>\n<\/div>\n\n\n\n<div class=\"wp-block-seznam-box is-layout-flow wp-block-seznam-box-is-layout-flow\">\n<h2 class=\"wp-block-heading\">Pozor<\/h2>\n\n\n\n<p>Oper\u00e1torem <i>filetype<\/i> lze naj\u00edt pouze typy soubor\u016f, kter\u00e9 vyhled\u00e1va\u010d Seznamu standardn\u011b indexuje (<i>html str\u00e1nky<\/i> a&nbsp;dokumenty ve form\u00e1tu <i>pdf, doc a&nbsp;rtf, txt a&nbsp;ppt<\/i>). Nelze vyhled\u00e1vat soubory, kter\u00e9 nemaj\u00ed textov\u00fd obsah, nap\u0159. soubory ve form\u00e1tu <i>jpg<\/i>.<\/p>\n<\/div>\n\n\n\n<h3 class=\"wp-block-heading\" id=\"info\">info:<\/h3>\n\n\n\n<p>Tento oper\u00e1tor slou\u017e\u00ed ke zji\u0161t\u011bn\u00ed, jestli je dokument ve vyhled\u00e1vac\u00ed datab\u00e1zi. Sta\u010d\u00ed za dvojte\u010dku napsat URL adresu dokumentu.<\/p>\n\n\n\n<h2 class=\"wp-block-heading\">P\u0159\u00edklady pou\u017eit\u00ed jednotliv\u00fdch oper\u00e1tor\u016f a jejich kombinace<\/h2>\n\n\n\n<figure class=\"wp-block-table\"><table><thead><tr><th>Pou\u017eit\u00ed oper\u00e1toru<\/th><th>V\u00fdznam<\/th><\/tr><\/thead><tbody><tr><td><mark style=\"background-color:rgba(0, 0, 0, 0)\" class=\"has-inline-color has-neutral-60-color\">&#8222;<\/mark>najdu tam co hled\u00e1m<mark style=\"background-color:rgba(0, 0, 0, 0)\" class=\"has-inline-color has-neutral-60-color\">&#8222;<\/mark><\/td><td>Vyhled\u00e1 str\u00e1nky, kter\u00e9 obsahuj\u00ed text ve stejn\u00e9m zn\u011bn\u00ed, jako zadan\u00fd dotaz.<\/td><\/tr><tr><td><mark style=\"background-color:rgba(0, 0, 0, 0)\" class=\"has-inline-color has-neutral-60-color\">&#8222;<\/mark>autem<mark style=\"background-color:rgba(0, 0, 0, 0)\" class=\"has-inline-color has-neutral-60-color\">&#8222;<\/mark><\/td><td>Vyhled\u00e1 slovo v&nbsp;zadan\u00e9m tvaru.<\/td><\/tr><tr><td>\u010do\u010dka <b><mark style=\"background-color:rgba(0, 0, 0, 0)\" class=\"has-inline-color has-neutral-60-color\">not:<\/mark><\/b>kontaktn\u00ed<\/td><td>Vyhled\u00e1 v\u0161echny str\u00e1nky obsahuj\u00edc\u00ed slovo <i>\u010do\u010dka<\/i>, ale nezobraz\u00ed str\u00e1nky obsahuj\u00edc\u00ed slovo kontaktn\u00ed.<\/td><\/tr><tr><td><mark style=\"background-color:rgba(0, 0, 0, 0)\" class=\"has-inline-color has-neutral-60-color\">intitle:<\/mark>seznam<\/td><td>Vyhled\u00e1 slovo <i>seznam<\/i> v&nbsp;titulku str\u00e1nky.<\/td><\/tr><tr><td><b><mark style=\"background-color:rgba(0, 0, 0, 0)\" class=\"has-inline-color has-neutral-60-color\">intitle:<\/mark><\/b>seznam <mark style=\"background-color:rgba(0, 0, 0, 0)\" class=\"has-inline-color has-neutral-60-color\">intitle:<\/mark>n\u00e1pov\u011bda<\/td><td>Vyhled\u00e1 slova <i>seznam<\/i> a&nbsp;<i>n\u00e1pov\u011bda<\/i> v&nbsp;titulku str\u00e1nky.<\/td><\/tr><tr><td><b><mark style=\"background-color:rgba(0, 0, 0, 0)\" class=\"has-inline-color has-neutral-60-color\">inurl:<\/mark><\/b>fulltext<\/td><td>Vyhled\u00e1 slovo <i>fulltext<\/i> v&nbsp;URL str\u00e1nky.<\/td><\/tr><tr><td><b><mark style=\"background-color:rgba(0, 0, 0, 0)\" class=\"has-inline-color has-neutral-60-color\">inurl:<\/mark><\/b>fulltext,napoveda<\/td><td>Vyhled\u00e1 slova <i>fulltext<\/i> a&nbsp;<i>n\u00e1pov\u011bda<\/i> obsa\u017een\u00e1 v&nbsp;URL.<\/td><\/tr><tr><td><b><mark style=\"background-color:rgba(0, 0, 0, 0)\" class=\"has-inline-color has-neutral-60-color\">intext:<\/mark><\/b>n\u00e1pov\u011bda<\/td><td>Vyhled\u00e1 slovo <i>n\u00e1pov\u011bda<\/i> v&nbsp;obsahu str\u00e1nky.<\/td><\/tr><tr><td>cars <b><mark style=\"background-color:rgba(0, 0, 0, 0)\" class=\"has-inline-color has-neutral-60-color\">lang:<\/mark><\/b>cs<\/td><td>Vyhled\u00e1 dokumenty, kter\u00e9 obsahuj\u00ed v\u00fdraz <i>cars<\/i> a&nbsp;z\u00e1rove\u0148 maj\u00ed detekovanou pouze <i>\u010de\u0161tinu<\/i><br> \u2013 do v\u00fdsledk\u016f nebudou zahrnuty cizojazy\u010dn\u00e9 ani v\u00edcejazy\u010dn\u00e9 dokumenty.<\/td><\/tr><tr><td><b><mark style=\"background-color:rgba(0, 0, 0, 0)\" class=\"has-inline-color has-neutral-60-color\">site:<\/mark><\/b>seznam.cz<\/td><td>Vyp\u00ed\u0161e v\u0161echny str\u00e1nky z&nbsp;dom\u00e9ny <i>seznam.cz<\/i> a&nbsp;v\u0161ech jej\u00edch subdom\u00e9n (nap\u0159. <i>napoveda.seznam.cz<\/i>).<\/td><\/tr><tr><td><b><mark style=\"background-color:rgba(0, 0, 0, 0)\" class=\"has-inline-color has-neutral-60-color\">site:<\/mark><\/b>napoveda.seznam.cz<\/td><td>Vyhled\u00e1 v\u0161echny str\u00e1nky na subdom\u00e9n\u011b <i>napoveda.seznam.cz<\/i>, ale u\u017e ne na dom\u00e9n\u011b a&nbsp;ostatn\u00ed subdom\u00e9n\u00e1ch.<\/td><\/tr><tr><td>sklik <b><mark style=\"background-color:rgba(0, 0, 0, 0)\" class=\"has-inline-color has-neutral-60-color\">site:<\/mark><\/b>seznam.cz<\/td><td>Vyhled\u00e1 str\u00e1nky z&nbsp;dom\u00e9ny <i>seznam.cz<\/i> obsahuj\u00edc\u00ed slovo <i>sklik<\/i> a&nbsp;se\u0159ad\u00ed je podle relevance vzhledem k&nbsp;hledan\u00e9mu textu.<\/td><\/tr><tr><td><b><mark style=\"background-color:rgba(0, 0, 0, 0)\" class=\"has-inline-color has-neutral-60-color\">site:<\/mark><\/b>novinky.cz,lidovky.cz prezident<\/td><td>Vyhled\u00e1 slovo prezident pouze na zvolen\u00fdch dom\u00e9n\u00e1ch.<\/td><\/tr><tr><td>prezident<b> <mark style=\"background-color:rgba(0, 0, 0, 0)\" class=\"has-inline-color has-neutral-60-color\">site:<\/mark><\/b>novinky.cz <b><mark style=\"background-color:rgba(0, 0, 0, 0)\" class=\"has-inline-color has-neutral-60-color\">site:<\/mark><\/b>lidovky.cz<\/td><td>Jin\u00fd zp\u016fsob z\u00e1pisu v\u00edce dom\u00e9n, vyhled\u00e1 slovo prezident pouze na zvolen\u00fdch dom\u00e9n\u00e1ch.<\/td><\/tr><tr><td><b><mark style=\"background-color:rgba(0, 0, 0, 0)\" class=\"has-inline-color has-neutral-60-color\">host:<\/mark><\/b>seznam.cz<\/td><td>Vyhled\u00e1 v\u0161echny str\u00e1nky na <i>seznam.cz<\/i> (p\u0159\u00edpadn\u011b na <i>www.seznam.cz<\/i>), ale nebude prohled\u00e1vat subdom\u00e9ny.<\/td><\/tr><tr><td><b><mark style=\"background-color:rgba(0, 0, 0, 0)\" class=\"has-inline-color has-neutral-60-color\">host:<\/mark><\/b>napoveda.seznam.cz<\/td><td>Chov\u00e1 se v&nbsp;podstat\u011b stejn\u011b jako site:napoveda.seznam.cz, tzn. vyhled\u00e1 str\u00e1nky pouze ze zadan\u00e9 subdom\u00e9ny.<\/td><\/tr><tr><td>borovice<mark style=\"background-color:rgba(0, 0, 0, 0)\" class=\"has-inline-color has-neutral-60-color\"> <b>filetype:<\/b><\/mark>doc<\/td><td>Vyhled\u00e1 dokumenty ve form\u00e1tu <i>doc<\/i> obsahuj\u00edc\u00ed slovo <i>borovice<\/i>.<\/td><\/tr><tr><td>borovice <b><mark style=\"background-color:rgba(0, 0, 0, 0)\" class=\"has-inline-color has-neutral-60-color\">filetype:<\/mark><\/b>pdf <mark style=\"background-color:rgba(0, 0, 0, 0)\" class=\"has-inline-color has-neutral-60-color\">site:<\/mark>sofronka.cz<\/td><td>Vyhled\u00e1 dokumenty ve form\u00e1tu <i>pdf<\/i> obsahuj\u00edc\u00ed slovo <i>borovice<\/i>, kter\u00e9 se nach\u00e1zej\u00ed na dom\u00e9n\u011b sofronka.cz.<\/td><\/tr><tr><td><b><mark style=\"background-color:rgba(0, 0, 0, 0)\" class=\"has-inline-color has-neutral-60-color\">filetype:<\/mark><\/b>pdf site:sofronka.cz<\/td><td>Vyhled\u00e1 v\u0161echny dokumenty ve form\u00e1tu <i>pdf<\/i> na dom\u00e9n\u011b <i>sofronka.cz<\/i>.<\/td><\/tr><tr><td><b><mark style=\"background-color:rgba(0, 0, 0, 0)\" class=\"has-inline-color has-neutral-60-color\">info:<\/mark><\/b>http:\/\/www.root.cz\/<\/td><td>Pokud je dokument ve vyhled\u00e1v\u00e1n\u00ed, zobraz\u00ed se jako v\u00fdsledek vyhled\u00e1v\u00e1n\u00ed.<\/td><\/tr><tr><td>rod<b>,<\/b> pinus <b><mark style=\"background-color:rgba(0, 0, 0, 0)\" class=\"has-inline-color has-neutral-60-color\">&#8222;<\/mark><\/b>borovice lesn\u00ed<b><mark style=\"background-color:rgba(0, 0, 0, 0)\" class=\"has-inline-color has-neutral-60-color\">&#8222;<\/mark><\/b> <b><mark style=\"background-color:rgba(0, 0, 0, 0)\" class=\"has-inline-color has-neutral-60-color\">site:<\/mark><\/b>sofronka.cz <b><mark style=\"background-color:rgba(0, 0, 0, 0)\" class=\"has-inline-color has-neutral-60-color\">filetype:<\/mark><\/b>pdf<\/td><td>Vyhled\u00e1 pouze dokumenty ve form\u00e1tu <i>pdf<\/i>, kter\u00e9 se nach\u00e1zej\u00ed na dom\u00e9n\u011b <i>sofronka.cz<\/i>, obsahuj\u00ed p\u0159esnou fr\u00e1zi <i>borovice lesn\u00ed.<\/i><\/td><\/tr><\/tbody><\/table><\/figure>\n","protected":false},"excerpt":{"rendered":"<p>Oper\u00e1tory jsou speci\u00e1ln\u00ed p\u0159\u00edkazy, kter\u00e9 up\u0159es\u0148uj\u00ed parametry&nbsp;hled\u00e1n\u00ed p\u0159\u00edmo v&nbsp;b\u011b\u017en\u00e9m hledac\u00edm poli. Jsou u\u017eite\u010dn\u00e9, pokud chcete: V\u00fdznam a&nbsp;pou\u017eit\u00ed oper\u00e1tor\u016f uvozovky (&#8222;&#8220;) Uvozovky se pou\u017e\u00edvaj\u00ed k&nbsp;vyhled\u00e1n\u00ed p\u0159esn\u00e9 fr\u00e1ze. Str\u00e1nka, kter\u00e1 se na takto polo\u017een\u00fd dotaz vyhled\u00e1, obsahuje v\u0161echna uveden\u00e1 slova v&nbsp;zadan\u00e9m tvaru i&nbsp;po\u0159ad\u00ed t\u011bsn\u011b u&nbsp;sebe. Jako fr\u00e1zi lze zadat i&nbsp;jedin\u00e9 slovo, kter\u00e9 bude vyhled\u00e1no pouze v&nbsp;zadan\u00e9m tvaru [&hellip;]<\/p>\n","protected":false},"author":22,"featured_media":0,"parent":331,"menu_order":0,"comment_status":"closed","ping_status":"closed","template":"page-sidemenu","meta":{"_acf_changed":false,"_relevanssi_hide_post":"","_relevanssi_hide_content":"","_relevanssi_pin_for_all":"","_relevanssi_pin_keywords":"","_relevanssi_unpin_keywords":"","_relevanssi_related_keywords":"","_relevanssi_related_include_ids":"","_relevanssi_related_exclude_ids":"","_relevanssi_related_no_append":"","_relevanssi_related_not_related":"","_relevanssi_related_posts":"","_relevanssi_noindex_reason":"","footnotes":""},"page_category":[14],"page_tag":[],"service_status_category":[],"class_list":["post-339","page","type-page","status-publish","hentry"],"acf":[],"lang":"cs","translations":{"cs":339},"pll_sync_post":[],"_links":{"self":[{"href":"https:\/\/o-seznam.cz\/napoveda\/vyhledavani\/wp-json\/wp\/v2\/pages\/339","targetHints":{"allow":["GET"]}}],"collection":[{"href":"https:\/\/o-seznam.cz\/napoveda\/vyhledavani\/wp-json\/wp\/v2\/pages"}],"about":[{"href":"https:\/\/o-seznam.cz\/napoveda\/vyhledavani\/wp-json\/wp\/v2\/types\/page"}],"author":[{"embeddable":true,"href":"https:\/\/o-seznam.cz\/napoveda\/vyhledavani\/wp-json\/wp\/v2\/users\/22"}],"replies":[{"embeddable":true,"href":"https:\/\/o-seznam.cz\/napoveda\/vyhledavani\/wp-json\/wp\/v2\/comments?post=339"}],"version-history":[{"count":35,"href":"https:\/\/o-seznam.cz\/napoveda\/vyhledavani\/wp-json\/wp\/v2\/pages\/339\/revisions"}],"predecessor-version":[{"id":1404,"href":"https:\/\/o-seznam.cz\/napoveda\/vyhledavani\/wp-json\/wp\/v2\/pages\/339\/revisions\/1404"}],"up":[{"embeddable":true,"href":"https:\/\/o-seznam.cz\/napoveda\/vyhledavani\/wp-json\/wp\/v2\/pages\/331"}],"wp:attachment":[{"href":"https:\/\/o-seznam.cz\/napoveda\/vyhledavani\/wp-json\/wp\/v2\/media?parent=339"}],"wp:term":[{"taxonomy":"page_category","embeddable":true,"href":"https:\/\/o-seznam.cz\/napoveda\/vyhledavani\/wp-json\/wp\/v2\/page_category?post=339"},{"taxonomy":"page_tag","embeddable":true,"href":"https:\/\/o-seznam.cz\/napoveda\/vyhledavani\/wp-json\/wp\/v2\/page_tag?post=339"},{"taxonomy":"service_status_category","embeddable":true,"href":"https:\/\/o-seznam.cz\/napoveda\/vyhledavani\/wp-json\/wp\/v2\/service_status_category?post=339"}],"curies":[{"name":"wp","href":"https:\/\/api.w.org\/{rel}","templated":true}]}}