{"id":331,"date":"2024-09-25T12:13:01","date_gmt":"2024-09-25T10:13:01","guid":{"rendered":"https:\/\/o-seznam.cz\/napoveda\/vyhledavani\/?page_id=331"},"modified":"2024-11-18T13:45:21","modified_gmt":"2024-11-18T12:45:21","slug":"prubeh-vyhledavani","status":"publish","type":"page","link":"https:\/\/o-seznam.cz\/napoveda\/vyhledavani\/prubeh-vyhledavani\/","title":{"rendered":"Pr\u016fb\u011bh vyhled\u00e1v\u00e1n\u00ed"},"content":{"rendered":"\n<p class=\"is-style-link-external\">Za\u010d\u00edt m\u016f\u017eete zad\u00e1n\u00edm dotazu do vyhled\u00e1vac\u00edho pole na <a href=\"https:\/\/www.seznam.cz\/\">domovsk\u00e9 str\u00e1nce Seznamu<\/a>, nebo na speci\u00e1ln\u00ed str\u00e1nce pro vyhled\u00e1v\u00e1n\u00ed <a href=\"https:\/\/search.seznam.cz\/\">search.seznam.cz<\/a>.<\/p>\n\n\n\n<figure class=\"wp-block-image aligncenter size-full\"><img loading=\"lazy\" decoding=\"async\" width=\"796\" height=\"119\" src=\"https:\/\/o-seznam.cz\/napoveda\/vyhledavani\/wp-content\/uploads\/sites\/13\/2024\/09\/hledaci-pole-hp.png\" alt=\"Vyhled\u00e1vac\u00ed pole na hlavn\u00ed str\u00e1nce Seznam.cz\" class=\"wp-image-595\" srcset=\"https:\/\/o-seznam.cz\/napoveda\/vyhledavani\/wp-content\/uploads\/sites\/13\/2024\/09\/hledaci-pole-hp.png 796w, https:\/\/o-seznam.cz\/napoveda\/vyhledavani\/wp-content\/uploads\/sites\/13\/2024\/09\/hledaci-pole-hp-320x48.png 320w, https:\/\/o-seznam.cz\/napoveda\/vyhledavani\/wp-content\/uploads\/sites\/13\/2024\/09\/hledaci-pole-hp-768x115.png 768w\" sizes=\"auto, (max-width: 796px) 100vw, 796px\" \/><figcaption class=\"wp-element-caption\">Vyhled\u00e1vac\u00ed pole na hlavn\u00ed str\u00e1nce Seznam.cz<\/figcaption><\/figure>\n\n\n\n<figure class=\"wp-block-image aligncenter size-full\"><img loading=\"lazy\" decoding=\"async\" width=\"660\" height=\"269\" src=\"https:\/\/o-seznam.cz\/napoveda\/vyhledavani\/wp-content\/uploads\/sites\/13\/2024\/09\/search-seznam.png\" alt=\"Vyhled\u00e1vac\u00ed pole na search.seznam.cz\" class=\"wp-image-594\" srcset=\"https:\/\/o-seznam.cz\/napoveda\/vyhledavani\/wp-content\/uploads\/sites\/13\/2024\/09\/search-seznam.png 660w, https:\/\/o-seznam.cz\/napoveda\/vyhledavani\/wp-content\/uploads\/sites\/13\/2024\/09\/search-seznam-320x130.png 320w\" sizes=\"auto, (max-width: 660px) 100vw, 660px\" \/><figcaption class=\"wp-element-caption\">Vyhled\u00e1vac\u00ed pole na str\u00e1nce search.seznam.cz<\/figcaption><\/figure>\n\n\n\n<p>Do vyhled\u00e1vac\u00edho pole zadejte dotaz, kter\u00fd nejl\u00e9pe vystihuje to, co hled\u00e1te. Dotaz ode\u0161lete stisknut\u00edm kl\u00e1vesy <i>Enter<\/i> nebo kliknut\u00edm na tla\u010d\u00edtko <i>Vyhledat\/Lupu<\/i>. B\u011bhem zad\u00e1v\u00e1n\u00ed dotazu se pod vyhled\u00e1vac\u00edm polem zobraz\u00ed nab\u00eddka roz\u0161\u00ed\u0159en\u00fdch v\u00fdraz\u016f, tzv. <a href=\"#naseptavac\">na\u0161ept\u00e1va\u010d<\/a>.<\/p>\n\n\n\n<p>P\u0159ed vlastn\u00edm hled\u00e1n\u00edm se automaticky provede roz\u0161\u00ed\u0159en\u00ed dotazu o&nbsp;z\u00e1kladn\u00ed a&nbsp;odvozen\u00e9 tvary zadan\u00fdch slov. Pro hled\u00e1n\u00ed v&nbsp;indexu se pak pou\u017eije jak v\u00e1mi zadan\u00fd tvar slova, tak v\u0161echny jeho ostatn\u00ed tvary (nap\u0159. <i>auto<\/i> se roz\u0161\u00ed\u0159\u00ed na <i>autem, aut, auty<\/i> aj.). Nen\u00ed tedy pot\u0159eba zad\u00e1vat v\u0161echny mo\u017en\u00e9 tvary slova. P\u016fvodn\u011b zadan\u00fd tvar je ov\u0161em p\u0159i hled\u00e1n\u00ed up\u0159ednostn\u011bn oproti tvar\u016fm automaticky dopln\u011bn\u00fdm.<\/p>\n\n\n\n<p>Dotaz s p\u0159eklepem nebo dotaz nestandardn\u011b zapsan\u00fd m\u016f\u017ee b\u00fdt vyhodnocen bu\u010f jako <a href=\"#navrh-opravy\">n\u00e1vrh opravy p\u0159eklepu<\/a>, nebo jako <a href=\"#automaticka-oprava\">automatick\u00e1 oprava p\u0159eklepu<\/a>. D\u00e1le se ve v\u00fdsledc\u00edch m\u016f\u017eete potkat s dotazy, kter\u00e9 souvisej\u00ed s v\u00e1mi zadan\u00fdm dotazem, a to ve dvou form\u00e1ch &#8211; na <a href=\"#souvisejici-dotazy\">konci str\u00e1nky<\/a> nebo p\u0159\u00edmo pod <a href=\"#zajem\">konkr\u00e9tn\u00edm v\u00fdsledkem<\/a>.<\/p>\n\n\n\n<p>Po roz\u0161\u00ed\u0159en\u00ed dotazu vyhled\u00e1va\u010d vyhled\u00e1 k&nbsp;n\u011bmu nejrelevantn\u011bj\u0161\u00ed dokumenty a&nbsp;sestav\u00ed str\u00e1nku s&nbsp;<a href=\"..\/vysledky-vyhledavani\/\" data-type=\"page\" data-id=\"260\">v\u00fdsledky vyhled\u00e1v\u00e1n\u00ed<\/a>. Pokud chcete dotazy kombinovat \u010di hledat jen v&nbsp;ur\u010dit\u00fdch \u010d\u00e1stech str\u00e1nky, m\u016f\u017eete k&nbsp;tomu pou\u017e\u00edt&nbsp;<a href=\"..\/prubeh-vyhledavani\/pokrocile-vyhledavani\/\" data-type=\"page\" data-id=\"339\">vyhled\u00e1vac\u00ed oper\u00e1tory<\/a>.<\/p>\n\n\n\n<p>Ka\u017ed\u00e1 str\u00e1nka s v\u00fdsledky vyhled\u00e1v\u00e1n\u00ed obsahuje n\u011bkolik z\u00e1kladn\u00edch <a href=\"#parametry\">parametr\u016f<\/a> v URL.<\/p>\n\n\n\n<h2 class=\"wp-block-heading\" id=\"naseptavac\">Na\u0161ept\u00e1va\u010d<\/h2>\n\n\n\n<p>Navrhovan\u00e9 v\u00fdrazy, kter\u00e9 se v na\u0161ept\u00e1va\u010di zobrazuj\u00ed, jsou vyb\u00edr\u00e1ny ze statistik u\u017eivatelsk\u00fdch dotaz\u016f za ur\u010dit\u00e9 (zpravidla del\u0161\u00ed) \u010dasov\u00e9 obdob\u00ed. V&nbsp;n\u011bkter\u00fdch p\u0159\u00edpadech jsou nejhledan\u011bj\u0161\u00ed dotazy dopln\u011bny o&nbsp;n\u00e1vrhy dotaz\u016f z&nbsp;r\u016fzn\u00fdch dostupn\u00fdch datab\u00e1z\u00ed (<a class=\"is-style-link-external\" href=\"https:\/\/www.firmy.cz\/\">Firmy.cz<\/a>, <a class=\"is-style-link-external\" href=\"http:\/\/www.zbozi.cz\/\">Zbo\u017e\u00ed.cz<\/a> atd.). Ve chv\u00edli, kdy kliknete do pr\u00e1zdn\u00e9ho vyhled\u00e1vac\u00edho pole se v\u00e1m zobraz\u00ed aktu\u00e1ln\u011b hledan\u00e9 dotazy pod titulkem <em>Pr\u00e1v\u011b se hled\u00e1<\/em>. Do na\u0161ept\u00e1va\u010de je implementov\u00e1no n\u011bkolik funkc\u00ed:<\/p>\n\n\n\n<ul class=\"wp-block-list\">\n<li>korekce chybn\u011b napsan\u00fdch dotaz\u016f,<\/li>\n\n\n\n<li>zv\u00fdrazn\u011bn\u00ed \u010d\u00e1sti dotazu, kter\u00e1 se li\u0161\u00ed od u\u017eivatelem zadan\u00e9 \u010d\u00e1sti,<\/li>\n\n\n\n<li>levostrann\u00e9 roz\u0161\u00ed\u0159en\u00ed dotaz\u016f,<\/li>\n\n\n\n<li>korektn\u00ed zobrazen\u00ed naviga\u010dn\u00edch dotaz\u016f,<\/li>\n\n\n\n<li>zohledn\u011bn\u00ed diakritiky (pokud u\u017eivatel nezad\u00e1 \u017e\u00e1dn\u00e9 p\u00edsmeno s&nbsp;diakritikou, na\u0161eptaj\u00ed se dotazy jak s&nbsp;diakritikou, tak bez),<\/li>\n\n\n\n<li>na\u0161ept\u00e1v\u00e1n\u00ed znak\u016f <strong>+<\/strong>, <strong>&#8211;<\/strong> a&nbsp;<strong>&amp;<\/strong>.<\/li>\n<\/ul>\n\n\n\n<figure class=\"wp-block-image aligncenter size-full\"><img loading=\"lazy\" decoding=\"async\" width=\"605\" height=\"409\" src=\"https:\/\/o-seznam.cz\/napoveda\/vyhledavani\/wp-content\/uploads\/sites\/13\/2024\/09\/naseptavac.png\" alt=\"Na\u0161ept\u00e1va\u010d\" class=\"wp-image-607\" srcset=\"https:\/\/o-seznam.cz\/napoveda\/vyhledavani\/wp-content\/uploads\/sites\/13\/2024\/09\/naseptavac.png 605w, https:\/\/o-seznam.cz\/napoveda\/vyhledavani\/wp-content\/uploads\/sites\/13\/2024\/09\/naseptavac-320x216.png 320w\" sizes=\"auto, (max-width: 605px) 100vw, 605px\" \/><figcaption class=\"wp-element-caption\">Podoba na\u0161ept\u00e1va\u010de<\/figcaption><\/figure>\n\n\n\n<p class=\"is-style-default\">Pro lep\u0161\u00ed orientaci jsou na\u0161ept\u00e1van\u00e9 dotazy seskupeny podle prvn\u00edch slov. Neslu\u0161n\u00e9 v\u00fdrazy jsou um\u011ble korigov\u00e1ny, telefonn\u00ed \u010d\u00edsla se nena\u0161ept\u00e1vaj\u00ed. Pokud k zadan\u00e9mu dotazu existuje <a href=\"..\/vysledky-vyhledavani\/chytre-karty\/\" data-type=\"page\" data-id=\"270\">chytr\u00e1 karta<\/a>, zobraz\u00ed se v na\u0161ept\u00e1va\u010di n\u00e1hledov\u00fd obr\u00e1zek a podtitulek karty.<\/p>\n\n\n\n<h2 class=\"wp-block-heading\" id=\"navrh-opravy\">N\u00e1vrh opravy p\u0159eklepu<\/h2>\n\n\n\n<p>Pokud zap\u00ed\u0161ete a ode\u0161lete dotaz, o kter\u00e9m si mysl\u00edme, \u017ee obsahuje p\u0159eklep, syst\u00e9m automaticky navrhne opraven\u00e9 zn\u011bn\u00ed dotazu a&nbsp;zobraz\u00ed zpr\u00e1vu <b>\u201eNecht\u011bli jste hledat [opraven\u00fd dotaz]?\u201c<\/b>. Opravy jsou p\u0159ipravov\u00e1ny automaticky na z\u00e1klad\u011b toho, co u\u017eivatel\u00e9 sami opravuj\u00ed. M\u016f\u017ee se v\u0161ak st\u00e1t, \u017ee syst\u00e9mem navrhovan\u00e1 oprava nen\u00ed spr\u00e1vn\u00e1 (p\u0159edev\u0161\u00edm u&nbsp;specializovan\u00fdch dotaz\u016f). Syst\u00e9m m\u016f\u017ee navrhnout opravu i&nbsp;u cizojazy\u010dn\u00fdch slov, p\u0159esto\u017ee jsou zapsan\u00e1 spr\u00e1vn\u011b.<\/p>\n\n\n\n<figure class=\"wp-block-image aligncenter size-full\"><img loading=\"lazy\" decoding=\"async\" width=\"699\" height=\"161\" src=\"https:\/\/o-seznam.cz\/napoveda\/vyhledavani\/wp-content\/uploads\/sites\/13\/2024\/10\/oprava-preklepu.png\" alt=\"\" class=\"wp-image-1517\" srcset=\"https:\/\/o-seznam.cz\/napoveda\/vyhledavani\/wp-content\/uploads\/sites\/13\/2024\/10\/oprava-preklepu.png 699w, https:\/\/o-seznam.cz\/napoveda\/vyhledavani\/wp-content\/uploads\/sites\/13\/2024\/10\/oprava-preklepu-320x74.png 320w\" sizes=\"auto, (max-width: 699px) 100vw, 699px\" \/><figcaption class=\"wp-element-caption\">Uk\u00e1zka podoby opravy p\u0159eklep\u016f.<\/figcaption><\/figure>\n\n\n\n<h2 class=\"wp-block-heading\" id=\"automaticka-oprava\">Automatick\u00e1 oprava p\u0159eklepu<\/h2>\n\n\n\n<p>Zap\u00ed\u0161ete-li a&nbsp;ode\u0161lete dotaz, o&nbsp;kter\u00e9m jsme si dostate\u010dn\u011b jisti, \u017ee se jedn\u00e1 o&nbsp;p\u0159eklep, syst\u00e9m jej automaticky oprav\u00ed a&nbsp;zobraz\u00ed v\u00fdsledky pro opraven\u00fd dotaz. Na provedenou automatickou opravu budete upozorn\u011bni prost\u0159ednictv\u00edm zpr\u00e1vy <b>\u201eHledali jsme [opraven\u00fd dotaz]\u201c<\/b>. M\u016f\u017ee se v\u0161ak st\u00e1t, \u017ee proveden\u00e1 automatick\u00e1 oprava nen\u00ed spr\u00e1vn\u00e1. V tomto p\u0159\u00edpad\u011b m\u016f\u017eete dotaz vyhledat v&nbsp;p\u016fvodn\u00edm zn\u011bn\u00ed kliknut\u00edm na odkaz za zpr\u00e1vou <b>\u201eP\u0159esto m\u016f\u017eeme hledat [p\u016fvodn\u00ed dotaz]\u201c<\/b>.<\/p>\n\n\n\n<figure class=\"wp-block-image aligncenter size-full\"><img loading=\"lazy\" decoding=\"async\" width=\"696\" height=\"192\" src=\"https:\/\/o-seznam.cz\/napoveda\/vyhledavani\/wp-content\/uploads\/sites\/13\/2024\/10\/automaticka-oprava.png\" alt=\"\" class=\"wp-image-1518\" srcset=\"https:\/\/o-seznam.cz\/napoveda\/vyhledavani\/wp-content\/uploads\/sites\/13\/2024\/10\/automaticka-oprava.png 696w, https:\/\/o-seznam.cz\/napoveda\/vyhledavani\/wp-content\/uploads\/sites\/13\/2024\/10\/automaticka-oprava-320x88.png 320w\" sizes=\"auto, (max-width: 696px) 100vw, 696px\" \/><figcaption class=\"wp-element-caption\">Uk\u00e1zka automatick\u00e9 opravy p\u0159eklep\u016f<\/figcaption><\/figure>\n\n\n\n<h2 class=\"wp-block-heading\" id=\"souvisejici-dotazy\">Souvisej\u00edc\u00ed dotazy<\/h2>\n\n\n\n<p>Pokud chcete sv\u00e9 hled\u00e1n\u00ed zp\u0159esnit, nebo se zaj\u00edm\u00e1te o&nbsp;souvisej\u00edc\u00ed informace, m\u016f\u017eete vyu\u017e\u00edt nab\u00eddku souvisej\u00edc\u00edch dotaz\u016f. Zobrazuje se pod v\u00fdsledky hled\u00e1n\u00ed nad str\u00e1nkov\u00e1n\u00edm. Krom\u011b dotaz\u016f vznikl\u00fdch roz\u0161\u00ed\u0159en\u00edm jsou v&nbsp;n\u00ed tak\u00e9 dotazy, kter\u00e9 jsou zaps\u00e1ny odli\u0161n\u011b, ale v\u00fdznamov\u011b jsou relevantn\u00ed.<\/p>\n\n\n\n<p>Dotazy se vyb\u00edraj\u00ed algoritmicky z&nbsp;r\u016fzn\u00fdch zdroj\u016f. Do nab\u00eddky se mohou dostat dotazy zobec\u0148uj\u00edc\u00ed, up\u0159es\u0148uj\u00edc\u00ed, i&nbsp;ty, kter\u00e9 nab\u00edz\u00ed alternativy k&nbsp;zadan\u00e9mu dotazu.<\/p>\n\n\n\n<figure class=\"wp-block-image aligncenter size-full\"><img loading=\"lazy\" decoding=\"async\" width=\"624\" height=\"290\" src=\"https:\/\/o-seznam.cz\/napoveda\/vyhledavani\/wp-content\/uploads\/sites\/13\/2024\/10\/souvisejici-dotazy.png\" alt=\"\" class=\"wp-image-1372\" srcset=\"https:\/\/o-seznam.cz\/napoveda\/vyhledavani\/wp-content\/uploads\/sites\/13\/2024\/10\/souvisejici-dotazy.png 624w, https:\/\/o-seznam.cz\/napoveda\/vyhledavani\/wp-content\/uploads\/sites\/13\/2024\/10\/souvisejici-dotazy-320x149.png 320w\" sizes=\"auto, (max-width: 624px) 100vw, 624px\" \/><figcaption class=\"wp-element-caption\">Uk\u00e1zka souvisej\u00edc\u00edch dotaz\u016f s dotazem <em>medv\u011bd<\/em>.<\/figcaption><\/figure>\n\n\n\n<h2 class=\"wp-block-heading\" id=\"zajem\">Mohlo by v\u00e1s zaj\u00edmat<\/h2>\n\n\n\n<p>Pokud se po prokliku na v\u00e1mi vybranou str\u00e1nku vr\u00e1t\u00edte zp\u011bt na str\u00e1nku s v\u00fdsledky vyhled\u00e1v\u00e1n\u00ed, zobraz\u00ed se v\u00e1m p\u0159\u00edmo pod prokliknut\u00fdm v\u00fdsledkem<em> <\/em>nab\u00eddka dotaz\u016f, kter\u00e9 d\u00e1le roz\u0161i\u0159uj\u00ed v\u00e1mi p\u016fvodn\u011b zadan\u00fd dotaz.<\/p>\n\n\n\n<figure class=\"wp-block-image aligncenter size-full\"><img loading=\"lazy\" decoding=\"async\" width=\"513\" height=\"165\" src=\"https:\/\/o-seznam.cz\/napoveda\/vyhledavani\/wp-content\/uploads\/sites\/13\/2024\/10\/mohlo-by-vas-zajimat.png\" alt=\"\" class=\"wp-image-1520\" srcset=\"https:\/\/o-seznam.cz\/napoveda\/vyhledavani\/wp-content\/uploads\/sites\/13\/2024\/10\/mohlo-by-vas-zajimat.png 513w, https:\/\/o-seznam.cz\/napoveda\/vyhledavani\/wp-content\/uploads\/sites\/13\/2024\/10\/mohlo-by-vas-zajimat-320x103.png 320w\" sizes=\"auto, (max-width: 513px) 100vw, 513px\" \/><figcaption class=\"wp-element-caption\">Uk\u00e1zka dotaz\u016f &#8222;mohlo by v\u00e1s zaj\u00edmat&#8220; souvisej\u00edc\u00edch s dotazem <em>medv\u011bd<\/em><\/figcaption><\/figure>\n\n\n\n<h2 class=\"wp-block-heading\" id=\"parametry\">Dostupn\u00e9 parametry v URL<\/h2>\n\n\n\n<p>Str\u00e1nka s&nbsp;v\u00fdsledky vyhled\u00e1v\u00e1n\u00ed obsahuje v&nbsp;URL adrese mj. n\u00e1sleduj\u00edc\u00ed parametry:<\/p>\n\n\n\n<ul class=\"wp-block-list\">\n<li><strong>q<\/strong> &#8211; povinn\u00fd parametr, kter\u00fd ozna\u010duje dotaz pro vyhled\u00e1v\u00e1n\u00ed.<\/li>\n\n\n\n<li><strong>from<\/strong> &#8211; nepovinn\u00fd parametr, kter\u00fd ur\u010duje, od kter\u00e9 pozice maj\u00ed b\u00fdt vr\u00e1ceny v\u00fdsledky. V\u00fdchoz\u00ed hodnota tohoto parametru je 1, maxim\u00e1ln\u00ed hodnota je 1000. Pokud je parametr <strong>count<\/strong> vynech\u00e1n, je maxim\u00e1ln\u00ed hodnota parametru <strong>from<\/strong> 990.<\/li>\n\n\n\n<li><strong>count<\/strong> &#8211; nepovinn\u00fd parametr, kter\u00fd ur\u010duje po\u010det v\u00fdsledk\u016f vyhled\u00e1v\u00e1n\u00ed na str\u00e1nce. Ve v\u00fdchoz\u00edm nastaven\u00ed se zobrazuje 10 v\u00fdsledk\u016f, maxim\u00e1ln\u00ed po\u010det v\u00fdsledk\u016f zobrazen\u00fdch na str\u00e1nce je 20.<\/li>\n<\/ul>\n\n\n\n<pre title=\"P\u0159\u00edklad URL s\u00a0parametry\" class=\"wp-block-code\"><code lang=\"adoc\" class=\"language-adoc line-numbers\">https:\/\/search.seznam.cz\/?q=cimrman&amp;count=10&amp;from=10<\/code><\/pre>\n","protected":false},"excerpt":{"rendered":"<p>Za\u010d\u00edt m\u016f\u017eete zad\u00e1n\u00edm dotazu do vyhled\u00e1vac\u00edho pole na domovsk\u00e9 str\u00e1nce Seznamu, nebo na speci\u00e1ln\u00ed str\u00e1nce pro vyhled\u00e1v\u00e1n\u00ed search.seznam.cz. Do vyhled\u00e1vac\u00edho pole zadejte dotaz, kter\u00fd nejl\u00e9pe vystihuje to, co hled\u00e1te. Dotaz ode\u0161lete stisknut\u00edm kl\u00e1vesy Enter nebo kliknut\u00edm na tla\u010d\u00edtko Vyhledat\/Lupu. B\u011bhem zad\u00e1v\u00e1n\u00ed dotazu se pod vyhled\u00e1vac\u00edm polem zobraz\u00ed nab\u00eddka roz\u0161\u00ed\u0159en\u00fdch v\u00fdraz\u016f, tzv. na\u0161ept\u00e1va\u010d. P\u0159ed vlastn\u00edm hled\u00e1n\u00edm [&hellip;]<\/p>\n","protected":false},"author":22,"featured_media":0,"parent":0,"menu_order":1,"comment_status":"closed","ping_status":"closed","template":"page-sidemenu","meta":{"_acf_changed":false,"_relevanssi_hide_post":"","_relevanssi_hide_content":"","_relevanssi_pin_for_all":"","_relevanssi_pin_keywords":"","_relevanssi_unpin_keywords":"","_relevanssi_related_keywords":"","_relevanssi_related_include_ids":"","_relevanssi_related_exclude_ids":"","_relevanssi_related_no_append":"","_relevanssi_related_not_related":"","_relevanssi_related_posts":"","_relevanssi_noindex_reason":"","footnotes":""},"page_category":[14],"page_tag":[],"service_status_category":[],"class_list":["post-331","page","type-page","status-publish","hentry"],"acf":[],"lang":"cs","translations":{"cs":331},"pll_sync_post":[],"_links":{"self":[{"href":"https:\/\/o-seznam.cz\/napoveda\/vyhledavani\/wp-json\/wp\/v2\/pages\/331","targetHints":{"allow":["GET"]}}],"collection":[{"href":"https:\/\/o-seznam.cz\/napoveda\/vyhledavani\/wp-json\/wp\/v2\/pages"}],"about":[{"href":"https:\/\/o-seznam.cz\/napoveda\/vyhledavani\/wp-json\/wp\/v2\/types\/page"}],"author":[{"embeddable":true,"href":"https:\/\/o-seznam.cz\/napoveda\/vyhledavani\/wp-json\/wp\/v2\/users\/22"}],"replies":[{"embeddable":true,"href":"https:\/\/o-seznam.cz\/napoveda\/vyhledavani\/wp-json\/wp\/v2\/comments?post=331"}],"version-history":[{"count":40,"href":"https:\/\/o-seznam.cz\/napoveda\/vyhledavani\/wp-json\/wp\/v2\/pages\/331\/revisions"}],"predecessor-version":[{"id":1865,"href":"https:\/\/o-seznam.cz\/napoveda\/vyhledavani\/wp-json\/wp\/v2\/pages\/331\/revisions\/1865"}],"wp:attachment":[{"href":"https:\/\/o-seznam.cz\/napoveda\/vyhledavani\/wp-json\/wp\/v2\/media?parent=331"}],"wp:term":[{"taxonomy":"page_category","embeddable":true,"href":"https:\/\/o-seznam.cz\/napoveda\/vyhledavani\/wp-json\/wp\/v2\/page_category?post=331"},{"taxonomy":"page_tag","embeddable":true,"href":"https:\/\/o-seznam.cz\/napoveda\/vyhledavani\/wp-json\/wp\/v2\/page_tag?post=331"},{"taxonomy":"service_status_category","embeddable":true,"href":"https:\/\/o-seznam.cz\/napoveda\/vyhledavani\/wp-json\/wp\/v2\/service_status_category?post=331"}],"curies":[{"name":"wp","href":"https:\/\/api.w.org\/{rel}","templated":true}]}}