{"id":328,"date":"2024-09-24T13:47:25","date_gmt":"2024-09-24T11:47:25","guid":{"rendered":"https:\/\/o-seznam.cz\/napoveda\/vyhledavani\/?page_id=328"},"modified":"2024-10-21T13:17:03","modified_gmt":"2024-10-21T11:17:03","slug":"snippety-k-navodum","status":"publish","type":"page","link":"https:\/\/o-seznam.cz\/napoveda\/vyhledavani\/strukturovana-data\/snippety-k-navodum\/","title":{"rendered":"Snippety k n\u00e1vod\u016fm"},"content":{"rendered":"\n<p>Snippety k n\u00e1vod\u016fm zobrazujeme ve <a class=\"is-style-link-external\" href=\"https:\/\/search.seznam.cz\/?q=jak+uvolnit+ucpan%C3%BD+d%C5%99ez+wikihow.cz\">v\u00fdsledc\u00edch p\u0159irozen\u00e9ho hled\u00e1n\u00ed<\/a>. Zam\u011b\u0159ujeme se na dokumenty obsahuj\u00edc\u00ed popis pracovn\u00edho postupu nebo rady a doporu\u010den\u00ed. Nikoli v\u0161ak recepty, kter\u00e9 maj\u00ed v r\u00e1mci schema.org <a href=\"..\/receptove-snippety\">vlastn\u00ed typ.<\/a> Snippety roz\u0161i\u0159ujeme d\u00edky strukturovan\u00fdm dat\u016fm o n\u00e1sleduj\u00edc\u00ed parametry:<\/p>\n\n\n\n<ul class=\"wp-block-list\">\n<li>Jm\u00e9no n\u00e1vodu<\/li>\n\n\n\n<li>Popis n\u00e1vodu<\/li>\n\n\n\n<li>Obr\u00e1zek k n\u00e1vodu<\/li>\n\n\n\n<li>Datum publikace n\u00e1vodu<\/li>\n\n\n\n<li>Text jednotliv\u00fdch krok\u016f<\/li>\n\n\n\n<li>Po\u010det krok\u016f<\/li>\n<\/ul>\n\n\n\n<h2 class=\"wp-block-heading\">Z\u00edsk\u00e1v\u00e1n\u00ed strukturovan\u00fdch dat k n\u00e1vod\u016fm?<\/h2>\n\n\n\n<p class=\"is-style-link-external\">Strukturovan\u00e1 data pro zm\u00edn\u011bn\u00e9 parametry parsujeme p\u0159\u00edmo ze zdrojov\u00e9ho k\u00f3du konkr\u00e9tn\u00ed str\u00e1nky. Z\u00edsk\u00e1v\u00e1me je z anotac\u00ed typu <a href=\"https:\/\/schema.org\/HowToSection\">HowToSection<\/a> a <a href=\"https:\/\/schema.org\/HowToStep\">HowToStep<\/a>.<\/p>\n\n\n\n<h2 class=\"wp-block-heading\">Spr\u00e1vn\u011b vypln\u011bn\u00e1 strukurovan\u00e1 data<\/h2>\n\n\n\n<p>Aby se v na\u0161em Vyhled\u00e1v\u00e1n\u00ed strukturovan\u00e1 data zobrazila, je pot\u0159eba je spr\u00e1vn\u011b vyplnit. V uk\u00e1zce k\u00f3du, kter\u00fd m\u016f\u017eete p\u0159idat do zdrojov\u00e9ho k\u00f3du sv\u00e9 str\u00e1nky, vid\u00edte, jak nadefinovat parametry str\u00e1nky s n\u00e1vodem. U detailu ka\u017ed\u00e9ho parametru najdete informace o tom, v jak\u00e9m form\u00e1tu by m\u011bl b\u00fdt.<\/p>\n\n\n\n<figure class=\"wp-block-image aligncenter size-full\"><img loading=\"lazy\" decoding=\"async\" width=\"562\" height=\"243\" src=\"https:\/\/o-seznam.cz\/napoveda\/vyhledavani\/wp-content\/uploads\/sites\/13\/2024\/10\/snippety-navody.png\" alt=\"\" class=\"wp-image-1062\" srcset=\"https:\/\/o-seznam.cz\/napoveda\/vyhledavani\/wp-content\/uploads\/sites\/13\/2024\/10\/snippety-navody.png 562w, https:\/\/o-seznam.cz\/napoveda\/vyhledavani\/wp-content\/uploads\/sites\/13\/2024\/10\/snippety-navody-320x138.png 320w\" sizes=\"auto, (max-width: 562px) 100vw, 562px\" \/><figcaption class=\"wp-element-caption\">Zobrazen\u00ed strukturovan\u00fdch dat k n\u00e1vod\u016fm vyhled\u00e1v\u00e1n\u00ed<\/figcaption><\/figure>\n\n\n\n<pre title=\"Uk\u00e1zka z\u00e1pisu strukturovan\u00fdch dat k n\u00e1vod\u016fm podle schema.org\" class=\"wp-block-code\"><code lang=\"json\" class=\"language-json line-numbers\">&lt;script type=\"application\/ld+json\"&gt;\n {\n \"@context\": \"http:\/\/schema.org\",\n \"@type\": \"HowTo\",\n \"name\": \"Jak uvolnit ucpan\u00fd kuchy\u0148sk\u00fd d\u0159ez - wikiHow\",\n \"image\": {\n    \"@type\": \"ImageObject\",\n    \"url\": \"https:\/\/www.wikihow.com\/Version-4.jpg\"\n   },\n \"datePublished\": \"2014-09-19\",\n \"step\": [\n    {\n     \"@type\": \"HowToSection\",     \n     \"name\": \"Uvoln\u011bn\u00ed ucpan\u00e9ho d\u0159ezu zvonem\",\n     \"itemListElement\": [\n       {\n          \"@type\": \"HowToStep\",\n          \"text\": \"Napl\u0148te \u010d\u00e1ste\u010dn\u011b d\u0159ez horkou vodou.\"\n       },\n      {\n         \"@type\": \"HowToStep\",\n         \"text\": \"Dejte zvon nad v\u00fdpus\u0165. Pokud m\u00e1te dvojit\u00fd d\u0159ez, nacp\u011bte\n                  do neucpan\u00e9 v\u00fdpusti \u017e\u00ednku, abyste zajistili,\n                  \u017ee tlak zvonu bude soust\u0159ed\u011bn na ten ucpan\u00fd.\"\n      },\n     {\n        \"@type\": \"HowToStep\",\n         \"text\": \"Rychle pohybujte zvonem nahoru a dol\u016f. Sundejte zvon \n                  z otvoru v\u00fdpusti a pod\u00edvejte se, jestli voda za\u010dne odt\u00e9kat.\"\n      },\n     {\n         \"@type\": \"HowToStep\",\n         \"text\": \"Pokra\u010dujte v pou\u017eit\u00ed zvonu, dokud se ucp\u00e1vka neuvoln\u00ed.\"\n     }\n   ]\n }\n&lt;\/script&gt;<\/code><\/pre>\n\n\n\n<h2 class=\"wp-block-heading\">Form\u00e1ty parametr\u016f<\/h2>\n\n\n\n<p class=\"is-style-link-external\"><strong>Name<\/strong> (<a href=\"https:\/\/schema.org\/name\">name<\/a>)<\/p>\n\n\n\n<ul class=\"wp-block-list\">\n<li>T\u00e9ma n\u00e1vodu.<\/li>\n\n\n\n<li>Nap\u0159\u00edklad \u201cJak vym\u011bnit pneumatiku\u201d.<\/li>\n<\/ul>\n\n\n\n<p class=\"is-style-link-external\"><strong>Description<\/strong> (<a href=\"https:\/\/schema.org\/description\">description<\/a>)<\/p>\n\n\n\n<ul class=\"wp-block-list\">\n<li>Popis k n\u00e1vodu.<\/li>\n\n\n\n<li>Nap\u0159\u00edklad se m\u016f\u017ee jednat o kr\u00e1tk\u00fd souhrn toho, \u010deho se n\u00e1vod t\u00fdk\u00e1.<\/li>\n<\/ul>\n\n\n\n<p class=\"is-style-link-external\"><strong>Obr\u00e1zek k n\u00e1vodu<\/strong> (<a href=\"https:\/\/schema.org\/image\">image<\/a>)<\/p>\n\n\n\n<ul class=\"wp-block-list\">\n<li>Hlavn\u00ed obr\u00e1zek k n\u00e1vodu.<\/li>\n\n\n\n<li>Podporujeme v\u00edce mo\u017enost\u00ed z\u00e1pisu:<\/li>\n\n\n\n<li><a class=\"is-style-link-external\" href=\"https:\/\/schema.org\/thumbnailUrl\">thumbnailUrl<\/a> obsahuj\u00edc\u00ed jenom odkaz na obr\u00e1zek.<\/li>\n\n\n\n<li><a class=\"is-style-link-external\" href=\"https:\/\/schema.org\/image\">image<\/a> obsahuj\u00edc\u00ed bu\u010f p\u0159\u00edmo odkaz nebo <a class=\"is-style-link-external\" href=\"https:\/\/schema.org\/ImageObject\">ImageObject<\/a>.<\/li>\n\n\n\n<li>N\u00e1hledy upravujeme na form\u00e1t 16:9, pokud v n\u011bm u\u017e nejsou.<\/li>\n\n\n\n<li>Ide\u00e1ln\u00ed velikost obr\u00e1zku je 320\u00d7180 pixel\u016f a vy\u0161\u0161\u00ed.<\/li>\n\n\n\n<li>Obr\u00e1zky v\u011bt\u0161\u00ed ne\u017e 3200\u00d73200 pixel\u016f vy\u0159azujeme.<\/li>\n<\/ul>\n\n\n\n<p class=\"is-style-link-external\"><strong>Datum publikace<\/strong> (<a href=\"https:\/\/schema.org\/datePublished\">datePublished<\/a>)<\/p>\n\n\n\n<ul class=\"wp-block-list\">\n<li>Datum publikace n\u00e1vodu.<\/li>\n\n\n\n<li>M\u011blo by b\u00fdt ve form\u00e1tu <a class=\"is-style-link-external\" href=\"https:\/\/en.wikipedia.org\/wiki\/ISO_8601\">ISO-8601<\/a>.<\/li>\n\n\n\n<li><a class=\"is-style-link-external\" href=\"https:\/\/schema.org\/datePublished\">datePublished<\/a> a <a class=\"is-style-link-external\" href=\"https:\/\/schema.org\/dateCreated\">dateCreated<\/a> jsou pro n\u00e1s rovnocenn\u00e9, sta\u010d\u00ed vyplnit jedno z nich.<\/li>\n\n\n\n<li>Pokud je vypln\u011bn\u00e9 <a class=\"is-style-link-external\" href=\"https:\/\/schema.org\/datePublished\">datePublished<\/a> i <a class=\"is-style-link-external\" href=\"https:\/\/schema.org\/dateCreated\">dateCreated<\/a> a neshoduj\u00ed se, pou\u017e\u00edv\u00e1me d\u0159\u00edv\u011bj\u0161\u00ed z nich.<\/li>\n\n\n\n<li><a class=\"is-style-link-external\" href=\"https:\/\/schema.org\/dateModified\">dateModified<\/a> pou\u017e\u00edv\u00e1me jako z\u00e1lohu, v p\u0159\u00edpad\u011b, kdy nen\u00ed vypln\u011bn\u00e9 ani <a class=\"is-style-link-external\" href=\"https:\/\/schema.org\/datePublished\">datePublished<\/a> ani <a class=\"is-style-link-external\" href=\"https:\/\/schema.org\/dateCreated\">dateCreated <\/a>.<\/li>\n<\/ul>\n\n\n\n<p class=\"is-style-link-external\"><strong>Jednotliv\u00e9 kroky<\/strong> (<a href=\"https:\/\/schema.org\/HowToStep\">HowToStep<\/a>)<\/p>\n\n\n\n<ul class=\"wp-block-list\">\n<li>Definice jednotliv\u00fdch krok\u016f n\u00e1vodu.<\/li>\n\n\n\n<li>Ka\u017ed\u00fd krok m\u00e1 vlastn\u00ed <a class=\"is-style-link-external\" href=\"https:\/\/schema.org\/text\">text<\/a>.<\/li>\n<\/ul>\n\n\n\n<p><strong>Po\u010det krok\u016f<\/strong><\/p>\n\n\n\n<ul class=\"wp-block-list\">\n<li>Po\u010det krok\u016f vypo\u010d\u00edt\u00e1me u n\u00e1s, nen\u00ed t\u0159eba speci\u00e1ln\u011b anotovat.<\/li>\n<\/ul>\n\n\n\n<p class=\"is-style-link-external\">Za zm\u00ednku jist\u011b stoj\u00ed i jin\u00e9 parametry, kter\u00e9 sice aktu\u00e1ln\u011b ve snippetech nezobrazujeme, ale do budoucna by se to mohlo zm\u011bnit. Jedn\u00e1 se nap\u0159\u00edklad o <a href=\"https:\/\/schema.org\/author\">autora<\/a>, <a href=\"https:\/\/schema.org\/totalTime\">celkovou dobu p\u0159\u00edpravy<\/a>, <a href=\"https:\/\/schema.org\/AggregateRating\">hodnocen\u00ed<\/a>, <a href=\"https:\/\/schema.org\/supply\">seznam materi\u00e1l\u016f<\/a>, <a href=\"https:\/\/schema.org\/tool\">seznam n\u00e1stroj\u016f<\/a> nebo <a href=\"https:\/\/schema.org\/estimatedCost\">odhad celkov\u00fdch n\u00e1klad\u016f<\/a>.<\/p>\n\n\n\n<div class=\"wp-block-seznam-box is-layout-flow wp-block-seznam-box-is-layout-flow\">\n<h2 class=\"wp-block-heading\">Tip<\/h2>\n\n\n\n<p class=\"is-style-link-external\">Pokud m\u00e1 n\u00e1vod n\u011bkolik samostatn\u00fdch sekc\u00ed, je mo\u017en\u00e9 ka\u017edou definovat pomoc\u00ed <a href=\"http:\/\/schema.org\/HowToSection\">HowToSection<\/a> a p\u0159i\u0159adit j\u00ed speci\u00e1n\u00ed jm\u00e9no (<a href=\"http:\/\/schema.org\/name\">name<\/a>). Aktu\u00e1ln\u011b pracuj\u00ed na\u0161e snippety jen s jednou sekc\u00ed, ale v budoucnu by se to mohlo zm\u011bnit. Stejn\u011b tak lze definovat pro ka\u017edou sekci nebo dokonce krok vlastn\u00ed obr\u00e1zek pomoc\u00ed <a href=\"http:\/\/schema.org\/image\">image<\/a>.<\/p>\n<\/div>\n\n\n\n<h2 class=\"wp-block-heading\">Ov\u011b\u0159en\u00ed spr\u00e1vn\u00e9ho vypln\u011bn\u00ed strukturovan\u00fdch dat<\/h2>\n\n\n\n<p class=\"is-style-link-external\">Pokud jsou strukturovan\u00e1 data spr\u00e1vn\u011b vypln\u011bn\u00e1, \u010dasem se zobraz\u00ed v na\u0161ich n\u00e1vodov\u00fdch snippetech. Spr\u00e1vnou implementaci si m\u016f\u017eete zkontrolovat hned p\u0159es <a href=\"https:\/\/validator.schema.org\/\">valid\u00e1tor<\/a>. M\u016f\u017eete sem zadat fragment va\u0161eho k\u00f3du obsahuj\u00edc\u00ed schema.org anotaci a zkontrolovat, \u017ee se detekuje anotace spr\u00e1vn\u00e9ho typu se spr\u00e1vn\u011b vypln\u011bn\u00fdmi parametry.<\/p>\n","protected":false},"excerpt":{"rendered":"<p>Snippety k n\u00e1vod\u016fm zobrazujeme ve v\u00fdsledc\u00edch p\u0159irozen\u00e9ho hled\u00e1n\u00ed. Zam\u011b\u0159ujeme se na dokumenty obsahuj\u00edc\u00ed popis pracovn\u00edho postupu nebo rady a doporu\u010den\u00ed. Nikoli v\u0161ak recepty, kter\u00e9 maj\u00ed v r\u00e1mci schema.org vlastn\u00ed typ. Snippety roz\u0161i\u0159ujeme d\u00edky strukturovan\u00fdm dat\u016fm o n\u00e1sleduj\u00edc\u00ed parametry: Z\u00edsk\u00e1v\u00e1n\u00ed strukturovan\u00fdch dat k n\u00e1vod\u016fm? Strukturovan\u00e1 data pro zm\u00edn\u011bn\u00e9 parametry parsujeme p\u0159\u00edmo ze zdrojov\u00e9ho k\u00f3du konkr\u00e9tn\u00ed str\u00e1nky. [&hellip;]<\/p>\n","protected":false},"author":22,"featured_media":0,"parent":287,"menu_order":0,"comment_status":"closed","ping_status":"closed","template":"page-sidemenu","meta":{"_acf_changed":false,"_relevanssi_hide_post":"","_relevanssi_hide_content":"","_relevanssi_pin_for_all":"","_relevanssi_pin_keywords":"","_relevanssi_unpin_keywords":"","_relevanssi_related_keywords":"","_relevanssi_related_include_ids":"","_relevanssi_related_exclude_ids":"","_relevanssi_related_no_append":"","_relevanssi_related_not_related":"","_relevanssi_related_posts":"","_relevanssi_noindex_reason":"","footnotes":""},"page_category":[14],"page_tag":[],"service_status_category":[],"class_list":["post-328","page","type-page","status-publish","hentry"],"acf":[],"lang":"cs","translations":{"cs":328},"pll_sync_post":[],"_links":{"self":[{"href":"https:\/\/o-seznam.cz\/napoveda\/vyhledavani\/wp-json\/wp\/v2\/pages\/328","targetHints":{"allow":["GET"]}}],"collection":[{"href":"https:\/\/o-seznam.cz\/napoveda\/vyhledavani\/wp-json\/wp\/v2\/pages"}],"about":[{"href":"https:\/\/o-seznam.cz\/napoveda\/vyhledavani\/wp-json\/wp\/v2\/types\/page"}],"author":[{"embeddable":true,"href":"https:\/\/o-seznam.cz\/napoveda\/vyhledavani\/wp-json\/wp\/v2\/users\/22"}],"replies":[{"embeddable":true,"href":"https:\/\/o-seznam.cz\/napoveda\/vyhledavani\/wp-json\/wp\/v2\/comments?post=328"}],"version-history":[{"count":18,"href":"https:\/\/o-seznam.cz\/napoveda\/vyhledavani\/wp-json\/wp\/v2\/pages\/328\/revisions"}],"predecessor-version":[{"id":1661,"href":"https:\/\/o-seznam.cz\/napoveda\/vyhledavani\/wp-json\/wp\/v2\/pages\/328\/revisions\/1661"}],"up":[{"embeddable":true,"href":"https:\/\/o-seznam.cz\/napoveda\/vyhledavani\/wp-json\/wp\/v2\/pages\/287"}],"wp:attachment":[{"href":"https:\/\/o-seznam.cz\/napoveda\/vyhledavani\/wp-json\/wp\/v2\/media?parent=328"}],"wp:term":[{"taxonomy":"page_category","embeddable":true,"href":"https:\/\/o-seznam.cz\/napoveda\/vyhledavani\/wp-json\/wp\/v2\/page_category?post=328"},{"taxonomy":"page_tag","embeddable":true,"href":"https:\/\/o-seznam.cz\/napoveda\/vyhledavani\/wp-json\/wp\/v2\/page_tag?post=328"},{"taxonomy":"service_status_category","embeddable":true,"href":"https:\/\/o-seznam.cz\/napoveda\/vyhledavani\/wp-json\/wp\/v2\/service_status_category?post=328"}],"curies":[{"name":"wp","href":"https:\/\/api.w.org\/{rel}","templated":true}]}}